{"id":39,"date":"2017-08-22T15:56:10","date_gmt":"2017-08-22T15:56:10","guid":{"rendered":"https:\/\/blogit.utu.fi\/digipro\/?page_id=39"},"modified":"2017-08-22T15:56:10","modified_gmt":"2017-08-22T15:56:10","slug":"blogi","status":"publish","type":"page","link":"https:\/\/blogit.utu.fi\/digipro\/blogi\/","title":{"rendered":"Blogi"},"content":{"rendered":"<div><span style=\"font-family: Calibri\">T\u00e4ss\u00e4 blogissa DigiPro \u2013projektin tutkijat avaavat n\u00e4kemyksi\u00e4\u00e4n ja esittelev\u00e4t uusia tutkimustuloksia digitalisaation aikaansaamista ja mahdollistamista muutostarpeista organisaatioissa ja monimutkaisten megaprojektien hallinnassa.<\/span><\/div>\n","protected":false},"excerpt":{"rendered":"<p>T\u00e4ss\u00e4 blogissa DigiPro \u2013projektin tutkijat avaavat n\u00e4kemyksi\u00e4\u00e4n ja esittelev\u00e4t uusia tutkimustuloksia digitalisaation aikaansaamista ja mahdollistamista muutostarpeista organisaatioissa ja monimutkaisten megaprojektien hallinnassa.<\/p>\n","protected":false},"author":201,"featured_media":0,"parent":0,"menu_order":0,"comment_status":"closed","ping_status":"closed","template":"","meta":{"footnotes":""},"class_list":["post-39","page","type-page","status-publish","hentry","post-preview"],"_links":{"self":[{"href":"https:\/\/blogit.utu.fi\/digipro\/wp-json\/wp\/v2\/pages\/39","targetHints":{"allow":["GET"]}}],"collection":[{"href":"https:\/\/blogit.utu.fi\/digipro\/wp-json\/wp\/v2\/pages"}],"about":[{"href":"https:\/\/blogit.utu.fi\/digipro\/wp-json\/wp\/v2\/types\/page"}],"author":[{"embeddable":true,"href":"https:\/\/blogit.utu.fi\/digipro\/wp-json\/wp\/v2\/users\/201"}],"replies":[{"embeddable":true,"href":"https:\/\/blogit.utu.fi\/digipro\/wp-json\/wp\/v2\/comments?post=39"}],"version-history":[{"count":1,"href":"https:\/\/blogit.utu.fi\/digipro\/wp-json\/wp\/v2\/pages\/39\/revisions"}],"predecessor-version":[{"id":41,"href":"https:\/\/blogit.utu.fi\/digipro\/wp-json\/wp\/v2\/pages\/39\/revisions\/41"}],"wp:attachment":[{"href":"https:\/\/blogit.utu.fi\/digipro\/wp-json\/wp\/v2\/media?parent=39"}],"curies":[{"name":"wp","href":"https:\/\/api.w.org\/{rel}","templated":true}]}}