{"id":6,"date":"2017-08-22T15:15:19","date_gmt":"2017-08-22T15:15:19","guid":{"rendered":"https:\/\/blogit.utu.fi\/digipro\/?page_id=2"},"modified":"2017-08-23T06:54:19","modified_gmt":"2017-08-23T06:54:19","slug":"sample-page","status":"publish","type":"page","link":"https:\/\/blogit.utu.fi\/digipro\/sample-page\/","title":{"rendered":"DigiPro -projekti"},"content":{"rendered":"<p><span style=\"color: #000000;font-family: Calibri\">DigiPro \u2013hankkeen tavoitteena on tutkia ja kehitt\u00e4\u00e4 suomalaisten pk-yritysten osaamista digitaalisten ratkaisujen kansainv\u00e4liseen kaupallistamiseen vahvistamalla niiden kyky\u00e4 luoda skaalautuvia liiketoimintamalleja. Hanke on Turun yliopiston kauppakorkeakoulun ja Lappeenrannan teknillisen yliopiston School of Business and Managementin sek\u00e4 nelj\u00e4n pk-yrityksen rinnakkaisprojekti. Kaksivuotisen tutkimushankkeen p\u00e4\u00e4rahoittaja on Tekes.<\/span><\/p>\n<p>&nbsp;<\/p>\n","protected":false},"excerpt":{"rendered":"<p>DigiPro \u2013hankkeen tavoitteena on tutkia ja kehitt\u00e4\u00e4 suomalaisten pk-yritysten osaamista digitaalisten ratkaisujen kansainv\u00e4liseen kaupallistamiseen vahvistamalla niiden kyky\u00e4 luoda skaalautuvia liiketoimintamalleja. Hanke on Turun yliopiston kauppakorkeakoulun ja Lappeenrannan teknillisen yliopiston School of Business and Managementin sek\u00e4 nelj\u00e4n pk-yrityksen rinnakkaisprojekti. Kaksivuotisen tutkimushankkeen p\u00e4\u00e4rahoittaja on Tekes. &nbsp;<\/p>\n","protected":false},"author":201,"featured_media":0,"parent":0,"menu_order":0,"comment_status":"closed","ping_status":"open","template":"","meta":{"footnotes":""},"class_list":["post-6","page","type-page","status-publish","hentry","post-preview"],"_links":{"self":[{"href":"https:\/\/blogit.utu.fi\/digipro\/wp-json\/wp\/v2\/pages\/6","targetHints":{"allow":["GET"]}}],"collection":[{"href":"https:\/\/blogit.utu.fi\/digipro\/wp-json\/wp\/v2\/pages"}],"about":[{"href":"https:\/\/blogit.utu.fi\/digipro\/wp-json\/wp\/v2\/types\/page"}],"author":[{"embeddable":true,"href":"https:\/\/blogit.utu.fi\/digipro\/wp-json\/wp\/v2\/users\/201"}],"replies":[{"embeddable":true,"href":"https:\/\/blogit.utu.fi\/digipro\/wp-json\/wp\/v2\/comments?post=6"}],"version-history":[{"count":2,"href":"https:\/\/blogit.utu.fi\/digipro\/wp-json\/wp\/v2\/pages\/6\/revisions"}],"predecessor-version":[{"id":71,"href":"https:\/\/blogit.utu.fi\/digipro\/wp-json\/wp\/v2\/pages\/6\/revisions\/71"}],"wp:attachment":[{"href":"https:\/\/blogit.utu.fi\/digipro\/wp-json\/wp\/v2\/media?parent=6"}],"curies":[{"name":"wp","href":"https:\/\/api.w.org\/{rel}","templated":true}]}}