{"id":110,"date":"2024-02-26T09:12:29","date_gmt":"2024-02-26T07:12:29","guid":{"rendered":"https:\/\/blogit.utu.fi\/docsobe\/?page_id=110"},"modified":"2024-09-26T13:12:15","modified_gmt":"2024-09-26T10:12:15","slug":"liity-jaseneksi","status":"publish","type":"page","link":"https:\/\/blogit.utu.fi\/docsobe\/fi\/liity-jaseneksi\/","title":{"rendered":"Liity j\u00e4seneksi!"},"content":{"rendered":"\n<p style=\"font-size:1.15em\">DocSoBe ry:n j\u00e4seniksi voivat liitty\u00e4 kaikki Turun yliopiston yhteiskuntatieteellisess\u00e4 tiedekunnassa toimivien tohtoriohjelmien v\u00e4it\u00f6skirjatutkijat. Liity j\u00e4seneksi t\u00e4ytt\u00e4m\u00e4ll\u00e4 DocSoBen j\u00e4sentietolomake alla olevan linkin kautta.<\/p>\n\n\n\n<p style=\"font-size:1.3em\"><strong>&gt;&gt; <a href=\"https:\/\/link.webropolsurveys.com\/S\/2FBFD7D24BD692FE\">Liity DocSoBen j\u00e4seneksi<\/a><\/strong><\/p>\n\n\n\n<p style=\"font-size:1.15em\">Olemme sinuun yhteydess\u00e4, kun olemme k\u00e4sitelleet j\u00e4senhakemuksesi. <\/p>\n\n\n\n<p style=\"font-size:1.15em\">Alta saat tietoa siit\u00e4, kuinka lomakkeelle antamiasi tietojasi k\u00e4sitell\u00e4\u00e4n.<\/p>\n\n\n\n<div style=\"height:59px\" aria-hidden=\"true\" class=\"wp-block-spacer\"><\/div>\n\n\n\n<h2 class=\"wp-block-heading\">J\u00e4senrekisterin tietosuojaseloste<\/h2>\n\n\n\n<h3 class=\"wp-block-heading\">1.&nbsp;&nbsp;&nbsp; Rekisterin nimi, rekisterinpit\u00e4j\u00e4 ja yhteystiedot<\/h3>\n\n\n\n<p>Rekisterin nimi on DocSoBe ry:n j\u00e4senrekisteri<\/p>\n\n\n\n<p>J\u00e4senrekisteri\u00e4 yll\u00e4pit\u00e4\u00e4 DocSoBe &#8211; Turun yliopiston yhteiskunta- ja k\u00e4ytt\u00e4ytymistieteiden v\u00e4it\u00f6skirjatutkijat ry<\/p>\n\n\n\n<p>Tietosuojaan liittyviss\u00e4 asioissa yhdistykseen voi olla yhteydess\u00e4 s\u00e4hk\u00f6postitse. S\u00e4hk\u00f6postiosoite: <a href=\"mailto:docsobe@utu.fi\">docsobe@utu.fi<\/a><\/p>\n\n\n\n<h3 class=\"wp-block-heading\">2.&nbsp;&nbsp;&nbsp; Henkil\u00f6tietojen k\u00e4sittelij\u00e4t<\/h3>\n\n\n\n<p>T\u00e4ss\u00e4 selosteessa kuvattuja henkil\u00f6tietoja on oikeus k\u00e4sitell\u00e4 yhdistyksen hallituksen j\u00e4senill\u00e4 ja varaj\u00e4senill\u00e4 sek\u00e4 yhdistyksen hallituksen kulloinkin teht\u00e4v\u00e4\u00e4n erikseen valtuuttamilla henkil\u00f6ill\u00e4.<\/p>\n\n\n\n<p>Yhdistyksen hallituksen j\u00e4senet on lueteltu yhdistyksen verkkosivuilla: <a href=\"https:\/\/blogit.utu.fi\/docsobe\/\">blogit.utu.fi\/docsobe<\/a><\/p>\n\n\n\n<h3 class=\"wp-block-heading\">3.&nbsp;&nbsp;&nbsp; Henkil\u00f6tietojen k\u00e4sittelyn tarkoitus ja oikeusperuste<\/h3>\n\n\n\n<p>Yhdistyksen j\u00e4senten henkil\u00f6tietoja k\u00e4sitell\u00e4\u00e4n j\u00e4senrekisterin yll\u00e4pit\u00e4mist\u00e4, yhdistyksen kokouskutsujen l\u00e4hett\u00e4mist\u00e4 ja muuta yhdistyksen ja j\u00e4senten v\u00e4list\u00e4 yhteydenpitoa varten.<\/p>\n\n\n\n<p>Henkil\u00f6tietoja k\u00e4sitell\u00e4\u00e4n lain m\u00e4\u00e4rittelemien velvollisuuksien t\u00e4ytt\u00e4miseksi (GDPR artikla 6 kohta 1c). Yhdistyslain mukaan yhdistyksell\u00e4 on velvollisuus pit\u00e4\u00e4 j\u00e4senluetteloa.<\/p>\n\n\n\n<h3 class=\"wp-block-heading\">4.&nbsp;&nbsp;&nbsp; Mit\u00e4 henkil\u00f6tietoja ker\u00e4\u00e4mme<\/h3>\n\n\n\n<p>J\u00e4senrekisterin yll\u00e4pit\u00e4mist\u00e4 varten ker\u00e4tt\u00e4vi\u00e4 tietoja ovat henkil\u00f6n nimi, s\u00e4hk\u00f6postiosoite, puhelinnumero, kotiosoite, kotipaikka, tieto Turun ylioppilaskunnan j\u00e4senyydest\u00e4, oppiaine sek\u00e4 tohtoriohjelma.<\/p>\n\n\n\n<h3 class=\"wp-block-heading\">5.&nbsp;&nbsp;&nbsp; Mist\u00e4 l\u00e4hteist\u00e4 henkil\u00f6tietoja ker\u00e4t\u00e4\u00e4n<\/h3>\n\n\n\n<p>Henkil\u00f6tiedot ker\u00e4t\u00e4\u00e4n vastaajalta itselt\u00e4\u00e4n.<\/p>\n\n\n\n<h3 class=\"wp-block-heading\">6.&nbsp;&nbsp;&nbsp; Tietojen siirto tai luovuttaminen<\/h3>\n\n\n\n<p>J\u00e4senrekisterist\u00e4 ei l\u00e4ht\u00f6kohtaisesti luovuteta tietoja ulkopuolisille ilman asianomaisen suostumusta. Yhdistyslain mukaan yhdistyksen j\u00e4senill\u00e4 on oikeus tutustua j\u00e4senluettelon tietoihin (j\u00e4senten nimi ja kotipaikka). Tietoja ei luovuteta EU\/ETA-alueen ulkopuolelle.<\/p>\n\n\n\n<h3 class=\"wp-block-heading\">7.&nbsp;&nbsp;&nbsp; Automatisoitu p\u00e4\u00e4t\u00f6ksenteko<\/h3>\n\n\n\n<p>Henkil\u00f6tietoja ei k\u00e4ytet\u00e4 automaattiseen p\u00e4\u00e4t\u00f6ksentekoon tai profilointiin.<\/p>\n\n\n\n<h3 class=\"wp-block-heading\">8.&nbsp;&nbsp;&nbsp; Henkil\u00f6tietojen suojauksen periaatteet<\/h3>\n\n\n\n<p>Henkil\u00f6tietoja s\u00e4ilytet\u00e4\u00e4n Turun yliopiston tarjoamissa s\u00e4hk\u00f6isiss\u00e4 tallennuspalveluissa, joihin p\u00e4\u00e4sy edellytt\u00e4\u00e4 voimassa olevan k\u00e4ytt\u00e4j\u00e4tunnuksen ja salasanan sek\u00e4 erillisen k\u00e4ytt\u00f6oikeuden, joka on vain DocSoBe ry:n hallituksen j\u00e4senill\u00e4.<\/p>\n\n\n\n<h3 class=\"wp-block-heading\">9.&nbsp;&nbsp;&nbsp; Henkil\u00f6tietojen s\u00e4ilytysaika<\/h3>\n\n\n\n<p>Yhdistyksen j\u00e4senten henkil\u00f6tietoja s\u00e4ilytet\u00e4\u00e4n j\u00e4senrekisteriss\u00e4 niin kauan kuin j\u00e4senyys yhdistyksess\u00e4 jatkuu.<\/p>\n\n\n\n<h3 class=\"wp-block-heading\">10.&nbsp;&nbsp; Rekister\u00f6idyn oikeudet<\/h3>\n\n\n\n<p>Sinulla on oikeus pyyt\u00e4\u00e4 rekisterinpit\u00e4j\u00e4lt\u00e4 p\u00e4\u00e4sy sinua itse\u00e4si koskeviin henkil\u00f6tietoihin sek\u00e4 oikeus pyyt\u00e4\u00e4 kyseisten tietojen oikaisemista taikka k\u00e4sittelyn rajoittamista.<\/p>\n\n\n\n<p>Sinulla on oikeus tehd\u00e4 valitus tietosuojavaltuutetun toimistoon, mik\u00e4li katsot, ett\u00e4 henkil\u00f6tietojesi k\u00e4sittelyss\u00e4 on rikottu voimassa olevaa tietosuojalains\u00e4\u00e4d\u00e4nt\u00f6\u00e4.<\/p>\n\n\n\n<p>Tietosuojavaltuutetun toimisto<br>K\u00e4yntiosoite: Lintulahdenkuja 4, 00530 Helsinki<br>Postiosoite: PL 800, 00531 Helsinki<br>S\u00e4hk\u00f6posti: tietosuoja(at)om.fi<br>Puhelinvaihde: 029 566 6700<\/p>\n","protected":false},"excerpt":{"rendered":"<p>DocSoBe ry:n j\u00e4seniksi voivat liitty\u00e4 kaikki Turun yliopiston yhteiskuntatieteellisess\u00e4 tiedekunnassa toimivien tohtoriohjelmien v\u00e4it\u00f6skirjatutkijat. Liity j\u00e4seneksi t\u00e4ytt\u00e4m\u00e4ll\u00e4 DocSoBen j\u00e4sentietolomake alla olevan linkin kautta. &gt;&gt; Liity DocSoBen j\u00e4seneksi Olemme sinuun yhteydess\u00e4, kun olemme k\u00e4sitelleet j\u00e4senhakemuksesi. Alta saat tietoa siit\u00e4, kuinka lomakkeelle antamiasi tietojasi k\u00e4sitell\u00e4\u00e4n. J\u00e4senrekisterin tietosuojaseloste 1.&nbsp;&nbsp;&nbsp; Rekisterin nimi, rekisterinpit\u00e4j\u00e4 ja yhteystiedot Rekisterin nimi on DocSoBe ry:n&hellip;<\/p>\n<p class=\"more-link-wrapper\"><a class=\"more-link\" href=\"https:\/\/blogit.utu.fi\/docsobe\/fi\/liity-jaseneksi\/\">Continue<\/a><\/p>\n","protected":false},"author":5785,"featured_media":0,"parent":0,"menu_order":0,"comment_status":"closed","ping_status":"closed","template":"","meta":{"footnotes":""},"class_list":["post-110","page","type-page","status-publish","hentry"],"_links":{"self":[{"href":"https:\/\/blogit.utu.fi\/docsobe\/wp-json\/wp\/v2\/pages\/110","targetHints":{"allow":["GET"]}}],"collection":[{"href":"https:\/\/blogit.utu.fi\/docsobe\/wp-json\/wp\/v2\/pages"}],"about":[{"href":"https:\/\/blogit.utu.fi\/docsobe\/wp-json\/wp\/v2\/types\/page"}],"author":[{"embeddable":true,"href":"https:\/\/blogit.utu.fi\/docsobe\/wp-json\/wp\/v2\/users\/5785"}],"replies":[{"embeddable":true,"href":"https:\/\/blogit.utu.fi\/docsobe\/wp-json\/wp\/v2\/comments?post=110"}],"version-history":[{"count":5,"href":"https:\/\/blogit.utu.fi\/docsobe\/wp-json\/wp\/v2\/pages\/110\/revisions"}],"predecessor-version":[{"id":170,"href":"https:\/\/blogit.utu.fi\/docsobe\/wp-json\/wp\/v2\/pages\/110\/revisions\/170"}],"wp:attachment":[{"href":"https:\/\/blogit.utu.fi\/docsobe\/wp-json\/wp\/v2\/media?parent=110"}],"curies":[{"name":"wp","href":"https:\/\/api.w.org\/{rel}","templated":true}]}}