{"id":119,"date":"2024-02-26T08:56:53","date_gmt":"2024-02-26T06:56:53","guid":{"rendered":"https:\/\/blogit.utu.fi\/docsobe\/?page_id=119"},"modified":"2026-03-12T10:59:14","modified_gmt":"2026-03-12T08:59:14","slug":"hallitus","status":"publish","type":"page","link":"https:\/\/blogit.utu.fi\/docsobe\/fi\/hallitus\/","title":{"rendered":"Hallitus"},"content":{"rendered":"\n<p class=\"has-medium-font-size\"><strong>2026<\/strong><\/p>\n\n\n\n<p><strong>Puheenjohtaja:<\/strong>&nbsp;Toni Rajala (Sosiaality\u00f6)<\/p>\n\n\n\n<p><strong>Varapuheenjohtaja:<\/strong>&nbsp;Charlotta Palmroos (Filosofia)<\/p>\n\n\n\n<p><strong>Sihteeri:<\/strong>\u00a0T\u00fcrk\u00fc Cebi (Valtio-oppi)<\/p>\n\n\n\n<p><strong>Taloudenhoitaja:<\/strong>&nbsp;Katariina Kulha (Valtio-oppi)<\/p>\n\n\n\n<p><strong>J\u00e4senvastaava &amp; yhteisty\u00f6verkostovastaava:<\/strong>&nbsp;Matti Eskelinen (Filosofia)<\/p>\n\n\n\n<p><strong>Viestint\u00e4vastaava:&nbsp;<\/strong>Kristiina Teppo (Poliittinen historia)<\/p>\n\n\n\n<p><strong>Kansainv\u00e4lisyysvastaava<\/strong>: Haeran Jeong (Filosofia)<\/p>\n\n\n\n<p><strong>J\u00e4senet:<\/strong>&nbsp;Zo\u00e9 Allen-Mercier (Poliittinen historia), Jaakko Dickman (Valtio-oppi, Pohjois-Amerikan tutkimus), Mary Song (It\u00e4-Aasian tutkimus)<\/p>\n\n\n\n<p><strong>Varaj\u00e4senet:<\/strong>&nbsp;Essi&nbsp;Saloranta (Logopedia), Kaisa Elovaara (INVEST), Gunjan Saha (Filosofia)<\/p>\n\n\n\n<hr class=\"wp-block-separator has-alpha-channel-opacity\" \/>\n\n\n\n<p class=\"has-medium-font-size\"><strong>Entiset hallitukset<\/strong><\/p>\n\n\n\n<p class=\"has-medium-font-size\"><strong>2025<\/strong><\/p>\n\n\n\n<p><strong>Puheenjohtaja:<\/strong> Essi&nbsp;Saloranta (Logopedia)<\/p>\n\n\n\n<p><strong>Varapuheenjohtaja:<\/strong> Toni&nbsp;Rajala (Sosiaality\u00f6)<\/p>\n\n\n\n<p><strong>Sihteeri:<\/strong> Haeran Jeong (Filosofia)<\/p>\n\n\n\n<p><strong>J\u00e4senet:<\/strong> Zo\u00e9 Allen-Mercier (Poliittinen historia), Jaakko Dickman (Valtio-oppi, Pohjois-Amerikan tutkimus), Matti Eskelinen (Filosofia)<\/p>\n\n\n\n<p><strong>Varaj\u00e4senet:<\/strong> Katariina Kulha (Valtio-oppi), Ville&nbsp;Kokko (Filosofia), Mary Song (It\u00e4-Aasian tutkimus), Kristiina Teppo (Poliittinen historia)<\/p>\n\n\n\n<p class=\"has-medium-font-size\"><strong>2024<\/strong><\/p>\n\n\n\n<p><strong>Puheenjohtaja:<\/strong> Matti Eskelinen (Filosofia)<\/p>\n\n\n\n<p><strong>Varapuheenjohtaja:<\/strong> Zo\u00e9 Allen-Mercier (Poliittinen historia)<\/p>\n\n\n\n<p><strong>Sihteeri:<\/strong> Toni&nbsp;Rajala (Sosiaality\u00f6)<\/p>\n\n\n\n<p><strong>J\u00e4senet:<\/strong> Mila Sepp\u00e4l\u00e4 (Valtio-oppi, Pohjois-Amerikan tutkimus), Essi&nbsp;Saloranta (Logopedia)<\/p>\n\n\n\n<p><strong>Varaj\u00e4senet:<\/strong> Katariina Kulha (Valtio-oppi), Jaakko Dickman (Valtio-oppi, Pohjois-Amerikan tutkimus), Kristiina Teppo (Poliittinen historia), Ville&nbsp;Kokko (Filosofia)<\/p>\n\n\n\n<p class=\"has-medium-font-size\"><strong>2023<\/strong><\/p>\n\n\n\n<p><strong>Puheenjohtaja:<\/strong> Mila Sepp\u00e4l\u00e4 (Valtio-oppi, Pohjois-Amerikan tutkimus)<\/p>\n\n\n\n<p><strong>Varapuheenjohtaja:<\/strong> Zo\u00e9 Allen-Mercier (Poliittinen historia)<\/p>\n\n\n\n<p><strong>Sihteeri:<\/strong> Matti Eskelinen (Filosofia)<\/p>\n\n\n\n<p><strong>J\u00e4senet:<\/strong> Eerika Johander (Psykologia), Inari Harjuniemi (Psykologia), Zhu Junhua (It\u00e4-Aasian tutkimus), Essi&nbsp;Saloranta (Logopedia), Toni Rajala (Sosiaality\u00f6)<\/p>\n\n\n\n<p><strong>Varaj\u00e4senet:<\/strong> Ville Kokko (Filosofia), Kristiina Teppo (Poliittinen historia), Joel Nelson (Poliittinen historia)<\/p>\n","protected":false},"excerpt":{"rendered":"<p>2026 Puheenjohtaja:&nbsp;Toni Rajala (Sosiaality\u00f6) Varapuheenjohtaja:&nbsp;Charlotta Palmroos (Filosofia) Sihteeri:\u00a0T\u00fcrk\u00fc Cebi (Valtio-oppi) Taloudenhoitaja:&nbsp;Katariina Kulha (Valtio-oppi) J\u00e4senvastaava &amp; yhteisty\u00f6verkostovastaava:&nbsp;Matti Eskelinen (Filosofia) Viestint\u00e4vastaava:&nbsp;Kristiina Teppo (Poliittinen historia) Kansainv\u00e4lisyysvastaava: Haeran Jeong (Filosofia) J\u00e4senet:&nbsp;Zo\u00e9 Allen-Mercier (Poliittinen historia), Jaakko Dickman (Valtio-oppi, Pohjois-Amerikan tutkimus), Mary Song (It\u00e4-Aasian tutkimus) Varaj\u00e4senet:&nbsp;Essi&nbsp;Saloranta (Logopedia), Kaisa Elovaara (INVEST), Gunjan Saha (Filosofia) Entiset hallitukset 2025 Puheenjohtaja: Essi&nbsp;Saloranta (Logopedia) Varapuheenjohtaja: Toni&nbsp;Rajala&hellip;<\/p>\n<p class=\"more-link-wrapper\"><a class=\"more-link\" href=\"https:\/\/blogit.utu.fi\/docsobe\/fi\/hallitus\/\">Continue<\/a><\/p>\n","protected":false},"author":5785,"featured_media":0,"parent":0,"menu_order":0,"comment_status":"closed","ping_status":"closed","template":"","meta":{"footnotes":""},"class_list":["post-119","page","type-page","status-publish","hentry"],"_links":{"self":[{"href":"https:\/\/blogit.utu.fi\/docsobe\/wp-json\/wp\/v2\/pages\/119","targetHints":{"allow":["GET"]}}],"collection":[{"href":"https:\/\/blogit.utu.fi\/docsobe\/wp-json\/wp\/v2\/pages"}],"about":[{"href":"https:\/\/blogit.utu.fi\/docsobe\/wp-json\/wp\/v2\/types\/page"}],"author":[{"embeddable":true,"href":"https:\/\/blogit.utu.fi\/docsobe\/wp-json\/wp\/v2\/users\/5785"}],"replies":[{"embeddable":true,"href":"https:\/\/blogit.utu.fi\/docsobe\/wp-json\/wp\/v2\/comments?post=119"}],"version-history":[{"count":13,"href":"https:\/\/blogit.utu.fi\/docsobe\/wp-json\/wp\/v2\/pages\/119\/revisions"}],"predecessor-version":[{"id":262,"href":"https:\/\/blogit.utu.fi\/docsobe\/wp-json\/wp\/v2\/pages\/119\/revisions\/262"}],"wp:attachment":[{"href":"https:\/\/blogit.utu.fi\/docsobe\/wp-json\/wp\/v2\/media?parent=119"}],"curies":[{"name":"wp","href":"https:\/\/api.w.org\/{rel}","templated":true}]}}