{"id":75,"date":"2024-02-13T16:03:54","date_gmt":"2024-02-13T14:03:54","guid":{"rendered":"https:\/\/blogit.utu.fi\/docsobe\/welcome-to-the-blog-of-docsobe-suomi\/"},"modified":"2026-01-14T18:44:24","modified_gmt":"2026-01-14T16:44:24","slug":"welcome-to-the-blog-of-docsobe-suomi","status":"publish","type":"page","link":"https:\/\/blogit.utu.fi\/docsobe\/fi\/","title":{"rendered":"Tervetuloa DocSoBeen!"},"content":{"rendered":"\n<p>Tervehdys! Olemme Turun yliopiston yhteiskunta- ja k\u00e4ytt\u00e4ytymistieteiden v\u00e4it\u00f6skirjatutkijoiden yhdistys (DocSoBe). Toivotamme uudet j\u00e4senet l\u00e4mpim\u00e4sti tervetulleiksi mukaan tapahtumiimme ja keskustelukanavalle Telegramiin \u2013 katso lis\u00e4tietoja kohdasta <a href=\"https:\/\/blogit.utu.fi\/docsobe\/fi\/category\/tapahtumat\/\" data-type=\"category\" data-id=\"12\">Tapahtumat<\/a> ja <a href=\"https:\/\/blogit.utu.fi\/docsobe\/fi\/ota-yhteytta\/\" data-type=\"page\" data-id=\"88\">Ota yhteytt\u00e4<\/a>.<\/p>\n\n\n\n<p>Tavoitteenamme on edist\u00e4\u00e4 yhteiskuntatieteellisen tiedekunnan v\u00e4it\u00f6skirjatutkijoiden oikeuksia, kehitt\u00e4\u00e4 yhteis\u00f6llisyytt\u00e4 ja vahvistaa verkostoitumista. Suunnittelemme ja j\u00e4rjest\u00e4mme akateemista ja sosiaalista toimintaa ja tapahtumia yhdistyksen j\u00e4senille sek\u00e4 yhteiskunta- ja k\u00e4ytt\u00e4ytymistieteiden v\u00e4it\u00f6skirjatutkijoille ja Invest-tohtoriohjelmalle. Yhdistys tukee ja avustaa my\u00f6s edell\u00e4 mainittujen tohtoriohjelmien kansainv\u00e4lisi\u00e4 v\u00e4it\u00f6skirjatutkijoita. Yhdistyksen toimintakielet ovat suomi ja englanti.<\/p>\n\n\n\n<p>Yhdistyst\u00e4 johtaa hallitus, johon kuuluu puheenjohtaja, 2\u20139 varsinaista j\u00e4sent\u00e4 sek\u00e4 0\u20134 varaj\u00e4sent\u00e4. Puheenjohtaja ja hallitus valitaan yhdistyksen vuosikokouksessa. Hallituksen toimikausi on yksi kalenterivuosi. Hallitus valitsee keskuudestaan varapuheenjohtajan, sihteerin, taloudenhoitajan ja muut vastuuteht\u00e4vien edustajat.<\/p>\n\n\n\n<p>Yhdistyksemme on perustettu joulukuussa 2022. Yhdistys on kuulunut Turun yliopiston ylioppilaskuntaan (TYY) vuodesta 2024 l\u00e4htien.<\/p>\n","protected":false},"excerpt":{"rendered":"<p>Tervehdys! Olemme Turun yliopiston yhteiskunta- ja k\u00e4ytt\u00e4ytymistieteiden v\u00e4it\u00f6skirjatutkijoiden yhdistys (DocSoBe). Toivotamme uudet j\u00e4senet l\u00e4mpim\u00e4sti tervetulleiksi mukaan tapahtumiimme ja keskustelukanavalle Telegramiin \u2013 katso lis\u00e4tietoja kohdasta Tapahtumat ja Ota yhteytt\u00e4. Tavoitteenamme on edist\u00e4\u00e4 yhteiskuntatieteellisen tiedekunnan v\u00e4it\u00f6skirjatutkijoiden oikeuksia, kehitt\u00e4\u00e4 yhteis\u00f6llisyytt\u00e4 ja vahvistaa verkostoitumista. Suunnittelemme ja j\u00e4rjest\u00e4mme akateemista ja sosiaalista toimintaa ja tapahtumia yhdistyksen j\u00e4senille sek\u00e4 yhteiskunta- ja k\u00e4ytt\u00e4ytymistieteiden&hellip;<\/p>\n<p class=\"more-link-wrapper\"><a class=\"more-link\" href=\"https:\/\/blogit.utu.fi\/docsobe\/fi\/\">Continue<\/a><\/p>\n","protected":false},"author":5785,"featured_media":0,"parent":0,"menu_order":0,"comment_status":"closed","ping_status":"closed","template":"","meta":{"footnotes":""},"class_list":["post-75","page","type-page","status-publish","hentry"],"_links":{"self":[{"href":"https:\/\/blogit.utu.fi\/docsobe\/wp-json\/wp\/v2\/pages\/75","targetHints":{"allow":["GET"]}}],"collection":[{"href":"https:\/\/blogit.utu.fi\/docsobe\/wp-json\/wp\/v2\/pages"}],"about":[{"href":"https:\/\/blogit.utu.fi\/docsobe\/wp-json\/wp\/v2\/types\/page"}],"author":[{"embeddable":true,"href":"https:\/\/blogit.utu.fi\/docsobe\/wp-json\/wp\/v2\/users\/5785"}],"replies":[{"embeddable":true,"href":"https:\/\/blogit.utu.fi\/docsobe\/wp-json\/wp\/v2\/comments?post=75"}],"version-history":[{"count":13,"href":"https:\/\/blogit.utu.fi\/docsobe\/wp-json\/wp\/v2\/pages\/75\/revisions"}],"predecessor-version":[{"id":253,"href":"https:\/\/blogit.utu.fi\/docsobe\/wp-json\/wp\/v2\/pages\/75\/revisions\/253"}],"wp:attachment":[{"href":"https:\/\/blogit.utu.fi\/docsobe\/wp-json\/wp\/v2\/media?parent=75"}],"curies":[{"name":"wp","href":"https:\/\/api.w.org\/{rel}","templated":true}]}}