{"id":88,"date":"2024-02-15T15:07:15","date_gmt":"2024-02-15T13:07:15","guid":{"rendered":"https:\/\/blogit.utu.fi\/docsobe\/?page_id=88"},"modified":"2024-02-26T09:15:13","modified_gmt":"2024-02-26T07:15:13","slug":"ota-yhteytta","status":"publish","type":"page","link":"https:\/\/blogit.utu.fi\/docsobe\/fi\/ota-yhteytta\/","title":{"rendered":"Ota yhteytt\u00e4"},"content":{"rendered":"\n<p>Jos sinulla on kysymyksi\u00e4 tai kommentteja, ole rohkeasti yhteydess\u00e4 s\u00e4hk\u00f6postitse. Jos haluat liitty\u00e4 Telegram-chattiimme, l\u00e4het\u00e4 meille s\u00e4hk\u00f6postia otsikolla &#8220;Liittyminen Telegram-chattiin&#8221;.<\/p>\n\n\n\n<p>S\u00e4hk\u00f6posti: docsobe[at]utu.fi<\/p>\n","protected":false},"excerpt":{"rendered":"<p>Jos sinulla on kysymyksi\u00e4 tai kommentteja, ole rohkeasti yhteydess\u00e4 s\u00e4hk\u00f6postitse. Jos haluat liitty\u00e4 Telegram-chattiimme, l\u00e4het\u00e4 meille s\u00e4hk\u00f6postia otsikolla &#8220;Liittyminen Telegram-chattiin&#8221;. S\u00e4hk\u00f6posti: docsobe[at]utu.fi<\/p>\n","protected":false},"author":5785,"featured_media":0,"parent":0,"menu_order":0,"comment_status":"closed","ping_status":"closed","template":"","meta":{"footnotes":""},"class_list":["post-88","page","type-page","status-publish","hentry"],"_links":{"self":[{"href":"https:\/\/blogit.utu.fi\/docsobe\/wp-json\/wp\/v2\/pages\/88","targetHints":{"allow":["GET"]}}],"collection":[{"href":"https:\/\/blogit.utu.fi\/docsobe\/wp-json\/wp\/v2\/pages"}],"about":[{"href":"https:\/\/blogit.utu.fi\/docsobe\/wp-json\/wp\/v2\/types\/page"}],"author":[{"embeddable":true,"href":"https:\/\/blogit.utu.fi\/docsobe\/wp-json\/wp\/v2\/users\/5785"}],"replies":[{"embeddable":true,"href":"https:\/\/blogit.utu.fi\/docsobe\/wp-json\/wp\/v2\/comments?post=88"}],"version-history":[{"count":2,"href":"https:\/\/blogit.utu.fi\/docsobe\/wp-json\/wp\/v2\/pages\/88\/revisions"}],"predecessor-version":[{"id":126,"href":"https:\/\/blogit.utu.fi\/docsobe\/wp-json\/wp\/v2\/pages\/88\/revisions\/126"}],"wp:attachment":[{"href":"https:\/\/blogit.utu.fi\/docsobe\/wp-json\/wp\/v2\/media?parent=88"}],"curies":[{"name":"wp","href":"https:\/\/api.w.org\/{rel}","templated":true}]}}