{"id":11,"date":"2015-02-26T16:04:28","date_gmt":"2015-02-26T14:04:28","guid":{"rendered":"http:\/\/blogit.utu.fi\/dosenttiyhdistys\/?page_id=11"},"modified":"2015-03-31T14:01:54","modified_gmt":"2015-03-31T12:01:54","slug":"etusivu","status":"publish","type":"page","link":"https:\/\/blogit.utu.fi\/dosenttiyhdistys\/","title":{"rendered":"Tervetuloa &#8211; V\u00e4lkommen"},"content":{"rendered":"<p>Turun yliopistojen dosenttiyhdistys on aatteellinen yhdistys, joka valvoo Turun yliopiston, \u00c5bo Akademin ja Turun kauppakorkeakoulun dosenttien etuja. Yhdistyksen j\u00e4seniksi voivat liitty\u00e4 kaikki turkulaisten yliopistojen dosentit (klikkaa kaavake).<\/p>\n<p>Docentf\u00f6reningen vid universiteten i \u00c5bo \u00e4r en ideell f\u00f6rening, som bevakar docenternas intressen p\u00e5 Turun yliopisto, \u00c5bo Akademi och Turun kauppakorkeakoulu. Alla docenter vid \u00c5bouniversiteten kan h\u00f6ra till f\u00f6reningen (klicka blanketten).<\/p>\n","protected":false},"excerpt":{"rendered":"<p>Turun yliopistojen dosenttiyhdistys on aatteellinen yhdistys, joka valvoo Turun yliopiston, \u00c5bo Akademin ja Turun kauppakorkeakoulun dosenttien etuja. Yhdistyksen j\u00e4seniksi voivat liitty\u00e4 kaikki turkulaisten yliopistojen dosentit (klikkaa kaavake). Docentf\u00f6reningen vid universiteten i \u00c5bo \u00e4r en ideell f\u00f6rening, som bevakar docenternas intressen p\u00e5 Turun yliopisto, \u00c5bo Akademi och Turun kauppakorkeakoulu. Alla docenter vid \u00c5bouniversiteten kan h\u00f6ra till &hellip; <a href=\"https:\/\/blogit.utu.fi\/dosenttiyhdistys\/\" class=\"more-link\">Jatka lukemista <span class=\"screen-reader-text\">Tervetuloa &#8211; V\u00e4lkommen<\/span> <span class=\"meta-nav\">&rarr;<\/span><\/a><\/p>\n","protected":false},"author":107,"featured_media":0,"parent":0,"menu_order":0,"comment_status":"open","ping_status":"open","template":"","meta":{"footnotes":""},"class_list":["post-11","page","type-page","status-publish","hentry"],"_links":{"self":[{"href":"https:\/\/blogit.utu.fi\/dosenttiyhdistys\/wp-json\/wp\/v2\/pages\/11","targetHints":{"allow":["GET"]}}],"collection":[{"href":"https:\/\/blogit.utu.fi\/dosenttiyhdistys\/wp-json\/wp\/v2\/pages"}],"about":[{"href":"https:\/\/blogit.utu.fi\/dosenttiyhdistys\/wp-json\/wp\/v2\/types\/page"}],"author":[{"embeddable":true,"href":"https:\/\/blogit.utu.fi\/dosenttiyhdistys\/wp-json\/wp\/v2\/users\/107"}],"replies":[{"embeddable":true,"href":"https:\/\/blogit.utu.fi\/dosenttiyhdistys\/wp-json\/wp\/v2\/comments?post=11"}],"version-history":[{"count":2,"href":"https:\/\/blogit.utu.fi\/dosenttiyhdistys\/wp-json\/wp\/v2\/pages\/11\/revisions"}],"predecessor-version":[{"id":15,"href":"https:\/\/blogit.utu.fi\/dosenttiyhdistys\/wp-json\/wp\/v2\/pages\/11\/revisions\/15"}],"wp:attachment":[{"href":"https:\/\/blogit.utu.fi\/dosenttiyhdistys\/wp-json\/wp\/v2\/media?parent=11"}],"curies":[{"name":"wp","href":"https:\/\/api.w.org\/{rel}","templated":true}]}}