{"id":182,"date":"2019-01-24T17:28:54","date_gmt":"2019-01-24T15:28:54","guid":{"rendered":"http:\/\/blogit.utu.fi\/dosenttiyhdistys\/?page_id=182"},"modified":"2019-01-25T11:17:05","modified_gmt":"2019-01-25T09:17:05","slug":"rekisteriseloste","status":"publish","type":"page","link":"https:\/\/blogit.utu.fi\/dosenttiyhdistys\/rekisteriseloste\/","title":{"rendered":"Rekisteriseloste"},"content":{"rendered":"<p><strong>Rekisterinpit\u00e4j\u00e4<\/strong><\/p>\n<p>Turun Yliopistojen Dosenttiyhdistys ry.<br \/>\nValtio-oppi,\u00a0 Assistentinkatu 7, 20014 Turku<br \/>\n050-3265172<br \/>\nAntti Pajala<\/p>\n<p><strong>Yhteyshenkil\u00f6<\/strong><\/p>\n<p>Turun Yliopistojen Dosenttiyhdistyksen sihteeri Antti Pajala<br \/>\nValtio-oppi,\u00a0 Assistentinkatu 7, 20014 Turku<br \/>\n050-3265172<br \/>\nAntti Pajala@utu.fi<\/p>\n<p><strong>Rekisterin nimi<\/strong><\/p>\n<p>Turun Yliopistojen Dosenttiyhdistyksen j\u00e4senrekisteri ja postituslista<\/p>\n<p><strong>Henkil\u00f6tietojen k\u00e4sittelyn tarkoitus ja oikeusperuste<\/strong><\/p>\n<p>Turun Yliopistojen Dosenttiyhdistyksen j\u00e4senrekisteriin merkit\u00e4\u00e4n yhdistyksen kulloisetkin j\u00e4senet ja postituslistaa k\u00e4ytet\u00e4\u00e4n yhdistyksen j\u00e4senist\u00f6lle l\u00e4hetett\u00e4v\u00e4n yhdistyksen toimintaa k\u00e4sittelev\u00e4n tai sen toiminta-alueeseen l\u00e4heisesti liittyv\u00e4n tiedon v\u00e4litt\u00e4miseen sek\u00e4 j\u00e4senmaksujen kirjaamiseen. K\u00e4sittelyn oikeusperusteena on EU:n yleisen tietosuoja-asetuksen 6. artiklan 1 kohdan alakohdan a mukaisesti rekister\u00f6idyn suostumukseen perustuva tietojen k\u00e4sittely. Tietoa yhdistyksen j\u00e4senm\u00e4\u00e4rist\u00e4 tarvitaan j\u00e4senmaksujen maksamisessa Suomen Dosenttiliitolle, jonka j\u00e4senyhdistys Turun Yliopistojen Dosenttiyhdistyksen on.<\/p>\n<p>Rekisteritietoja ei k\u00e4ytet\u00e4 automatisoituun p\u00e4\u00e4t\u00f6ksentekoon tai profilointiin.<\/p>\n<p><strong>Rekisterin henkil\u00f6ryhm\u00e4t ja tietosis\u00e4lt\u00f6<\/strong><\/p>\n<p>Rekisteriin kuuluvia ovat yhdistyksen j\u00e4senyytt\u00e4 henkil\u00f6kohtaisesti anoneet ja yhdistyksen johtokunnan hyv\u00e4ksym\u00e4t sek\u00e4 j\u00e4senmaksunsa maksaneet yhdistyksen j\u00e4senet sek\u00e4. Rekisteriin tallennetaan j\u00e4senen nimi, asema yhdistyksess\u00e4, s\u00e4hk\u00f6postiosoite, postiosoite sek\u00e4 tieto j\u00e4senmaksun maksamisesta. J\u00e4senrekisteri\u00e4 yll\u00e4pit\u00e4\u00e4 yhdistyksen sihteeri ja sen tietoihin on p\u00e4\u00e4sy yhdistyksen sihteerill\u00e4, puheenjohtajalla ja varapuheenjohtajalla.<\/p>\n<p><strong>Tietol\u00e4hteet<\/strong><\/p>\n<p>J\u00e4senet itse.<\/p>\n<p><strong>Tietojen luovutukset<\/strong><\/p>\n<p>Tietoja ei luovuteta ulkopuolisille.<\/p>\n<p><strong>Rekisterin suojaus<\/strong><\/p>\n<p>Paperimuotoinen aineisto sa\u0308ilyteta\u0308a\u0308n lukitussa kaapissa, johon ulkopuolisilla ei ole pa\u0308a\u0308sya\u0308. Manuaalista aineistoa ka\u0308sittelev\u00e4t vain yhdistyksen sihteeri ja puheenjohtaja. Ja\u0308senrekisterin sisa\u0308lto\u0308 on erillisell\u00e4 ulkoisella kovalevyll\u00e4, jota s\u00e4ilytet\u00e4\u00e4n lukollisessa laatikossa. Tietokoneet ovat lukituissa toimistotiloissa. Aineiston ka\u0308ytto\u0308 on rajattua: vain yhdistyksen sihteeri k\u00e4ytt\u00e4\u00e4 aineistoa ty\u00f6ss\u00e4\u00e4n. Ja\u0308senrekisterin tietojen kanssa toimitaan suurta huolellisuutta ka\u0308ytta\u0308en.<\/p>\n<p><strong>Henkil\u00f6tietojen s\u00e4ilytysaika<\/strong><\/p>\n<p>J\u00e4senyyden aikana. J\u00e4senyys raukeaa, kun kaksi per\u00e4tt\u00e4ist\u00e4 j\u00e4senmaksua on j\u00e4\u00e4nyt maksamatta. Sen j\u00e4lkeen henkil\u00f6 poistetaan rekisterist\u00e4 ja s\u00e4hk\u00f6postilistalta. J\u00e4sen voi my\u00f6s itse irtisanoutua j\u00e4senyydest\u00e4\u00e4n tai listalta ilmoittamalla asiasta yhdistyksen sihteerille.<\/p>\n<p><strong>Rekister\u00f6idyn oikeudet<\/strong><\/p>\n<p>Rekister\u00f6idyll\u00e4 on oikeus:<\/p>\n<p>Pyyt\u00e4\u00e4 rekisterinpit\u00e4j\u00e4lt\u00e4 p\u00e4\u00e4sy h\u00e4nt\u00e4 itse\u00e4\u00e4n koskeviin henkil\u00f6tietoihin sek\u00e4 oikeus pyyt\u00e4\u00e4 kyseisten tietojen oikaisemista tai poistamista.<br \/>\nPyyt\u00e4\u00e4 rekisterinpit\u00e4j\u00e4lt\u00e4 h\u00e4nt\u00e4 itse\u00e4\u00e4n koskevien henkil\u00f6tietojen k\u00e4sittelyn rajoittamista tai vastustaa k\u00e4sittely\u00e4 sek\u00e4 oikeutta siirt\u00e4\u00e4 tiedot j\u00e4rjestelm\u00e4st\u00e4 toiseen.<br \/>\nNiilt\u00e4 osin kuin henkil\u00f6tietojen k\u00e4sittely perustuu rekister\u00f6idyn suostumukseen, oikeus peruuttaa suostumus milloin tahansa, t\u00e4m\u00e4n vaikuttamatta suostumuksen perusteella ennen sen peruuttamista suoritetun k\u00e4sittelyn lainmukaisuuteen.<br \/>\nTehd\u00e4 valitus henkil\u00f6tiedon k\u00e4sittelyst\u00e4 kansalliselle valvontaviranomaiselle, jos rekister\u00f6ity katsoo, ett\u00e4 h\u00e4nt\u00e4 koskevien henkil\u00f6tietojen k\u00e4sittelyss\u00e4 rikotaan EU:n yleist\u00e4 tietosuoja-asetusta.<\/p>\n<p><strong>Kansallisen valvontaviranomaisen yhteystiedot ovat:<\/strong><\/p>\n<p>Tietosuojavaltuutetun toimisto<br \/>\nPL 800, 00521 Helsinki \/ Ratapihantie 9, 6. krs. 00520 Helsinki<br \/>\nPuh. 029 56 66700<br \/>\ntietosuoja(at)om.fi<\/p>\n","protected":false},"excerpt":{"rendered":"<p>Rekisterinpit\u00e4j\u00e4 Turun Yliopistojen Dosenttiyhdistys ry. Valtio-oppi,\u00a0 Assistentinkatu 7, 20014 Turku 050-3265172 Antti Pajala Yhteyshenkil\u00f6 Turun Yliopistojen Dosenttiyhdistyksen sihteeri Antti Pajala Valtio-oppi,\u00a0 Assistentinkatu 7, 20014 Turku 050-3265172 Antti Pajala@utu.fi Rekisterin nimi Turun Yliopistojen Dosenttiyhdistyksen j\u00e4senrekisteri ja postituslista Henkil\u00f6tietojen k\u00e4sittelyn tarkoitus ja oikeusperuste Turun Yliopistojen Dosenttiyhdistyksen j\u00e4senrekisteriin merkit\u00e4\u00e4n yhdistyksen kulloisetkin j\u00e4senet ja postituslistaa k\u00e4ytet\u00e4\u00e4n yhdistyksen j\u00e4senist\u00f6lle l\u00e4hetett\u00e4v\u00e4n &hellip; <a href=\"https:\/\/blogit.utu.fi\/dosenttiyhdistys\/rekisteriseloste\/\" class=\"more-link\">Jatka lukemista <span class=\"screen-reader-text\">Rekisteriseloste<\/span> <span class=\"meta-nav\">&rarr;<\/span><\/a><\/p>\n","protected":false},"author":107,"featured_media":0,"parent":0,"menu_order":0,"comment_status":"closed","ping_status":"closed","template":"","meta":{"footnotes":""},"class_list":["post-182","page","type-page","status-publish","hentry"],"_links":{"self":[{"href":"https:\/\/blogit.utu.fi\/dosenttiyhdistys\/wp-json\/wp\/v2\/pages\/182","targetHints":{"allow":["GET"]}}],"collection":[{"href":"https:\/\/blogit.utu.fi\/dosenttiyhdistys\/wp-json\/wp\/v2\/pages"}],"about":[{"href":"https:\/\/blogit.utu.fi\/dosenttiyhdistys\/wp-json\/wp\/v2\/types\/page"}],"author":[{"embeddable":true,"href":"https:\/\/blogit.utu.fi\/dosenttiyhdistys\/wp-json\/wp\/v2\/users\/107"}],"replies":[{"embeddable":true,"href":"https:\/\/blogit.utu.fi\/dosenttiyhdistys\/wp-json\/wp\/v2\/comments?post=182"}],"version-history":[{"count":6,"href":"https:\/\/blogit.utu.fi\/dosenttiyhdistys\/wp-json\/wp\/v2\/pages\/182\/revisions"}],"predecessor-version":[{"id":221,"href":"https:\/\/blogit.utu.fi\/dosenttiyhdistys\/wp-json\/wp\/v2\/pages\/182\/revisions\/221"}],"wp:attachment":[{"href":"https:\/\/blogit.utu.fi\/dosenttiyhdistys\/wp-json\/wp\/v2\/media?parent=182"}],"curies":[{"name":"wp","href":"https:\/\/api.w.org\/{rel}","templated":true}]}}