{"id":67,"date":"2015-02-27T16:21:33","date_gmt":"2015-02-27T14:21:33","guid":{"rendered":"http:\/\/blogit.utu.fi\/dosenttiyhdistys\/?page_id=67"},"modified":"2025-05-10T11:14:36","modified_gmt":"2025-05-10T09:14:36","slug":"mita-dosenttiyhdistys-tekee","status":"publish","type":"page","link":"https:\/\/blogit.utu.fi\/dosenttiyhdistys\/mita-dosenttiyhdistys-tekee\/","title":{"rendered":"Mit\u00e4 Dosenttiyhdistys tekee?"},"content":{"rendered":"<p>Mit\u00e4 dosenttiyhdistys tekee?<\/p>\n<p>Dosenttiyhdistyksen tavoitteet ovat sek\u00e4 aatteellisia ett\u00e4 k\u00e4yt\u00e4nn\u00f6llisi\u00e4:<\/p>\n<p>Yhdistys valvoo Turun yliopiston, Turun kauppakorkea\u00adkoulun ja \u00c5bo Akademin dosenttien etuja ja tukee heid\u00e4n edistymis\u00adt\u00e4\u00e4n tieteen\u00adharjoittajina ja yliopiston opettajina. Yhdistys korostaa dosentiksi ni\u00admitt\u00e4misen korkeita tieteellisi\u00e4 p\u00e4tevyys\u00advaatimuksia. Yhdistys j\u00e4rjest\u00e4\u00e4 vuosittain v\u00e4hint\u00e4\u00e4n kaksi ti\u00adlaisuutta, yhden syksyll\u00e4 ja toisen kev\u00e4\u00e4ll\u00e4. Ne ovat esitelm\u00e4\u00adtilaisuuksia tai muita vapaamuotoisia tilaisuuk\u00adsia. Vuosittain pyrit\u00e4\u00e4n valitsemaan my\u00f6s vuoden dosentti turkulaisista yliopis\u00adtoista.<\/p>\n<p>Yhdistys l\u00e4hett\u00e4\u00e4 kerran vuodessa, ennen kev\u00e4\u00e4ll\u00e4 pidett\u00e4v\u00e4\u00e4 vuosikokousta, tiedotteen kaikille j\u00e4senilleen. Muu tiedotus hoi\u00addetaan s\u00e4hk\u00f6isesti yhdistyksen oman kotisivun ja s\u00e4hk\u00f6postin v\u00e4lityksell\u00e4.<\/p>\n<p>Yhdistys pit\u00e4\u00e4 yhteyksi\u00e4 Suomen muiden yliopistojen dosenttiyh\u00addistyksiin, joita t\u00e4ll\u00e4 hetkell\u00e4 on Helsingiss\u00e4 ja Tampereella. Turun yliopistojen dosenttiyhdistys on Suomen dosenttiliiton j\u00e4senj\u00e4rjest\u00f6.<\/p>\n<p>Ketk\u00e4 voivat olla dosenttiyhdistyksen j\u00e4seni\u00e4?<\/p>\n<p>J\u00e4seni\u00e4 voivat ovat kaikki j\u00e4senmaksunsa vuosittain (10 euroa) maksa\u00adneet Turun yliopiston, Turun kauppakorkeakoulun ja \u00c5bo Aka\u00addemin dosentit. Yhdistykseen liittymisest\u00e4 ota yhteys puheenjoh\u00adtajaan tai sihteeriin. Yhdistyk\u00adsen johtokunnassa on edustettuina do\u00adsentteja eri tie\u00adteen\u2011 ja tutkimuksen aloilta.<\/p>\n<p>Tarkempaa tietoa dosentti-j\u00e4rjestelm\u00e4n historiasta ja muusta dosentteihin liittyv\u00e4st\u00e4 l\u00f6yd\u00e4t Dosenttioppaasta:<\/p>\n<p>Turun yliopiston dosenttiyhdistyksen dosenttiopas on ladattavissa t\u00e4\u00e4lt\u00e4: <a href=\"https:\/\/dosenttiopas.wordpress.com\/about\/\">https:\/\/dosenttiopas.wordpress.com\/about\/<\/a><\/p>\n","protected":false},"excerpt":{"rendered":"<p>Mit\u00e4 dosenttiyhdistys tekee? Dosenttiyhdistyksen tavoitteet ovat sek\u00e4 aatteellisia ett\u00e4 k\u00e4yt\u00e4nn\u00f6llisi\u00e4: Yhdistys valvoo Turun yliopiston, Turun kauppakorkea\u00adkoulun ja \u00c5bo Akademin dosenttien etuja ja tukee heid\u00e4n edistymis\u00adt\u00e4\u00e4n tieteen\u00adharjoittajina ja yliopiston opettajina. Yhdistys korostaa dosentiksi ni\u00admitt\u00e4misen korkeita tieteellisi\u00e4 p\u00e4tevyys\u00advaatimuksia. Yhdistys j\u00e4rjest\u00e4\u00e4 vuosittain v\u00e4hint\u00e4\u00e4n kaksi ti\u00adlaisuutta, yhden syksyll\u00e4 ja toisen kev\u00e4\u00e4ll\u00e4. Ne ovat esitelm\u00e4\u00adtilaisuuksia tai muita vapaamuotoisia tilaisuuk\u00adsia. Vuosittain &hellip; <a href=\"https:\/\/blogit.utu.fi\/dosenttiyhdistys\/mita-dosenttiyhdistys-tekee\/\" class=\"more-link\">Jatka lukemista <span class=\"screen-reader-text\">Mit\u00e4 Dosenttiyhdistys tekee?<\/span> <span class=\"meta-nav\">&rarr;<\/span><\/a><\/p>\n","protected":false},"author":107,"featured_media":0,"parent":0,"menu_order":0,"comment_status":"closed","ping_status":"closed","template":"","meta":{"footnotes":""},"class_list":["post-67","page","type-page","status-publish","hentry"],"_links":{"self":[{"href":"https:\/\/blogit.utu.fi\/dosenttiyhdistys\/wp-json\/wp\/v2\/pages\/67","targetHints":{"allow":["GET"]}}],"collection":[{"href":"https:\/\/blogit.utu.fi\/dosenttiyhdistys\/wp-json\/wp\/v2\/pages"}],"about":[{"href":"https:\/\/blogit.utu.fi\/dosenttiyhdistys\/wp-json\/wp\/v2\/types\/page"}],"author":[{"embeddable":true,"href":"https:\/\/blogit.utu.fi\/dosenttiyhdistys\/wp-json\/wp\/v2\/users\/107"}],"replies":[{"embeddable":true,"href":"https:\/\/blogit.utu.fi\/dosenttiyhdistys\/wp-json\/wp\/v2\/comments?post=67"}],"version-history":[{"count":4,"href":"https:\/\/blogit.utu.fi\/dosenttiyhdistys\/wp-json\/wp\/v2\/pages\/67\/revisions"}],"predecessor-version":[{"id":451,"href":"https:\/\/blogit.utu.fi\/dosenttiyhdistys\/wp-json\/wp\/v2\/pages\/67\/revisions\/451"}],"wp:attachment":[{"href":"https:\/\/blogit.utu.fi\/dosenttiyhdistys\/wp-json\/wp\/v2\/media?parent=67"}],"curies":[{"name":"wp","href":"https:\/\/api.w.org\/{rel}","templated":true}]}}