{"id":69,"date":"2015-02-27T16:22:51","date_gmt":"2015-02-27T14:22:51","guid":{"rendered":"http:\/\/blogit.utu.fi\/dosenttiyhdistys\/?page_id=69"},"modified":"2025-05-10T11:15:14","modified_gmt":"2025-05-10T09:15:14","slug":"vad-gor-dosentforeningen","status":"publish","type":"page","link":"https:\/\/blogit.utu.fi\/dosenttiyhdistys\/vad-gor-dosentforeningen\/","title":{"rendered":"Vad g\u00f6r Dosentf\u00f6reningen?"},"content":{"rendered":"<p>Vad g\u00f6r docentf\u00f6reningen?<\/p>\n<p>Docentf\u00f6reningens syften \u00e4r b\u00e5de ideella och praktiska:<\/p>\n<p>F\u00f6reningen bevakar docenternas intressen p\u00e5 Turun yliopisto, \u00c5bo Akademi och Turun kauppakorkea\u00adkoulu och st\u00f6der deras utveckling som vetenskapsidkare och univer\u00adsitetsl\u00e4rare. F\u00f6reningen betonar h\u00f6ga vetenskapliga kompetensfordringar f\u00f6r docentutn\u00e4mning. F\u00f6reningen ordnar \u00e5rligen \u00e5t\u00adminstone tv\u00e5 tillst\u00e4llningar, en p\u00e5 h\u00f6sten och en p\u00e5 v\u00e5ren. Dessa \u00e4r f\u00f6redragstillst\u00e4llningar och andra tills\u00adt\u00e4llningar under friare former. \u00c5rligen utses \u00e5rets docent inom \u00c5bo\u00aduniversi\u00adteten.<\/p>\n<p>F\u00f6reningen skickar \u00e5rligen, f\u00f6re \u00e5rsm\u00f6tet p\u00e5 v\u00e5ren, ett medde\u00adlande till alla medlemmar. Ytterligare information f\u00f6rmedlas genom hemsidan och e-post.<\/p>\n<p>F\u00f6reningen h\u00e5ller kontakt med docentf\u00f6reningar vid andra uni\u00adversitet i Finland, som f\u00f6r n\u00e4rvarande \u00e4r f\u00f6reningarna i Helsing\u00adfors och Tam\u00admerfors. Docentf\u00f6reningen vid universiteten i \u00c5bo \u00e4r medlem i Finlands docentf\u00f6rbund.<\/p>\n<p>Vem kan h\u00f6ra till docentf\u00f6reningen?<\/p>\n<p>All docenter p\u00e5 Turun yliopisto, \u00c5bo Akademi och Turun kauppa\u00adkorkea\u00adkoulu, som har betalt den \u00e5rliga medlemsavgiften (10 euro), kan h\u00f6ra till f\u00f6reningen. F\u00f6r att ansluta dig till f\u00f6\u00adreningen v g och kontakta ordf\u00f6randen eller sekreteraren. F\u00f6reningens styrelse best\u00e5r av representanter av olika vetenskaps- och forskningsbrancher.<\/p>\n<p>Om du vill veta mer om docenter du kan ladda ner Docentguiden h\u00e4r:\u00a0<a href=\"https:\/\/dosenttiopas.wordpress.com\/about\/\">https:\/\/dosenttiopas.wordpress.com\/about\/<\/a><\/p>\n","protected":false},"excerpt":{"rendered":"<p>Vad g\u00f6r docentf\u00f6reningen? Docentf\u00f6reningens syften \u00e4r b\u00e5de ideella och praktiska: F\u00f6reningen bevakar docenternas intressen p\u00e5 Turun yliopisto, \u00c5bo Akademi och Turun kauppakorkea\u00adkoulu och st\u00f6der deras utveckling som vetenskapsidkare och univer\u00adsitetsl\u00e4rare. F\u00f6reningen betonar h\u00f6ga vetenskapliga kompetensfordringar f\u00f6r docentutn\u00e4mning. F\u00f6reningen ordnar \u00e5rligen \u00e5t\u00adminstone tv\u00e5 tillst\u00e4llningar, en p\u00e5 h\u00f6sten och en p\u00e5 v\u00e5ren. Dessa \u00e4r f\u00f6redragstillst\u00e4llningar och andra &hellip; <a href=\"https:\/\/blogit.utu.fi\/dosenttiyhdistys\/vad-gor-dosentforeningen\/\" class=\"more-link\">Jatka lukemista <span class=\"screen-reader-text\">Vad g\u00f6r Dosentf\u00f6reningen?<\/span> <span class=\"meta-nav\">&rarr;<\/span><\/a><\/p>\n","protected":false},"author":107,"featured_media":0,"parent":0,"menu_order":0,"comment_status":"closed","ping_status":"closed","template":"","meta":{"footnotes":""},"class_list":["post-69","page","type-page","status-publish","hentry"],"_links":{"self":[{"href":"https:\/\/blogit.utu.fi\/dosenttiyhdistys\/wp-json\/wp\/v2\/pages\/69","targetHints":{"allow":["GET"]}}],"collection":[{"href":"https:\/\/blogit.utu.fi\/dosenttiyhdistys\/wp-json\/wp\/v2\/pages"}],"about":[{"href":"https:\/\/blogit.utu.fi\/dosenttiyhdistys\/wp-json\/wp\/v2\/types\/page"}],"author":[{"embeddable":true,"href":"https:\/\/blogit.utu.fi\/dosenttiyhdistys\/wp-json\/wp\/v2\/users\/107"}],"replies":[{"embeddable":true,"href":"https:\/\/blogit.utu.fi\/dosenttiyhdistys\/wp-json\/wp\/v2\/comments?post=69"}],"version-history":[{"count":3,"href":"https:\/\/blogit.utu.fi\/dosenttiyhdistys\/wp-json\/wp\/v2\/pages\/69\/revisions"}],"predecessor-version":[{"id":452,"href":"https:\/\/blogit.utu.fi\/dosenttiyhdistys\/wp-json\/wp\/v2\/pages\/69\/revisions\/452"}],"wp:attachment":[{"href":"https:\/\/blogit.utu.fi\/dosenttiyhdistys\/wp-json\/wp\/v2\/media?parent=69"}],"curies":[{"name":"wp","href":"https:\/\/api.w.org\/{rel}","templated":true}]}}