{"id":77,"date":"2015-02-27T16:52:40","date_gmt":"2015-02-27T14:52:40","guid":{"rendered":"http:\/\/blogit.utu.fi\/dosenttiyhdistys\/?page_id=77"},"modified":"2025-05-10T11:03:09","modified_gmt":"2025-05-10T09:03:09","slug":"vuoden-dosentit","status":"publish","type":"page","link":"https:\/\/blogit.utu.fi\/dosenttiyhdistys\/vuoden-dosentit\/","title":{"rendered":"Vuoden dosentit &#8211; \u00c5rets docenter"},"content":{"rendered":"\n<p>Turun yliopistojen Dosenttiyhdistys on vuodesta 1999 alkaen huomioinut ansioituneita dosentteja &#8221;vuoden dosentti&#8221; kunniakirjalla. Kunniakirjan ovat t\u00e4h\u00e4n menness\u00e4 saaneet:<\/p>\n<p>Docentf\u00f6reningen vid Universiteten i \u00c5bo har sedan \u00e5r 1999 hedrat meriterade docenter med diplomet &#8221;\u00c5rets docent&#8221;. Diplomet har hittills tilldelats:<\/p>\n2025 Marina Lindell (statskunskap) \n<p>2024 Antti Hakanen (l\u00e4\u00e4ketiede)\n<br \/>2023 Heino Nyyss\u00f6nen (valtio-oppi)\n<br \/>2022 Ann-Catrin \u00d6stman (histori)<br \/>2021 Mika Lastusaari (kemia)<br \/>2020 Veronika Laippala (kielitiede)<br \/>2019 Johanna Nystedt (cellterapi)<br \/>2018 Riikka Korja (psykologia)<br \/>2017 Mari Sandell (elintarvikekemia)<br \/>2016 Ruth Illman (uskontotiede)<br \/>2015 Tapani Paavonen (poliittinen historia)<br \/>2014 Aimo Sillanp\u00e4\u00e4 (t\u00e4htitiede)<br \/>2013 Ilari S\u00e4\u00e4ksj\u00e4rvi (el\u00e4intiede)<br \/>2012 Juhana Vartiainen (taloustiede)<br \/>2011 Ilkka Kantola (l\u00e4\u00e4ketiede)<br \/>2010 Esa Lehikoinen (el\u00e4inekologia)<br \/>2009 Tore Lindholm (marinbiologi)<br \/>2008 Liisa Lehtonen (l\u00e4\u00e4ketiede)<br \/>2007 Hanna Tuomisto (ekologia)<br \/>2006 Mikael Lindfelt (etik och teologi)<br \/>2005 Risto Lammintausta (farmakologia)<br \/>2004 Eero Kuparinen (yleinen historia)<br \/>2003 Pirjo Vuokko (markkinointiviestint\u00e4)<br \/>2000 Matti Kamppinen (uskontotiede)<br \/>1999 Pentti Huovinen (l\u00e4\u00e4ketiede)\n","protected":false},"excerpt":{"rendered":"<p>Turun yliopistojen Dosenttiyhdistys on vuodesta 1999 alkaen huomioinut ansioituneita dosentteja &#8221;vuoden dosentti&#8221; kunniakirjalla. Kunniakirjan ovat t\u00e4h\u00e4n menness\u00e4 saaneet: Docentf\u00f6reningen vid Universiteten i \u00c5bo har sedan \u00e5r 1999 hedrat meriterade docenter med diplomet &#8221;\u00c5rets docent&#8221;. Diplomet har hittills tilldelats: 2025 Marina Lindell (statskunskap) 2024 Antti Hakanen (l\u00e4\u00e4ketiede) 2023 Heino Nyyss\u00f6nen (valtio-oppi) 2022 Ann-Catrin \u00d6stman (histori)2021 Mika &hellip; <a href=\"https:\/\/blogit.utu.fi\/dosenttiyhdistys\/vuoden-dosentit\/\" class=\"more-link\">Jatka lukemista <span class=\"screen-reader-text\">Vuoden dosentit &#8211; \u00c5rets docenter<\/span> <span class=\"meta-nav\">&rarr;<\/span><\/a><\/p>\n","protected":false},"author":107,"featured_media":0,"parent":0,"menu_order":0,"comment_status":"closed","ping_status":"closed","template":"","meta":{"footnotes":""},"class_list":["post-77","page","type-page","status-publish","hentry"],"_links":{"self":[{"href":"https:\/\/blogit.utu.fi\/dosenttiyhdistys\/wp-json\/wp\/v2\/pages\/77","targetHints":{"allow":["GET"]}}],"collection":[{"href":"https:\/\/blogit.utu.fi\/dosenttiyhdistys\/wp-json\/wp\/v2\/pages"}],"about":[{"href":"https:\/\/blogit.utu.fi\/dosenttiyhdistys\/wp-json\/wp\/v2\/types\/page"}],"author":[{"embeddable":true,"href":"https:\/\/blogit.utu.fi\/dosenttiyhdistys\/wp-json\/wp\/v2\/users\/107"}],"replies":[{"embeddable":true,"href":"https:\/\/blogit.utu.fi\/dosenttiyhdistys\/wp-json\/wp\/v2\/comments?post=77"}],"version-history":[{"count":31,"href":"https:\/\/blogit.utu.fi\/dosenttiyhdistys\/wp-json\/wp\/v2\/pages\/77\/revisions"}],"predecessor-version":[{"id":444,"href":"https:\/\/blogit.utu.fi\/dosenttiyhdistys\/wp-json\/wp\/v2\/pages\/77\/revisions\/444"}],"wp:attachment":[{"href":"https:\/\/blogit.utu.fi\/dosenttiyhdistys\/wp-json\/wp\/v2\/media?parent=77"}],"curies":[{"name":"wp","href":"https:\/\/api.w.org\/{rel}","templated":true}]}}