{"id":9,"date":"2015-02-26T16:00:30","date_gmt":"2015-02-26T14:00:30","guid":{"rendered":"http:\/\/blogit.utu.fi\/dosenttiyhdistys\/?page_id=9"},"modified":"2015-02-27T10:41:15","modified_gmt":"2015-02-27T08:41:15","slug":"stadgar","status":"publish","type":"page","link":"https:\/\/blogit.utu.fi\/dosenttiyhdistys\/stadgar\/","title":{"rendered":"Stadgar"},"content":{"rendered":"<p>Stadgar f\u00f6r Turun Yliopistojen Dosenttiyhdistys ry. &#8211; Docentf\u00f6reningen vid Universiteten i \u00c5bo rf.<\/p>\n<p>1 \u00a7<\/p>\n<p>F\u00f6reningens namn \u00e4r Turun yliopistojen dosenttiyhdistys ry., Docentf\u00f6reningen vid universiteten i Abo rf. och dess hemort \u00e4r \u00c5bo stad.<\/p>\n<p>2 \u00a7<\/p>\n<p>F\u00f6reningens syfte \u00e4r att vara en f\u00f6reningsl\u00e4nk f\u00f6r de ideella verksamheterna f\u00f6r docenterna vid h\u00f6gskolorna i Abo, att bevaka deras intressen samt att st\u00f6dja deras framstegsstr\u00e4vanden som vetenskapsidkare och l\u00e4rare vid h\u00f6gskolorna.<\/p>\n<p>F\u00f6r att n\u00e5 sina syften bedriver F\u00f6reningen offentlig verksamhet bl.a. genom att anordna m\u00f6ten och f\u00f6redragstillf\u00e4llen och uppr\u00e4tth\u00e5ller kontakter som betraktas som n\u00f6dv\u00e4ndiga med de andra h\u00f6gskolorna i Finland, liksom med docentf\u00f6reningar eller motsvarande vid utl\u00e4ndska h\u00f6gskolor och deras f\u00f6rbund. F\u00f6reningen deltar i f\u00f6rvaltningen f\u00f6r h\u00f6gskolorna i \u00c5bo i enlighet med g\u00e4llande lagstiftning vid ifr\u00e5gavarande tidpunkt och str\u00e4var s\u00e5lunda att driva ekonomiska intressen som \u00e4r f\u00f6rknippade med docentk\u00e5rens undervisning och forskning.<\/p>\n<p>3 \u00a7<\/p>\n<p>Som fullv\u00e4rdig medlem av f\u00f6reningen kan efter ans\u00f6kan upptagas varje docent som \u00e4r verksam vid h\u00f6gskola i \u00c5bo-regionen. Vidare kan F\u00f6reningen ha hedersmedlemmar och associerade medlemmar. Medlem kan uttr\u00e4da urf\u00f6reningen genom att skriftligen meddela F\u00f6reningens direktion eller dess ordf\u00f6rande d\u00e4rom eller muntligen till F\u00f6reningens m\u00f6tesprotokoll.<\/p>\n<p>Medlem kan uteslutas ur F\u00f6reningen, om medlem genom sitt f\u00f6rfarande i F\u00f6reningen eller utanf\u00f6r denna har verkat emot F\u00f6reningens syften eller i \u00f6vrigt f\u00f6rsv\u00e5rat F\u00f6reningens verksamhet. Medlem kan upptagas eller uteslutas av F\u00f6reningens m\u00f6te eller av direktionen.<\/p>\n<p>4 \u00a7<\/p>\n<p>Medlem av F\u00f6reningen skall betala s\u00e5dan medlemsavgift som fastst\u00e4lls av F\u00f6reningen vid \u00e5rsm\u00f6tet. Om medlem under tv\u00e5 p\u00e5 varandra f\u00f6ljande \u00e5r l\u00e4mnar sin medlemsavgift obetalt, kan han anses ha uttr\u00e4tt ur F\u00f6reningen.<\/p>\n<p>5 \u00a7<\/p>\n<p>F\u00f6reningen har en direktion som f\u00f6retr\u00e4der F\u00f6reningen, handhar dess ekonomi och l\u00f6pande \u00e4renden samt verkst\u00e4lligheten av beslut av F\u00f6reningens m\u00f6ten, och som bereder de \u00e4renden som slutgiltigt skall handl\u00e4ggas och beslutas av F\u00f6reningens m\u00f6ten samt som kallar F\u00f6reningens medlemmar till ordinarie, och om s\u00e5 \u00e4r p\u00e5kallat, till extraordinarie m\u00f6ten.<\/p>\n<p>Direktionen best\u00e5r av F\u00f6reningens ordf\u00f6rande, vice ordf\u00f6rande, sekreterare, kassaf\u00f6rvaltare samt tre ordinarie medlemmar, vilka v\u00e4ljs vid F\u00f6reningens \u00e5rsm\u00f6te f\u00f6r en verksamhetsperiod \u00e5t g\u00e5ngen. Verksamhetsperioden utg\u00f6rs av tiden mellan tv\u00e5 av F\u00f6reningens p\u00e5 varandra f\u00f6ljande \u00e5rsm\u00f6ten.<\/p>\n<p>6 \u00a7<\/p>\n<p>Direktionen \u00e4r beslutf\u00f6r, om ordf\u00f6randen eller vice ordf\u00f6randen och tv\u00e5 andra av direktionens medlemmar \u00e4r n\u00e4rvarande. Direktionen sammankallas av ordf\u00f6randen, eller om denne \u00e4r f\u00f6rhindrad, av vice ordf\u00f6randen.<\/p>\n<p>7 \u00a7<\/p>\n<p>Direktionen skall i enlighet med f\u00f6reningslagen utan dr\u00f6jsm\u00e5l g\u00f6ra anm\u00e4lan till f\u00f6reningsregistret, om de personer som \u00e4r ber\u00e4ttigade att teckna F\u00f6reningens namn byts. \u00c4ven \u00e4ndring av F\u00f6reningens namn och stadgar skall omedelbart anm\u00e4las till f\u00f6reningsregistret.<\/p>\n<p>8 \u00a7<\/p>\n<p>\u00d6ver beslut som fattas vid m\u00f6ten av F\u00f6reningen, direktionen eller av dem tillsatta utskott skall protokoll f\u00f6ras. Protokollet skall justeras vid f\u00f6ljande m\u00f6te eller justeras och bestyrkas av tv\u00e5 d\u00e4rtill av m\u00f6tet utsedda personer som hade varit n\u00e4rvarande vid m\u00f6tet, om de anser att det \u00e4r f\u00f6renligt med m\u00f6tets f\u00f6rlopp.<\/p>\n<p>9 \u00a7<\/p>\n<p>F\u00f6reningens namn tecknas av ordf\u00f6randen, eller d\u00e5 denne \u00e4r f\u00f6rhindrad, av vice ordf\u00f6randen, och sekreteraren eller kassaf\u00f6rvaltaren tillsammans.<\/p>\n<p>10 \u00a7<\/p>\n<p>F\u00f6reningen sammankommer till ordinarie m\u00f6te en g\u00e5ng under h\u00f6st- och v\u00e5rterminen samt till extraordinarie m\u00f6te d\u00e5 direktionen anser det vara n\u00f6dv\u00e4ndigt eller d\u00e5 minst fem av f\u00f6reningens fullv\u00e4rdiga medlemmar skriftligen anh\u00e5ller att direktionen skall sammankalla ett s\u00e5dant f\u00f6r ett s\u00e4rskilt angivet \u00e4rende.<\/p>\n<p>Kallelse till F\u00f6reningens m\u00f6te skall minst tv\u00e5 veckor f\u00f6re m\u00f6tet tillst\u00e4llas varje medlem antingen skriftligen eller i enlighet med beslut av F\u00f6reningens \u00e5rsm\u00f6te i en p\u00e5 orten utkommande dagstidning.<\/p>\n<p>11 \u00a7<\/p>\n<p>F\u00f6reningens r\u00e4kenskaps\u00e5r \u00e4r kalender\u00e5ret. Redovisning \u00f6ver F\u00f6reningens r\u00e4kenskaper skall f\u00f6rel\u00e4ggas revisorerna inom januari m\u00e5nad, vilka skall l\u00e4mna sitt utl\u00e5tande d\u00e4rom f\u00f6re den l5 p\u00e5f\u00f6ljande februari m\u00e5nad.<\/p>\n<p>12 \u00a7<\/p>\n<p>Vid F\u00f6reningens ordinarie v\u00e5rm\u00f6te, som \u00e4r \u00e5rsm\u00f6te och som skall h\u00e5llas senast under april m\u00e5nad, behandlas f\u00f6ljande \u00e4renden:<\/p>\n<p>1. f\u00f6rel\u00e4ggs F\u00f6reningens verksamhetsber\u00e4ttelse<\/p>\n<p>2. beslutas om godk\u00e4nnande av r\u00e4kenskaperna och beviljande av<\/p>\n<p>ansvarsfrihet f\u00f6r direktionen<\/p>\n<p>3. fastst\u00e4lls medlemsavgiftens storlek<\/p>\n<p>4. v\u00e4ljs direktion<\/p>\n<p>5. v\u00e4ljs revisorer samt ers\u00e4ttare f\u00f6r dem<\/p>\n<p>6. godk\u00e4nns verksamhets- och ekonomiplan f\u00f6r det innevarande \u00e5ret<\/p>\n<p>7. beslutas i vilken dagstidning p\u00e5 orten som F\u00f6reningens meddelanden<\/p>\n<p>skall publiceras<\/p>\n<p>8. behandlas \u00f6vriga f\u00f6rekommande \u00e4renden.<\/p>\n<p>Val f\u00f6rr\u00e4ttas genom \u00f6ppen omr\u00f6stning, om inte n\u00e5gon yrkar p\u00e5 sluten omr\u00f6stning med r\u00f6stsedlar. Val avg\u00f6rs av enkel r\u00f6stmajoritet. Vid lika utfall av r\u00f6ster avg\u00f6r lotten.<\/p>\n<p>13 \u00a7<\/p>\n<p>H\u00f6stm\u00f6tet skall h\u00e5llas under h\u00f6stterminen senast f\u00f6re utg\u00e5ngen av november m\u00e5nad.<\/p>\n<p>14 \u00a7<\/p>\n<p>Om n\u00e5gon eller n\u00e5gra av F\u00f6reningens funktion\u00e4rer uttr\u00e4der ur direktionen eller F\u00f6reningen mitt under mandatperioden, skall kompletteringsval f\u00f6rr\u00e4ttas f\u00f6r den resterande tiden av mandatperioden f\u00f6r dem som uttr\u00e4tt.<\/p>\n<p>15 \u00a7<\/p>\n<p>Andra \u00e4renden \u00e4n dem som g\u00e4ller val avg\u00f6rs vid f\u00f6rekommande meningsskiljaktigheter genom \u00f6ppen omr\u00f6stning. Vidf lika utfall av r\u00f6ster avg\u00f6r ordf\u00f6randens r\u00f6st.<\/p>\n<p>16 \u00a7<\/p>\n<p>Beslut om \u00e4ndring av dessa stadgar eller om uppl\u00f6sning av F\u00f6reningen skall f\u00f6r att tr\u00e4da i kraft, underst\u00f6das vid tv\u00e5 p\u00e5 varandra f\u00f6ljande m\u00f6ten av minst tv\u00e5 tredjedelar av alla de vid omr\u00f6stningen avgivna r\u00f6sterna. Framst\u00e4llning om stadge\u00e4ndring skall vara omn\u00e4mnd i m\u00f6teskallelsen.<\/p>\n<p>17 \u00a7<\/p>\n<p>Vid en uppl\u00f6sning av Turun yliopistojen dosenttiyhdistys ry., Docentf\u00f6reningen vid Universiteten i \u00c5bo rf. skall dess tillg\u00e5ngar \u00f6verf\u00f6ras till Turun suomalainen yliopistoseura ry. eller n\u00e5got annat samfund, som \u00e4r avsett att fr\u00e4mja den finl\u00e4ndska andliga odlingen eller andra F\u00f6reningen n\u00e4rst\u00e5ende syften.<\/p>\n<p>Dessa stadgar har antagits vid tv\u00e5 p\u00e5 varandra f\u00f6ljande F\u00f6reningens \u00e5rsm\u00f6ten, vilka har h\u00e5llits 11.11.1996 och 23.4.1997 och de tr\u00e4der i kraft fr\u00e5n den dag d\u00e5 stadgarna registrerats.<\/p>\n<p>\u00c5bo 25.11.1997<\/p>\n<p>Eino Hietanen\u00a0\u00a0\u00a0\u00a0\u00a0\u00a0\u00a0 Auvo Kostiainen<\/p>\n<p>sekreterare\u00a0\u00a0\u00a0\u00a0\u00a0\u00a0\u00a0\u00a0\u00a0\u00a0ordf\u00f6rande<\/p>\n","protected":false},"excerpt":{"rendered":"<p>Stadgar f\u00f6r Turun Yliopistojen Dosenttiyhdistys ry. &#8211; Docentf\u00f6reningen vid Universiteten i \u00c5bo rf. 1 \u00a7 F\u00f6reningens namn \u00e4r Turun yliopistojen dosenttiyhdistys ry., Docentf\u00f6reningen vid universiteten i Abo rf. och dess hemort \u00e4r \u00c5bo stad. 2 \u00a7 F\u00f6reningens syfte \u00e4r att vara en f\u00f6reningsl\u00e4nk f\u00f6r de ideella verksamheterna f\u00f6r docenterna vid h\u00f6gskolorna i Abo, att bevaka &hellip; <a href=\"https:\/\/blogit.utu.fi\/dosenttiyhdistys\/stadgar\/\" class=\"more-link\">Jatka lukemista <span class=\"screen-reader-text\">Stadgar<\/span> <span class=\"meta-nav\">&rarr;<\/span><\/a><\/p>\n","protected":false},"author":107,"featured_media":0,"parent":0,"menu_order":0,"comment_status":"open","ping_status":"closed","template":"","meta":{"footnotes":""},"class_list":["post-9","page","type-page","status-publish","hentry"],"_links":{"self":[{"href":"https:\/\/blogit.utu.fi\/dosenttiyhdistys\/wp-json\/wp\/v2\/pages\/9","targetHints":{"allow":["GET"]}}],"collection":[{"href":"https:\/\/blogit.utu.fi\/dosenttiyhdistys\/wp-json\/wp\/v2\/pages"}],"about":[{"href":"https:\/\/blogit.utu.fi\/dosenttiyhdistys\/wp-json\/wp\/v2\/types\/page"}],"author":[{"embeddable":true,"href":"https:\/\/blogit.utu.fi\/dosenttiyhdistys\/wp-json\/wp\/v2\/users\/107"}],"replies":[{"embeddable":true,"href":"https:\/\/blogit.utu.fi\/dosenttiyhdistys\/wp-json\/wp\/v2\/comments?post=9"}],"version-history":[{"count":1,"href":"https:\/\/blogit.utu.fi\/dosenttiyhdistys\/wp-json\/wp\/v2\/pages\/9\/revisions"}],"predecessor-version":[{"id":10,"href":"https:\/\/blogit.utu.fi\/dosenttiyhdistys\/wp-json\/wp\/v2\/pages\/9\/revisions\/10"}],"wp:attachment":[{"href":"https:\/\/blogit.utu.fi\/dosenttiyhdistys\/wp-json\/wp\/v2\/media?parent=9"}],"curies":[{"name":"wp","href":"https:\/\/api.w.org\/{rel}","templated":true}]}}