{"id":215,"date":"2024-06-10T11:36:36","date_gmt":"2024-06-10T08:36:36","guid":{"rendered":"https:\/\/blogit.utu.fi\/earlyresearchgarden\/?page_id=215"},"modified":"2026-03-24T15:36:24","modified_gmt":"2026-03-24T13:36:24","slug":"our-research-seminar","status":"publish","type":"page","link":"https:\/\/blogit.utu.fi\/earlyresearchgarden\/our-research-seminar\/","title":{"rendered":"Our Research Seminar"},"content":{"rendered":"\n<p class=\"has-large-font-size\"><strong>Lapset, nuoret ja kasvatus<\/strong><\/p>\n\n\n\n<p>Linkki zoomiin: <a href=\"https:\/\/utu.zoom.us\/j\/69261803319\">https:\/\/utu.zoom.us\/j\/69261803319<\/a><\/p>\n\n\n\n<p>Tilaisuudet j\u00e4rjestet\u00e4\u00e4n aina klo <strong>16.00-17.30<\/strong> samassa zoomissa.<\/p>\n\n\n\n<p><strong>Kev\u00e4\u00e4n 2026 ohjelma<\/strong> \/ Spring term 2026<\/p>\n\n\n\n<p><strong>13.1.<\/strong> Dr. Hacer Tekerci, Burdur Mehmet Akif Ersoy University, Early Childhood Department, T\u00fcrkiye.<\/p>\n\n\n\n<p><strong>10.2.<\/strong> Minna Saarela: Growing with plants &#8211; perspectives on plant-human relations in education<\/p>\n\n\n\n<p><strong>24.2.<\/strong> Laura Tikka: Pedagogical content and practices in circus higher education out of teachers perspective<\/p>\n\n\n\n<p><strong>10.3.<\/strong>  Miia Perkola: Thinking with sticks and (in)visible lines \u2013 Wordless coexistence of children and the forest<\/p>\n\n\n\n<p><strong>24.3.<\/strong> Saija Tanhuanp\u00e4\u00e4: Lasten, henkil\u00f6st\u00f6n ja huoltajien osallisuus esiopetussuunnitelman suunnitteluun, toteutukseen ja arviointiin<\/p>\n\n\n\n<p><strong>14.4.<\/strong> Tea Karppinen: Associations between caregiver mental health symptoms and 3- to 4-year-old children&#8217;s movement behaviours&nbsp;<\/p>\n\n\n\n<p><strong>28.4.<\/strong> Petra Varttinen: Lapsen esteettisen toimijuuden kukoistuksen \u00e4\u00e4rell\u00e4.<\/p>\n\n\n\n<p><strong>26.5.<\/strong>  Virve Ker\u00e4nen: Kuulumisia lapsuuden rajoilta.<\/p>\n\n\n\n<p><\/p>\n\n\n\n<h2 class=\"wp-block-heading\"><\/h2>\n\n\n\n<p>Tarvittaessa voidaan lis\u00e4t\u00e4 tapaamiskertoja toukokuulle.<\/p>\n\n\n\n<p><\/p>\n\n\n\n<p><\/p>\n\n\n\n<p><\/p>\n\n\n\n<p><\/p>\n\n\n\n<p><\/p>\n\n\n\n<p><\/p>\n\n\n\n<p><\/p>\n\n\n\n<p><\/p>\n\n\n\n<p><\/p>\n\n\n\n<p><\/p>\n\n\n\n<p> V\u00e4it\u00f6skirjatutkijat, varatkaa jokainen oma seminaarikerta oman ty\u00f6n esittelylle: sara.sintonen[at]utu.fi<\/p>\n\n\n\n<p><\/p>\n\n\n\n<p><\/p>\n\n\n\n<p><strong>Syksyn 2025 aikataulu ja ohjelma:<\/strong><\/p>\n\n\n\n<p><strong>ti 9.9<\/strong>. Aloitus ja kuulumiskierros<\/p>\n\n\n\n<p><strong>ti 23.9.<\/strong><\/p>\n\n\n\n<p><strong>ti 7.10.<\/strong> Tutkija, opettajankouluttaja <a href=\"https:\/\/www.oulu.fi\/fi\/tutkijat\/virve-keranen\" data-type=\"link\" data-id=\"https:\/\/www.oulu.fi\/fi\/tutkijat\/virve-keranen\">Virve Ker\u00e4nen<\/a> (Oulun yliopisto) vieraana<\/p>\n\n\n\n<p><strong>ti 21.10.<\/strong> Leif Rosqvist: Itse tekemisest\u00e4, itse m\u00e4\u00e4r\u00e4\u00e4misest\u00e4, monografioista ja tutkimusartikkeleista.<\/p>\n\n\n\n<p><strong>ti 4.11.<\/strong> Tea Karppinen: <em>Associations between caregiver mental health symptoms and 3- to 4-year-old children&#8217;s movement behaviours<\/em>. (1. v\u00e4it\u00f6skirja-artikkelin tulosten esittely\u00e4), peruttu <\/p>\n\n\n\n<p><strong>ti 18.11.<\/strong> Petra Varttinen: <em>Lapsen esteettisen toimijuuden kukoistus leikin erityisess\u00e4 tilassa<\/em> (esitys v\u00e4it\u00f6skirja-artikkelin pohjalta)<\/p>\n\n\n\n<p><strong>ti 2.12.<\/strong> Pirita Hihnala: <em>Perhep\u00e4iv\u00e4hoito osana varhaiskasvatuksen kokonaisuutta<\/em> (seminaarikerta peruttu)<\/p>\n\n\n\n\n\n<p><\/p>\n\n\n\n<p><\/p>\n\n\n\n<div style=\"height:26px\" aria-hidden=\"true\" class=\"wp-block-spacer\"><\/div>\n\n\n\n<p><\/p>\n\n\n\n<p><\/p>\n\n\n\n<p><\/p>\n\n\n\n<p><strong>Kev\u00e4\u00e4n 2025 ohjelma:<\/strong><\/p>\n\n\n\n<p><strong>14.1.<\/strong> Sara Sintonen: Mets\u00e4 tyhj\u00e4n\u00e4 tilana. Yksi (orastava) n\u00e4k\u00f6kulma lasten ja mets\u00e4n suhteisuuteen<\/p>\n\n\n\n<p><strong>28.1.<\/strong> Laura Tikka: Teachers&#8217; Perspective on Circus Arts Higher Education \/ Sirkustaiteen korkeakoulutus opettajien n\u00e4k\u00f6kulmasta<\/p>\n\n\n\n<p><strong>11.2.<\/strong> Laura Korte &amp; Lassi Korpela: Ratkaisukeskeinen ilmastokasvatus lautapelin avulla. Yhdess\u00e4 oivaltamista ja kokeilemista<\/p>\n\n\n\n<p><strong>25.2.<\/strong> Ty\u00f6paja: tutkija ja luova kirjoittaminen. Yhteisi\u00e4 lyhyit\u00e4 harjoituksia. Varaa kyn\u00e4 ja paperia! (Sara Sintonen)<\/p>\n\n\n\n<p><strong>11.3.<\/strong> Osallistujien oman tutkimuksen pohdiskelua: v\u00e4it\u00f6skirjaprosessin yl\u00e4- ja alam\u00e4et.<\/p>\n\n\n\n<p><strong>25.3.<\/strong> Teija Koskela: Lukupiiri. Keskustellaan teoksesta <em>Merlin Sheldrake: N\u00e4kym\u00e4t\u00f6n valtakunta<\/em><\/p>\n\n\n\n<p><strong>8.4.<\/strong> Teemana esteettinen toimijuus. Alustuksena Mari-Jatta Rissasen (FT, TaM) &nbsp;ja Petra Varttisen (KM, v\u00e4it\u00f6skirjatutkija) vuoropuhelu esteettisest\u00e4 toimijuudesta kuvataidekasvatuksessa ja varhaiskasvatuksen arjessa.<\/p>\n\n\n\n<p><strong>22.4.<\/strong> Saija Tanhuanp\u00e4\u00e4: Osallisuus esiopetuksessa <\/p>\n\n\n\n<p><strong>6.5.<\/strong> Maria Sula: Art Encouragement: The Co-Authorship of Children and Artists in Art Projects within Early Childhood and Pre-Primary Education<\/p>\n\n\n\n<p><\/p>\n\n\n\n<p><\/p>\n\n\n\n<p><strong>Syksyn 2024 ohjelma:<\/strong><\/p>\n\n\n\n<p><strong>27.8.&nbsp;&nbsp;<\/strong>Petra&nbsp;Varttinen&nbsp;alustaa aiheesta Lapsi&nbsp;esteettisen\u00e4&nbsp;toimijana&nbsp; varhaiskasvatuksen&nbsp;arki&nbsp;typist\u00e4j\u00e4n\u00e4&nbsp;vai&nbsp;t\u00e4ynn\u00e4&nbsp;pieni\u00e4&nbsp;mahdollisuuksia&nbsp;kukoistukseen?&nbsp;sek\u00e4&nbsp;Minna&nbsp;Saarela&nbsp;pohtii&nbsp;s\u00f6p\u00f6yden&nbsp;tematiikkaa&nbsp;<\/p>\n\n\n\n<p><strong>10.9.&nbsp;<\/strong> Virpi&nbsp;V\u00e4kk\u00e4r\u00e4:&nbsp;Monilajisesta&nbsp;kasvatuksesta&nbsp;ja&nbsp;oppimisesta (siirretty lokakuulle)<\/p>\n\n\n\n<p><strong>24.9.&nbsp;&nbsp;<\/strong>Jenny&nbsp;Renlund: Embodying the trouble: insights from aesthetic encounters in a post-qualitative inquiry with children&nbsp;<\/p>\n\n\n\n<p><strong>8.10.&nbsp;<\/strong> Miia&nbsp;Perkola:&nbsp;Sanaton&nbsp;yhteys&nbsp;kasvatuksen&nbsp;kysymyksen\u00e4&nbsp;<\/p>\n\n\n\n<p><strong>22.10.&nbsp;&nbsp;<\/strong>Virpi&nbsp;V\u00e4kk\u00e4r\u00e4:&nbsp;Monilajisesta&nbsp;kasvatuksesta&nbsp;ja&nbsp;oppimisesta<\/p>\n\n\n\n<p><strong>5.11.&nbsp;<\/strong>&nbsp;Marita Neitola &amp; Johanna Kortessalo-Ainasoja: Kest\u00e4v\u00e4n kehityksen varhaiskasvatuksen malli <\/p>\n\n\n\n<p><strong>19.11.&nbsp;&nbsp;<\/strong>Maria Sula alustaa aiheesta Taideyllytt\u00e4ji\u00e4 ja outouttajia: taiteilijan ja lasten yhteistekijyys p\u00e4iv\u00e4kodin taideprojektissa<\/p>\n\n\n\n<p><strong>3.12.&nbsp;&nbsp;<\/strong>Jenny&nbsp;Marttila alustaa aiheesta &#8220;Varhaiskasvatuksen&nbsp;opettajaopiskelijoiden&nbsp;mentalisaation&nbsp;ja&nbsp;vuorovaikutuksen&nbsp;tukeminen&nbsp;videoreflektiivisen&nbsp;ty\u00f6skentelyn&nbsp;avulla.&#8221;&nbsp;&nbsp;<\/p>\n\n\n\n<p><strong>17.12.&nbsp;&nbsp;<\/strong>Jenni&nbsp;Vartiainen (Helsingin yliopisto) alustaa otsikolla &#8220;Mit\u00e4&nbsp;silm\u00e4t&nbsp;ei&nbsp;n\u00e4\u00e4?&nbsp;Multimodaalisen&nbsp;vuorovaikutusanalyysin&nbsp;mahdollisuudet&nbsp;ja&nbsp;haasteet&nbsp;varhaiskasvatuksen&nbsp;pedagogiikan&nbsp;tutkimuksessa&#8221;.&nbsp;<\/p>\n\n\n\n<p><\/p>\n\n\n\n<p><\/p>\n","protected":false},"excerpt":{"rendered":"<p>Lapset, nuoret ja kasvatus Linkki zoomiin: https:\/\/utu.zoom.us\/j\/69261803319 Tilaisuudet j\u00e4rjestet\u00e4\u00e4n aina klo 16.00-17.30 samassa zoomissa. Kev\u00e4\u00e4n 2026 ohjelma \/ Spring term 2026 13.1. Dr. Hacer Tekerci, &hellip;<\/p>\n","protected":false},"author":43577,"featured_media":0,"parent":0,"menu_order":0,"comment_status":"closed","ping_status":"closed","template":"","meta":{"footnotes":""},"class_list":["post-215","page","type-page","status-publish","hentry"],"_links":{"self":[{"href":"https:\/\/blogit.utu.fi\/earlyresearchgarden\/wp-json\/wp\/v2\/pages\/215","targetHints":{"allow":["GET"]}}],"collection":[{"href":"https:\/\/blogit.utu.fi\/earlyresearchgarden\/wp-json\/wp\/v2\/pages"}],"about":[{"href":"https:\/\/blogit.utu.fi\/earlyresearchgarden\/wp-json\/wp\/v2\/types\/page"}],"author":[{"embeddable":true,"href":"https:\/\/blogit.utu.fi\/earlyresearchgarden\/wp-json\/wp\/v2\/users\/43577"}],"replies":[{"embeddable":true,"href":"https:\/\/blogit.utu.fi\/earlyresearchgarden\/wp-json\/wp\/v2\/comments?post=215"}],"version-history":[{"count":63,"href":"https:\/\/blogit.utu.fi\/earlyresearchgarden\/wp-json\/wp\/v2\/pages\/215\/revisions"}],"predecessor-version":[{"id":453,"href":"https:\/\/blogit.utu.fi\/earlyresearchgarden\/wp-json\/wp\/v2\/pages\/215\/revisions\/453"}],"wp:attachment":[{"href":"https:\/\/blogit.utu.fi\/earlyresearchgarden\/wp-json\/wp\/v2\/media?parent=215"}],"curies":[{"name":"wp","href":"https:\/\/api.w.org\/{rel}","templated":true}]}}