{"id":30,"date":"2017-08-25T07:15:44","date_gmt":"2017-08-25T04:15:44","guid":{"rendered":"https:\/\/blogit.utu.fi\/elamaaturussa\/?page_id=30"},"modified":"2018-03-10T22:05:39","modified_gmt":"2018-03-10T20:05:39","slug":"kirjoittajat","status":"publish","type":"page","link":"https:\/\/blogit.utu.fi\/elamaaturussa\/kirjoittajat\/","title":{"rendered":"Blogi ja sen kirjoittajat"},"content":{"rendered":"<p>&nbsp;<\/p>\n<p><strong>Blogiprojekti<\/strong><\/p>\n<p><em>El\u00e4m\u00e4\u00e4 Turussa 1917-1918<\/em> seuraa p\u00e4iv\u00e4 p\u00e4iv\u00e4lt\u00e4 el\u00e4m\u00e4nmenoa Turussa 1.9.1917\u201331.5.1918. T\u00e4m\u00e4 ajanjakso pit\u00e4\u00e4 sis\u00e4ll\u00e4\u00e4n syksyn 1917 ep\u00e4tietoisuuden tulevasta, Turun Suomalaisen Yliopistoseuran syntyvaiheet, uumoilut lokakuun vallankumouksen vaikutuksista, Suomen itsen\u00e4istymisen, uutiset ensimm\u00e4isen maailmansodan rintamilta ja kev\u00e4\u00e4n 1918 sis\u00e4llissodan sek\u00e4 siit\u00e4 toipumisen. Monet arkiset huolet s\u00e4vyttiv\u00e4t aikakautta, ruuan saatavuudesta poliittisiin levottomuuksiin. Kaupungissa oli toki my\u00f6s huvituksia, elokuvaesityksi\u00e4, sirkusn\u00e4yt\u00f6ksi\u00e4 ja konsertteja, jotka puhkoivat jokap\u00e4iv\u00e4ist\u00e4 el\u00e4m\u00e4\u00e4. Blogi seuraa turkulaista arkea p\u00e4\u00e4asiassa sanomalehtiaineiston kautta ja antaa tilaa my\u00f6s pienille kertomuksille.<\/p>\n<p>Blogi on osa Turun yliopiston Suomi100-ohjelmaa, ja sen toteuttavat turkulaiset historioitsijat.<\/p>\n<p>Kiitos yhteisty\u00f6st\u00e4 Kansalliskirjastolle ja Ebeneser-s\u00e4\u00e4ti\u00f6lle.<\/p>\n<p>&nbsp;<\/p>\n<p><strong>Kirjoittajat<\/strong><\/p>\n<p>Sata vuotta sitten sanomalehtien toimittajat k\u00e4yttiv\u00e4t usein nimimerkkej\u00e4. T\u00e4m\u00e4n hengen mukaisesti my\u00f6s me k\u00e4yt\u00e4mme nimimerkkej\u00e4. Lista &#8221;salanimist\u00e4&#8221; ja niiden taakse k\u00e4tkeytyvist\u00e4 historioitsijoista on seuraava:<\/p>\n<p>&nbsp;<\/p>\n<p>A. Paldanius = Asta Sutinen<br \/>\nGrundstr\u00f6m = Heli Rantala<br \/>\nH. S-i = Hannu Salmi<br \/>\nK-o L. = Kimmo Laine<br \/>\nMorfeus = Hannu Salmi<br \/>\nP-i P. = Petri Paju<br \/>\nP. Raita = Petri Paju<br \/>\nOsculum = Hannu Salmi<br \/>\nR.H-i = Ritva Hapuli<br \/>\nR-no = Rauno Lahtinen<br \/>\nS-a L. = Silja Laine<br \/>\nS.O-o = Sakari Ollitervo<br \/>\nSelaginella = Rami M\u00e4hk\u00e4<br \/>\nT\u2013io = Tapio Onnela<\/p>\n<p>&nbsp;<\/p>\n<p><strong>Palaute<\/strong><\/p>\n<p>Voit l\u00e4hett\u00e4\u00e4 meille palautetta osoitteella elamaaturussa@utu.fi<\/p>\n<p>&nbsp;<\/p>\n<p><strong>Projektia voi seurata my\u00f6s facebookissa ja twitteriss\u00e4<\/strong><\/p>\n<p><a href=\"https:\/\/www.facebook.com\/El\u00e4m\u00e4\u00e4-Turussa-1917-1918-266805943826890\/\">https:\/\/www.facebook.com\/El\u00e4m\u00e4\u00e4-Turussa-1917-1918-266805943826890\/<\/a><\/p>\n<p><a class=\"twitter-timeline\" data-width=\"500\" data-height=\"750\" data-dnt=\"true\" href=\"https:\/\/twitter.com\/elamaaturussa?ref_src=twsrc%5Etfw\">Tweets by elamaaturussa<\/a><script async src=\"https:\/\/platform.twitter.com\/widgets.js\" charset=\"utf-8\"><\/script><\/p>\n<p>&nbsp;<\/p>\n<p>&nbsp;<\/p>\n<p>&nbsp;<\/p>\n","protected":false},"excerpt":{"rendered":"<p>&nbsp; Blogiprojekti El\u00e4m\u00e4\u00e4 Turussa 1917-1918 seuraa p\u00e4iv\u00e4 p\u00e4iv\u00e4lt\u00e4 el\u00e4m\u00e4nmenoa Turussa 1.9.1917\u201331.5.1918. T\u00e4m\u00e4 ajanjakso pit\u00e4\u00e4 sis\u00e4ll\u00e4\u00e4n syksyn 1917 ep\u00e4tietoisuuden tulevasta, Turun Suomalaisen Yliopistoseuran syntyvaiheet, uumoilut lokakuun vallankumouksen vaikutuksista, Suomen itsen\u00e4istymisen, uutiset ensimm\u00e4isen maailmansodan rintamilta ja kev\u00e4\u00e4n 1918 sis\u00e4llissodan sek\u00e4 siit\u00e4 toipumisen. Monet arkiset huolet s\u00e4vyttiv\u00e4t aikakautta, ruuan saatavuudesta poliittisiin levottomuuksiin. Kaupungissa oli toki my\u00f6s huvituksia, elokuvaesityksi\u00e4,&nbsp;&#8230;<\/p>\n","protected":false},"author":9,"featured_media":0,"parent":0,"menu_order":0,"comment_status":"closed","ping_status":"closed","template":"","meta":{"footnotes":""},"class_list":["post-30","page","type-page","status-publish","hentry"],"_links":{"self":[{"href":"https:\/\/blogit.utu.fi\/elamaaturussa\/wp-json\/wp\/v2\/pages\/30","targetHints":{"allow":["GET"]}}],"collection":[{"href":"https:\/\/blogit.utu.fi\/elamaaturussa\/wp-json\/wp\/v2\/pages"}],"about":[{"href":"https:\/\/blogit.utu.fi\/elamaaturussa\/wp-json\/wp\/v2\/types\/page"}],"author":[{"embeddable":true,"href":"https:\/\/blogit.utu.fi\/elamaaturussa\/wp-json\/wp\/v2\/users\/9"}],"replies":[{"embeddable":true,"href":"https:\/\/blogit.utu.fi\/elamaaturussa\/wp-json\/wp\/v2\/comments?post=30"}],"version-history":[{"count":15,"href":"https:\/\/blogit.utu.fi\/elamaaturussa\/wp-json\/wp\/v2\/pages\/30\/revisions"}],"predecessor-version":[{"id":4075,"href":"https:\/\/blogit.utu.fi\/elamaaturussa\/wp-json\/wp\/v2\/pages\/30\/revisions\/4075"}],"wp:attachment":[{"href":"https:\/\/blogit.utu.fi\/elamaaturussa\/wp-json\/wp\/v2\/media?parent=30"}],"curies":[{"name":"wp","href":"https:\/\/api.w.org\/{rel}","templated":true}]}}