{"id":78,"date":"2018-01-19T12:15:01","date_gmt":"2018-01-19T12:15:01","guid":{"rendered":"https:\/\/blogit.utu.fi\/erappu\/?page_id=78"},"modified":"2020-02-24T12:49:03","modified_gmt":"2020-02-24T12:49:03","slug":"vinkkeja-videontekoon","status":"publish","type":"page","link":"https:\/\/blogit.utu.fi\/erappu\/vinkkeja-videontekoon\/","title":{"rendered":"Vinkkej\u00e4 videontekoon"},"content":{"rendered":"<h1>Videon tekeminen<\/h1>\n<p><em>Satu Hakanurmi<\/em><\/p>\n<p>Videolla pystyt esitt\u00e4m\u00e4\u00e4n asioita tiiviisti ja eri n\u00e4k\u00f6kulmista siten ett\u00e4 katsojan tiedollisen uteliaisuuden lis\u00e4ksi vedotaan videolla esiintyvien henkil\u00f6iden kokemuksiin, samastumiseen ja tunteisiin. Seuraavassa on esitelty videon teon nelj\u00e4\u00a0 ty\u00f6vaihetta: k\u00e4sikirjoitus, kuvaus, editointi ja julkaiseminen ja annettu karkea arvio videon tekemiseen tarvittavasta ajasta kun tarkoituksena on esitell\u00e4 t\u00e4ss\u00e4 tapauksessa 3-5 minuutin aikana uusi opintojakso. Mit\u00e4 pidempi video on ty\u00f6n alla sit\u00e4 enemm\u00e4n tarvitaan videon valmisteluun ja etenkin viimeistelyyn.<\/p>\n<ul>\n<li>Mit\u00e4 paremmin olet suunnitellut ennakkoon videon sen nopeammin sujuvat kuvaus ja editointi.<\/li>\n<li>Vain harjoittelemalla videon tekemist\u00e4 voit oppia.<\/li>\n<li>Videon tekeminen yhdess\u00e4 on paitsi hy\u00f6dyllist\u00e4 my\u00f6s mukavaa.<\/li>\n<li>T\u00e4rkeint\u00e4 on l\u00e4het\u00e4 liikkeelle.<\/li>\n<\/ul>\n<h2>K\u00e4sikirjoitus (3 h)<\/h2>\n<ul>\n<li><strong>K\u00e4sikirjoitus on videon rakennesuunnitelma ja sen osia ovat selostus, haastattelut, videokuva, still-kuvat, otsikot ja erilaiset tekstitykset.<\/strong><\/li>\n<li>Suppea k\u00e4sikirjoitus on l\u00e4hinn\u00e4 mieless\u00e4 ja kuvaussuunnitelman tasoa.<\/li>\n<li>Jo karkean k\u00e4sikirjoituksen kanssa <strong>s\u00e4\u00e4st\u00e4t aikaa seuraavissa vaiheissa<\/strong>.<\/li>\n<li>Tee ulkopuolisten henkil\u00f6iden kanssa sopimus videomateriaalin sallitusta k\u00e4yt\u00f6st\u00e4. Alaik\u00e4isten k\u00e4ytt\u00e4miseen kuvauksissa tarvitset etuk\u00e4teen hankittavan AVI:n luvan.<\/li>\n<li>N\u00e4yttelij\u00e4npalkkiona kuvauksissa on k\u00e4ytetty 27,50 euron tuntikorvausta.<\/li>\n<li>Oppimateriaalin esityskerroista uusilla kursseilla maksetaan 50% alkuper\u00e4isest\u00e4 kuvauspalkkiosta.<\/li>\n<\/ul>\n<p>Aloita k\u00e4sikirjoituksen tekeminen <strong>tiivist\u00e4m\u00e4ll\u00e4 videon sis\u00e4lt\u00f6 yhteen v\u00e4itelauseeseen tai kysymykseen, johon videolla etsit\u00e4\u00e4n vastausta<\/strong>. Suunnittele video etuk\u00e4teen paperille. Omaan k\u00e4ytt\u00f6\u00f6n tehtyyn videoon riitt\u00e4\u00e4 hyvin, ett\u00e4 k\u00e4yt mieless\u00e4si l\u00e4pi tilanteet jotka haluat kuvata. Aloita selostustekstin ideoinnilla ja mieti sen j\u00e4lkeen siihen sopivaa kuvitusta. <strong>K\u00e4yt\u00e4 lyhyit\u00e4 lauseita. \u00c4l\u00e4 kerro selostuksessa samaa mit\u00e4 kuvassa n\u00e4kyy.<\/strong> Kuva ja teksti voivat olla my\u00f6s ristiriidassa ja t\u00e4ll\u00e4 tehostetaan asian mieleen painumista. Tee kuvak\u00e4sikirjoitus haluamallasi tavalla. Yksi tapa on jakaa paperiarkki pystysuunnassa kahteen palstaan ja kertoa vasemmanpuoleisessa sarakkeessa videon sis\u00e4lt\u00f6 tekstein\u00e4, spiikkein\u00e4 ja otsikoina ja oikeanpuoleisessa sarakkeessa mit\u00e4 kuvassa tapahtuu. T\u00e4ss\u00e4 osassa <strong>voit k\u00e4ytt\u00e4\u00e4 piirroksia, merkit\u00e4 kuvakulmat, rajaukset, liikkeen suunnat, sommittelu, kameraliikkeet ja zoomaukset<\/strong>. Yle:n <a href=\"https:\/\/yle.fi\/kuvakasikirjoituskone\/\" target=\"_blank\" rel=\"noopener noreferrer\">kuvak\u00e4sikirjoituskone<\/a> on my\u00f6s k\u00e4tev\u00e4 k\u00e4ytt\u00e4\u00e4.<\/p>\n<p>Mit\u00e4 monipuolisempaa kerrontaa tavoittelet sit\u00e4 olennaisemmaksi k\u00e4y k\u00e4sikirjoitus. Kaikki 3-minuuttia pidemm\u00e4t videot vaativat <strong>tarinallisen rakenteen eli videolla on aloitus, keskiosa ja lopetus<\/strong>, jotka pit\u00e4v\u00e4t katsojan mielenkiintoa yll\u00e4. Toinen vaihtoehto on jakaa video lyhyemmiksi p\u00e4tkiksi. Tarinallinen rakenne etenee klassisen draaman rakenteen vaiheiden mukaan: <strong>1. Alkusys\u00e4ys, 2. Esittely, 3. Syvent\u00e4minen, 4. Kiihdytys eli ristiriitojen k\u00e4rjistyminen, 5. Ratkaisu, 6. H\u00e4ivytys.<\/strong> Pidempi kuvak\u00e4sikirjoitus tehd\u00e4\u00e4n useampina kohtauksina eli <strong>mieti mink\u00e4laisia kohtauksia videoon tarvitaan<\/strong>. Esim. haastatelu, toiminta laboratoriossa ja luokkahuoneessa, kuvat pelkist\u00e4 v\u00e4lineist\u00e4 ja suora puhe kameraan. Kuvak\u00e4sikirjoituskone auttaa kohtausten ja otosten suunnittelussa <a href=\"https:\/\/yle.fi\/kuvakasikirjoituskone\/\">https:\/\/yle.fi\/kuvakasikirjoituskone\/<\/a><\/p>\n<h2>Kuvaus (1 h studiossa, 3 h halutussa paikassa eRepun tarvikkeilla )<\/h2>\n<ul>\n<li>Varaa tarvittavat tilat ja laitteet (studio, eReppu).<\/li>\n<li>Lataa kameroiden ja valojen akut edellisen\u00e4 p\u00e4iv\u00e4n\u00e4.<\/li>\n<li>Tutustu kuvauslaitteisiin ja oheistarvikkeisiin etuk\u00e4teen.<\/li>\n<li>Medisiinan Simu-center j\u00e4ljittelee kodinomaista ymp\u00e4rist\u00f6\u00e4 ja on k\u00e4ytett\u00e4viss\u00e4 kuvauksiin.<\/li>\n<\/ul>\n<p>Kuvaamisen voit tehd\u00e4 videokameralla, tabletilla tai k\u00e4nnyk\u00e4ll\u00e4. Kuvaakin t\u00e4rke\u00e4mp\u00e4\u00e4 on videon laadukas \u00e4\u00e4ni eli kannattaa k\u00e4ytt\u00e4\u00e4 erillist\u00e4 mikrofonia. Mik\u00e4li erillist\u00e4 mikrofonia ei voi yhdist\u00e4\u00e4 suoraan kameraan voit yhdist\u00e4\u00e4 erillisen \u00e4\u00e4nitiedoston videoon editointivaiheessa. Kuvatessa riitt\u00e4v\u00e4 muttei liiallinen valaistus tekee otoksista mukavia katsella kun halutut asiat n\u00e4kyv\u00e4t selke\u00e4sti ilman h\u00e4iritsevi\u00e4 varjoja tai kuvan palamista puhki valkoisesta. Kameran kuvakulmia kannattaa vaihdella v\u00e4h\u00e4nk\u00e4\u00e4n pidemmiss\u00e4 otoksissa tai k\u00e4ytt\u00e4\u00e4 kahta kameraa.<\/p>\n<p>Jos tarvitset avuksi erillisen kuvaajan saat apua kollegoiltasi, koulutuksen tuesta tai it-palveluista. Kuvaajan ty\u00f6t\u00e4 helpottaa etuk\u00e4teen annettu k\u00e4sikirjoitus. Yhden kuvaajan kanssa selvi\u00e4\u00e4 vaikka kameroita olisi kaksi.<\/p>\n<p>eRepun kanssa kuvaamisesta saat hyv\u00e4n k\u00e4sityksen <a href=\"https:\/\/www.youtube.com\/watch?time_continue=1174&amp;v=7_JcpwnPXk8\" target=\"_blank\" rel=\"noopener noreferrer\">Padcasterin videolta<\/a>.<\/p>\n<h2>Editointi (4 h)<\/h2>\n<ul>\n<li>Leikkaus palauttaa materiaalit k\u00e4sikirjoituksessa laadittuun suunnitelmaan.<\/li>\n<li>K\u00e4yt\u00e4 rytminvaihdoksia ja my\u00f6s kuvaa, jossa ei ole puhetta.<\/li>\n<li>Hy\u00f6dynn\u00e4 CC-lisensoituja kuvia ja musiikkia sen sijaan ett\u00e4 teet kaiken itse.<\/li>\n<li>Pyyd\u00e4 ulkopuolista palautetta ja huomioi se milloin mahdollista.<\/li>\n<li>Jos et ole editoidut aikaisemmin perehdy aiheeseen koulutuksen tai YouTuben tutoriaalien avulla.<\/li>\n<li>Yliopiston media-assistentti, koto- ja it-palvelut perehdytt\u00e4v\u00e4t tarvittaessa editointiin.<\/li>\n<\/ul>\n<p>Uutisvideossa ja opetusmateriaalissa puhe on oleellisessa osassa joko spiikin tai haastattelun muodossa. Aloita materiaalin leikkaus sijoittamalla puheosuudet aikajanalle oikeisiin kohtiin. Kun puheosuus on leikattu valmiiksi, sen p\u00e4\u00e4lle pannaan kuvitus peitt\u00e4m\u00e4\u00e4n leikkauskohtia. Dokumentaarisessa kerronnassa leikkaus alkaa tarinan muodostamisella ja sen v\u00e4leihin sijoitetaan puheosuudet. Viimeistele video lis\u00e4\u00e4m\u00e4ll\u00e4 tarvittavat tekstit, siirtym\u00e4t, zoomaukset, tekij\u00f6iden tiedot ja organisaation logo.<\/p>\n<p>Editointiohjelmia on useita ja k\u00e4ytett\u00e4viss\u00e4si on mm. Adobe Premiere Pro ICT-talon studiossa. Tableteissa ja puhelimissa on omia editointiohjelmia ja tietokoneelle saa ladattua my\u00f6s ilmaisia editointiohjelmia kuten esim. OpenShot.<\/p>\n<h2>Julkaisu (1 h)<\/h2>\n<ul>\n<li>N\u00e4yt\u00e4 tekem\u00e4si materiaali ennen julkaisemista siin\u00e4 esiintyville henkil\u00f6ille.<\/li>\n<li>Tarkista ett\u00e4 julkaisukanavasta on sovittu kaikkien tekij\u00f6iden kanssa.<\/li>\n<li>Tekstit\u00e4 video mik\u00e4li se tulee oppimisalustalle tai verkkoon yleisesti n\u00e4ht\u00e4ville.<a href=\"https:\/\/saavutettavuusdirektiivi.fi\/\" target=\"_blank\" rel=\"noopener noreferrer\"> Saavutettavuusdirektiivi<\/a> astuu voimaan 23.9.2019.<\/li>\n<li>Linkit\u00e4 video oppimisalustalle, kotisivulle tai sosiaaliseen mediaan ja t\u00e4g\u00e4\u00e4 se soveltuvilla avainsanoilla.<\/li>\n<\/ul>\n<p>Turun yliopiston virallinen videopalvelin on Echo360. Muita hyvi\u00e4 palveluja on YouTube ja Vimeo. N\u00e4ist\u00e4 kaikista saat videon upotettua esim. Moodleen tai www-sivuille.<\/p>\n<p>L\u00e4hde:<\/p>\n<p>Ailio, J. 2015. V\u00e4h\u00e4n parempi video. Opas laadukkaan videon suunnitteluun ja toteutukseen. Turun ammattikorkeakoulu. Tampere: Suomen Yliopistopaino &#8211; Juvenes Print Oy. Luettavissa ilmaiseksi os: <a href=\"http:\/\/loki.turkuamk.fi\">Http:\/\/loki.turkuamk.fi<\/a><\/p>\n<p><a href=\"http:\/\/elokuvantaju.aalto.fi\/\">http:\/\/elokuvantaju.aalto.fi\/<\/a><\/p>\n<p>Leponiemi, K. 2010. Videokuvaus taitoa ja tekniikkaa. Docendo. Jyv\u00e4skyl\u00e4: Saarij\u00e4rven Offset Oy.<\/p>\n<h2>Esimerkkej\u00e4 ja ideoita<\/h2>\n<p><a href=\"http:\/\/kaikkikuvaa.fi\/\">http:\/\/kaikkikuvaa.fi\/<\/a><\/p>\n<p><a href=\"http:\/\/elokuvantaju.aalto.fi\/\">http:\/\/elokuvantaju.aalto.fi\/<\/a><\/p>\n<p><a href=\"https:\/\/yle.fi\/aihe\/artikkeli\/2016\/03\/09\/ideasta-elokuvaksi-opas-ekan-leffan-tekemiseen\">https:\/\/yle.fi\/aihe\/artikkeli\/2016\/03\/09\/ideasta-elokuvaksi-opas-ekan-leffan-tekemiseen<\/a><\/p>\n<p><a href=\"https:\/\/blogit.utu.fi\/erappu\/wp-content\/uploads\/sites\/137\/2019\/04\/make-a-video.pdf\">Make a video &#8211; powerpoint (Satu Hakanurmi &amp; Mauri Kantola)<\/a> Aihetta sivuava julkaisu ilmestyy 2019 Turun ammattikorkeakoulun julkaisusarjassa: Kerro ja ohjaa digitaalisia tarinoita. tekij\u00e4: Satu Hakanurmi.<\/p>\n<h2>Video-, kuva- ja \u00e4\u00e4nipankkeja<\/h2>\n<p><a href=\"https:\/\/pixabay.com\/fi\/\">Pixabay<\/a><\/p>\n<p><a href=\"https:\/\/yrittaja.io\/blogi\/2019\/1\/2\/parhaat-ilmaiset-videopankit\" target=\"_blank\" rel=\"noopener noreferrer\">Yritt\u00e4j\u00e4.io<\/a><\/p>\n<p><a href=\"https:\/\/creativecommons.fi\/hae\/\" target=\"_blank\" rel=\"noopener noreferrer\">Creative Commons<\/a><\/p>\n\n\n<p><\/p>\n","protected":false},"excerpt":{"rendered":"<p>Videon tekeminen Satu Hakanurmi Videolla pystyt esitt\u00e4m\u00e4\u00e4n asioita tiiviisti ja eri n\u00e4k\u00f6kulmista siten ett\u00e4 katsojan tiedollisen uteliaisuuden lis\u00e4ksi vedotaan videolla esiintyvien henkil\u00f6iden kokemuksiin, samastumiseen ja tunteisiin. Seuraavassa on esitelty videon teon nelj\u00e4\u00a0 ty\u00f6vaihetta: k\u00e4sikirjoitus, kuvaus, editointi ja julkaiseminen ja annettu karkea arvio videon tekemiseen tarvittavasta ajasta kun tarkoituksena on esitell\u00e4 t\u00e4ss\u00e4 tapauksessa 3-5 minuutin aikana [&hellip;]<\/p>\n","protected":false},"author":24,"featured_media":0,"parent":0,"menu_order":0,"comment_status":"closed","ping_status":"closed","template":"","meta":{"footnotes":""},"class_list":["post-78","page","type-page","status-publish","hentry","post-preview"],"_links":{"self":[{"href":"https:\/\/blogit.utu.fi\/erappu\/wp-json\/wp\/v2\/pages\/78","targetHints":{"allow":["GET"]}}],"collection":[{"href":"https:\/\/blogit.utu.fi\/erappu\/wp-json\/wp\/v2\/pages"}],"about":[{"href":"https:\/\/blogit.utu.fi\/erappu\/wp-json\/wp\/v2\/types\/page"}],"author":[{"embeddable":true,"href":"https:\/\/blogit.utu.fi\/erappu\/wp-json\/wp\/v2\/users\/24"}],"replies":[{"embeddable":true,"href":"https:\/\/blogit.utu.fi\/erappu\/wp-json\/wp\/v2\/comments?post=78"}],"version-history":[{"count":17,"href":"https:\/\/blogit.utu.fi\/erappu\/wp-json\/wp\/v2\/pages\/78\/revisions"}],"predecessor-version":[{"id":429,"href":"https:\/\/blogit.utu.fi\/erappu\/wp-json\/wp\/v2\/pages\/78\/revisions\/429"}],"wp:attachment":[{"href":"https:\/\/blogit.utu.fi\/erappu\/wp-json\/wp\/v2\/media?parent=78"}],"curies":[{"name":"wp","href":"https:\/\/api.w.org\/{rel}","templated":true}]}}