{"id":82,"date":"2018-01-19T12:15:49","date_gmt":"2018-01-19T12:15:49","guid":{"rendered":"https:\/\/blogit.utu.fi\/erappu\/?page_id=82"},"modified":"2020-02-07T13:48:58","modified_gmt":"2020-02-07T13:48:58","slug":"tapahtumat","status":"publish","type":"page","link":"https:\/\/blogit.utu.fi\/erappu\/tapahtumat\/","title":{"rendered":"Tapahtumat"},"content":{"rendered":"<h3>eRapun palaveri 25.2.2020 klo 9.00-11.00<\/h3>\n<p>Turun yliopiston Calonian kokeilutila 2. krs. (ala-aulasta raput yl\u00f6s ja kokeilutila on heti oikealla)<\/p>\n<p>Agendalla mm:<\/p>\n<ul>\n<li>itslearning voitti Turkuamk:n oppimisalustakilpailutuksen. Jarkko Elo ja Mauri Kantola kertovat kilpailutuksesta ja miksi itslearning voitti<\/li>\n<li>kokeilutilan esittely<\/li>\n<li>touko-kes\u00e4kuun 2020 Vinkkej\u00e4 videontekoon \u2013koulutuksen ajankohta ja sis\u00e4lt\u00f6 (mm. k\u00e4yt\u00e4nteet videoiden saavutettavuuden parantamiseksi)<\/li>\n<li>eReppu (k\u00e4ytt\u00f6aste, kokemukset, jatko)<\/li>\n<li>animaatioiden tekemisen ohjelmat ja kokemukset<\/li>\n<li>videoiden saavutettavuuden parantaminen, mit\u00e4 uutta?<\/li>\n<li>mit\u00e4 muuta haluamme tehd\u00e4?<\/li>\n<\/ul>\n<h3 class=\"post-title\">Kes\u00e4kauden avajaiset 13.6.2019 klo 12-16<\/h3>\n<p>Aloitetaan <strong>klo 12 lounaalla ravintola Nooassa (L\u00e4ntinen Rantakatu 57)<\/strong> ja noustaan t\u00e4m\u00e4n j\u00e4lkeen kahvin ja virvokkeiden toivossa funikulaarilla kohteisiin Kakolanruusu tai CafeKakola. Lounas on omakustanteinen.<\/p>\n<p>Asialistalla mm.<\/p>\n<ul>\n<li>Zoomin tilannekatsaus ja mit\u00e4 yhteisty\u00f6t\u00e4 tehd\u00e4\u00e4n perehdytt\u00e4misess\u00e4 tms.<\/li>\n<li>Vinkkej\u00e4 videontekoon \u2013koulutuksen arviointi (koulutus siis 12.6. ja 25.9. in English) &amp; videoiden tekstitykseen ideoita<\/li>\n<li>Ensi lukuvuoden toiminnan ideointi (olisiko ideaa py\u00f6ritt\u00e4\u00e4 esim. vertaisarviointia verkkokurssien laatukriteereiden pohjalta tms.)<\/li>\n<li>eRapun studion tilannekatsaus. Yliopistolle tulossa oma studiotila syksyll\u00e4. Miten vaikuttaa eRapun studion k\u00e4ytt\u00f6\u00f6n?<\/li>\n<li>eRepun tilannekatsaus. Mit\u00e4 palautetta tullut? Monistetaanko? Onko AMK:lla tarvetta vai siirrett\u00e4isiink\u00f6 lainaus kokonaan yliopistolle?<\/li>\n<\/ul>\n","protected":false},"excerpt":{"rendered":"<p>eRapun palaveri 25.2.2020 klo 9.00-11.00 Turun yliopiston Calonian kokeilutila 2. krs. (ala-aulasta raput yl\u00f6s ja kokeilutila on heti oikealla) Agendalla mm: itslearning voitti Turkuamk:n oppimisalustakilpailutuksen. Jarkko Elo ja Mauri Kantola kertovat kilpailutuksesta ja miksi itslearning voitti kokeilutilan esittely touko-kes\u00e4kuun 2020 Vinkkej\u00e4 videontekoon \u2013koulutuksen ajankohta ja sis\u00e4lt\u00f6 (mm. k\u00e4yt\u00e4nteet videoiden saavutettavuuden parantamiseksi) eReppu (k\u00e4ytt\u00f6aste, kokemukset, jatko) [&hellip;]<\/p>\n","protected":false},"author":24,"featured_media":0,"parent":0,"menu_order":0,"comment_status":"closed","ping_status":"closed","template":"","meta":{"footnotes":""},"class_list":["post-82","page","type-page","status-publish","hentry","post-preview"],"_links":{"self":[{"href":"https:\/\/blogit.utu.fi\/erappu\/wp-json\/wp\/v2\/pages\/82","targetHints":{"allow":["GET"]}}],"collection":[{"href":"https:\/\/blogit.utu.fi\/erappu\/wp-json\/wp\/v2\/pages"}],"about":[{"href":"https:\/\/blogit.utu.fi\/erappu\/wp-json\/wp\/v2\/types\/page"}],"author":[{"embeddable":true,"href":"https:\/\/blogit.utu.fi\/erappu\/wp-json\/wp\/v2\/users\/24"}],"replies":[{"embeddable":true,"href":"https:\/\/blogit.utu.fi\/erappu\/wp-json\/wp\/v2\/comments?post=82"}],"version-history":[{"count":7,"href":"https:\/\/blogit.utu.fi\/erappu\/wp-json\/wp\/v2\/pages\/82\/revisions"}],"predecessor-version":[{"id":417,"href":"https:\/\/blogit.utu.fi\/erappu\/wp-json\/wp\/v2\/pages\/82\/revisions\/417"}],"wp:attachment":[{"href":"https:\/\/blogit.utu.fi\/erappu\/wp-json\/wp\/v2\/media?parent=82"}],"curies":[{"name":"wp","href":"https:\/\/api.w.org\/{rel}","templated":true}]}}