{"id":85,"date":"2018-01-19T12:16:05","date_gmt":"2018-01-19T12:16:05","guid":{"rendered":"https:\/\/blogit.utu.fi\/erappu\/?page_id=85"},"modified":"2020-01-09T08:54:13","modified_gmt":"2020-01-09T08:54:13","slug":"koulutukset","status":"publish","type":"page","link":"https:\/\/blogit.utu.fi\/erappu\/koulutukset\/","title":{"rendered":"Koulutukset"},"content":{"rendered":"<h3><strong>TIPS FOR VIDEO MAKING in autumn 25.9.2019 in English\u00a0ja VINKKEJ\u00c4 VIDEONTEKOON\u00a0 -koulutus alkuvuodesta 2020\u00a0 suomeksi<br \/>\n<\/strong><\/h3>\n<p><a href=\"https:\/\/konsta.utu.fi\/Default.aspx?tabid=531&amp;tap=7501\" target=\"_blank\" rel=\"noopener noreferrer\">Register<\/a> to the training 25.9.2019 until 7.9.2019. See detailed program below.<br \/>\nIf there are no English speaking participants the training will be in Finnish.<\/p>\n<p>Koulutukset on tarkoitettu turkulaisten korkeakoulujen henkil\u00f6kunnalle. Trainings are meant for the HE staff in Turku region.<\/p>\n<h4><strong>TIPS FOR VIDEO MAKING<\/strong><\/h4>\n<p><strong>Place and\u00a0 time:<\/strong> \u00a0Wednesday 25.9.2019 at 9.00-12.30 (Pha3\/Pharmacity and \u00a0eRappu-studio at ICT-talo B2032)<\/p>\n<p><em>Videos made by the teacher or the students is one way to modernize teaching methods and integrate technology into learning process. This training provides an overview how to make and publish videos, what kind of devices and software are needed and what is possible to do in the studio. Aim is to promote easy practices in video making.\u00a0 <\/em><\/p>\n<p><strong>Aims:<\/strong> To introduce different options how to make and share a video. We also learn from each other\u2019s experiences. We take into account making of a video with a mobile phone and with a tablet. eReppu is a bag containing all needed equipments for video shooting and we show how to use it. In the end we visit the studio at ICT-talo and the techniques in lightning. It is possible to reserve both the studio and the eReppu-bag for teachers\u2019 own use for free.<\/p>\n<p><strong>Working methods:<\/strong> Short presentations, discussion and collaborative problem solving.<\/p>\n<p>During the training we cover following topics:<\/p>\n<ul>\n<li>Planning and editing of a video, Mauri Kantola<\/li>\n<li>Demonstration of eReppu and its content, Jari Sj\u00f6lund<\/li>\n<li>How to do recordings with Powerpoint mix? Timo Hulkko<\/li>\n<li>How to do recordings with Echo personal capture and to share them with Echo-server? Mikko Tuokko<\/li>\n<li>More accessibility with subtitles: how do I do it ? Petteri Mikkonen<\/li>\n<li>Video as part of studies in the faculty of medicine, Markku Iivanainen<\/li>\n<li>Digital Storytelling with iPad and iMovie\/Camera pen -pedagogy, Satu Hakanurmi<\/li>\n<li>Possibilities of the studio &amp; building a proper lightning, Mauri Kantola &amp; Satu Hakanurmi<\/li>\n<\/ul>\n<p><strong>Registration: <a href=\"https:\/\/konsta.utu.fi\/Default.aspx?tabid=531&amp;tap=7501\" target=\"_blank\" rel=\"noopener noreferrer\">register here<\/a> <\/strong>until 7.9.2019. Maximum amount of participants is 20 persons.<\/p>\n<p><strong>More information:<\/strong> Satu Hakanurmi, 040\u00a0531 8079, <a href=\"mailto:satu.hakanurmi@utu.fi\">satu.hakanurmi@utu.fi<\/a><\/p>\n<p>ja Mauri Kantola, 050\u00a0385 4139, <a href=\"mailto:mauri.kantola@turkuamk.fi\">mauri.kantola@turkuamk.fi<\/a><\/p>\n<h4><strong>VINKKEJ\u00c4 VIDEONTEKOON<\/strong><\/h4>\n<p><strong>Paikka ja aika:<\/strong> Ke 12.6.2019 klo 9.00-12.30 (Pharmacity ja\u00a0 ICT-talo)<\/p>\n<p><em>Opettajan tai opiskelijoiden tekem\u00e4t videot on yksi tapa integroida teknologiaa opetukseen ja monipuolistaa opetusmenetelmi\u00e4. <\/em>Koulutus antaa valmiuksia videon tekemiseen ja jakeluun, esittelee tarvittavia v\u00e4lineit\u00e4, ohjelmia ja kuvausstudion.<\/p>\n<p><strong>Tavoitteet:<\/strong> K\u00e4yd\u00e4\u00e4n l\u00e4pi erilaisia tapoja tehd\u00e4 videoita ja opitaan toisten esimerkeist\u00e4. Esill\u00e4 mm. videon tekeminen eri laitteilla (k\u00e4nnykk\u00e4, tabletti), editointi ja jakelu. Perehdymme lainattavaan eReppuun, jossa on kaikki kuvaukseen tarvittava laitteisto sek\u00e4 ICT-talon kuvausstudioon ja valaistukseen.<\/p>\n<p><strong>Ty\u00f6skentelymuodot:<\/strong> Lyhyit\u00e4 esityksi\u00e4, keskustelua ja ongelmanratkaisua ja yhdess\u00e4.<\/p>\n<p>Koulutuksen aikana k\u00e4yd\u00e4\u00e4n l\u00e4pi esimerkkej\u00e4 mm. seuraavista aiheista:<\/p>\n<ul>\n<li>Videon suunnittelu ja editointi, Mauri Kantola<\/li>\n<li>eRepun esittely, Jari Sj\u00f6lund<\/li>\n<li>Kielikeskus lyhensi 90 minuutin luennot puoleen tuntiin Powerpoint mix:ill\u00e4, Timo Hulkko<\/li>\n<li>Echo personal capturen ja Echo-palvelimen k\u00e4ytt\u00f6, Mikko Tuokko<\/li>\n<li>Saavutettavuusdirektiivin huomioiminen: miten tekstit\u00e4n videon ScreenCast-O-Maticilla\/YouTubella?<\/li>\n<li>Opiskelijat videoiden tekij\u00f6in\u00e4 l\u00e4\u00e4ketieteellisess\u00e4 tiedekunnassa, Markku Iivanainen<\/li>\n<li>Digitarinoiden tekeminen iPadin iMoviella\/Kamerakyn\u00e4-pedagogiikka, Satu Hakanurmi<\/li>\n<li>Studion esittely &amp; valaistuksen s\u00e4\u00e4t\u00e4minen Mauri Kantola &amp; Satu Hakanurmi<\/li>\n<\/ul>\n<p><strong>Ilmoittautuminen: <a href=\"https:\/\/konsta.utu.fi\/Default.aspx?tabid=531&amp;tap=7490\" target=\"_blank\" rel=\"noopener noreferrer\">Ilmoittaudu t\u00e4st\u00e4<\/a><br \/>\n<\/strong><\/p>\n<p>31.5.2019 menness\u00e4. Koulutukseen otetaan enint\u00e4\u00e4n 20 henkil\u00f6\u00e4.<\/p>\n<p><strong>Lis\u00e4tietoja:<\/strong> Kehitt\u00e4misp\u00e4\u00e4llikk\u00f6 Satu Hakanurmi, 040\u00a0531 8079, <a href=\"mailto:satu.hakanurmi@utu.fi\">satu.hakanurmi@utu.fi<\/a><\/p>\n<p>ja erityisasiantuntija Mauri Kantola, 050\u00a0385 4139, <a href=\"mailto:mauri.kantola@turkuamk.fi\">mauri.kantola@turkuamk.fi<\/a><\/p>\n","protected":false},"excerpt":{"rendered":"<p>TIPS FOR VIDEO MAKING in autumn 25.9.2019 in English\u00a0ja VINKKEJ\u00c4 VIDEONTEKOON\u00a0 -koulutus alkuvuodesta 2020\u00a0 suomeksi Register to the training 25.9.2019 until 7.9.2019. See detailed program below. If there are no English speaking participants the training will be in Finnish. Koulutukset on tarkoitettu turkulaisten korkeakoulujen henkil\u00f6kunnalle. Trainings are meant for the HE staff in Turku region. [&hellip;]<\/p>\n","protected":false},"author":24,"featured_media":0,"parent":0,"menu_order":0,"comment_status":"closed","ping_status":"closed","template":"","meta":{"footnotes":""},"class_list":["post-85","page","type-page","status-publish","hentry","post-preview"],"_links":{"self":[{"href":"https:\/\/blogit.utu.fi\/erappu\/wp-json\/wp\/v2\/pages\/85","targetHints":{"allow":["GET"]}}],"collection":[{"href":"https:\/\/blogit.utu.fi\/erappu\/wp-json\/wp\/v2\/pages"}],"about":[{"href":"https:\/\/blogit.utu.fi\/erappu\/wp-json\/wp\/v2\/types\/page"}],"author":[{"embeddable":true,"href":"https:\/\/blogit.utu.fi\/erappu\/wp-json\/wp\/v2\/users\/24"}],"replies":[{"embeddable":true,"href":"https:\/\/blogit.utu.fi\/erappu\/wp-json\/wp\/v2\/comments?post=85"}],"version-history":[{"count":24,"href":"https:\/\/blogit.utu.fi\/erappu\/wp-json\/wp\/v2\/pages\/85\/revisions"}],"predecessor-version":[{"id":405,"href":"https:\/\/blogit.utu.fi\/erappu\/wp-json\/wp\/v2\/pages\/85\/revisions\/405"}],"wp:attachment":[{"href":"https:\/\/blogit.utu.fi\/erappu\/wp-json\/wp\/v2\/media?parent=85"}],"curies":[{"name":"wp","href":"https:\/\/api.w.org\/{rel}","templated":true}]}}