{"id":10,"date":"2013-12-10T15:41:57","date_gmt":"2013-12-10T15:41:57","guid":{"rendered":"http:\/\/blogit.utu.fi\/espanja\/?page_id=10"},"modified":"2014-01-30T11:59:15","modified_gmt":"2014-01-30T11:59:15","slug":"luennoitsijat","status":"publish","type":"page","link":"https:\/\/blogit.utu.fi\/espanja\/luennoitsijat\/","title":{"rendered":"Luennoitsijat"},"content":{"rendered":"<p><strong>Jukka Kekkonen<\/strong>, oikeushistorian ja roomalaisen oikeuden professori, OTT, Helsingin yliopisto.<\/p>\n<p><strong>Hanne Koivisto<\/strong>, kulttuurihistorian lehtori, FL, Turun yliopisto.<\/p>\n<p><strong>Juho Korhonen<\/strong>, historianopettaja ja valokuvaaja, FM, Turun yliopisto.<\/p>\n<p><strong>P\u00e4ivi Kosonen<\/strong>, yleisen kirjallisuustieteen dosentti, FT, Helsingin yliopisto, Jyv\u00e4skyl\u00e4n yliopisto, Tampereen yliopisto.<\/p>\n<p><strong>Kari Kotkavaara<\/strong>, akademilektor, konstvetenskap, FD, \u00c5bo Akademi.<\/p>\n<p><strong>Hannu Salmi<\/strong>, kulttuurihistorian professori, FT, Turun yliopisto.<\/p>\n<p><strong>Jaana Torninoja-Latola<\/strong>, tutkija, Suomen historia, FM, Turun yliopisto.<\/p>\n<p>&nbsp;<\/p>\n<p><span style=\"font-size: small\">\u00a0<\/span><\/p>\n<p>&nbsp;<\/p>\n<p>&nbsp;<\/p>\n","protected":false},"excerpt":{"rendered":"<p>Jukka Kekkonen, oikeushistorian ja roomalaisen oikeuden professori, OTT, Helsingin yliopisto. Hanne Koivisto, kulttuurihistorian lehtori, FL, Turun yliopisto. Juho Korhonen, historianopettaja ja valokuvaaja, FM, Turun yliopisto. P\u00e4ivi Kosonen, yleisen kirjallisuustieteen dosentti, FT, Helsingin yliopisto, Jyv\u00e4skyl\u00e4n yliopisto, Tampereen yliopisto. Kari Kotkavaara, akademilektor, &hellip; <a href=\"https:\/\/blogit.utu.fi\/espanja\/luennoitsijat\/\">Lue loppuun <span class=\"meta-nav\">&rarr;<\/span><\/a><\/p>\n","protected":false},"author":29,"featured_media":0,"parent":0,"menu_order":0,"comment_status":"open","ping_status":"open","template":"","meta":{"footnotes":""},"class_list":["post-10","page","type-page","status-publish","hentry"],"_links":{"self":[{"href":"https:\/\/blogit.utu.fi\/espanja\/wp-json\/wp\/v2\/pages\/10","targetHints":{"allow":["GET"]}}],"collection":[{"href":"https:\/\/blogit.utu.fi\/espanja\/wp-json\/wp\/v2\/pages"}],"about":[{"href":"https:\/\/blogit.utu.fi\/espanja\/wp-json\/wp\/v2\/types\/page"}],"author":[{"embeddable":true,"href":"https:\/\/blogit.utu.fi\/espanja\/wp-json\/wp\/v2\/users\/29"}],"replies":[{"embeddable":true,"href":"https:\/\/blogit.utu.fi\/espanja\/wp-json\/wp\/v2\/comments?post=10"}],"version-history":[{"count":9,"href":"https:\/\/blogit.utu.fi\/espanja\/wp-json\/wp\/v2\/pages\/10\/revisions"}],"predecessor-version":[{"id":63,"href":"https:\/\/blogit.utu.fi\/espanja\/wp-json\/wp\/v2\/pages\/10\/revisions\/63"}],"wp:attachment":[{"href":"https:\/\/blogit.utu.fi\/espanja\/wp-json\/wp\/v2\/media?parent=10"}],"curies":[{"name":"wp","href":"https:\/\/api.w.org\/{rel}","templated":true}]}}