{"id":2,"date":"2013-12-10T15:04:42","date_gmt":"2013-12-10T15:04:42","guid":{"rendered":"http:\/\/blogit.utu.fi\/espanja\/?page_id=2"},"modified":"2014-04-08T20:31:15","modified_gmt":"2014-04-08T20:31:15","slug":"sample-page","status":"publish","type":"page","link":"https:\/\/blogit.utu.fi\/espanja\/sample-page\/","title":{"rendered":"Ohjelma"},"content":{"rendered":"<p><strong>Aika<\/strong>: perjantai 11.4.2014 klo 10-17<\/p>\n<p><strong>Paikka<\/strong>: Tauno Nurmela -sali, Turun yliopiston p\u00e4\u00e4rakennus<\/p>\n<p>10.00 Seminaarin avaus<\/p>\n<p>10.15 Jukka Kekkonen (Helsingin yliopisto): <em>Espanjan sis\u00e4llissodan v\u00e4kivalta ja rankaisutoimet vertailevasta n\u00e4k\u00f6kulmasta<\/em><\/p>\n<p>11.00\u00a0P\u00e4ivi Kosonen (Tampereen yliopisto):<em> Andr\u00e9 Malraux, ranskalaiset intellektuellit ja Espanjan sis\u00e4llissota<\/em><\/p>\n<p>11.30\u00a0Kari Kotkavaara (\u00c5bo Akademi): <em>Juhlittu ja rakastettu\/rikki ly\u00f6ty ja poltettu. Kristillisest\u00e4 taiteesta ja kulttikuvista sis\u00e4llissodassa<\/em><em><\/em><\/p>\n<p>12.00 Lounastauko<\/p>\n<p>13.00 Jaana Torninoja-Latola (Turun yliopisto): <em>Espanjan lasten puolesta, fasismia vastaan. Sylvi-Kyllikki Kilven avustusty\u00f6 Espanjan sis\u00e4llissodan aikana<\/em><\/p>\n<p>13.30 Hanne Koivisto (Turun yliopisto): <em>Solidaarisuuden tunnetta ja sodan todellisuutta \u2013 suomalaisten vasemmistointellektuellien tulkintoja Espanjan sis\u00e4llissodasta<\/em><\/p>\n<p>14.00 Kahvitauko<\/p>\n<p>14.30 Juho Korhonen (Turun yliopisto): <em>Robert Capa ja sis\u00e4llissodan kuvat<\/em><\/p>\n<p>15.00 Hannu Salmi: <em>Espanjan sis\u00e4llissodan elokuvallinen muisto<\/em><\/p>\n<p>Elokuvaesitys &#8211; Roman Karmen: <em>Granada, Granada, Granada<\/em> (Grenada, Grenada, Grenada moja, 1967)<\/p>\n<p>Esitys p\u00e4\u00e4ttyy noin klo 16.30, jonka j\u00e4lkeen on viel\u00e4 aikaa keskustelulle.<\/p>\n<p>&nbsp;<\/p>\n","protected":false},"excerpt":{"rendered":"<p>Aika: perjantai 11.4.2014 klo 10-17 Paikka: Tauno Nurmela -sali, Turun yliopiston p\u00e4\u00e4rakennus 10.00 Seminaarin avaus 10.15 Jukka Kekkonen (Helsingin yliopisto): Espanjan sis\u00e4llissodan v\u00e4kivalta ja rankaisutoimet vertailevasta n\u00e4k\u00f6kulmasta 11.00\u00a0P\u00e4ivi Kosonen (Tampereen yliopisto): Andr\u00e9 Malraux, ranskalaiset intellektuellit ja Espanjan sis\u00e4llissota 11.30\u00a0Kari Kotkavaara &hellip; <a href=\"https:\/\/blogit.utu.fi\/espanja\/sample-page\/\">Lue loppuun <span class=\"meta-nav\">&rarr;<\/span><\/a><\/p>\n","protected":false},"author":29,"featured_media":0,"parent":0,"menu_order":0,"comment_status":"open","ping_status":"open","template":"","meta":{"footnotes":""},"class_list":["post-2","page","type-page","status-publish","hentry"],"_links":{"self":[{"href":"https:\/\/blogit.utu.fi\/espanja\/wp-json\/wp\/v2\/pages\/2","targetHints":{"allow":["GET"]}}],"collection":[{"href":"https:\/\/blogit.utu.fi\/espanja\/wp-json\/wp\/v2\/pages"}],"about":[{"href":"https:\/\/blogit.utu.fi\/espanja\/wp-json\/wp\/v2\/types\/page"}],"author":[{"embeddable":true,"href":"https:\/\/blogit.utu.fi\/espanja\/wp-json\/wp\/v2\/users\/29"}],"replies":[{"embeddable":true,"href":"https:\/\/blogit.utu.fi\/espanja\/wp-json\/wp\/v2\/comments?post=2"}],"version-history":[{"count":11,"href":"https:\/\/blogit.utu.fi\/espanja\/wp-json\/wp\/v2\/pages\/2\/revisions"}],"predecessor-version":[{"id":97,"href":"https:\/\/blogit.utu.fi\/espanja\/wp-json\/wp\/v2\/pages\/2\/revisions\/97"}],"wp:attachment":[{"href":"https:\/\/blogit.utu.fi\/espanja\/wp-json\/wp\/v2\/media?parent=2"}],"curies":[{"name":"wp","href":"https:\/\/api.w.org\/{rel}","templated":true}]}}