{"id":64,"date":"2014-01-30T12:00:48","date_gmt":"2014-01-30T12:00:48","guid":{"rendered":"http:\/\/blogit.utu.fi\/espanja\/?page_id=64"},"modified":"2014-03-20T06:10:45","modified_gmt":"2014-03-20T06:10:45","slug":"suorittaminen","status":"publish","type":"page","link":"https:\/\/blogit.utu.fi\/espanja\/suorittaminen\/","title":{"rendered":"Opintosuoritus"},"content":{"rendered":"<p>Seminaarin voi ottaa my\u00f6s opintojen osaksi Turun yliopistossa, joko 3 tai 5 opintopisteen suorituksena.<\/p>\n<p><strong>Korvaavuudet oppiaineissa<\/strong><\/p>\n<p>kulttuurihistoria P5.5, P5.9, P5.11 (3 op), A4.10, A4.11, A4.13 (5 op); poliittinen historia <span style=\"font-size: small\">A3.1.2 , A4 ja A7<\/span>; yleinen historia A3.3.<\/p>\n<p><strong>3 op:n suoritus<\/strong><\/p>\n<p>Opiskelija kirjoittaa oppimisp\u00e4iv\u00e4kirjan (8 sivua, Times New Roman 12p, riviv\u00e4li 1,5), jossa kommentoidaan seminaarin esitelmi\u00e4 ja hy\u00f6dynnet\u00e4\u00e4n blogisivuston aineistoa oman valinnan mukaan.<\/p>\n<p><strong>5 op:n suoritus<\/strong><\/p>\n<p>Opiskelija tekee 3 op:n suorituksen lis\u00e4ksi<\/p>\n<ul>\n<li>2 op:n esseen (6 sivua, Times New Roman 12p, riviv\u00e4li 1,5)<\/li>\n<li>esseess\u00e4 k\u00e4ytet\u00e4\u00e4n aikalaisl\u00e4hteit\u00e4 (n\u00e4ytelm\u00e4elokuva, dokumenttielokuva, valokuvat, julisteet, taideteokset, musiikki, romaani tai muu aikalaisteksti)<\/li>\n<li>essee hy\u00f6dynt\u00e4\u00e4 2-3 tutkimuksellista teksti\u00e4 (kirjallisuusluettelo alla)<\/li>\n<\/ul>\n<p><strong>Deadline<\/strong><\/p>\n<p>Oppimisp\u00e4iv\u00e4kirjat ja esseet palautetaan<strong> 9. toukokuuta 2014<\/strong> menness\u00e4 Hanne Koivistolle, hankoivi[at]utu.fi<\/p>\n<p><strong>Esseeteemoja (voit my\u00f6s itse muokata n\u00e4it\u00e4)<\/strong><\/p>\n<ul>\n<li>Espanjan sis\u00e4llissodan v\u00e4kivalta ja siviiliv\u00e4est\u00f6<\/li>\n<li>Espanjan sis\u00e4llissota ja sotakuvaajat<\/li>\n<li>Espanjan sis\u00e4llissota toisen maailmansodan esin\u00e4yt\u00f6ksen\u00e4<\/li>\n<li>Espanja sis\u00e4llissota kirjailijoiden kuvaamana &#8211; valitaan yksi teos esim. seuraavistai:\u00a0 Andr\u00e9 Malraux: <em>Toivo<\/em>, Ernest Hemingway: <em>Kenelle kellot soivat<\/em>, George Orwell: <em>Katalonia, Katalonia<\/em>, Upton Sinclair: <em>Taistelu Madridista<\/em><\/li>\n<li>Espanjan sis\u00e4llissota elokuvissa &#8211; valitaan yksi elokuva esim. <em>Toivo<\/em> (L&#8217;\u00c9spoir, 1945), <em>Kenelle kellot soivat<\/em> (For Whom the Bell Tolls, 1943), <em>Granada, Granada, Granada<\/em> (Grenada, Grenada, Grenada moja, 1967), <em>Oi, Carmela!<\/em> (Ay, Carmela!, 1990)<\/li>\n<li>Suomalaiset ja Espanjan sis\u00e4llissota<\/li>\n<li>Espanjan sis\u00e4llissodan poliittinen ja uskonnollinen kuvamaailma<\/li>\n<li>Taistelulaulujen merkitys Espanjan sis\u00e4llissodassa TAI Taistelulaulut Espanjan sis\u00e4llissodan muistina (levyj\u00e4 tehty runsaasti j\u00e4lkeenp\u00e4in, ks. verkkol\u00e4hteet, kysymyksen\u00e4 esim. Miten Viva la Quince Brigada -laulun eri versiot Youtubessa muistavat Espanjan sis\u00e4llissotaa?)<\/li>\n<li>Espanjan sis\u00e4llissota fasismin ja kommunismin taistelun n\u00e4k\u00f6kulmasta<\/li>\n<li>Kansainv\u00e4listen vapaaehtoisten utopistiset asenteet sodasta ja vallankumouksesta (aineistona esim. George Orwellin <em>Katalonia, Katalonia<\/em>)<\/li>\n<li>Vasemmistoryhmittym\u00e4t Espanjan sis\u00e4llissodassa &#8211; keskin\u00e4isten ristiriitojen n\u00e4k\u00f6kulma (aineistona esim. Orwell ja Beevor)<\/li>\n<li>Propaganda Espanjan sis\u00e4llissodassa (aineistona esim. Aho)<\/li>\n<li>Espanjan sis\u00e4llissodan muisto (aineistona esim. Renshaw) &#8211; voit tutkia my\u00f6s Espanjan sis\u00e4llissodan muistoa vaalivia yhdistyksi\u00e4 (ks. verkkol\u00e4hteet)<\/li>\n<\/ul>\n<p><strong>Kirjallisuutta<\/strong><\/p>\n<p>Aho, Mikko: <em>Espanjan asia on meid\u00e4n. Suomen vasemmistososialistien ja kommunistien propaganda Espanjan tasavallan puolesta Espanjkan sis\u00e4llissodan 1936\u20131939 aikana<\/em>. Pro gradu -tutkielma. Tampereen yliopsito, Tampere 2006. Lataa tutkielma t\u00e4st\u00e4: <a href=\"http:\/\/tampub.uta.fi\/bitstream\/handle\/10024\/93692\/gradu01242.pdf?sequence=1\">http:\/\/tampub.uta.fi\/bitstream\/handle\/10024\/93692\/gradu01242.pdf?sequence=1<\/a><\/p>\n<p>Archibald, David: No Laughing Matter? Comedy and the Spanish Civil War in Cinema. In: <em>Historical Comedy on Screen: Subverting History with Humour.<\/em> Ed. Hannu Salmi. Intellect, Bristol 2011: 113-127.<\/p>\n<p>Juusela,\u00a0Jyrki: <em>Suomalaiset Espanjan sis\u00e4llissodassa<\/em>. Atena Kustannus Oy, Jyv\u00e4skyl\u00e4 2003.<\/p>\n<p><em>Suomen pojat Espanjassa<\/em>. Toimituskunta Viljo Kajava, Paavo Pajunen, Elvi Sinervo, Cay Sundstr\u00f6m, Taimi Torvinen, Arvo Turtiainen, Katri Vala ja Hella Wuolijoki. Toimitussihteeri Jarno Pennanen. Helsinki 1939.<\/p>\n<p>Beevor, Antony: <em>Taistelu Espanjasta. Espanjan sis\u00e4llissota 1936\u20131939<\/em>. (The Battle for Spain: The Spanish Civil War 1936\u201339, 2006.) Suom. Matti Kinnunen. WSOY, Porvoo 2006.<\/p>\n<p>Pajunen, Jenni: <em>Espanja, sin\u00e4 nuoruutemme<\/em>. Gummerus, Jyv\u00e4skyl\u00e4 1976.<\/p>\n<p>Preston, Paul: <em>We Saw Spain Die. Foreign Correspondents in the Spanish Civil War.<\/em> Constable, London 2009.<\/p>\n<p>Renshaw, Layla:<em> Exhuming Loss : memory, materiality, and mass graves of the Spanish Civil War<\/em>. Left Coast Press, Walnut Creek, Calif. 2011. Kirja l\u00f6ytyy ebrary-palvelusta osoitteesta: <a href=\"https:\/\/login.ezproxy.utu.fi\/login?url=http:\/\/site.ebrary.com\/lib\/uniturku\/Doc?id=10500136\" target=\"_blank\">https:\/\/login.ezproxy.utu.fi\/login?url=http:\/\/site.ebrary.com\/lib\/uniturku\/Doc?id=10500136<\/a><\/p>\n<p>&nbsp;<\/p>\n","protected":false},"excerpt":{"rendered":"<p>Seminaarin voi ottaa my\u00f6s opintojen osaksi Turun yliopistossa, joko 3 tai 5 opintopisteen suorituksena. Korvaavuudet oppiaineissa kulttuurihistoria P5.5, P5.9, P5.11 (3 op), A4.10, A4.11, A4.13 (5 op); poliittinen historia A3.1.2 , A4 ja A7; yleinen historia A3.3. 3 op:n suoritus &hellip; <a href=\"https:\/\/blogit.utu.fi\/espanja\/suorittaminen\/\">Lue loppuun <span class=\"meta-nav\">&rarr;<\/span><\/a><\/p>\n","protected":false},"author":29,"featured_media":0,"parent":0,"menu_order":0,"comment_status":"open","ping_status":"open","template":"","meta":{"footnotes":""},"class_list":["post-64","page","type-page","status-publish","hentry"],"_links":{"self":[{"href":"https:\/\/blogit.utu.fi\/espanja\/wp-json\/wp\/v2\/pages\/64","targetHints":{"allow":["GET"]}}],"collection":[{"href":"https:\/\/blogit.utu.fi\/espanja\/wp-json\/wp\/v2\/pages"}],"about":[{"href":"https:\/\/blogit.utu.fi\/espanja\/wp-json\/wp\/v2\/types\/page"}],"author":[{"embeddable":true,"href":"https:\/\/blogit.utu.fi\/espanja\/wp-json\/wp\/v2\/users\/29"}],"replies":[{"embeddable":true,"href":"https:\/\/blogit.utu.fi\/espanja\/wp-json\/wp\/v2\/comments?post=64"}],"version-history":[{"count":8,"href":"https:\/\/blogit.utu.fi\/espanja\/wp-json\/wp\/v2\/pages\/64\/revisions"}],"predecessor-version":[{"id":87,"href":"https:\/\/blogit.utu.fi\/espanja\/wp-json\/wp\/v2\/pages\/64\/revisions\/87"}],"wp:attachment":[{"href":"https:\/\/blogit.utu.fi\/espanja\/wp-json\/wp\/v2\/media?parent=64"}],"curies":[{"name":"wp","href":"https:\/\/api.w.org\/{rel}","templated":true}]}}