{"id":1025,"date":"2019-05-10T14:29:39","date_gmt":"2019-05-10T12:29:39","guid":{"rendered":"https:\/\/blogit.utu.fi\/faidros\/?page_id=1025"},"modified":"2019-05-10T14:48:53","modified_gmt":"2019-05-10T12:48:53","slug":"ohjeet","status":"publish","type":"page","link":"https:\/\/blogit.utu.fi\/faidros\/ohjeet\/","title":{"rendered":"Ohjeet"},"content":{"rendered":"<p>T\u00e4ss\u00e4 ovat t\u00e4m\u00e4n hankkeen dokumentit, joita seuraamalla ja soveltamalla voit tehd\u00e4 itse vastaavan toteutuksen. Ohjeet perustuvat Turun yliopistossa tajolla olevien palveluiden k\u00e4ytt\u00f6\u00f6n ilman mit\u00e4\u00e4n erityisi\u00e4 lis\u00e4osia tai ulkoisia palveluita. T\u00e4m\u00e4 rajaaminen on tehty siksi, ett\u00e4 saataisiin aikaan esimerkkitapaus \u00e4\u00e4nitteill\u00e4 viestinn\u00e4st\u00e4 ilman, ett\u00e4 kenellek\u00e4\u00e4n tulee ylim\u00e4\u00e4r\u00e4ist\u00e4 hallinnollista ty\u00f6t\u00e4.<\/p>\n<p>Hanketta toteutettaessa on k\u00e4ynyt selv\u00e4ksi, ett\u00e4 joistain blogipalvelun lis\u00e4osista olisi apua esimerkiksi sy\u00f6tteiden k\u00e4sittelyss\u00e4 tai julkaisujen automaattisen ajastuksen hallinnassa. T\u00e4h\u00e4n hankkeeseen n\u00e4it\u00e4 ei ole kuitenkaan pyydetty. Yliopiston IT-palvelut avustavat mahdollisten blogilis\u00e4osien hankinnassa.<\/p>\n<p>Ohjeet t\u00e4ydentyv\u00e4t hankkeen edetess\u00e4. T\u00e4ss\u00e4 vaiheessa ohjeet ovat ep\u00e4t\u00e4ydelliset.<\/p>\n<ol>\n<li>Ohjeet kehitt\u00e4j\u00e4lle\n<ol>\n<li><a href=\"https:\/\/blogit.utu.fi\/faidros\/blogin-perustaminen\/\">Blogin perustaminen<\/a><\/li>\n<li><a href=\"https:\/\/blogit.utu.fi\/faidros\/opiskelijan-tietosuoja\/\">Opiskelijan tietosuoja<\/a><\/li>\n<li>\u00c4\u00e4nite\n<ol>\n<li><a href=\"https:\/\/blogit.utu.fi\/faidros\/aanitteen-suunnittelu\/\">\u00c4\u00e4nitteen suunnittelu<\/a><\/li>\n<li><a href=\"https:\/\/blogit.utu.fi\/faidros\/aanittaminen\/\">\u00c4\u00e4nitt\u00e4minen<\/a><\/li>\n<li><a href=\"https:\/\/blogit.utu.fi\/faidros\/aanitteen-muokkaaminen\/\">\u00c4\u00e4nen muokkaaminen<\/a><\/li>\n<li><a href=\"https:\/\/blogit.utu.fi\/faidros\/leikkaaminen\/\">Leikkaaminen<\/a><\/li>\n<li><a href=\"https:\/\/blogit.utu.fi\/faidros\/aanitteen-tallennus-ja-tunnisteet\/\">\u00c4\u00e4nitteen tallennus ja tunnisteet<\/a><\/li>\n<\/ol>\n<\/li>\n<li>\u00c4\u00e4nitteen julkaiseminen ja saateteksti\n<ol>\n<li><a href=\"https:\/\/blogit.utu.fi\/faidros\/saateteksti\/\">Saateteksti<\/a><\/li>\n<li><a href=\"https:\/\/blogit.utu.fi\/faidros\/aanitteen-lisaaminen-tekstiin\/\">\u00c4\u00e4nitteen lis\u00e4\u00e4minen tekstiin<\/a><\/li>\n<li><a href=\"https:\/\/blogit.utu.fi\/faidros\/julkaisun-ajastus\/\">Julkaisun ajastus<\/a><\/li>\n<\/ol>\n<\/li>\n<\/ol>\n<\/li>\n<li>Ohjeet k\u00e4ytt\u00e4jille\n<ol>\n<li><a href=\"https:\/\/blogit.utu.fi\/faidros\/podcastin-tilaaminen\/\">Podcastin tilaaminen<\/a>\n<ol>\n<li><a href=\"https:\/\/blogit.utu.fi\/faidros\/vlc-tyopoytasovellus-syotteen-tilaaminen\/\">VLC ty\u00f6p\u00f6yt\u00e4sovellus<\/a><\/li>\n<li><a href=\"https:\/\/blogit.utu.fi\/faidros\/vlc-puhelinsovellus-syotteen-tilaaminen\/\">VLC puhelinsovellus<\/a><\/li>\n<li><a href=\"https:\/\/blogit.utu.fi\/faidros\/castbox-puhelinsovellus-syotteen-tilaaminen\/\">Podcastsovellus (Castbox)<\/a><\/li>\n<\/ol>\n<\/li>\n<\/ol>\n<\/li>\n<li><a href=\"https:\/\/blogit.utu.fi\/faidros\/anna-palautetta\/\">Palautteen antaminen<\/a><\/li>\n<\/ol>\n","protected":false},"excerpt":{"rendered":"<p>T\u00e4ss\u00e4 ovat t\u00e4m\u00e4n hankkeen dokumentit, joita seuraamalla ja soveltamalla voit tehd\u00e4 itse vastaavan toteutuksen. Ohjeet perustuvat Turun yliopistossa tajolla olevien palveluiden k\u00e4ytt\u00f6\u00f6n ilman mit\u00e4\u00e4n erityisi\u00e4 lis\u00e4osia tai ulkoisia palveluita.<\/p>\n","protected":false},"author":281,"featured_media":0,"parent":0,"menu_order":0,"comment_status":"closed","ping_status":"closed","template":"","meta":{"footnotes":""},"class_list":["post-1025","page","type-page","status-publish","hentry"],"_links":{"self":[{"href":"https:\/\/blogit.utu.fi\/faidros\/wp-json\/wp\/v2\/pages\/1025","targetHints":{"allow":["GET"]}}],"collection":[{"href":"https:\/\/blogit.utu.fi\/faidros\/wp-json\/wp\/v2\/pages"}],"about":[{"href":"https:\/\/blogit.utu.fi\/faidros\/wp-json\/wp\/v2\/types\/page"}],"author":[{"embeddable":true,"href":"https:\/\/blogit.utu.fi\/faidros\/wp-json\/wp\/v2\/users\/281"}],"replies":[{"embeddable":true,"href":"https:\/\/blogit.utu.fi\/faidros\/wp-json\/wp\/v2\/comments?post=1025"}],"version-history":[{"count":2,"href":"https:\/\/blogit.utu.fi\/faidros\/wp-json\/wp\/v2\/pages\/1025\/revisions"}],"predecessor-version":[{"id":1049,"href":"https:\/\/blogit.utu.fi\/faidros\/wp-json\/wp\/v2\/pages\/1025\/revisions\/1049"}],"wp:attachment":[{"href":"https:\/\/blogit.utu.fi\/faidros\/wp-json\/wp\/v2\/media?parent=1025"}],"curies":[{"name":"wp","href":"https:\/\/api.w.org\/{rel}","templated":true}]}}