{"id":162,"date":"2021-03-15T22:06:28","date_gmt":"2021-03-15T22:06:28","guid":{"rendered":"https:\/\/blogit.utu.fi\/femtie\/?page_id=162"},"modified":"2024-12-18T14:31:36","modified_gmt":"2024-12-18T14:31:36","slug":"tutkimus","status":"publish","type":"page","link":"https:\/\/blogit.utu.fi\/femtie\/tutkimus\/","title":{"rendered":"Julkaisut"},"content":{"rendered":"\n<p><strong>Kirja: <\/strong><\/p>\n\n\n\n<p>Yl\u00f6stalo Hanna, Kinnunen Heini, Lamberg Emma &amp; Perheentupa Inna (2024) <em><a href=\"https:\/\/www.gaudeamus.fi\/teos\/feminismia-talouteen\/\">Feminismi\u00e4 talouteen: Opas kriittiseen talouslukutaitoon<\/a><\/em>. Helsinki: Gaudeamus.<\/p>\n\n\n\n<p><strong>Feminismi\u00e4 talouteen: Podcast taloudesta, feminismist\u00e4 ja niiden tutkimuksesta (2024)<\/strong><\/p>\n\n\n\n<p>Yl\u00f6stalo Hanna, Lamberg Emma, Kinnunen Heini &amp; Perheentupa Inna (2024) <a href=\"https:\/\/politiikasta.fi\/podcast-feminismia-talouteen\/\">Podcast: Feminismi\u00e4 talouteen! <\/a><em>Politiikasta <\/em>21.8.2024.<\/p>\n\n\n\n<p>1. <a href=\"https:\/\/soundcloud.com\/politiikasta\/feminismia-talouteen-osa-1-feministinen-taloustieto\">Feministinen taloustieto <\/a>(21.8.2024)<\/p>\n\n\n\n<p>2. <a href=\"https:\/\/soundcloud.com\/politiikasta\/feminismia-talouteen-osa-2-feminismi-talous-ja-demokratia\">Feminismi, talous ja demokratia<\/a> (28.8.2024)<\/p>\n\n\n\n<p>3. <a href=\"https:\/\/soundcloud.com\/politiikasta\/feminismia-talouteen-osa-3-feministinen-talouspolitiikka\">Feministinen talouspolitiikka<\/a> (4.9.2024)<\/p>\n\n\n\n<p>4. <a href=\"https:\/\/soundcloud.com\/politiikasta\/feminismia-talouteen-osa-4-feminismi-markkinoilla\">Feminismi markkinoilla<\/a> (11.9.2024)<\/p>\n\n\n\n<p>5. <a href=\"https:\/\/soundcloud.com\/politiikasta\/feminismia-talouteen-osa-5-feminismi-ja-talouden-vaihtoehtovisiot\">Feminismi ja talouden vaihtoehtovisiot <\/a>(18.9.2024)<\/p>\n\n\n\n<p><strong>Julkaistu:<\/strong><\/p>\n\n\n\n<p>Yl\u00f6stalo, Hanna &amp; Elom\u00e4ki, Anna (2024)&nbsp;<a href=\"https:\/\/journal.fi\/sukupuolentutkimus\/article\/view\/148988\/95069\">Akateeminen kotity\u00f6 ja sukupuolentutkimuksen tulevaisuus<\/a>.&nbsp;<em>Sukupuolentutkimus-Genusforskning<\/em>&nbsp;37:2, 39-41.<\/p>\n\n\n\n<p>Lepist\u00f6, Taru (2024) Tutkimusta nuorten naisten postfordistisista ty\u00f6unelmista. Kirja-arvio v\u00e4it\u00f6skirjasta Emma Lamberg: Becoming Workers. How young women negotiate their imagined futures in the Finnish work society (Turun yliopisto 2022).\u00a0<em>Sosiologia\u00a0<\/em>61(3), 259\u2013261.<\/p>\n\n\n\n<p>Yl\u00f6stalo, Hanna (2024) <a href=\"https:\/\/koneensaatio.fi\/tarinat-ja-julkaisut\/feministinen-talouslukutaito\/\">Kriittinen feministinen talouslukutaito avaa reittej\u00e4 tasa-arvoisemmalle tulevaisuudelle<\/a>. Koneen S\u00e4\u00e4ti\u00f6, Kaivolla-blogi, 21.8.2024.<\/p>\n\n\n\n<p>Elom\u00e4ki, Anna &amp; Yl\u00f6stalo, Hanna (2024) <a href=\"https:\/\/blogs.lse.ac.uk\/europpblog\/2024\/05\/23\/governing-gender-equality-policy\/\">Governing gender equality policy<\/a>. LSE blog 23.5.2023.<\/p>\n\n\n\n<p>Lamberg, Emma &amp; Rai, Shirin M. (2024) Feministinen poliittinen talous, yhteiskunnallinen muutos ja globaali solidaarisuus. <em>Poliittinen talous<\/em> 12:1, 105\u2013119. DOI: <a href=\"https:\/\/doi.org\/10.51810\/pt.145196\">https:\/\/doi.org\/10.51810\/pt.145196<\/a><\/p>\n\n\n\n<p>Lamberg, Emma (2024) Shifting Boundaries, Dismantling Brick Walls: Feminist Knowledge in the Struggles to Transform Economic Thinking and Policy. <em>Gender, Work &amp; Organization.<\/em> DOI: <a href=\"https:\/\/doi.org\/10.1111\/gwao.13135\">https:\/\/doi.org\/10.1111\/gwao.13135<\/a><\/p>\n\n\n\n<p>Bhatia, Riina &amp; Lamberg, Emma (2024) Ekologisista kriiseist\u00e4 globaalisti oikeudenmukaiseen kest\u00e4vyyssiirtym\u00e4\u00e4n? Feministisi\u00e4 ja postkolonialistisia n\u00e4k\u00f6kulmia [katsausartikkeli]. <em>Poliittinen talous.<\/em> DOI: <a href=\"https:\/\/doi.org\/10.51810\/pt.142438\">https:\/\/doi.org\/10.51810\/pt.142438<\/a> <\/p>\n\n\n\n<p>Yl\u00f6stalo, Hanna &amp; Lamberg, Emma (2024) Commodified State Feminism: The Entanglements of Feminist Commodity Activism and State Feminism in a Nordic Welfare State. <em>International Political Sociology<\/em> 18:2. DOI: <a href=\"https:\/\/doi.org\/10.1093\/ips\/olae005\">https:\/\/doi.org\/10.1093\/ips\/olae005<\/a><\/p>\n\n\n\n<p>Elom\u00e4ki, Anna &amp; Yl\u00f6stalo, Hanna (2024) <em><a href=\"https:\/\/link.springer.com\/book\/10.1007\/978-3-031-48139-0\">Governing Gender Equality Policy: Pathways in a Changing Nordic Welfare State<\/a><\/em>. Palgrave Macmillan.<\/p>\n\n\n\n<p>Yl\u00f6stalo, Hanna &amp; Kinnunen, Heini (2023) Instagram sukupuolittuneen politiikan alustana. <em>Politiikka<\/em> 65:4, 298-321. DOI: <a href=\"https:\/\/doi.org\/10.37452\/politiikka.125557\">https:\/\/doi.org\/10.37452\/politiikka.125557<\/a><\/p>\n\n\n\n<p>Kinnunen, Heini &amp; Lamberg, Emma (2023) Hoivan katveiden ja ristiriitojen yhteiskuntatieteellist\u00e4 ja kulttuurintutkimuksellista tarkastelua. Kirja-arvio teoksesta Tiina Sihto &amp; Paula Vasara (toim.) Hoivan pime\u00e4 puoli (Gaudeamus 2023). <em>Ty\u00f6el\u00e4m\u00e4n tutkimus<\/em> 21:3. DOI: <a href=\"https:\/\/doi.org\/10.37455\/tt.137222\">https:\/\/doi.org\/10.37455\/tt.137222<\/a><\/p>\n\n\n\n<p>Lamberg, Emma (2023) Feministinen talouskritiikki ja kamppailut tiedon performatiivisuudesta [katsausartikkeli]. <em>Poliittinen talous<\/em> 11:2. DOI:<a href=\"https:\/\/doi.org\/10.51810\/pt.137606\"> https:\/\/doi.org\/10.51810\/pt.137606<\/a><\/p>\n\n\n\n<p>Yl\u00f6stalo, Hanna (2023) Hyv\u00e4 numero ja hyv\u00e4 tarina: Kvantifiointi feministisen talousvaikuttamisen k\u00e4yt\u00e4nt\u00f6n\u00e4. <em>Poliittinen talous<\/em> 11:2. DOI: <a href=\"https:\/\/doi.org\/10.51810\/pt.129450\">https:\/\/doi.org\/10.51810\/pt.129450<\/a><\/p>\n\n\n\n<p>Salmenniemi, Suvi &amp; Yl\u00f6stalo, Hanna (2023) Everyday utopias and social reproduction. <em>Current Sociology<\/em>. DOI: <a href=\"https:\/\/doi.org\/10.1177\/00113921231194087\">https:\/\/doi.org\/10.1177\/00113921231194087<\/a><\/p>\n\n\n\n<p>Lamberg, Emma, Kinnunen, Heini &amp; Yl\u00f6stalo, Hanna (2023) <a href=\"https:\/\/politiikasta.fi\/viisi-valittua-dokumentti-tuo-nakyviin-populaarifeminismin-ja-politiikan-jannitteet\/\"><em>Viisi valittua<\/em> -dokumentti tuo n\u00e4kyviin populaarifeminismin ja politiikan j\u00e4nnitteet<\/a>. <em>Politiikasta<\/em> 26.6.2023.<\/p>\n\n\n\n<p>Lamberg, Emma (2023) <a href=\"https:\/\/journal.fi\/poliittinentalous\/article\/view\/129175\">Toivoa pimeydess\u00e4. Kirja-arvio teoksesta <em>Earth for All. A Survival Guide for Humanity. A Report to the Club of Rome<\/em>. <\/a>Poliittinen talous 11(2023).<\/p>\n\n\n\n<p>Lamberg, Emma (2023) <a href=\"https:\/\/telma-lehti.fi\/hoivakriisi-uhkaa-merkityksellisyyden-kokemusta-hoitotyossa\" data-type=\"URL\" data-id=\"https:\/\/telma-lehti.fi\/hoivakriisi-uhkaa-merkityksellisyyden-kokemusta-hoitotyossa\">Hoivakriisi uhkaa merkityksellisyyden kokemusta hoitoty\u00f6ss\u00e4. <\/a>Puheenvuoro TELMA-lehdess\u00e4 16.5.2023.<\/p>\n\n\n\n<p>Elom\u00e4ki Anna, Yl\u00f6stalo Hanna &amp; Kantola Johanna (2023) Sukupuolten tasa-arvo ja hoiva. Teoksessa Autto, Janne (toim.)&nbsp;<em><a href=\"https:\/\/vastapaino.fi\/sivu\/tuote\/talouskuri-tuli-suomeen\/4670006\">Talouskuri tuli Suomeen<\/a><\/em>. Tampere: Vastapaino, 145-169.<\/p>\n\n\n\n<p>Autto Janne, Lindholm Christer, Toivanen Tero &amp; Yl\u00f6stalo Hanna (2023) Mit\u00e4 opimme? Teoksessa Autto, Janne (toim.)&nbsp;<em><a href=\"https:\/\/vastapaino.fi\/sivu\/tuote\/talouskuri-tuli-suomeen\/4670006\">Talouskuri tuli Suomeen<\/a><\/em>. Tampere: Vastapaino, 193-217.<\/p>\n\n\n\n<p>Kinnunen, Heini; Lamberg, Emma &amp; Yl\u00f6stalo, Hanna (2023) Sukupuolin\u00e4k\u00f6kulmia korona-aikaan: koronakriisi sosiaalisen uusintamisen kriisin\u00e4. Teoksessa M\u00e4kikangas, Anne &amp; Py\u00f6ri\u00e4, Pasi (toim.)&nbsp;<em>Koronapandemia, ty\u00f6 ja yhteiskunta<\/em>. Helsinki: Gaudeamus, 105-123.<\/p>\n\n\n\n<p>Lamberg, Emma &amp; Yl\u00f6stalo, Hanna (2023) <a href=\"https:\/\/naisjarjestot.fi\/feminismi-kuuluu-myos-talouspolitiikkaan\/\">Feminismi kuuluu my\u00f6s talouspolitiikkaan<\/a>. NJKL blogi 23.3.2023. <\/p>\n\n\n\n<p>Lamberg, Emma (2023). <a href=\"https:\/\/sorsafoundation.fi\/hoivavajeen-umpeen-kurominen-edellyttaa-hoivan-julkisen-arvon-tunnustamista\/\">Hoivavajeen umpeen kurominen edellytt\u00e4\u00e4 hoivan julkisen arvon tunnustamista. <\/a>Kalevi Sorsa -s\u00e4\u00e4ti\u00f6n blogi, 15.3.2023.<\/p>\n\n\n\n<p>Lamberg, Emma &amp; Yl\u00f6stalo, Hanna (2023) Tehostamistalouden ja tasa-arvon j\u00e4nnitteet. Teoksessa Eskelinen Teppo, Jokinen Eeva &amp; Rokkonen Lilli Aini (toim.)&nbsp;<em><a href=\"https:\/\/jyx.jyu.fi\/handle\/123456789\/85952\">Tehostamisyhteiskunnan j\u00e4ljet<\/a><\/em>. Jyv\u00e4skyl\u00e4: SoPhi, 159-184.<\/p>\n\n\n\n<p>Lamberg, Emma, Kinnunen, Heini &amp; Yl\u00f6stalo, Hanna (2023)&nbsp;<a href=\"https:\/\/doi.org\/10.51809\/te.125687\">Kuinka hiljaisuus rikotaan: feministisen taloustoimijuuden pragmaattinen kumouksellisuus<\/a>.&nbsp;<em>Tiede &amp; Edistys<\/em>&nbsp;48:1, 11-27.<\/p>\n\n\n\n<p>Elom\u00e4ki, Anna &amp; Yl\u00f6stalo, Hanna (2023) <a href=\"https:\/\/politiikasta.fi\/tasa-arvopolitiikan-onnistumiset-epaonnistumiset-ja-hiljaisuudet\/\">Tasa-arvopolitiikan onnistumiset, ep\u00e4onnistumiset ja hiljaisuudet<\/a>. <em>Politiikasta<\/em> 28.2.2023.  <\/p>\n\n\n\n<p>Kinnunen, Heini (2023) Wages for Care Work: COVID-19 and the Public Struggle for Nurses\u2019 Wage Equality. <em>NORA &#8211; Nordic Journal for Feminist and Gender Research.<\/em> DOI: <a rel=\"noreferrer noopener\" href=\"https:\/\/doi.org\/10.1080\/08038740.2023.2176921\" target=\"_blank\">https:\/\/doi.org\/10.1080\/08038740.2023.2176921<\/a><\/p>\n\n\n\n<p>Elom\u00e4ki, Anna &amp; Yl\u00f6stalo, Hanna (2022) P\u00e4\u00e4kirjoitus:&nbsp;<a rel=\"noreferrer noopener\" href=\"https:\/\/journal.fi\/poliittinentalous\/article\/view\/125335\/75364\" target=\"_blank\">Takaisin talouskuriin?<\/a>&nbsp;<em>Poliittinen talous<\/em>&nbsp;10:2, 1-7.<\/p>\n\n\n\n<p>Elom\u00e4ki, Anna; Hoppania, Hanna-Kaisa &amp; Yl\u00f6stalo, Hanna (2022) Kohti hoivaavaa taloutta. Teoksessa Peltokoski, Jukka &amp; Jaakkola, Henrik (toim.) <em>Tulevaisuuden vasemmisto<\/em>. Helsinki: Into, 131-146. <\/p>\n\n\n\n<p>Kinnunen, Heini &amp; Kyl\u00e4-Laaso, Miikaeli (2022) <a href=\"https:\/\/politiikasta.fi\/hoitajien-palkkakysymys-kaikkia-koskevana-ongelmana\/\">Hoitajien palkkakysymys kaikkia koskevana ongelmana<\/a>. <em>Politiikasta <\/em>7.12.2022.<\/p>\n\n\n\n<p>Kinnunen, Heini &amp; Lamberg, Emma &amp; Yl\u00f6stalo, Hanna (2022) <a rel=\"noreferrer noopener\" href=\"https:\/\/ilmiomedia.fi\/artikkelit\/hoivan-ehtyminen-on-hyvinvointivaltion-kohtalonkysymys\/\" target=\"_blank\">Hoivan ehtyminen on hyvinvointivaltion kohtalonkysymys<\/a>. <em>Ilmi\u00f6 &#8211; sosiologinen media kaikille<\/em> 7.12.2022. <\/p>\n\n\n\n<p>Yl\u00f6stalo, Hanna &amp; Lamberg, Emma (2022) <a rel=\"noreferrer noopener\" href=\"https:\/\/journal.fi\/sukupuolentutkimus\/article\/view\/122677\" target=\"_blank\">Taistelusta teknokratiaan: tasa-arvopolitiikan professionaalistuminen Suomessa<\/a>. <em>Sukupuolentutkimus-Genusforskning<\/em> 35:2-3, 3-15.<\/p>\n\n\n\n<p><em>Poliittinen talous<\/em> 10:1 (2022) Teemanumero: <a rel=\"noreferrer noopener\" href=\"https:\/\/journal.fi\/poliittinentalous\/issue\/view\/8027\" target=\"_blank\">Hoivan poliittinen talous<\/a>. Toim. Anna Elom\u00e4ki &amp; Hanna Yl\u00f6stalo. <\/p>\n\n\n\n<p>Elom\u00e4ki, Anna &amp; Yl\u00f6stalo, Hanna (2022) P\u00e4\u00e4kirjoitus: <a rel=\"noreferrer noopener\" href=\"https:\/\/journal.fi\/poliittinentalous\/article\/view\/121368\" target=\"_blank\">N\u00e4k\u00f6kulmia hoivan poliittiseen talouteen<\/a>. Teemanumero: Hoivan poliittinen talous. <em>Poliittinen talous<\/em> 10:1, 1-7. <\/p>\n\n\n\n<p>Kinnunen, Heini (2022) <a rel=\"noreferrer noopener\" href=\"https:\/\/journal.fi\/poliittinentalous\/article\/view\/120099\" target=\"_blank\">Erotteluja purkaen kohti hoivaavaa taloutta<\/a>. Teemanumero: Hoivan poliittinen talous. <em>Poliittinen talous<\/em> 10:1. <\/p>\n\n\n\n<p>Yl\u00f6stalo, Hanna (2022)&nbsp;<a rel=\"noreferrer noopener\" href=\"https:\/\/politiikasta.fi\/perhevapaauudistus-maarittelee-sukupuolten-asemaa-yhteiskunnassa\/\" target=\"_blank\">Perhevapaauudistus m\u00e4\u00e4rittelee sukupuolten asemaa yhteiskunnassa<\/a>.&nbsp;<em>Politiikasta<\/em>&nbsp;5.8.2022.<\/p>\n\n\n\n<p>Yl\u00f6stalo, Hanna (2022) Feminism at the crossroads of neoliberalism and neoconservatism: Restructuring women\u2019s labor in the context of family leave reform in Finland.&nbsp;<em>Social Politics: International Studies in Gender, State &amp; Society<\/em>. DOI:&nbsp;<a href=\"https:\/\/doi.org\/10.1093\/sp\/jxac008\">https:\/\/doi.org\/10.1093\/sp\/jxac008<\/a><\/p>\n\n\n\n<p>Salmenniemi, Suvi &amp; Tuomaala-\u00d6zdemir, Salome &amp; Yl\u00f6stalo, Hanna (2022)&nbsp;<a rel=\"noreferrer noopener\" href=\"https:\/\/journal.fi\/poliittinentalous\/article\/view\/112899\" target=\"_blank\">Ikuiset talkoot: uusintava ty\u00f6 arkip\u00e4iv\u00e4n utopioiden rakentamisessa<\/a>. Teemanumero: Hoivan poliittinen talous.&nbsp;<em>Poliittinen talous<\/em>&nbsp;10:1.<\/p>\n\n\n\n<p>Kinnunen, Heini &amp; Lamberg, Emma (2022) <a rel=\"noreferrer noopener\" href=\"https:\/\/doi.org\/10.51810\/pt.113814\" target=\"_blank\">Ty\u00f6kaluja hoivan poliittisen talouden feministiseen tarkasteluun<\/a>. <em>Poliittinen talous <\/em>10:1. <\/p>\n\n\n\n<p>Kinnunen, Heini &amp; Lamberg, Emma (2022) <a rel=\"noreferrer noopener\" href=\"https:\/\/blogit.utu.fi\/kultva\/2022\/02\/07\/keskustelutilaisuus-demokratiasta-konfliktista-ja-mediasta-avasi-kultvan-vuoden-2022\/\" target=\"_blank\">Keskustelutilaisuus demokratiasta, konfliktista ja mediasta avasi KULTVAn vuoden 2022<\/a>. KULTVA blogi 7.2.2022.<\/p>\n\n\n\n<p>Helske, Satu; Yl\u00f6stalo, Hanna &amp; Koskinen, Henri (2021<a rel=\"noreferrer noopener\" href=\"http:\/\/urn.fi\/URN:NBN:fi-fe2021112456870\" target=\"_blank\">) Samassa myrskyss\u00e4 mutta eri veneiss\u00e4: COVID-19 ja eriarvoisuus<\/a>. <em>Yhteiskuntapolitiikka<\/em> 86:5-6, 585-596.<\/p>\n\n\n\n<p>Kinnunen, Heini; Lamberg, Emma &amp; Yl\u00f6stalo, Hanna (2021) <a rel=\"noreferrer noopener\" href=\"https:\/\/politiikasta.fi\/paaministerin-reppu-avaa-kurkistusikkunan-politiikan-sukupuolen-ja-talouden-jannitteisiin-suhteisiin\/\" target=\"_blank\">P\u00e4\u00e4ministerin reppu avaa kurkistusikkunan politiikan, sukupuolen ja talouden j\u00e4nnitteisiin suhteisiin<\/a>. <em>Politiikasta<\/em> 6.10.2021.<\/p>\n\n\n\n<p>Elom\u00e4ki, Anna &amp; Yl\u00f6stalo, Hanna (2021) Gender budgeting in the crossroad of gender policy and public financial management: The Finnish case. Special issue: Experiences and challenges with gender budgeting and accounting: Moving towards gender-responsive forms of accountability? <em>Public Money &amp; Management<\/em>. DOI: <a href=\"https:\/\/doi.org\/10.1080\/09540962.2021.1927528\">https:\/\/doi.org\/10.1080\/09540962.2021.1927528<\/a><\/p>\n\n\n\n<p>Lamberg, Emma &amp; Yl\u00f6stalo, Hanna (2021) Markkinafeminismi ei korjaa sukupuolittuneen talousj\u00e4rjestelm\u00e4n vikoja. <a href=\"https:\/\/issuu.com\/voima\/docs\/voimatalous_1-2021?fbclid=IwAR3GX_KpQvpEbLV0FxcpDw6RR9XPOD-XjiidnEsinXIj6pzZbW166qp4YKs\"><em>Voima<\/em> 1\/2021<\/a>.<\/p>\n\n\n\n<p>Yl\u00f6stalo, Hanna (2021)&nbsp;<a href=\"https:\/\/polima.fi\/tasa-arvopoliittisen-mielikuvituksen-kuolema\/\">Kansalaisaktivismi her\u00e4tt\u00e4\u00e4 tasa-arvopoliittisen mielikuvituksen.<\/a>&nbsp;Polima Blogi 21.4.2021.<\/p>\n\n\n\n<p>Helske, Satu &amp; Yl\u00f6stalo, Hanna (2021) <a rel=\"noreferrer noopener\" href=\"https:\/\/blogit.utu.fi\/invest\/2021\/04\/21\/samassa-myrskyssa-mutta-eri-veneissa-koronapandemia-ja-eriarvoisuus\/\" target=\"_blank\">Samassa myrskyss\u00e4 mutta eri veneiss\u00e4 &#8211; koronapandemia ja eriarvoisuus<\/a>. INVEST Blog 21.4.2021.<\/p>\n\n\n\n<p>Elom\u00e4ki, Anna, Hoppania, Hanna-Kaisa &amp; Yl\u00f6stalo, Hanna (2021) <a href=\"https:\/\/politiikasta.fi\/koronakriisista-hoivaavaan-talouteen\/\">Koronakriisist\u00e4 hoivaavaan talouteen<\/a>. <em>Politiikasta<\/em> 3.3.2021.<\/p>\n\n\n\n<p>Elom\u00e4ki, Anna &amp; Yl\u00f6stalo, Hanna (2021) <a href=\"https:\/\/journal.fi\/poliittinentalous\/article\/view\/101636\">Feministisemp\u00e4\u00e4 poliittisen talouden tutkimusta<\/a>. <em>Poliittinen talous<\/em> 8:1.<\/p>\n\n\n\n<p><\/p>\n","protected":false},"excerpt":{"rendered":"<p>Kirja: Yl\u00f6stalo Hanna, Kinnunen Heini, Lamberg Emma &amp; Perheentupa Inna (2024) Feminismi\u00e4 talouteen: Opas kriittiseen talouslukutaitoon. Helsinki: Gaudeamus. Feminismi\u00e4 talouteen: Podcast taloudesta, feminismist\u00e4 ja niiden tutkimuksesta (2024) Yl\u00f6stalo Hanna, Lamberg Emma, Kinnunen Heini &amp; Perheentupa Inna (2024) Podcast: Feminismi\u00e4 talouteen! Politiikasta 21.8.2024. 1. Feministinen taloustieto (21.8.2024) 2. Feminismi, talous ja demokratia (28.8.2024) 3. Feministinen talouspolitiikka [&hellip;]<\/p>\n","protected":false},"author":2568,"featured_media":0,"parent":0,"menu_order":0,"comment_status":"closed","ping_status":"closed","template":"","meta":{"footnotes":""},"class_list":["post-162","page","type-page","status-publish","hentry"],"yoast_head":"<!-- This site is optimized with the Yoast SEO plugin v27.3 - https:\/\/yoast.com\/product\/yoast-seo-wordpress\/ -->\n<title>Julkaisut - FEMTIE<\/title>\n<meta name=\"robots\" content=\"index, follow, max-snippet:-1, max-image-preview:large, max-video-preview:-1\" \/>\n<link rel=\"canonical\" href=\"https:\/\/blogit.utu.fi\/femtie\/tutkimus\/\" \/>\n<meta property=\"og:locale\" content=\"fi_FI\" \/>\n<meta property=\"og:type\" content=\"article\" \/>\n<meta property=\"og:title\" content=\"Julkaisut - FEMTIE\" \/>\n<meta property=\"og:description\" content=\"Kirja: Yl\u00f6stalo Hanna, Kinnunen Heini, Lamberg Emma &amp; Perheentupa Inna (2024) Feminismi\u00e4 talouteen: Opas kriittiseen talouslukutaitoon. Helsinki: Gaudeamus. Feminismi\u00e4 talouteen: Podcast taloudesta, feminismist\u00e4 ja niiden tutkimuksesta (2024) Yl\u00f6stalo Hanna, Lamberg Emma, Kinnunen Heini &amp; Perheentupa Inna (2024) Podcast: Feminismi\u00e4 talouteen! Politiikasta 21.8.2024. 1. Feministinen taloustieto (21.8.2024) 2. Feminismi, talous ja demokratia (28.8.2024) 3. Feministinen talouspolitiikka [&hellip;]\" \/>\n<meta property=\"og:url\" content=\"https:\/\/blogit.utu.fi\/femtie\/tutkimus\/\" \/>\n<meta property=\"og:site_name\" content=\"FEMTIE\" \/>\n<meta property=\"article:modified_time\" content=\"2024-12-18T14:31:36+00:00\" \/>\n<meta name=\"twitter:card\" content=\"summary_large_image\" \/>\n<meta name=\"twitter:label1\" content=\"Arvioitu lukuaika\" \/>\n\t<meta name=\"twitter:data1\" content=\"6 minuuttia\" \/>\n<script type=\"application\/ld+json\" class=\"yoast-schema-graph\">{\"@context\":\"https:\\\/\\\/schema.org\",\"@graph\":[{\"@type\":\"WebPage\",\"@id\":\"https:\\\/\\\/blogit.utu.fi\\\/femtie\\\/tutkimus\\\/\",\"url\":\"https:\\\/\\\/blogit.utu.fi\\\/femtie\\\/tutkimus\\\/\",\"name\":\"Julkaisut - FEMTIE\",\"isPartOf\":{\"@id\":\"https:\\\/\\\/blogit.utu.fi\\\/femtie\\\/#website\"},\"datePublished\":\"2021-03-15T22:06:28+00:00\",\"dateModified\":\"2024-12-18T14:31:36+00:00\",\"breadcrumb\":{\"@id\":\"https:\\\/\\\/blogit.utu.fi\\\/femtie\\\/tutkimus\\\/#breadcrumb\"},\"inLanguage\":\"fi\",\"potentialAction\":[{\"@type\":\"ReadAction\",\"target\":[\"https:\\\/\\\/blogit.utu.fi\\\/femtie\\\/tutkimus\\\/\"]}]},{\"@type\":\"BreadcrumbList\",\"@id\":\"https:\\\/\\\/blogit.utu.fi\\\/femtie\\\/tutkimus\\\/#breadcrumb\",\"itemListElement\":[{\"@type\":\"ListItem\",\"position\":1,\"name\":\"Etusivu\",\"item\":\"https:\\\/\\\/blogit.utu.fi\\\/femtie\\\/\"},{\"@type\":\"ListItem\",\"position\":2,\"name\":\"Julkaisut\"}]},{\"@type\":\"WebSite\",\"@id\":\"https:\\\/\\\/blogit.utu.fi\\\/femtie\\\/#website\",\"url\":\"https:\\\/\\\/blogit.utu.fi\\\/femtie\\\/\",\"name\":\"FEMTIE\",\"description\":\"\",\"potentialAction\":[{\"@type\":\"SearchAction\",\"target\":{\"@type\":\"EntryPoint\",\"urlTemplate\":\"https:\\\/\\\/blogit.utu.fi\\\/femtie\\\/?s={search_term_string}\"},\"query-input\":{\"@type\":\"PropertyValueSpecification\",\"valueRequired\":true,\"valueName\":\"search_term_string\"}}],\"inLanguage\":\"fi\"}]}<\/script>\n<!-- \/ Yoast SEO plugin. -->","yoast_head_json":{"title":"Julkaisut - FEMTIE","robots":{"index":"index","follow":"follow","max-snippet":"max-snippet:-1","max-image-preview":"max-image-preview:large","max-video-preview":"max-video-preview:-1"},"canonical":"https:\/\/blogit.utu.fi\/femtie\/tutkimus\/","og_locale":"fi_FI","og_type":"article","og_title":"Julkaisut - FEMTIE","og_description":"Kirja: Yl\u00f6stalo Hanna, Kinnunen Heini, Lamberg Emma &amp; Perheentupa Inna (2024) Feminismi\u00e4 talouteen: Opas kriittiseen talouslukutaitoon. Helsinki: Gaudeamus. Feminismi\u00e4 talouteen: Podcast taloudesta, feminismist\u00e4 ja niiden tutkimuksesta (2024) Yl\u00f6stalo Hanna, Lamberg Emma, Kinnunen Heini &amp; Perheentupa Inna (2024) Podcast: Feminismi\u00e4 talouteen! Politiikasta 21.8.2024. 1. Feministinen taloustieto (21.8.2024) 2. Feminismi, talous ja demokratia (28.8.2024) 3. Feministinen talouspolitiikka [&hellip;]","og_url":"https:\/\/blogit.utu.fi\/femtie\/tutkimus\/","og_site_name":"FEMTIE","article_modified_time":"2024-12-18T14:31:36+00:00","twitter_card":"summary_large_image","twitter_misc":{"Arvioitu lukuaika":"6 minuuttia"},"schema":{"@context":"https:\/\/schema.org","@graph":[{"@type":"WebPage","@id":"https:\/\/blogit.utu.fi\/femtie\/tutkimus\/","url":"https:\/\/blogit.utu.fi\/femtie\/tutkimus\/","name":"Julkaisut - FEMTIE","isPartOf":{"@id":"https:\/\/blogit.utu.fi\/femtie\/#website"},"datePublished":"2021-03-15T22:06:28+00:00","dateModified":"2024-12-18T14:31:36+00:00","breadcrumb":{"@id":"https:\/\/blogit.utu.fi\/femtie\/tutkimus\/#breadcrumb"},"inLanguage":"fi","potentialAction":[{"@type":"ReadAction","target":["https:\/\/blogit.utu.fi\/femtie\/tutkimus\/"]}]},{"@type":"BreadcrumbList","@id":"https:\/\/blogit.utu.fi\/femtie\/tutkimus\/#breadcrumb","itemListElement":[{"@type":"ListItem","position":1,"name":"Etusivu","item":"https:\/\/blogit.utu.fi\/femtie\/"},{"@type":"ListItem","position":2,"name":"Julkaisut"}]},{"@type":"WebSite","@id":"https:\/\/blogit.utu.fi\/femtie\/#website","url":"https:\/\/blogit.utu.fi\/femtie\/","name":"FEMTIE","description":"","potentialAction":[{"@type":"SearchAction","target":{"@type":"EntryPoint","urlTemplate":"https:\/\/blogit.utu.fi\/femtie\/?s={search_term_string}"},"query-input":{"@type":"PropertyValueSpecification","valueRequired":true,"valueName":"search_term_string"}}],"inLanguage":"fi"}]}},"_links":{"self":[{"href":"https:\/\/blogit.utu.fi\/femtie\/wp-json\/wp\/v2\/pages\/162","targetHints":{"allow":["GET"]}}],"collection":[{"href":"https:\/\/blogit.utu.fi\/femtie\/wp-json\/wp\/v2\/pages"}],"about":[{"href":"https:\/\/blogit.utu.fi\/femtie\/wp-json\/wp\/v2\/types\/page"}],"author":[{"embeddable":true,"href":"https:\/\/blogit.utu.fi\/femtie\/wp-json\/wp\/v2\/users\/2568"}],"replies":[{"embeddable":true,"href":"https:\/\/blogit.utu.fi\/femtie\/wp-json\/wp\/v2\/comments?post=162"}],"version-history":[{"count":63,"href":"https:\/\/blogit.utu.fi\/femtie\/wp-json\/wp\/v2\/pages\/162\/revisions"}],"predecessor-version":[{"id":1201,"href":"https:\/\/blogit.utu.fi\/femtie\/wp-json\/wp\/v2\/pages\/162\/revisions\/1201"}],"wp:attachment":[{"href":"https:\/\/blogit.utu.fi\/femtie\/wp-json\/wp\/v2\/media?parent=162"}],"curies":[{"name":"wp","href":"https:\/\/api.w.org\/{rel}","templated":true}]}}