{"id":228,"date":"2021-03-15T22:33:32","date_gmt":"2021-03-15T22:33:32","guid":{"rendered":"https:\/\/blogit.utu.fi\/femtie\/?page_id=228"},"modified":"2024-10-04T06:39:16","modified_gmt":"2024-10-04T06:39:16","slug":"tutkijat","status":"publish","type":"page","link":"https:\/\/blogit.utu.fi\/femtie\/tutkijat\/","title":{"rendered":"Tutkijat"},"content":{"rendered":"\n<p><\/p>\n\n\n<div class=\"wp-block-image is-style-rounded\">\n<figure class=\"aligncenter size-medium\"><img loading=\"lazy\" decoding=\"async\" width=\"300\" height=\"200\" src=\"https:\/\/blogit.utu.fi\/femtie\/wp-content\/uploads\/sites\/591\/2021\/03\/hanna-ylostalo-300x200.png\" alt=\"\" class=\"wp-image-444\" srcset=\"https:\/\/blogit.utu.fi\/femtie\/wp-content\/uploads\/sites\/591\/2021\/03\/hanna-ylostalo-300x200.png 300w, https:\/\/blogit.utu.fi\/femtie\/wp-content\/uploads\/sites\/591\/2021\/03\/hanna-ylostalo-1024x682.png 1024w, https:\/\/blogit.utu.fi\/femtie\/wp-content\/uploads\/sites\/591\/2021\/03\/hanna-ylostalo-768x511.png 768w, https:\/\/blogit.utu.fi\/femtie\/wp-content\/uploads\/sites\/591\/2021\/03\/hanna-ylostalo-1536x1022.png 1536w, https:\/\/blogit.utu.fi\/femtie\/wp-content\/uploads\/sites\/591\/2021\/03\/hanna-ylostalo-2048x1363.png 2048w, https:\/\/blogit.utu.fi\/femtie\/wp-content\/uploads\/sites\/591\/2021\/03\/hanna-ylostalo-700x466.png 700w, https:\/\/blogit.utu.fi\/femtie\/wp-content\/uploads\/sites\/591\/2021\/03\/hanna-ylostalo-410x273.png 410w, https:\/\/blogit.utu.fi\/femtie\/wp-content\/uploads\/sites\/591\/2021\/03\/hanna-ylostalo-100x67.png 100w, https:\/\/blogit.utu.fi\/femtie\/wp-content\/uploads\/sites\/591\/2021\/03\/hanna-ylostalo-275x183.png 275w\" sizes=\"auto, (max-width: 300px) 100vw, 300px\" \/><\/figure><\/div>\n\n\n<p><strong><a rel=\"noreferrer noopener\" href=\"https:\/\/hannaylostalo.wordpress.com\" target=\"_blank\">YTT, dosentti, sosiologian yliopistonlehtori Hanna Yl\u00f6stalo<\/a><\/strong> toimii hankkeen vastuullisena johtajana. Yl\u00f6stalo tutkii tiedon, talouden, tasa-arvon ja politiikan suhteita. H\u00e4nen ty\u00f6ss\u00e4\u00e4n yhdistyv\u00e4t tutkimus ja feministinen kansalaisaktivismi, ja h\u00e4n osallistuu aktiivisesti taloutta ja talouspolitiikkaa koskevaan yhteiskunnalliseen keskusteluun tutkimuksensa pohjalta. Yl\u00f6stalo on kehitt\u00e4nyt yhdess\u00e4 Anna Elom\u00e4en kanssa my\u00f6s sukupuolitietoisen budjetoinnin mallia Suomen valtionhallintoon. Yl\u00f6stalo toimii yhdess\u00e4 Elom\u00e4en kanssa<a href=\"https:\/\/journal.fi\/poliittinentalous\" target=\"_blank\" rel=\"noreferrer noopener\"> <em>Poliittinen talous<\/em><\/a> -lehden p\u00e4\u00e4toimittajana. FEMTIE-hankkeessa Yl\u00f6staloa innostaa erityisesti talouden ajatteleminen feministisesti yhdess\u00e4 muiden toisinajattelijoiden kanssa. Vapaa-ajallaan Yl\u00f6stalo harrastaa liikuntaa tanssista hiihtoon, yleisi\u00e4 saunoja ja j\u00e4rviuintia sek\u00e4 kirjallisuutta kaikissa muodoissa.&nbsp;<\/p>\n\n\n\n<p><\/p>\n\n\n<div class=\"wp-block-image is-style-rounded\">\n<figure class=\"aligncenter size-medium\"><img loading=\"lazy\" decoding=\"async\" width=\"240\" height=\"300\" src=\"https:\/\/blogit.utu.fi\/femtie\/wp-content\/uploads\/sites\/591\/2021\/03\/emma-lamberg-240x300.jpg\" alt=\"\" class=\"wp-image-447\" srcset=\"https:\/\/blogit.utu.fi\/femtie\/wp-content\/uploads\/sites\/591\/2021\/03\/emma-lamberg-240x300.jpg 240w, https:\/\/blogit.utu.fi\/femtie\/wp-content\/uploads\/sites\/591\/2021\/03\/emma-lamberg-819x1024.jpg 819w, https:\/\/blogit.utu.fi\/femtie\/wp-content\/uploads\/sites\/591\/2021\/03\/emma-lamberg-768x960.jpg 768w, https:\/\/blogit.utu.fi\/femtie\/wp-content\/uploads\/sites\/591\/2021\/03\/emma-lamberg-1229x1536.jpg 1229w, https:\/\/blogit.utu.fi\/femtie\/wp-content\/uploads\/sites\/591\/2021\/03\/emma-lamberg-1638x2048.jpg 1638w, https:\/\/blogit.utu.fi\/femtie\/wp-content\/uploads\/sites\/591\/2021\/03\/emma-lamberg-700x875.jpg 700w, https:\/\/blogit.utu.fi\/femtie\/wp-content\/uploads\/sites\/591\/2021\/03\/emma-lamberg-410x513.jpg 410w, https:\/\/blogit.utu.fi\/femtie\/wp-content\/uploads\/sites\/591\/2021\/03\/emma-lamberg-100x125.jpg 100w, https:\/\/blogit.utu.fi\/femtie\/wp-content\/uploads\/sites\/591\/2021\/03\/emma-lamberg-275x344.jpg 275w, https:\/\/blogit.utu.fi\/femtie\/wp-content\/uploads\/sites\/591\/2021\/03\/emma-lamberg-scaled.jpg 2048w\" sizes=\"auto, (max-width: 240px) 100vw, 240px\" \/><\/figure><\/div>\n\n\n<p><br><strong><a href=\"https:\/\/emmalamberg.com\/\">VTT Emma Lamberg<\/a><\/strong> toimii hankkeessa tutkijatohtorina. Lambergin osaamisalueisiin lukeutuvat ty\u00f6n ja politiikan sosiologia, feministinen teoria sek\u00e4 yhteiskunnallisen eriarvoisuuden laadullinen tutkimus. FEMTIE-hankkeessa Lamberg keskittyy etenkin uusintavan ty\u00f6n ja talouden kysymyksiin sek\u00e4 hoivan poliittiseen talouteen. Vapaa-ajallaan h\u00e4n juoksee mets\u00e4poluilla ja lukee kaunokirjallisuutta.<\/p>\n\n\n<div class=\"wp-block-image is-style-rounded\">\n<figure class=\"aligncenter size-medium\"><img loading=\"lazy\" decoding=\"async\" width=\"200\" height=\"300\" src=\"https:\/\/blogit.utu.fi\/femtie\/wp-content\/uploads\/sites\/591\/2021\/03\/heini-kinnunen-200x300.jpg\" alt=\"\" class=\"wp-image-453\" srcset=\"https:\/\/blogit.utu.fi\/femtie\/wp-content\/uploads\/sites\/591\/2021\/03\/heini-kinnunen-200x300.jpg 200w, https:\/\/blogit.utu.fi\/femtie\/wp-content\/uploads\/sites\/591\/2021\/03\/heini-kinnunen-683x1024.jpg 683w, https:\/\/blogit.utu.fi\/femtie\/wp-content\/uploads\/sites\/591\/2021\/03\/heini-kinnunen-768x1152.jpg 768w, https:\/\/blogit.utu.fi\/femtie\/wp-content\/uploads\/sites\/591\/2021\/03\/heini-kinnunen-1024x1536.jpg 1024w, https:\/\/blogit.utu.fi\/femtie\/wp-content\/uploads\/sites\/591\/2021\/03\/heini-kinnunen-1365x2048.jpg 1365w, https:\/\/blogit.utu.fi\/femtie\/wp-content\/uploads\/sites\/591\/2021\/03\/heini-kinnunen-700x1050.jpg 700w, https:\/\/blogit.utu.fi\/femtie\/wp-content\/uploads\/sites\/591\/2021\/03\/heini-kinnunen-410x615.jpg 410w, https:\/\/blogit.utu.fi\/femtie\/wp-content\/uploads\/sites\/591\/2021\/03\/heini-kinnunen-100x150.jpg 100w, https:\/\/blogit.utu.fi\/femtie\/wp-content\/uploads\/sites\/591\/2021\/03\/heini-kinnunen-275x413.jpg 275w, https:\/\/blogit.utu.fi\/femtie\/wp-content\/uploads\/sites\/591\/2021\/03\/heini-kinnunen.jpg 1422w\" sizes=\"auto, (max-width: 200px) 100vw, 200px\" \/><\/figure><\/div>\n\n\n<p><\/p>\n\n\n\n<p><strong>FT Heini Kinnunen<\/strong> toimii hankkeessa tutkijana. Sukupuolentutkimuksesta vuonna 2019 v\u00e4itelleell\u00e4 Kinnusella on laaja asiantuntemus feministiseen liikkeeseen ja politiikkaan, sek\u00e4 demokratiateoriaan liittyviss\u00e4 kysymyksiss\u00e4. Julkisuuden k\u00e4sitett\u00e4 tarkastelevan v\u00e4it\u00f6skirjansa kautta Kinnusella on osaamista poliittiseen julkisuuteen liittyvien ilmi\u00f6iden tarkastelijana, k\u00e4sitteiden poliittisuutta ja historiallisuutta korostavana tutkijana, ja taloutta koskevien feminististen poliittisten diskurssien ymm\u00e4rt\u00e4j\u00e4n\u00e4. Lis\u00e4ksi Kinnusella on sosiaality\u00f6n osaamista. FEMTIE-hankkeessa Kinnunen tarkastelee erityisesti tietoon ja politiikkaan liittyvi\u00e4 diskursiivisia kamppailuja poliittisessa julkisuudessa ja pyrkii nostamaan esiin feminististen toimijoiden kokemuksia ja n\u00e4kemyksi\u00e4 julkisuudessa toimimisesta. Kinnusen vapaa-aika kuluu perheen kanssa ulkoillen, musisoinnin ja piirtelyn parissa sek\u00e4 yst\u00e4vien seurassa.<\/p>\n\n\n\n<p><\/p>\n\n\n<div class=\"wp-block-image is-style-rounded\">\n<figure class=\"aligncenter size-medium\"><img loading=\"lazy\" decoding=\"async\" width=\"240\" height=\"300\" src=\"https:\/\/blogit.utu.fi\/femtie\/wp-content\/uploads\/sites\/591\/2021\/03\/inna-perheentupa-2-240x300.jpg\" alt=\"\" class=\"wp-image-513\" srcset=\"https:\/\/blogit.utu.fi\/femtie\/wp-content\/uploads\/sites\/591\/2021\/03\/inna-perheentupa-2-240x300.jpg 240w, https:\/\/blogit.utu.fi\/femtie\/wp-content\/uploads\/sites\/591\/2021\/03\/inna-perheentupa-2-819x1024.jpg 819w, https:\/\/blogit.utu.fi\/femtie\/wp-content\/uploads\/sites\/591\/2021\/03\/inna-perheentupa-2-768x960.jpg 768w, https:\/\/blogit.utu.fi\/femtie\/wp-content\/uploads\/sites\/591\/2021\/03\/inna-perheentupa-2-1229x1536.jpg 1229w, https:\/\/blogit.utu.fi\/femtie\/wp-content\/uploads\/sites\/591\/2021\/03\/inna-perheentupa-2-1639x2048.jpg 1639w, https:\/\/blogit.utu.fi\/femtie\/wp-content\/uploads\/sites\/591\/2021\/03\/inna-perheentupa-2-700x875.jpg 700w, https:\/\/blogit.utu.fi\/femtie\/wp-content\/uploads\/sites\/591\/2021\/03\/inna-perheentupa-2-410x512.jpg 410w, https:\/\/blogit.utu.fi\/femtie\/wp-content\/uploads\/sites\/591\/2021\/03\/inna-perheentupa-2-100x125.jpg 100w, https:\/\/blogit.utu.fi\/femtie\/wp-content\/uploads\/sites\/591\/2021\/03\/inna-perheentupa-2-275x344.jpg 275w, https:\/\/blogit.utu.fi\/femtie\/wp-content\/uploads\/sites\/591\/2021\/03\/inna-perheentupa-2-scaled.jpg 2048w\" sizes=\"auto, (max-width: 240px) 100vw, 240px\" \/><\/figure><\/div>\n\n\n<p><strong>VTT Inna Perheentupa<\/strong> on erikoistunut tutkimuksessaan poliittiseen sosiologiaan ja feministiseen politiikkaan sek\u00e4 tiedontuotantoa ja siihen liittyv\u00e4\u00e4 vallank\u00e4ytt\u00f6\u00e4 koskeviin kysymyksiin. Ennen tutkimusty\u00f6h\u00f6n tarttumista h\u00e4n ehti ty\u00f6skennell\u00e4 toimittajana, tuottajana ja kolmannen sektorin teht\u00e4viss\u00e4 erityisesti ihmisoikeuksien parissa. Ehk\u00e4 t\u00e4h\u00e4n liittyen h\u00e4n onkin tekij\u00e4n\u00e4 erityisen kiinnostunut tutkijuuden ja muun yhteiskunnallisen toimijuuden yhdist\u00e4misest\u00e4. H\u00e4n osallistuukin FEMTIEss\u00e4 juuri t\u00e4llaiseen rajapinnat ylitt\u00e4v\u00e4\u00e4n ty\u00f6h\u00f6n, ja on mukana eritoten uudenlaisten kansalaisvaikuttamisen tapojen tuottamisessa. Perheentuvan artikkeleita on julkaistu <em>European Journal of Women\u2019s Studiesissa<\/em>, <em>International Feminist Journal of Politicsissa<\/em>, <em>Kulttuurintutkimuksessa<\/em> sek\u00e4 kokoelmateoksissa. H\u00e4nen v\u00e4it\u00f6skirjansa <em>Feminist Politics in Neoconservative Russia<\/em> (2019) pohjalta julkaistaan pian kirja (Bristol University Press, 2021). H\u00e4n on my\u00f6s yksi&nbsp; <em>Assembling Therapeutics. Cultures, Politics and Materiality <\/em>(Routledge, 2019) -kokoelmateoksen toimittajista.<\/p>\n\n\n\n<p><\/p>\n\n\n\n<p class=\"has-vivid-red-color has-text-color\"><strong>Tutkijoiden yhteystiedot: etunimi.sukunimi@utu.fi<\/strong>.<\/p>\n","protected":false},"excerpt":{"rendered":"<p>YTT, dosentti, sosiologian yliopistonlehtori Hanna Yl\u00f6stalo toimii hankkeen vastuullisena johtajana. Yl\u00f6stalo tutkii tiedon, talouden, tasa-arvon ja politiikan suhteita. H\u00e4nen ty\u00f6ss\u00e4\u00e4n yhdistyv\u00e4t tutkimus ja feministinen kansalaisaktivismi, ja h\u00e4n osallistuu aktiivisesti taloutta ja talouspolitiikkaa koskevaan yhteiskunnalliseen keskusteluun tutkimuksensa pohjalta. Yl\u00f6stalo on kehitt\u00e4nyt yhdess\u00e4 Anna Elom\u00e4en kanssa my\u00f6s sukupuolitietoisen budjetoinnin mallia Suomen valtionhallintoon. Yl\u00f6stalo toimii yhdess\u00e4 Elom\u00e4en kanssa [&hellip;]<\/p>\n","protected":false},"author":2568,"featured_media":0,"parent":0,"menu_order":0,"comment_status":"closed","ping_status":"closed","template":"","meta":{"footnotes":""},"class_list":["post-228","page","type-page","status-publish","hentry"],"yoast_head":"<!-- This site is optimized with the Yoast SEO plugin v27.3 - https:\/\/yoast.com\/product\/yoast-seo-wordpress\/ -->\n<title>Tutkijat - FEMTIE<\/title>\n<meta name=\"robots\" content=\"index, follow, max-snippet:-1, max-image-preview:large, max-video-preview:-1\" \/>\n<link rel=\"canonical\" href=\"https:\/\/blogit.utu.fi\/femtie\/tutkijat\/\" \/>\n<meta property=\"og:locale\" content=\"fi_FI\" \/>\n<meta property=\"og:type\" content=\"article\" \/>\n<meta property=\"og:title\" content=\"Tutkijat - FEMTIE\" \/>\n<meta property=\"og:description\" content=\"YTT, dosentti, sosiologian yliopistonlehtori Hanna Yl\u00f6stalo toimii hankkeen vastuullisena johtajana. Yl\u00f6stalo tutkii tiedon, talouden, tasa-arvon ja politiikan suhteita. H\u00e4nen ty\u00f6ss\u00e4\u00e4n yhdistyv\u00e4t tutkimus ja feministinen kansalaisaktivismi, ja h\u00e4n osallistuu aktiivisesti taloutta ja talouspolitiikkaa koskevaan yhteiskunnalliseen keskusteluun tutkimuksensa pohjalta. Yl\u00f6stalo on kehitt\u00e4nyt yhdess\u00e4 Anna Elom\u00e4en kanssa my\u00f6s sukupuolitietoisen budjetoinnin mallia Suomen valtionhallintoon. Yl\u00f6stalo toimii yhdess\u00e4 Elom\u00e4en kanssa [&hellip;]\" \/>\n<meta property=\"og:url\" content=\"https:\/\/blogit.utu.fi\/femtie\/tutkijat\/\" \/>\n<meta property=\"og:site_name\" content=\"FEMTIE\" \/>\n<meta property=\"article:modified_time\" content=\"2024-10-04T06:39:16+00:00\" \/>\n<meta property=\"og:image\" content=\"https:\/\/blogit.utu.fi\/femtie\/wp-content\/uploads\/sites\/591\/2021\/03\/hanna-ylostalo-300x200.png\" \/>\n<meta name=\"twitter:card\" content=\"summary_large_image\" \/>\n<meta name=\"twitter:label1\" content=\"Arvioitu lukuaika\" \/>\n\t<meta name=\"twitter:data1\" content=\"3 minuuttia\" \/>\n<script type=\"application\/ld+json\" class=\"yoast-schema-graph\">{\"@context\":\"https:\\\/\\\/schema.org\",\"@graph\":[{\"@type\":\"WebPage\",\"@id\":\"https:\\\/\\\/blogit.utu.fi\\\/femtie\\\/tutkijat\\\/\",\"url\":\"https:\\\/\\\/blogit.utu.fi\\\/femtie\\\/tutkijat\\\/\",\"name\":\"Tutkijat - FEMTIE\",\"isPartOf\":{\"@id\":\"https:\\\/\\\/blogit.utu.fi\\\/femtie\\\/#website\"},\"primaryImageOfPage\":{\"@id\":\"https:\\\/\\\/blogit.utu.fi\\\/femtie\\\/tutkijat\\\/#primaryimage\"},\"image\":{\"@id\":\"https:\\\/\\\/blogit.utu.fi\\\/femtie\\\/tutkijat\\\/#primaryimage\"},\"thumbnailUrl\":\"https:\\\/\\\/blogit.utu.fi\\\/femtie\\\/wp-content\\\/uploads\\\/sites\\\/591\\\/2021\\\/03\\\/hanna-ylostalo-300x200.png\",\"datePublished\":\"2021-03-15T22:33:32+00:00\",\"dateModified\":\"2024-10-04T06:39:16+00:00\",\"breadcrumb\":{\"@id\":\"https:\\\/\\\/blogit.utu.fi\\\/femtie\\\/tutkijat\\\/#breadcrumb\"},\"inLanguage\":\"fi\",\"potentialAction\":[{\"@type\":\"ReadAction\",\"target\":[\"https:\\\/\\\/blogit.utu.fi\\\/femtie\\\/tutkijat\\\/\"]}]},{\"@type\":\"ImageObject\",\"inLanguage\":\"fi\",\"@id\":\"https:\\\/\\\/blogit.utu.fi\\\/femtie\\\/tutkijat\\\/#primaryimage\",\"url\":\"https:\\\/\\\/blogit.utu.fi\\\/femtie\\\/wp-content\\\/uploads\\\/sites\\\/591\\\/2021\\\/03\\\/hanna-ylostalo.png\",\"contentUrl\":\"https:\\\/\\\/blogit.utu.fi\\\/femtie\\\/wp-content\\\/uploads\\\/sites\\\/591\\\/2021\\\/03\\\/hanna-ylostalo.png\",\"width\":2126,\"height\":1415},{\"@type\":\"BreadcrumbList\",\"@id\":\"https:\\\/\\\/blogit.utu.fi\\\/femtie\\\/tutkijat\\\/#breadcrumb\",\"itemListElement\":[{\"@type\":\"ListItem\",\"position\":1,\"name\":\"Etusivu\",\"item\":\"https:\\\/\\\/blogit.utu.fi\\\/femtie\\\/\"},{\"@type\":\"ListItem\",\"position\":2,\"name\":\"Tutkijat\"}]},{\"@type\":\"WebSite\",\"@id\":\"https:\\\/\\\/blogit.utu.fi\\\/femtie\\\/#website\",\"url\":\"https:\\\/\\\/blogit.utu.fi\\\/femtie\\\/\",\"name\":\"FEMTIE\",\"description\":\"\",\"potentialAction\":[{\"@type\":\"SearchAction\",\"target\":{\"@type\":\"EntryPoint\",\"urlTemplate\":\"https:\\\/\\\/blogit.utu.fi\\\/femtie\\\/?s={search_term_string}\"},\"query-input\":{\"@type\":\"PropertyValueSpecification\",\"valueRequired\":true,\"valueName\":\"search_term_string\"}}],\"inLanguage\":\"fi\"}]}<\/script>\n<!-- \/ Yoast SEO plugin. -->","yoast_head_json":{"title":"Tutkijat - FEMTIE","robots":{"index":"index","follow":"follow","max-snippet":"max-snippet:-1","max-image-preview":"max-image-preview:large","max-video-preview":"max-video-preview:-1"},"canonical":"https:\/\/blogit.utu.fi\/femtie\/tutkijat\/","og_locale":"fi_FI","og_type":"article","og_title":"Tutkijat - FEMTIE","og_description":"YTT, dosentti, sosiologian yliopistonlehtori Hanna Yl\u00f6stalo toimii hankkeen vastuullisena johtajana. Yl\u00f6stalo tutkii tiedon, talouden, tasa-arvon ja politiikan suhteita. H\u00e4nen ty\u00f6ss\u00e4\u00e4n yhdistyv\u00e4t tutkimus ja feministinen kansalaisaktivismi, ja h\u00e4n osallistuu aktiivisesti taloutta ja talouspolitiikkaa koskevaan yhteiskunnalliseen keskusteluun tutkimuksensa pohjalta. Yl\u00f6stalo on kehitt\u00e4nyt yhdess\u00e4 Anna Elom\u00e4en kanssa my\u00f6s sukupuolitietoisen budjetoinnin mallia Suomen valtionhallintoon. Yl\u00f6stalo toimii yhdess\u00e4 Elom\u00e4en kanssa [&hellip;]","og_url":"https:\/\/blogit.utu.fi\/femtie\/tutkijat\/","og_site_name":"FEMTIE","article_modified_time":"2024-10-04T06:39:16+00:00","og_image":[{"url":"https:\/\/blogit.utu.fi\/femtie\/wp-content\/uploads\/sites\/591\/2021\/03\/hanna-ylostalo-300x200.png","type":"","width":"","height":""}],"twitter_card":"summary_large_image","twitter_misc":{"Arvioitu lukuaika":"3 minuuttia"},"schema":{"@context":"https:\/\/schema.org","@graph":[{"@type":"WebPage","@id":"https:\/\/blogit.utu.fi\/femtie\/tutkijat\/","url":"https:\/\/blogit.utu.fi\/femtie\/tutkijat\/","name":"Tutkijat - FEMTIE","isPartOf":{"@id":"https:\/\/blogit.utu.fi\/femtie\/#website"},"primaryImageOfPage":{"@id":"https:\/\/blogit.utu.fi\/femtie\/tutkijat\/#primaryimage"},"image":{"@id":"https:\/\/blogit.utu.fi\/femtie\/tutkijat\/#primaryimage"},"thumbnailUrl":"https:\/\/blogit.utu.fi\/femtie\/wp-content\/uploads\/sites\/591\/2021\/03\/hanna-ylostalo-300x200.png","datePublished":"2021-03-15T22:33:32+00:00","dateModified":"2024-10-04T06:39:16+00:00","breadcrumb":{"@id":"https:\/\/blogit.utu.fi\/femtie\/tutkijat\/#breadcrumb"},"inLanguage":"fi","potentialAction":[{"@type":"ReadAction","target":["https:\/\/blogit.utu.fi\/femtie\/tutkijat\/"]}]},{"@type":"ImageObject","inLanguage":"fi","@id":"https:\/\/blogit.utu.fi\/femtie\/tutkijat\/#primaryimage","url":"https:\/\/blogit.utu.fi\/femtie\/wp-content\/uploads\/sites\/591\/2021\/03\/hanna-ylostalo.png","contentUrl":"https:\/\/blogit.utu.fi\/femtie\/wp-content\/uploads\/sites\/591\/2021\/03\/hanna-ylostalo.png","width":2126,"height":1415},{"@type":"BreadcrumbList","@id":"https:\/\/blogit.utu.fi\/femtie\/tutkijat\/#breadcrumb","itemListElement":[{"@type":"ListItem","position":1,"name":"Etusivu","item":"https:\/\/blogit.utu.fi\/femtie\/"},{"@type":"ListItem","position":2,"name":"Tutkijat"}]},{"@type":"WebSite","@id":"https:\/\/blogit.utu.fi\/femtie\/#website","url":"https:\/\/blogit.utu.fi\/femtie\/","name":"FEMTIE","description":"","potentialAction":[{"@type":"SearchAction","target":{"@type":"EntryPoint","urlTemplate":"https:\/\/blogit.utu.fi\/femtie\/?s={search_term_string}"},"query-input":{"@type":"PropertyValueSpecification","valueRequired":true,"valueName":"search_term_string"}}],"inLanguage":"fi"}]}},"_links":{"self":[{"href":"https:\/\/blogit.utu.fi\/femtie\/wp-json\/wp\/v2\/pages\/228","targetHints":{"allow":["GET"]}}],"collection":[{"href":"https:\/\/blogit.utu.fi\/femtie\/wp-json\/wp\/v2\/pages"}],"about":[{"href":"https:\/\/blogit.utu.fi\/femtie\/wp-json\/wp\/v2\/types\/page"}],"author":[{"embeddable":true,"href":"https:\/\/blogit.utu.fi\/femtie\/wp-json\/wp\/v2\/users\/2568"}],"replies":[{"embeddable":true,"href":"https:\/\/blogit.utu.fi\/femtie\/wp-json\/wp\/v2\/comments?post=228"}],"version-history":[{"count":23,"href":"https:\/\/blogit.utu.fi\/femtie\/wp-json\/wp\/v2\/pages\/228\/revisions"}],"predecessor-version":[{"id":1182,"href":"https:\/\/blogit.utu.fi\/femtie\/wp-json\/wp\/v2\/pages\/228\/revisions\/1182"}],"wp:attachment":[{"href":"https:\/\/blogit.utu.fi\/femtie\/wp-json\/wp\/v2\/media?parent=228"}],"curies":[{"name":"wp","href":"https:\/\/api.w.org\/{rel}","templated":true}]}}