{"id":243,"date":"2021-03-15T22:35:10","date_gmt":"2021-03-15T22:35:10","guid":{"rendered":"https:\/\/blogit.utu.fi\/femtie\/?page_id=243"},"modified":"2021-03-26T11:23:48","modified_gmt":"2021-03-26T11:23:48","slug":"etusivu","status":"publish","type":"page","link":"https:\/\/blogit.utu.fi\/femtie\/","title":{"rendered":"FEMTIE"},"content":{"rendered":"\n<p><strong>Tasa-arvoa taloustietoon, feminismi\u00e4 finanssipolitiikkaan \u2013 Feministisen tiedon ja politiikan j\u00e4nnitteet strategisessa valtiossa (FEMTIE) tutkii tiedon, politiikan ja demokratian j\u00e4nnitteisi\u00e4 suhteita.&nbsp;<\/strong><\/p>\n\n\n\n<p>Tietopohjaisuudesta on tullut politiikan leimallisimpia ihanteita 2000-luvulla Suomessa ja kansainv\u00e4lisesti. FEMTIE-hanke puolustaa tutkitun tiedon merkityst\u00e4 politiikassa, mutta kiinnitt\u00e4\u00e4 huomiota tiedon, politiikan ja demokratian j\u00e4nnitteisiin suhteisiin. Politiikassa on kyse arvoista ja ideologioista, ja tiet\u00e4minen \u2013 mist\u00e4 tiedet\u00e4\u00e4n, mit\u00e4 tiedet\u00e4\u00e4n, kuka tiet\u00e4\u00e4 ja miten tiedon perusteella p\u00e4\u00e4tet\u00e4\u00e4n toimia \u2013 kytkeytyy poliittisiin valtakamppailuihin. Siksi FEMTIE kysyy: miten tiedon ja asiantuntijuuden merkityksen korostuminen politiikassa muuttaa poliittisen vaikuttamisen ehtoja ja mahdollisuuksia?<\/p>\n\n\n\n<p>FEMTIE ottaa kohteekseen ajankohtaisen poliittisten kamppailujen alueen: talouspolitiikan ja taloutta koskevan tiedon ja niiden feministisen kritiikin. Feministit ovat kehitt\u00e4neet tiedon ja asiantuntijuuden avulla keinoja purkaa talouspolitiikan ja taloutta koskevan tiedon valtaa. Feministist\u00e4 politiikkaa tutkimalla FEMTIE tuo n\u00e4kyv\u00e4ksi vaihtoehtoja vallitsevalle talousajattelulle. Samalla se katsoo feministist\u00e4 politiikkaa kriittisesti ja pohtii, miten asiantuntijavetoisuus sys\u00e4\u00e4 kansalaisyhteiskunnan toimijoita sivuun vaikuttamisen areenoilta. FEMTIE yhdist\u00e4\u00e4 teorian ja toiminnan etsim\u00e4ll\u00e4 kansalaisyhteiskunnan toimijoiden kanssa demokraattisempia toisin tiet\u00e4misen ja vaikuttamisen tapoja.<\/p>\n\n\n\n<p><strong>FEMTIE-hanke alkoi 1.1.2021 ja p\u00e4\u00e4ttyy 30.6.2024.&nbsp;<\/strong><\/p>\n\n\n\n<p>FEMTIE-hanke toteutetaan Turun yliopiston sosiaalitieteiden laitoksella, sosiologian oppiaineessa. Hanketta rahoittaa Koneen S\u00e4\u00e4ti\u00f6.<\/p>\n\n\n\n<p class=\"has-vivid-red-color has-text-color has-normal-font-size\"><strong>Mit\u00e4 teemme?<\/strong><\/p>\n\n\n\n<div class=\"wp-block-group\"><div class=\"wp-block-group__inner-container is-layout-flow wp-block-group-is-layout-flow\">\n<ul class=\"wp-block-list\"><li><strong>Tutkimme tiedon, asiantuntijuuden ja politiikan j\u00e4nnitteist\u00e4 suhdetta<\/strong><\/li><li><strong>Otamme kohteeksi erityisesti talouden ja taloutta koskevan tiedon<\/strong><\/li><li><strong>Etsimme feministisen tiedon ja politiikan avulla vaihtoehtoisia tapoja ajatella taloutta<\/strong><\/li><li><strong>Kokeilemme yhdess\u00e4 kansalaisyhteiskunnan toimijoiden kanssa uudenlaisia poliittisen vaikuttamisen tapoja<\/strong><\/li><\/ul>\n\n\n\n<p><\/p>\n<\/div><\/div>\n\n\n\n<p><\/p>\n\n\n\n<div class=\"wp-block-image\"><figure class=\"alignleft size-medium is-resized\"><img loading=\"lazy\" decoding=\"async\" src=\"https:\/\/blogit.utu.fi\/femtie\/wp-content\/uploads\/sites\/591\/2021\/03\/Pinkki-logo-pdf-300x113.png\" alt=\"Koneen s\u00e4\u00e4ti\u00f6n logo\" class=\"wp-image-534\" width=\"278\" height=\"105\" srcset=\"https:\/\/blogit.utu.fi\/femtie\/wp-content\/uploads\/sites\/591\/2021\/03\/Pinkki-logo-pdf-300x113.png 300w, https:\/\/blogit.utu.fi\/femtie\/wp-content\/uploads\/sites\/591\/2021\/03\/Pinkki-logo-pdf-1024x386.png 1024w, https:\/\/blogit.utu.fi\/femtie\/wp-content\/uploads\/sites\/591\/2021\/03\/Pinkki-logo-pdf-768x289.png 768w, https:\/\/blogit.utu.fi\/femtie\/wp-content\/uploads\/sites\/591\/2021\/03\/Pinkki-logo-pdf-1536x578.png 1536w, https:\/\/blogit.utu.fi\/femtie\/wp-content\/uploads\/sites\/591\/2021\/03\/Pinkki-logo-pdf-2048x771.png 2048w, https:\/\/blogit.utu.fi\/femtie\/wp-content\/uploads\/sites\/591\/2021\/03\/Pinkki-logo-pdf-700x264.png 700w, https:\/\/blogit.utu.fi\/femtie\/wp-content\/uploads\/sites\/591\/2021\/03\/Pinkki-logo-pdf-410x154.png 410w, https:\/\/blogit.utu.fi\/femtie\/wp-content\/uploads\/sites\/591\/2021\/03\/Pinkki-logo-pdf-100x38.png 100w, https:\/\/blogit.utu.fi\/femtie\/wp-content\/uploads\/sites\/591\/2021\/03\/Pinkki-logo-pdf-275x104.png 275w\" sizes=\"auto, (max-width: 278px) 100vw, 278px\" \/><\/figure><\/div>\n\n\n\n<div class=\"wp-block-image\"><figure class=\"alignleft size-medium\"><img loading=\"lazy\" decoding=\"async\" width=\"300\" height=\"122\" src=\"https:\/\/blogit.utu.fi\/femtie\/wp-content\/uploads\/sites\/591\/2021\/03\/UTU_logo_FI_RGB-300x122.png\" alt=\"Turun yliopiston logo\" class=\"wp-image-537\" srcset=\"https:\/\/blogit.utu.fi\/femtie\/wp-content\/uploads\/sites\/591\/2021\/03\/UTU_logo_FI_RGB-300x122.png 300w, https:\/\/blogit.utu.fi\/femtie\/wp-content\/uploads\/sites\/591\/2021\/03\/UTU_logo_FI_RGB-768x312.png 768w, https:\/\/blogit.utu.fi\/femtie\/wp-content\/uploads\/sites\/591\/2021\/03\/UTU_logo_FI_RGB-700x284.png 700w, https:\/\/blogit.utu.fi\/femtie\/wp-content\/uploads\/sites\/591\/2021\/03\/UTU_logo_FI_RGB-410x166.png 410w, https:\/\/blogit.utu.fi\/femtie\/wp-content\/uploads\/sites\/591\/2021\/03\/UTU_logo_FI_RGB-100x41.png 100w, https:\/\/blogit.utu.fi\/femtie\/wp-content\/uploads\/sites\/591\/2021\/03\/UTU_logo_FI_RGB-275x112.png 275w, https:\/\/blogit.utu.fi\/femtie\/wp-content\/uploads\/sites\/591\/2021\/03\/UTU_logo_FI_RGB.png 774w\" sizes=\"auto, (max-width: 300px) 100vw, 300px\" \/><\/figure><\/div>\n","protected":false},"excerpt":{"rendered":"<p>Tasa-arvoa taloustietoon, feminismi\u00e4 finanssipolitiikkaan \u2013 Feministisen tiedon ja politiikan j\u00e4nnitteet strategisessa valtiossa (FEMTIE) tutkii tiedon, politiikan ja demokratian j\u00e4nnitteisi\u00e4 suhteita.&nbsp; Tietopohjaisuudesta on tullut politiikan leimallisimpia ihanteita 2000-luvulla Suomessa ja kansainv\u00e4lisesti. FEMTIE-hanke puolustaa tutkitun tiedon merkityst\u00e4 politiikassa, mutta kiinnitt\u00e4\u00e4 huomiota tiedon, politiikan ja demokratian j\u00e4nnitteisiin suhteisiin. Politiikassa on kyse arvoista ja ideologioista, ja tiet\u00e4minen \u2013 mist\u00e4 [&hellip;]<\/p>\n","protected":false},"author":2568,"featured_media":0,"parent":0,"menu_order":0,"comment_status":"closed","ping_status":"closed","template":"","meta":{"footnotes":""},"class_list":["post-243","page","type-page","status-publish","hentry"],"yoast_head":"<!-- This site is optimized with the Yoast SEO plugin v27.3 - https:\/\/yoast.com\/product\/yoast-seo-wordpress\/ -->\n<title>FEMTIE - FEMTIE<\/title>\n<meta name=\"robots\" content=\"index, follow, max-snippet:-1, max-image-preview:large, max-video-preview:-1\" \/>\n<link rel=\"canonical\" href=\"https:\/\/blogit.utu.fi\/femtie\/\" \/>\n<meta property=\"og:locale\" content=\"fi_FI\" \/>\n<meta property=\"og:type\" content=\"article\" \/>\n<meta property=\"og:title\" content=\"FEMTIE - FEMTIE\" \/>\n<meta property=\"og:description\" content=\"Tasa-arvoa taloustietoon, feminismi\u00e4 finanssipolitiikkaan \u2013 Feministisen tiedon ja politiikan j\u00e4nnitteet strategisessa valtiossa (FEMTIE) tutkii tiedon, politiikan ja demokratian j\u00e4nnitteisi\u00e4 suhteita.&nbsp; Tietopohjaisuudesta on tullut politiikan leimallisimpia ihanteita 2000-luvulla Suomessa ja kansainv\u00e4lisesti. FEMTIE-hanke puolustaa tutkitun tiedon merkityst\u00e4 politiikassa, mutta kiinnitt\u00e4\u00e4 huomiota tiedon, politiikan ja demokratian j\u00e4nnitteisiin suhteisiin. Politiikassa on kyse arvoista ja ideologioista, ja tiet\u00e4minen \u2013 mist\u00e4 [&hellip;]\" \/>\n<meta property=\"og:url\" content=\"https:\/\/blogit.utu.fi\/femtie\/\" \/>\n<meta property=\"og:site_name\" content=\"FEMTIE\" \/>\n<meta property=\"article:modified_time\" content=\"2021-03-26T11:23:48+00:00\" \/>\n<meta property=\"og:image\" content=\"https:\/\/blogit.utu.fi\/femtie\/wp-content\/uploads\/sites\/591\/2021\/03\/Pinkki-logo-pdf-300x113.png\" \/>\n<meta name=\"twitter:card\" content=\"summary_large_image\" \/>\n<meta name=\"twitter:label1\" content=\"Arvioitu lukuaika\" \/>\n\t<meta name=\"twitter:data1\" content=\"1 minuutti\" \/>\n<script type=\"application\/ld+json\" class=\"yoast-schema-graph\">{\"@context\":\"https:\\\/\\\/schema.org\",\"@graph\":[{\"@type\":\"WebPage\",\"@id\":\"https:\\\/\\\/blogit.utu.fi\\\/femtie\\\/\",\"url\":\"https:\\\/\\\/blogit.utu.fi\\\/femtie\\\/\",\"name\":\"FEMTIE - FEMTIE\",\"isPartOf\":{\"@id\":\"https:\\\/\\\/blogit.utu.fi\\\/femtie\\\/#website\"},\"primaryImageOfPage\":{\"@id\":\"https:\\\/\\\/blogit.utu.fi\\\/femtie\\\/#primaryimage\"},\"image\":{\"@id\":\"https:\\\/\\\/blogit.utu.fi\\\/femtie\\\/#primaryimage\"},\"thumbnailUrl\":\"https:\\\/\\\/blogit.utu.fi\\\/femtie\\\/wp-content\\\/uploads\\\/sites\\\/591\\\/2021\\\/03\\\/Pinkki-logo-pdf-300x113.png\",\"datePublished\":\"2021-03-15T22:35:10+00:00\",\"dateModified\":\"2021-03-26T11:23:48+00:00\",\"breadcrumb\":{\"@id\":\"https:\\\/\\\/blogit.utu.fi\\\/femtie\\\/#breadcrumb\"},\"inLanguage\":\"fi\",\"potentialAction\":[{\"@type\":\"ReadAction\",\"target\":[\"https:\\\/\\\/blogit.utu.fi\\\/femtie\\\/\"]}]},{\"@type\":\"ImageObject\",\"inLanguage\":\"fi\",\"@id\":\"https:\\\/\\\/blogit.utu.fi\\\/femtie\\\/#primaryimage\",\"url\":\"https:\\\/\\\/blogit.utu.fi\\\/femtie\\\/wp-content\\\/uploads\\\/sites\\\/591\\\/2021\\\/03\\\/Pinkki-logo-pdf.png\",\"contentUrl\":\"https:\\\/\\\/blogit.utu.fi\\\/femtie\\\/wp-content\\\/uploads\\\/sites\\\/591\\\/2021\\\/03\\\/Pinkki-logo-pdf.png\",\"width\":2079,\"height\":783},{\"@type\":\"BreadcrumbList\",\"@id\":\"https:\\\/\\\/blogit.utu.fi\\\/femtie\\\/#breadcrumb\",\"itemListElement\":[{\"@type\":\"ListItem\",\"position\":1,\"name\":\"Etusivu\",\"item\":\"https:\\\/\\\/blogit.utu.fi\\\/femtie\\\/\"},{\"@type\":\"ListItem\",\"position\":2,\"name\":\"FEMTIE\"}]},{\"@type\":\"WebSite\",\"@id\":\"https:\\\/\\\/blogit.utu.fi\\\/femtie\\\/#website\",\"url\":\"https:\\\/\\\/blogit.utu.fi\\\/femtie\\\/\",\"name\":\"FEMTIE\",\"description\":\"\",\"potentialAction\":[{\"@type\":\"SearchAction\",\"target\":{\"@type\":\"EntryPoint\",\"urlTemplate\":\"https:\\\/\\\/blogit.utu.fi\\\/femtie\\\/?s={search_term_string}\"},\"query-input\":{\"@type\":\"PropertyValueSpecification\",\"valueRequired\":true,\"valueName\":\"search_term_string\"}}],\"inLanguage\":\"fi\"}]}<\/script>\n<!-- \/ Yoast SEO plugin. -->","yoast_head_json":{"title":"FEMTIE - FEMTIE","robots":{"index":"index","follow":"follow","max-snippet":"max-snippet:-1","max-image-preview":"max-image-preview:large","max-video-preview":"max-video-preview:-1"},"canonical":"https:\/\/blogit.utu.fi\/femtie\/","og_locale":"fi_FI","og_type":"article","og_title":"FEMTIE - FEMTIE","og_description":"Tasa-arvoa taloustietoon, feminismi\u00e4 finanssipolitiikkaan \u2013 Feministisen tiedon ja politiikan j\u00e4nnitteet strategisessa valtiossa (FEMTIE) tutkii tiedon, politiikan ja demokratian j\u00e4nnitteisi\u00e4 suhteita.&nbsp; Tietopohjaisuudesta on tullut politiikan leimallisimpia ihanteita 2000-luvulla Suomessa ja kansainv\u00e4lisesti. FEMTIE-hanke puolustaa tutkitun tiedon merkityst\u00e4 politiikassa, mutta kiinnitt\u00e4\u00e4 huomiota tiedon, politiikan ja demokratian j\u00e4nnitteisiin suhteisiin. Politiikassa on kyse arvoista ja ideologioista, ja tiet\u00e4minen \u2013 mist\u00e4 [&hellip;]","og_url":"https:\/\/blogit.utu.fi\/femtie\/","og_site_name":"FEMTIE","article_modified_time":"2021-03-26T11:23:48+00:00","og_image":[{"url":"https:\/\/blogit.utu.fi\/femtie\/wp-content\/uploads\/sites\/591\/2021\/03\/Pinkki-logo-pdf-300x113.png","type":"","width":"","height":""}],"twitter_card":"summary_large_image","twitter_misc":{"Arvioitu lukuaika":"1 minuutti"},"schema":{"@context":"https:\/\/schema.org","@graph":[{"@type":"WebPage","@id":"https:\/\/blogit.utu.fi\/femtie\/","url":"https:\/\/blogit.utu.fi\/femtie\/","name":"FEMTIE - FEMTIE","isPartOf":{"@id":"https:\/\/blogit.utu.fi\/femtie\/#website"},"primaryImageOfPage":{"@id":"https:\/\/blogit.utu.fi\/femtie\/#primaryimage"},"image":{"@id":"https:\/\/blogit.utu.fi\/femtie\/#primaryimage"},"thumbnailUrl":"https:\/\/blogit.utu.fi\/femtie\/wp-content\/uploads\/sites\/591\/2021\/03\/Pinkki-logo-pdf-300x113.png","datePublished":"2021-03-15T22:35:10+00:00","dateModified":"2021-03-26T11:23:48+00:00","breadcrumb":{"@id":"https:\/\/blogit.utu.fi\/femtie\/#breadcrumb"},"inLanguage":"fi","potentialAction":[{"@type":"ReadAction","target":["https:\/\/blogit.utu.fi\/femtie\/"]}]},{"@type":"ImageObject","inLanguage":"fi","@id":"https:\/\/blogit.utu.fi\/femtie\/#primaryimage","url":"https:\/\/blogit.utu.fi\/femtie\/wp-content\/uploads\/sites\/591\/2021\/03\/Pinkki-logo-pdf.png","contentUrl":"https:\/\/blogit.utu.fi\/femtie\/wp-content\/uploads\/sites\/591\/2021\/03\/Pinkki-logo-pdf.png","width":2079,"height":783},{"@type":"BreadcrumbList","@id":"https:\/\/blogit.utu.fi\/femtie\/#breadcrumb","itemListElement":[{"@type":"ListItem","position":1,"name":"Etusivu","item":"https:\/\/blogit.utu.fi\/femtie\/"},{"@type":"ListItem","position":2,"name":"FEMTIE"}]},{"@type":"WebSite","@id":"https:\/\/blogit.utu.fi\/femtie\/#website","url":"https:\/\/blogit.utu.fi\/femtie\/","name":"FEMTIE","description":"","potentialAction":[{"@type":"SearchAction","target":{"@type":"EntryPoint","urlTemplate":"https:\/\/blogit.utu.fi\/femtie\/?s={search_term_string}"},"query-input":{"@type":"PropertyValueSpecification","valueRequired":true,"valueName":"search_term_string"}}],"inLanguage":"fi"}]}},"_links":{"self":[{"href":"https:\/\/blogit.utu.fi\/femtie\/wp-json\/wp\/v2\/pages\/243","targetHints":{"allow":["GET"]}}],"collection":[{"href":"https:\/\/blogit.utu.fi\/femtie\/wp-json\/wp\/v2\/pages"}],"about":[{"href":"https:\/\/blogit.utu.fi\/femtie\/wp-json\/wp\/v2\/types\/page"}],"author":[{"embeddable":true,"href":"https:\/\/blogit.utu.fi\/femtie\/wp-json\/wp\/v2\/users\/2568"}],"replies":[{"embeddable":true,"href":"https:\/\/blogit.utu.fi\/femtie\/wp-json\/wp\/v2\/comments?post=243"}],"version-history":[{"count":23,"href":"https:\/\/blogit.utu.fi\/femtie\/wp-json\/wp\/v2\/pages\/243\/revisions"}],"predecessor-version":[{"id":735,"href":"https:\/\/blogit.utu.fi\/femtie\/wp-json\/wp\/v2\/pages\/243\/revisions\/735"}],"wp:attachment":[{"href":"https:\/\/blogit.utu.fi\/femtie\/wp-json\/wp\/v2\/media?parent=243"}],"curies":[{"name":"wp","href":"https:\/\/api.w.org\/{rel}","templated":true}]}}