{"id":306,"date":"2021-03-15T22:49:53","date_gmt":"2021-03-15T22:49:53","guid":{"rendered":"https:\/\/blogit.utu.fi\/femtie\/?page_id=306"},"modified":"2024-12-19T07:38:14","modified_gmt":"2024-12-19T07:38:14","slug":"tapahtumat","status":"publish","type":"page","link":"https:\/\/blogit.utu.fi\/femtie\/tapahtumat\/","title":{"rendered":"Esitykset &amp; tapahtumat"},"content":{"rendered":"\n<ul class=\"wp-block-list\">\n<li>Hanna Yl\u00f6stalo puhui <em>Feminismi\u00e4 talouteen<\/em> -kirjasta Markkinatalous kriittisesti ajateltuna: feminismi, ekologia, demokratia -tapahtumassa. Tapahtuman j\u00e4rjestiv\u00e4t Vasemmistoklubi ja Helsingin Vasemmisto. Oodi, Helsinki 6.12.2024.<\/li>\n\n\n\n<li>Maailman kuvalehden Maailmanluokan klubi j\u00e4rjestettiin 12.12. Bar T\u00ffpossa Helsingiss\u00e4. Klubissa pohdittiin, kenen ty\u00f6 on arvokasta. Emma Lamberg keskusteli aiheesta toimittaja Nd\u00e9la Fayen kanssa. <\/li>\n\n\n\n<li>Avoin yleis\u00f6tilaisuus Feminismi\u00e4 talouteen -kirjasta j\u00e4rjestettin Tampereella Kulttuuritalo Telakalla tiistaina 3.12. klo 17.00-18.30.  Kiitos kommenttipuhujille ja yleis\u00f6lle!<\/li>\n\n\n\n<li>19.11.2024: Hanna Yl\u00f6stalo: <em>Everyday utopias and social reproduction<\/em>. <a href=\"https:\/\/blogs.helsinki.fi\/lifemaking\/seminar-series\/\">Life making &amp; life breaking seminar series &amp; SUNS after work<\/a>. Online event.<\/li>\n\n\n\n<li>11.11.2024: Hanna Yl\u00f6stalo: <em>Asiantuntijavalta politiikassa<\/em>. Demokratiaklubi, Tampere.<\/li>\n\n\n\n<li>Hanna Yl\u00f6stalo piti esityksen otsikolla <em>Tasa-arvo muutoksessa: kriittisen tasa-arvotutkimuksen n\u00e4k\u00f6kulmia<\/em> Tasa-arvop\u00e4ivill\u00e4 Helsingiss\u00e4 5.11.2024.<\/li>\n\n\n\n<li>Feminismi\u00e4 talouteen -kirjan julkistustilaisuus j\u00e4rjestettiin Rosebud Sivullisessa Helsingiss\u00e4 torstaina 31.10.2024. Kiitos kommenttipuhujille ja yleis\u00f6lle!<\/li>\n\n\n\n<li>Hanna Yl\u00f6stalo, Emma Lamberg ja Inna Perheentupa esitteliv\u00e4t Feminismi\u00e4 talouteen -kirjaa Helsingin kirjamessuilla 27.10.2024. Haastattelijana toimittaja Virpi Salmi.<\/li>\n\n\n\n<li>Emma Lamberg osallistui Feministinen talous -paneelikeskusteluun Helsingin kirjamessuilla 24.10.2024. Keskustelukumppaneina Riina Tanskanen ja Riina Bhatia, keskustelun juonsi Minja Koskela.<\/li>\n\n\n\n<li>Hanna Yl\u00f6stalo piti esityksen <em>Tasa-arvo ja talous: feministisi\u00e4 n\u00e4k\u00f6kulmia vaihtoehtojen kuvitteluun<\/em> Vihreiden talouspoliittisessa iltamassa Helsingiss\u00e4 11.10.2024.<\/li>\n\n\n\n<li>15.8.2024: Hanna Yl\u00f6stalo, Tero Toivanen ja Hanna Kuusela keskustelivat kirjasta <em>Talouskuri tuli Suomeen<\/em> tapahtumassa Kapitalismin y\u00f6 Helsingiss\u00e4 15.8.2024.<\/li>\n\n\n\n<li>Hanna Yl\u00f6stalo piti esityksen <em>Studying Instagram as a platform for gendered politics<\/em> European Conference on Politics and Gender -konferenssissa Ghentiss\u00e4, Belgiassa 9.7.2024.<\/li>\n\n\n\n<li>Jemima Repo ja Hanna Yl\u00f6stalo j\u00e4rjestiv\u00e4t seminaarin aiheesta Feminism &amp; Commodification. Puhujina olivat Hannah Curran-Troop, Rosalind Gill, Johanna Lauri, Jemima Repo, Christina Scharff, Mariko Takedomi Karlsson ja Hanna Yl\u00f6stalo. Newcastle University, UK.<\/li>\n\n\n\n<li>Emma Lamberg piti esityksen <em>Feministinen taloutta koskeva tieto parempien tulevaisuuksien kuvitteluna ja rakentamisena <\/em>Politiikan tutkimuksen p\u00e4ivill\u00e4 Turun yliopistossa 16.5.2024. Esitys perustui Lambergin ja Inna Perheentuvan tekeill\u00e4 olevaan artikkelik\u00e4sikirjoitukseen.<\/li>\n\n\n\n<li>Heini Kinnunen, Emma Lamberg ja Taru Lepist\u00f6 koordinoivat ty\u00f6ryhm\u00e4n Feminismi, tieto ja demokratia <a href=\"https:\/\/sites.utu.fi\/politiikantutkimuksenpaivat\/tapahtuma\/\">Politiikan tutkimuksen p\u00e4ivill\u00e4<\/a>. P\u00e4iv\u00e4t j\u00e4rjestettiin Turun yliopistossa 15.\u201317.5.2024.<\/li>\n\n\n\n<li>FEMTIE, Poliittisen talouden tutkimusseura ja Poliittinen talous -lehti j\u00e4rjestiv\u00e4t keskiviikkona 24.4. klo 16-18 Helsingiss\u00e4 avoimen yleis\u00f6tapahtuman <em>Feminist global political economy: understanding the present, imagining alternative futures<\/em>. P\u00e4\u00e4puhujana oli professori Shirin M. Rai (SOAS University of London) ja panelisteina Rain lis\u00e4ksi Teppo Eskelinen, Eppu Mikkonen ja Atte Harjanne. Lis\u00e4tietoa tapahtumasta <a href=\"https:\/\/blogit.utu.fi\/femtie\/uutiset\/\">t\u00e4\u00e4ll\u00e4<\/a>.<\/li>\n\n\n\n<li>Hanna Yl\u00f6stalo piti esityksen <em>Feministisi\u00e4 n\u00e4k\u00f6kulmia talous- ja ty\u00f6markkinapolitiikkaan<\/em> Minja Koskelan j\u00e4rjest\u00e4m\u00e4ss\u00e4 kansalaisinfossa &#8221;Vappuetkot: keskustelua feministisest\u00e4 talous- ja ty\u00f6markkinapolitiikasta&#8221; 23.4.2024. Pikkuparlamentti, Helsinki.<\/li>\n\n\n\n<li>Hanna Yl\u00f6stalo osallistui <em>Poliittinen talous <\/em>-lehden Instagram-live-tapahtumaan 7.3.2024. Aiheena oli &#8221;Hyv\u00e4 numero &amp; hyv\u00e4 tarina: artikkelin purku ja keskustelua kvantifioinnista feministisen\u00e4 talousvaikuttamisena&#8221;.<\/li>\n\n\n\n<li>Emma Lamberg piti yleis\u00f6luennon feministisest\u00e4 talouskritiikist\u00e4 keskiviikkona 7.2. klo 17 Tulenkantajanaiset ry:n Talousklubilla. Ravintola Koulu, Turku, vapaa p\u00e4\u00e4sy.<\/li>\n\n\n\n<li>Femtie j\u00e4rjesti Naisasialiitto Unionin kanssa nelj\u00e4nnen feministisen talouskoulun 29.1.2024 Helsingiss\u00e4. Talouskoulu oli t\u00e4ll\u00e4 kertaa suunnattu j\u00e4rjest\u00f6toimijoille.<\/li>\n\n\n\n<li>Heini Kinnunen, Emma Lamberg, Inna Perheentupa ja Hanna Yl\u00f6stalo opettivat syksyll\u00e4 2023 kurssin Feministisi\u00e4 n\u00e4k\u00f6kulmia talouteen osana Turun yliopiston sosiologian vapaavalintaisia maisteriopintoja.<\/li>\n\n\n\n<li>Heini Kinnunen ja Hanna Yl\u00f6stalo olivat <em>Tiede &amp; Edistys<\/em> -lehden paneelissa <em>Kuinka hiljaisuus rikotaan? Feministinen taloustieto ja demokratia<\/em> Helsingin kirjamessuilla 26.10.2023.<\/li>\n\n\n\n<li>Inna Perheentupa piti yhdess\u00e4 Saara S\u00e4rm\u00e4n kanssa <a href=\"https:\/\/projects.tuni.fi\/postcape\/funfair\/\">Retheorizing Capitalism Funfair <\/a>-tapahtumassa Tampereen yliopistossa 23.10.2023 esityksen <em>Exploring zine-making as a method to rethink capitalism<\/em>.<\/li>\n\n\n\n<li>Emma Lamberg esitti FEMTIEn puheenvuoron otsikolla <em>Tyt\u00f6t ja tulevaisuuden talous<\/em> Vihreiden naisten j\u00e4rjest\u00e4m\u00e4ss\u00e4 tapahtumassa Puheita tytt\u00f6jen Euroopasta Helsingiss\u00e4 11.10.2023.<\/li>\n\n\n\n<li>FEMTIE ja POLIMA j\u00e4rjestiv\u00e4t yhdess\u00e4 tapahtuman <em>Ajankohtaisia feministisi\u00e4 kysymyksi\u00e4 II<\/em> Turun yliopistossa 29.9.2023 klo 14:00-16:30. Puhujina Jemima Repo, Salla Aldrin Salskov ja Auli Viitala.  <\/li>\n\n\n\n<li>Hanna Yl\u00f6stalo piti esitelm\u00e4n otsikolla&nbsp;<a href=\"https:\/\/reses-argumenta.fi\/?p=895\"><em>Feminism, economy, and political imagination<\/em><\/a> ReSES ID seminaarissa 27.9.2023.<\/li>\n\n\n\n<li>Hanna Yl\u00f6stalo piti esitelm\u00e4n otsikolla&nbsp;<em>Feministinen talous, hoiva ja yhteiskunnallinen muutos<\/em> <a href=\"https:\/\/antifestival.com\/programme\/huolenpidon-piirit\/\" target=\"_blank\" rel=\"noreferrer noopener\">Huolenpidon piirit<\/a> -tapahtumassa Oulussa 23.9.2023.&nbsp;<\/li>\n\n\n\n<li>Inna Perheentupa piti esitelm\u00e4n otsikolla <em>Care and Social Change<\/em> <a href=\"https:\/\/antifestival.com\/en\/programme\/spheres-of-care\/\">Huolenpidon piirit -tapahtumassa<\/a> ANTI-festivaalilla Kuopiossa 14.9.2023.<\/li>\n\n\n\n<li>Hanna Yl\u00f6stalo piti esitelm\u00e4n otsikolla&nbsp;<em>Commodified state feminism: The entanglements of feminist commodity activism and feminist politics in a Nordic welfare state<\/em> European Consortium for Political Research konferenssissa Prahassa 7.9.2023.<\/li>\n\n\n\n<li>Emma Lamberg piti esitelm\u00e4n otsikolla <em>Redrawing boundaries: Feminist economic expertise and struggles for socioeconomic transformation<\/em> symposiumissa Critical Perspectives on Precarious and Informal Work Helsingiss\u00e4 25.8.2023.<\/li>\n\n\n\n<li>Emma Lamberg piti esitelm\u00e4n otsikolla<em> Feministinen talousasiantuntijuus: Muutoksia ja jatkuvuuksia<\/em> Poliittisen talouden tutkimuksen seuran 10-vuotisjuhlaseminaarissa Poliittisen talouden vuosikymmen(et) Helsingiss\u00e4 25.5.2023.<\/li>\n\n\n\n<li>FEMTIE, <a href=\"https:\/\/polima.fi\/\">POLIMA<\/a> ja <a href=\"https:\/\/blogit.utu.fi\/kultva\/\">KULTVA<\/a> j\u00e4rjestiv\u00e4t yhdess\u00e4 tapahtuman <em>Ajankohtaisia feministisi\u00e4 kysymyksi\u00e4<\/em> Turun yliopistossa 28.4.2023. Puhujina Tuija Saresma, Raisa Omaheimo ja Pauliina Hulkko.<\/li>\n\n\n\n<li>Emma Lamberg piti esitelm\u00e4n otsikolla <em>Transitioning to a caring economy: Feminist strategies for promoting an economic paradigm shift <\/em>British Sociological Associationin konferenssissa Manchesterissa 13.4.2023.<\/li>\n\n\n\n<li>Hanna Yl\u00f6stalo piti esitelm\u00e4n otsikolla <em>Gender budgeting and quantification of gender inequality <\/em>British Sociological Associationin konferenssissa Manchesterissa 14.4.2023.<\/li>\n\n\n\n<li>Emma Lamberg piti esitelm\u00e4n otsikolla <em>Feministiset kamppailut hoivasta ja taloudesta<\/em> Sosiologip\u00e4ivill\u00e4 Tampereella 23.3.2023.<\/li>\n\n\n\n<li>Heini Kinnunen, Emma Lamberg ja Inna Perheentupa koordinoivat ty\u00f6ryhm\u00e4n <em>Feminismi, tieto ja demokratia <\/em>Sosiologip\u00e4ivill\u00e4 Tampereella 23.-24.3.2023.<\/li>\n\n\n\n<li>Heini Kinnunen ja Emma Lamberg osallistuivat kest\u00e4v\u00e4n talouden keskustelutilaisuuteen Terveyden ja hyvinvoinnin laitoksella perjantaina 17.3..<\/li>\n\n\n\n<li>FEMTIE ja Naisasialiitto Unioni j\u00e4rjestiv\u00e4t kolmannen feministisen talouskoulun 10.3.2023, aiheena Talous, vaalit ja demokratia.<\/li>\n\n\n\n<li>Emma Lamberg oli puhujana ja panelistina <a href=\"https:\/\/www.vihreatnaiset.fi\/blog\/2023\/02\/02\/feministinen-talouspolitiikka-after-work\/\" data-type=\"URL\" data-id=\"https:\/\/www.vihreatnaiset.fi\/blog\/2023\/02\/02\/feministinen-talouspolitiikka-after-work\/\">Vihreiden naisten feministisen talouspolitiikan after workeilla <\/a>Musiikkiteatteri Kaps\u00e4kiss\u00e4 16.2.2023.<\/li>\n\n\n\n<li>Hanna Yl\u00f6stalo puhui NYTKIS ry:n <a rel=\"noreferrer noopener\" href=\"https:\/\/nytkis.org\/tapahtumat\/sukupuolitietoinen-talous-seminaari\/\" target=\"_blank\">Sukupuolitietoinen talous -seminaarissa<\/a> otsikolla <em>Poliittinen mielikuvitus ja feministinen talous <\/em>Helsingiss\u00e4 Musiikkitalolla 29.11.2022. <\/li>\n\n\n\n<li>Anna Elom\u00e4ki ja Hanna Yl\u00f6stalo puhuivat <a rel=\"noreferrer noopener\" href=\"https:\/\/www.vasemmistonaiset.fi\/event\/valtakunnallinenkokous\/\" target=\"_blank\">Vasemmistonaisten valtakunnallisessa kokouksessa<\/a> aiheesta <em>Onko Suomen nykyinen hallitus ollut maailman feministisin?<\/em> Helsinki, 26.11.2022.<\/li>\n\n\n\n<li>Hanna Yl\u00f6stalo puhui Rethinking Economics -seminaarissa otsikolla <em>Feministisi\u00e4 n\u00e4k\u00f6kulmia talouteen ja poliittinen mielikuvitus<\/em>, Espoossa Aalto-yliopistossa 17.11.2022.<\/li>\n\n\n\n<li>Hanna Yl\u00f6stalo osallistui <a rel=\"noreferrer noopener\" href=\"https:\/\/helsinginyliopisto.etapahtuma.fi\/Default.aspx?tabid=959&amp;group=Tiedekulma&amp;_ga=2.231380699.59176770.1666683776-299536555.1645429413#.Y1eThnZBzIX\" target=\"_blank\">Hoivan politiikka ja talous<\/a> -tapahtumaan Helsingin Tiedekulmassa 4.11.2022.<\/li>\n\n\n\n<li><em>Poliittinen talous<\/em> -lehden <em><a rel=\"noreferrer noopener\" href=\"https:\/\/journal.fi\/poliittinentalous\/issue\/view\/8027\" target=\"_blank\">Hoivan poliittinen talous<\/a><\/em> -teemanumero <a rel=\"noreferrer noopener\" href=\"https:\/\/blogit.utu.fi\/kultva\/events\/\" target=\"_blank\">unboxattiin<\/a> Turun yliopiston Kultvan tapahtumassa 3.11.2022.<\/li>\n\n\n\n<li>Hanna Yl\u00f6stalo osallistui YKAn j\u00e4rjest\u00e4m\u00e4\u00e4n Hyvinvointia, taloutta vai hyvinvointitaloutta? tapahtumaan torstaina 13.10.2022. Yl\u00f6stalo piti puheenvuoron otsikolla <em>Miten tieto taloudesta rakentuu?<\/em> <\/li>\n\n\n\n<li>Emma Lamberg osallistui Naisasialiitto Unionin paneeliin Luokka, talous ja feminismi Bar \u00d6:ss\u00e4 torstaina 22.9.2022. Toisena panelistina oli Minna Sumelius ja paneelia veti Fatim Diarra.<\/li>\n\n\n\n<li>Emma Lamberg piti esityksen otsikolla Breaking the strategic silence: <em>Feminist economic activism in the context of evidence-based policy making <\/em>konferenssissa&nbsp;Nordic Sociological Association Conference. Konferenssi pidettiin Reykjavikissa Islannissa 10.-12.8.2022<span style=\"color: initial\">.<\/span>. Esitys pohjautui Heini Kinnusen ja Hanna Yl\u00f6stalon kanssa kirjoitettuun artikkelik\u00e4sikirjoitukseen.<\/li>\n\n\n\n<li>Suvi Salmenniemi &amp; Hanna Yl\u00f6stalo pitiv\u00e4t esityksen otsikolla&nbsp;<em>Never-ending labour: Social reproduction and the making of everyday utopias<\/em> konferenssissa&nbsp;Nordic Sociological Association Conference. Konferenssi pidettin Reykjavikissa Islannissa 10.-12.8.2022.<\/li>\n\n\n\n<li>Hanna Yl\u00f6stalo piti esityksen otsikolla&nbsp;<em>Feminism at the crossroads of neoliberalism and neoconservatism: Restructuring women\u2019s labor in the context of family leave reform in Finland<\/em> konferenssissa&nbsp;European Conference on Politics and Gender Ljubljanassa Sloveniassa 6.-8.7.2022.&nbsp;<\/li>\n\n\n\n<li>Heini Kinnunen piti esityksen otsikolla <em>Wages for care work: Discursive strategies for wage equality in the Finnish COVID-19 public debate <\/em>konferenssissa European Conference on Politics and Gender Ljubljanassa Sloveniassa 6.-8.2022<\/li>\n\n\n\n<li>Emma Lamberg oli alustamassa 15.6.2022 Naisasialiitto Unionille aiheesta <em>Feministinen talouspolitiikka.<\/em><\/li>\n\n\n\n<li>Suvi Salmenniemi &amp; Hanna Yl\u00f6stalo pitiv\u00e4t esityksen otsikolla&nbsp;<em>Never-ending labour: Social reproduction and the making of everyday utopias<\/em> konferenssissa Political Imagination: Materiality, Politics and Pedagogy. Konferenssi pidettiin Seilin saarella 10.-12.6.2022.<\/li>\n\n\n\n<li>FEMTIE j\u00e4rjesti yhteisty\u00f6ss\u00e4 <em>Poliittinen talous<\/em> -lehden ja Polittisen talouden tutkimuksen seura ry:n kanssa Hoivan poliittinen talous -paneelin Tampereen yliopistossa 30.5.2022. Panelisteina Jussi Ahokas, Anna Elom\u00e4ki, Lena N\u00e4re ja Annastiina Vaittinen-Rajala, juontajana Hanna Yl\u00f6stalo. Lis\u00e4tietoa <a rel=\"noreferrer noopener\" href=\"https:\/\/journal.fi\/poliittinentalous\/announcement\/view\/451\" target=\"_blank\">Polittinen talous<\/a> -lehden sivuilla.<\/li>\n\n\n\n<li>Femtie ja Naisasialiitto Unioni j\u00e4rjestiv\u00e4t 5.5.2022 toisen Feministisen talouskoulun, aiheena feministinen talouspolitiikka. Talouskoulussa purettiin talousmyyttej\u00e4. Lis\u00e4tietoa feministisest\u00e4 talouskoulusta <a href=\"https:\/\/naisunioni.fi\/tapahtuma\/feministinen-talouskoulu-ii-feministinen-talouspolitiikka\/\" data-type=\"URL\" data-id=\"https:\/\/naisunioni.fi\/tapahtuma\/feministinen-talouskoulu-ii-feministinen-talouspolitiikka\/\">Unionin sivuilla<\/a>.<\/li>\n\n\n\n<li>Hanna Yl\u00f6stalo luennoi Lapin yliopiston H\u00e4iritsev\u00e4 yhteiskuntatutkimus -perjantaiseminaarissa otsikolla&nbsp;<em>Feminismi\u00e4 uusliberalismin ja uuskonservatismin risteyksess\u00e4: perhevapaauudistuksen sukupuolipolitiikka<\/em> Rovaniemell\u00e4 29.4.2022.&nbsp;<\/li>\n\n\n\n<li>Hanna Yl\u00f6stalo oli puhumassa talouden sukupuolesta ja hoivaavasta taloudesta Esitystaiteen seuran <a rel=\"noreferrer noopener\" href=\"https:\/\/www.esitys.fi\/performances\/woyzeckgame\" target=\"_blank\">Woyzeck Gamen<\/a> Peer Support Groupissa Helsingin Rautatientorilla 26.4.2022. <\/li>\n\n\n\n<li>Femtiell\u00e4 oli Sosiologip\u00e4ivill\u00e4 24.3.2022 ty\u00f6ryhm\u00e4 <em>Talous ja demokratia: j\u00e4nnitteit\u00e4 ja vaihtoehtoisia j\u00e4rjestyksi\u00e4<\/em>. Lis\u00e4tietoa <a rel=\"noreferrer noopener\" href=\"https:\/\/sosiologipaivat.fi\/tyoryhmakutsu-2022-2\/\" target=\"_blank\">Sosiologip\u00e4ivien sivuilla<\/a>.<\/li>\n\n\n\n<li>Hanna Yl\u00f6stalo oli puhumassa Vihreiden naisten poliittisen ohjelman festareilla 16.3.2022 aiheesta <em>Feministinen talouspolitiikka<\/em>.<\/li>\n\n\n\n<li>Femtie ja Kultva j\u00e4rjestiv\u00e4t keskustelutilaisuuden <em>Demokratia, konflikti ja media<\/em> torstaina 27.1.2022 Zoomissa. Puhujina Anu Koivunen ja Mikko Jakonen. Heini Kinnunen ja Emma Lamberg kirjoittivat tapahtumasta <a rel=\"noreferrer noopener\" href=\"https:\/\/blogit.utu.fi\/kultva\/2022\/02\/07\/keskustelutilaisuus-demokratiasta-konfliktista-ja-mediasta-avasi-kultvan-vuoden-2022\/\" target=\"_blank\">blogitekstin<\/a>. <\/li>\n\n\n\n<li><a rel=\"noreferrer noopener\" href=\"http:\/\/xn--femtie%20ja%20naisasialiitto%20unioni%20jrjestivt%2019-lseh.11.xn--2021%20ensimmisen%20feministisen%20talouskoulun%2C%20aiheena%20talouden%20sukupuoli-n4g.xn--%20talouskoulussa%20opetettiin%20kriittist%20feministist%20talouslukutaitoa-migo.xn--%20listietoa%20feministisest%20talouskoulusta%20unionin%20sivuilla-vqfw.\/\" target=\"_blank\">Mit\u00e4 taloudesta kerrotaan? Talousjournalismi portinvartijan roolissa<\/a> -keskustelutilaisuus Tiedekulmassa 17.12.2021 klo 17-19. Keskustelemassa Femtien Hanna Yl\u00f6stalo, viestinn\u00e4n tutkija Timo Harjuniemi ja HS Vision Anu-Elina Lehti, juontajana Pauli Huotari.<\/li>\n\n\n\n<li>Femtie ja Naisasialiitto Unioni j\u00e4rjestiv\u00e4t 19.11.2021 ensimm\u00e4isen Feministisen talouskoulun, aiheena talouden sukupuoli. Talouskoulussa opetettiin kriittist\u00e4 feministist\u00e4 talouslukutaitoa. Lis\u00e4tietoa feministisest\u00e4 talouskoulusta<strong> <\/strong><a rel=\"noreferrer noopener\" href=\"https:\/\/naisunioni.fi\/tapahtuma\/feministinen-talouskoulu-i-talouden-sukupuoli\/\" target=\"_blank\">Unionin sivuilla<\/a>.<\/li>\n\n\n\n<li>Hanna Yl\u00f6stalo: <em>Feministinen talouspolitiikka ja sukupuolitietoinen budjetointi<\/em>. Esitys NYTKIS-aluetoimikuntien koulutus- ja verkostoitumisp\u00e4iv\u00e4ss\u00e4 21.8.2021.<\/li>\n\n\n\n<li>Hanna Yl\u00f6stalo: <em>Sukupuolin\u00e4k\u00f6kulman valtavirtaistaminen: tavoitteena muutos<\/em>. Esitys Valtavirtaistamisen kehitt\u00e4misty\u00f6pajassa 5.5.2021.<\/li>\n\n\n\n<li><a rel=\"noreferrer noopener\" href=\"https:\/\/blogs2.abo.fi\/statsvetardagarna2021\/tyoryhmat-arbetsgrupper-workshops-2021\" target=\"_blank\">Ty\u00f6ryhm\u00e4<\/a>: <a rel=\"noreferrer noopener\" href=\"https:\/\/blogs2.abo.fi\/statsvetardagarna2021\/tyoryhmat-arbetsgrupper-workshops-2021\" target=\"_blank\">Tiedon, asiantuntijuuden ja politiikan j\u00e4nnitteiset suhteet<\/a>. Politiikan tutkimuksen p\u00e4iv\u00e4t 2021, \u00c5bo Akademi. Koordinaattorit: Anne Maria Holli, Heini Kinnunen ja Hanna Yl\u00f6stalo.<\/li>\n\n\n\n<li>Hanna Yl\u00f6stalo: Panelistina Feministisen puolueen <em>Utopiana peloton kaupunki<\/em> -webinaarissa 14.1.2021.<\/li>\n<\/ul>\n\n\n\n<p><\/p>\n","protected":false},"excerpt":{"rendered":"","protected":false},"author":2568,"featured_media":0,"parent":0,"menu_order":0,"comment_status":"closed","ping_status":"closed","template":"","meta":{"footnotes":""},"class_list":["post-306","page","type-page","status-publish","hentry"],"yoast_head":"<!-- This site is optimized with the Yoast SEO plugin v27.3 - https:\/\/yoast.com\/product\/yoast-seo-wordpress\/ -->\n<title>Esitykset &amp; tapahtumat - FEMTIE<\/title>\n<meta name=\"robots\" content=\"index, follow, max-snippet:-1, max-image-preview:large, max-video-preview:-1\" \/>\n<link rel=\"canonical\" href=\"https:\/\/blogit.utu.fi\/femtie\/tapahtumat\/\" \/>\n<meta property=\"og:locale\" content=\"fi_FI\" \/>\n<meta property=\"og:type\" content=\"article\" \/>\n<meta property=\"og:title\" content=\"Esitykset &amp; tapahtumat - FEMTIE\" \/>\n<meta property=\"og:url\" content=\"https:\/\/blogit.utu.fi\/femtie\/tapahtumat\/\" \/>\n<meta property=\"og:site_name\" content=\"FEMTIE\" \/>\n<meta property=\"article:modified_time\" content=\"2024-12-19T07:38:14+00:00\" \/>\n<meta name=\"twitter:card\" content=\"summary_large_image\" \/>\n<meta name=\"twitter:label1\" content=\"Arvioitu lukuaika\" \/>\n\t<meta name=\"twitter:data1\" content=\"9 minuuttia\" \/>\n<script type=\"application\/ld+json\" class=\"yoast-schema-graph\">{\"@context\":\"https:\\\/\\\/schema.org\",\"@graph\":[{\"@type\":\"WebPage\",\"@id\":\"https:\\\/\\\/blogit.utu.fi\\\/femtie\\\/tapahtumat\\\/\",\"url\":\"https:\\\/\\\/blogit.utu.fi\\\/femtie\\\/tapahtumat\\\/\",\"name\":\"Esitykset &amp; tapahtumat - FEMTIE\",\"isPartOf\":{\"@id\":\"https:\\\/\\\/blogit.utu.fi\\\/femtie\\\/#website\"},\"datePublished\":\"2021-03-15T22:49:53+00:00\",\"dateModified\":\"2024-12-19T07:38:14+00:00\",\"breadcrumb\":{\"@id\":\"https:\\\/\\\/blogit.utu.fi\\\/femtie\\\/tapahtumat\\\/#breadcrumb\"},\"inLanguage\":\"fi\",\"potentialAction\":[{\"@type\":\"ReadAction\",\"target\":[\"https:\\\/\\\/blogit.utu.fi\\\/femtie\\\/tapahtumat\\\/\"]}]},{\"@type\":\"BreadcrumbList\",\"@id\":\"https:\\\/\\\/blogit.utu.fi\\\/femtie\\\/tapahtumat\\\/#breadcrumb\",\"itemListElement\":[{\"@type\":\"ListItem\",\"position\":1,\"name\":\"Etusivu\",\"item\":\"https:\\\/\\\/blogit.utu.fi\\\/femtie\\\/\"},{\"@type\":\"ListItem\",\"position\":2,\"name\":\"Esitykset &amp; tapahtumat\"}]},{\"@type\":\"WebSite\",\"@id\":\"https:\\\/\\\/blogit.utu.fi\\\/femtie\\\/#website\",\"url\":\"https:\\\/\\\/blogit.utu.fi\\\/femtie\\\/\",\"name\":\"FEMTIE\",\"description\":\"\",\"potentialAction\":[{\"@type\":\"SearchAction\",\"target\":{\"@type\":\"EntryPoint\",\"urlTemplate\":\"https:\\\/\\\/blogit.utu.fi\\\/femtie\\\/?s={search_term_string}\"},\"query-input\":{\"@type\":\"PropertyValueSpecification\",\"valueRequired\":true,\"valueName\":\"search_term_string\"}}],\"inLanguage\":\"fi\"}]}<\/script>\n<!-- \/ Yoast SEO plugin. -->","yoast_head_json":{"title":"Esitykset &amp; tapahtumat - FEMTIE","robots":{"index":"index","follow":"follow","max-snippet":"max-snippet:-1","max-image-preview":"max-image-preview:large","max-video-preview":"max-video-preview:-1"},"canonical":"https:\/\/blogit.utu.fi\/femtie\/tapahtumat\/","og_locale":"fi_FI","og_type":"article","og_title":"Esitykset &amp; tapahtumat - FEMTIE","og_url":"https:\/\/blogit.utu.fi\/femtie\/tapahtumat\/","og_site_name":"FEMTIE","article_modified_time":"2024-12-19T07:38:14+00:00","twitter_card":"summary_large_image","twitter_misc":{"Arvioitu lukuaika":"9 minuuttia"},"schema":{"@context":"https:\/\/schema.org","@graph":[{"@type":"WebPage","@id":"https:\/\/blogit.utu.fi\/femtie\/tapahtumat\/","url":"https:\/\/blogit.utu.fi\/femtie\/tapahtumat\/","name":"Esitykset &amp; tapahtumat - FEMTIE","isPartOf":{"@id":"https:\/\/blogit.utu.fi\/femtie\/#website"},"datePublished":"2021-03-15T22:49:53+00:00","dateModified":"2024-12-19T07:38:14+00:00","breadcrumb":{"@id":"https:\/\/blogit.utu.fi\/femtie\/tapahtumat\/#breadcrumb"},"inLanguage":"fi","potentialAction":[{"@type":"ReadAction","target":["https:\/\/blogit.utu.fi\/femtie\/tapahtumat\/"]}]},{"@type":"BreadcrumbList","@id":"https:\/\/blogit.utu.fi\/femtie\/tapahtumat\/#breadcrumb","itemListElement":[{"@type":"ListItem","position":1,"name":"Etusivu","item":"https:\/\/blogit.utu.fi\/femtie\/"},{"@type":"ListItem","position":2,"name":"Esitykset &amp; tapahtumat"}]},{"@type":"WebSite","@id":"https:\/\/blogit.utu.fi\/femtie\/#website","url":"https:\/\/blogit.utu.fi\/femtie\/","name":"FEMTIE","description":"","potentialAction":[{"@type":"SearchAction","target":{"@type":"EntryPoint","urlTemplate":"https:\/\/blogit.utu.fi\/femtie\/?s={search_term_string}"},"query-input":{"@type":"PropertyValueSpecification","valueRequired":true,"valueName":"search_term_string"}}],"inLanguage":"fi"}]}},"_links":{"self":[{"href":"https:\/\/blogit.utu.fi\/femtie\/wp-json\/wp\/v2\/pages\/306","targetHints":{"allow":["GET"]}}],"collection":[{"href":"https:\/\/blogit.utu.fi\/femtie\/wp-json\/wp\/v2\/pages"}],"about":[{"href":"https:\/\/blogit.utu.fi\/femtie\/wp-json\/wp\/v2\/types\/page"}],"author":[{"embeddable":true,"href":"https:\/\/blogit.utu.fi\/femtie\/wp-json\/wp\/v2\/users\/2568"}],"replies":[{"embeddable":true,"href":"https:\/\/blogit.utu.fi\/femtie\/wp-json\/wp\/v2\/comments?post=306"}],"version-history":[{"count":71,"href":"https:\/\/blogit.utu.fi\/femtie\/wp-json\/wp\/v2\/pages\/306\/revisions"}],"predecessor-version":[{"id":1204,"href":"https:\/\/blogit.utu.fi\/femtie\/wp-json\/wp\/v2\/pages\/306\/revisions\/1204"}],"wp:attachment":[{"href":"https:\/\/blogit.utu.fi\/femtie\/wp-json\/wp\/v2\/media?parent=306"}],"curies":[{"name":"wp","href":"https:\/\/api.w.org\/{rel}","templated":true}]}}