{"id":2,"date":"2014-01-09T10:04:14","date_gmt":"2014-01-09T10:04:14","guid":{"rendered":"http:\/\/blogit.utu.fi\/filosofia\/?page_id=2"},"modified":"2014-01-09T10:49:31","modified_gmt":"2014-01-09T10:49:31","slug":"sample-page","status":"publish","type":"page","link":"https:\/\/blogit.utu.fi\/filosofia\/sample-page\/","title":{"rendered":"Tietoja"},"content":{"rendered":"<p>T\u00e4m\u00e4 on Turun yliopiston filosofian oppiaineen henkil\u00f6kunnan verkkoloki. Sivuston tarkoitus on esitell\u00e4 ja taltioida oppiaineemme toimintaa, ja siten tarjota kurkistus oppiaineemme arkeen.<\/p>\n<p>Varmuuden vuoksi: sivuilla esitetyt mielipiteet ovat kirjoittajien omia, eiv\u00e4tk\u00e4 mill\u00e4\u00e4n tavalla edusta Turun yliopiston, Yhteiskuntatieteellisen tiedekunnan, K\u00e4ytt\u00e4ytymistieteiden ja filosofian laitoksen, tai filosofian oppiaineen virallisia kantoja.<\/p>\n<p>******<\/p>\n<p>This is the weblog of the faculty members of Department of Philosophy, University of Turku. The purpose of this site is to display and record some of the activities of our department, and thus to provide a peek into the going-ons of our profession.<\/p>\n<p>A disclaimer, just in case. The views and opinions expressed on this website are those of the authors and do not necessarily reflect the official policy or position of University of Turku, The Faculty of Social Sciences, The Department of Behavoural Sciences and Philosophy, or the Subject of Philosophy.<\/p>\n<p>JS<\/p>\n","protected":false},"excerpt":{"rendered":"<p>T\u00e4m\u00e4 on Turun yliopiston filosofian oppiaineen henkil\u00f6kunnan verkkoloki. Sivuston tarkoitus on esitell\u00e4 ja taltioida oppiaineemme toimintaa, ja siten tarjota kurkistus oppiaineemme arkeen. Varmuuden vuoksi: sivuilla esitetyt mielipiteet ovat kirjoittajien omia, eiv\u00e4tk\u00e4 mill\u00e4\u00e4n tavalla edusta Turun yliopiston, Yhteiskuntatieteellisen tiedekunnan, K\u00e4ytt\u00e4ytymistieteiden ja filosofian laitoksen, tai filosofian oppiaineen virallisia kantoja. ****** This is the weblog of the faculty &hellip; <\/p>\n<p class=\"link-more\"><a href=\"https:\/\/blogit.utu.fi\/filosofia\/sample-page\/\" class=\"more-link\">Jatka lukemista<span class=\"screen-reader-text\"> &#8221;Tietoja&#8221;<\/span><\/a><\/p>\n","protected":false},"author":27,"featured_media":0,"parent":0,"menu_order":0,"comment_status":"open","ping_status":"open","template":"","meta":{"footnotes":""},"class_list":["post-2","page","type-page","status-publish","hentry"],"_links":{"self":[{"href":"https:\/\/blogit.utu.fi\/filosofia\/wp-json\/wp\/v2\/pages\/2","targetHints":{"allow":["GET"]}}],"collection":[{"href":"https:\/\/blogit.utu.fi\/filosofia\/wp-json\/wp\/v2\/pages"}],"about":[{"href":"https:\/\/blogit.utu.fi\/filosofia\/wp-json\/wp\/v2\/types\/page"}],"author":[{"embeddable":true,"href":"https:\/\/blogit.utu.fi\/filosofia\/wp-json\/wp\/v2\/users\/27"}],"replies":[{"embeddable":true,"href":"https:\/\/blogit.utu.fi\/filosofia\/wp-json\/wp\/v2\/comments?post=2"}],"version-history":[{"count":4,"href":"https:\/\/blogit.utu.fi\/filosofia\/wp-json\/wp\/v2\/pages\/2\/revisions"}],"predecessor-version":[{"id":18,"href":"https:\/\/blogit.utu.fi\/filosofia\/wp-json\/wp\/v2\/pages\/2\/revisions\/18"}],"wp:attachment":[{"href":"https:\/\/blogit.utu.fi\/filosofia\/wp-json\/wp\/v2\/media?parent=2"}],"curies":[{"name":"wp","href":"https:\/\/api.w.org\/{rel}","templated":true}]}}