{"id":49,"date":"2017-11-22T07:55:12","date_gmt":"2017-11-22T07:55:12","guid":{"rendered":"https:\/\/blogit.utu.fi\/finemo2018\/?page_id=49"},"modified":"2018-05-04T12:45:29","modified_gmt":"2018-05-04T12:45:29","slug":"tietoa-symposiumin-jarjestajista","status":"publish","type":"page","link":"https:\/\/blogit.utu.fi\/finemo2018\/tietoa-symposiumin-jarjestajista\/","title":{"rendered":"J\u00e4rjest\u00e4j\u00e4t ja tietoa verkostosta"},"content":{"rendered":"<h3>J\u00e4rjest\u00e4j\u00e4t<\/h3>\n<p>Symposiumin j\u00e4rjest\u00e4\u00e4 Turun yliopiston kulttuurihistorian oppiaine. Ty\u00f6ryhm\u00e4n muodostavat:<\/p>\n<p>FT Heidi Hakkarainen<br \/>\nProfessori Marja Jalava<br \/>\nFT Harri Kiiskinen<br \/>\nFL, lehtori Hannele Koivisto<br \/>\nDosentti Maarit Leskel\u00e4-K\u00e4rki<br \/>\nFM Annastiina M\u00e4kil\u00e4<br \/>\nAkatemiaprofessori Hannu Salmi<br \/>\nDosentti Jukka Sarjala<\/p>\n<p>Ty\u00f6ryhm\u00e4n s\u00e4hk\u00f6postiosoite: <strong>finemo2018@utu.fi<\/strong><\/p>\n<h3>Verkosto<\/h3>\n<p>Tunnehistorian verkosto on 2016 perustettu suomalaisia tunnehistorian tutkijoita yhdist\u00e4v\u00e4 verkosto jonka toiminnan ytimen ovat t\u00e4h\u00e4n asti muodostaneet verkoston tapaamiset: Tampereella loka-marraskuun vaihteessa 2016 pidetty seminaari \u201d<a href=\"http:\/\/www.uta.fi\/yky\/coehistory\/tunteet\/index.html\">Tunteiden historia Suomessa<\/a>\u201d sek\u00e4 Helsingin yliopiston tutkijakollegiumissa kes\u00e4kuussa 2017 j\u00e4rjestetty kansainv\u00e4linen workshop \u201d<a href=\"http:\/\/blogs.helsinki.fi\/historicityofemotions\/\">Historicity of Emotions<\/a>\u201d.<\/p>\n<p>Verkoston Facebook-sivut l\u00f6ytyv\u00e4t nimell\u00e4 <a href=\"https:\/\/www.facebook.com\/Finnish-Network-for-the-History-of-Emotions-414397705615072\/?fref=ts\">Finnish Network for the History of Emotions<\/a>.<\/p>\n<p>Verkoston s\u00e4hk\u00f6postilistalle p\u00e4\u00e4see l\u00e4hett\u00e4m\u00e4ll\u00e4 s\u00e4hk\u00f6postiviestin osoitteen listserv@uta.fi . Kirjoita viestiin: &#8221;subscribe finemo Etunimi Sukunimi&#8221;, toisin sanoen kirjoita Etunimen ja Sukunimen paikalle oma nimesi ja j\u00e4t\u00e4 kohta Subject tyhj\u00e4ksi.<\/p>\n<p>&nbsp;<\/p>\n","protected":false},"excerpt":{"rendered":"<p>J\u00e4rjest\u00e4j\u00e4t Symposiumin j\u00e4rjest\u00e4\u00e4 Turun yliopiston kulttuurihistorian oppiaine. Ty\u00f6ryhm\u00e4n muodostavat: FT Heidi Hakkarainen Professori Marja Jalava FT Harri Kiiskinen FL, lehtori Hannele Koivisto Dosentti Maarit Leskel\u00e4-K\u00e4rki FM Annastiina M\u00e4kil\u00e4 Akatemiaprofessori Hannu Salmi Dosentti Jukka Sarjala Ty\u00f6ryhm\u00e4n s\u00e4hk\u00f6postiosoite: finemo2018@utu.fi Verkosto Tunnehistorian verkosto on 2016 perustettu suomalaisia tunnehistorian tutkijoita yhdist\u00e4v\u00e4 verkosto jonka toiminnan ytimen ovat t\u00e4h\u00e4n asti muodostaneet [&hellip;]<\/p>\n","protected":false},"author":839,"featured_media":0,"parent":0,"menu_order":0,"comment_status":"closed","ping_status":"closed","template":"","meta":{"footnotes":""},"class_list":["post-49","page","type-page","status-publish","hentry","post-preview"],"_links":{"self":[{"href":"https:\/\/blogit.utu.fi\/finemo2018\/wp-json\/wp\/v2\/pages\/49","targetHints":{"allow":["GET"]}}],"collection":[{"href":"https:\/\/blogit.utu.fi\/finemo2018\/wp-json\/wp\/v2\/pages"}],"about":[{"href":"https:\/\/blogit.utu.fi\/finemo2018\/wp-json\/wp\/v2\/types\/page"}],"author":[{"embeddable":true,"href":"https:\/\/blogit.utu.fi\/finemo2018\/wp-json\/wp\/v2\/users\/839"}],"replies":[{"embeddable":true,"href":"https:\/\/blogit.utu.fi\/finemo2018\/wp-json\/wp\/v2\/comments?post=49"}],"version-history":[{"count":6,"href":"https:\/\/blogit.utu.fi\/finemo2018\/wp-json\/wp\/v2\/pages\/49\/revisions"}],"predecessor-version":[{"id":165,"href":"https:\/\/blogit.utu.fi\/finemo2018\/wp-json\/wp\/v2\/pages\/49\/revisions\/165"}],"wp:attachment":[{"href":"https:\/\/blogit.utu.fi\/finemo2018\/wp-json\/wp\/v2\/media?parent=49"}],"curies":[{"name":"wp","href":"https:\/\/api.w.org\/{rel}","templated":true}]}}