{"id":7,"date":"2017-11-21T14:41:54","date_gmt":"2017-11-21T14:41:54","guid":{"rendered":"https:\/\/blogit.utu.fi\/finemo2018\/?page_id=2"},"modified":"2018-05-14T12:16:06","modified_gmt":"2018-05-14T12:16:06","slug":"sample-page","status":"publish","type":"page","link":"https:\/\/blogit.utu.fi\/finemo2018\/sample-page\/","title":{"rendered":"Ohjelma"},"content":{"rendered":"<h4>Tunteiden historian tutkimuksen verkoston kev\u00e4tsymposium Turussa 21.<span class=\"st\">\u2013<\/span>22.5. 2018.<\/h4>\n<h4>Tunteiden materiaalisuus<\/h4>\n<h3>MAANANTAI 21.5.<\/h3>\n<p>SIRKKALAN KAMPUS, JANUS-SALI JA HOVI-SALI (<span class=\"st\"> V105, Artiumin 1. krs<\/span>)<\/p>\n<p>&nbsp;<\/p>\n<p>Klo 11.00 Symposiumin aloitus, Janus<br \/>\nAlkusanat: <strong>Hannu Salmi<\/strong><\/p>\n<p>11.15\u201312.45<br \/>\n<strong>Keynote: Lauri Nummenmaa<\/strong> (TY)<br \/>\n<strong>Keynote: Tuomas Tepora<\/strong> (HY)<\/p>\n<p>&nbsp;<\/p>\n<p>12.45\u201314.00 <strong>Lounastauko<\/strong><\/p>\n<p>&nbsp;<\/p>\n<p>Ty\u00f6ryhm\u00e4 I (Puheenjohtajana Annastiina M\u00e4kil\u00e4)<br \/>\nKlo 14.00\u201415.30 Janus<\/p>\n<p><strong><em>Mielen ja ruumiin vammaisuus<\/em><br \/>\nVille Kivim\u00e4ki<\/strong>:<em> Kehollistunut trauma. Haavan somaattiset merkit psyykkisesti haavoittuneilla suomalaissotilailla 1939\u20131945<\/em><br \/>\n<strong>Tuomas Laine-Frigren<\/strong>: <em>Aivovammainen sotainvalidi tunteiden heitelt\u00e4v\u00e4n\u00e4. \u2019Fenomenologinen\u2019 n\u00e4k\u00f6kulma sairauden ja parantamisen historiaan<\/em><br \/>\n<strong>Riikka Miettinen<\/strong>: <em>Mielen sairastumisen ruumiillistuvat tunteet uuden ajan alun Ruotsissa ja Suomessa<\/em><\/p>\n<p>&nbsp;<\/p>\n<p><strong>Kahvitauko<\/strong><\/p>\n<p>&nbsp;<\/p>\n<p>Ty\u00f6ryhm\u00e4 II (Puheenjohtajana Jukka Sarjala)<br \/>\nKlo 16.00\u201417.30 Janus<\/p>\n<p><em><strong>Esineet tunneobjekteina<\/strong><\/em><br \/>\n<strong>Reetta Eiranen<\/strong>: <em>Tunneobjektit suhteen ja muiston rakentajina<\/em><br \/>\n<strong>Ulla Ij\u00e4s<\/strong>: <em>Muistoesineit\u00e4 suomalaisissa 1800-luvun kaupunkilaiseliitin perheiss\u00e4<\/em><br \/>\n<strong>Katja-Maria Miettunen<\/strong>: <em>\u201dBack to the Sixties\u201d. 1960-lukuun kohdistuva nostalgia materiaalisena ilmi\u00f6n\u00e4<\/em><\/p>\n<p>&nbsp;<\/p>\n<p>Ty\u00f6ryhm\u00e4 III (Puheenjohtajana Hannele Koivisto)<br \/>\nKlo 16.00\u201417.30 Hovi<\/p>\n<p><em><strong>Tekstuaalisuus ja ruumiillisuus<\/strong><\/em><br \/>\n<strong>Kati Kallio<\/strong>: <em>Syd\u00e4n sytt\u00e4 keittelevi<\/em><br \/>\n<strong>Kirsi Kanerva<\/strong>: <em>K\u00e4sitykset tunteista ja niiden materiaalisuudesta keskiajan Islannissa: metodologisia ongelmia<\/em><br \/>\n<strong>Olli Lampinen-Enqvist<\/strong>: <em>Ruumiillisen ihmisen sis\u00e4istyminen \u2013 Walter Hiltonin kontemplatiivinen tunneohjelma<\/em><\/p>\n<p>&nbsp;<\/p>\n<p><strong>Illanvietto klo 19<br \/>\n<\/strong><a href=\"http:\/\/www.panimoravintolakoulu.fi\/\">Panimoravintola Koulu <\/a>(Eerikinkatu 18)<strong><br \/>\n<\/strong><\/p>\n<p>&nbsp;<\/p>\n<h3>TIISTAI 22.5.<\/h3>\n<p>Ty\u00f6ryhm\u00e4 IV (Puheenjohtajana\u00a0Marja Jalava)<br \/>\nKlo 9.30\u201411.00 (roundtable) Janus<\/p>\n<p><em><strong>Tunteiden poliittisuus<\/strong><\/em><br \/>\n<strong>Saara Hilpinen<\/strong>: <em>Karikatyyrit tunneilmaston ja s\u00e4\u00e4tyerojen kuvaajina 1830\u20131840-luvuilla<\/em><br \/>\n<strong>Johanna Kuokkala<\/strong>: <em>Maskuliinisuus, vuorovaikutus ja valta kuninkaan ja k\u00e4skynhaltijan v\u00e4lill\u00e4 1500-luvulla<\/em><br \/>\n<strong>Anna Rajavuori<\/strong>: <em>Tunteen \u201daitouden\u201d esitt\u00e4minen ja arviointi 1900-luvun alun poliittisessa agitaatiossa<\/em><br \/>\n<strong>Riikka Rossi<\/strong>: <em>Inhoa ja suuttumusta. Kirjallisuus, tunteet ja vuoden 1918 tapahtumat<\/em><br \/>\n<strong>Satu Sorvali<\/strong>: <em>Vihan tunteen ilmaisu suomalaisten 1800-luvun lopun sanomalehtien mielipidekirjoituksissa<\/em><\/p>\n<p>&nbsp;<\/p>\n<p>Ty\u00f6ryhm\u00e4 V (Puheenjohtajana Heidi Hakkarainen)<br \/>\nKlo 9.30\u201411.00 (roundtable) Hovi<\/p>\n<p><em><strong>Vieras kokemus ja vieraan kokemus<\/strong><\/em><br \/>\n<strong>Liisa-Maija Korhonen<\/strong>: <em>Naiset utopian ja nostalgian risteyksess\u00e4. Kaipuun kokemuksia Colonia Finlandesan siirtokunnassa 1900-luvun alussa<\/em><br \/>\n<strong>Virva Liski<\/strong>: <em>Punavankileirien pitk\u00e4aikaiset mielenterveysvaikutukset<\/em><br \/>\n<strong>P\u00e4lvi Rantala<\/strong>: <em>Kiehtova kamala unettomuus<\/em><\/p>\n<p>&nbsp;<\/p>\n<p><strong>Kahvitauko<\/strong><\/p>\n<p>&nbsp;<\/p>\n<p>Ty\u00f6ryhm\u00e4 VI (Puheenjohtajana\u00a0Jukka Sarjala)<br \/>\nKlo 11.15\u201412.45 Janus<\/p>\n<p><em><strong>Tunteet ja k\u00e4sitehistoria<\/strong><\/em><br \/>\n<strong>Heli Rantala<\/strong>: <em>Vallankumousuutisoinnin tunneilmaisut 1800-luvun alun suomalaisessa sanomalehdist\u00f6ss\u00e4<\/em><br \/>\n<strong>Ville Vuolanto<\/strong>: <em>Miten tutkia toivoa esimodernissa maailmassa?<\/em><\/p>\n<p>&nbsp;<\/p>\n<p>klo 12.45\u201314.15 <strong>Lounastauko<\/strong><\/p>\n<p>&nbsp;<\/p>\n<p>Ty\u00f6ryhm\u00e4 VII (Puheenjohtajana Maarit Leskel\u00e4-K\u00e4rki)<br \/>\nKlo 14.15\u201415.45Janus<\/p>\n<p><em><strong>Tunteet ja ymp\u00e4rist\u00f6n moniaistinen kokeminen<\/strong><\/em><br \/>\n<strong>Heini Hakosalo<\/strong>: <em>Mustavalkoisia tunteita: valokuvat tunnehistorian aineistona ja valokuvaaminen tunnek\u00e4yt\u00e4nt\u00f6n\u00e4 suomalaisissa 1900-luvun puoliv\u00e4lin tuberkuloosiparantoloissa<\/em><br \/>\n<strong>Susanna Lahtinen<\/strong>: <em>Y\u00f6n pimeydess\u00e4 \u2013 aistihavainnot ja tunteet h\u00e4m\u00e4r\u00e4n laskeuduttua<\/em><br \/>\n<strong>Ilona Pajari<\/strong>: <em>Haudoilla k\u00e4ymisen lyhyt historia, eli suomalaisen kuoleman ja tunteiden historiaa hautausmailla<\/em><\/p>\n<p>&nbsp;<\/p>\n<p>Ty\u00f6ryhm\u00e4 VIII (Puheenjohtajana Annastiina M\u00e4kil\u00e4)<br \/>\nKlo 14.15\u201415.45 Hovi<\/p>\n<p><em><strong>Ty\u00f6ntekij\u00e4 ja ty\u00f6tt\u00f6myys\/ty\u00f6el\u00e4m\u00e4<\/strong><\/em><br \/>\n<strong>Mona Mannevuo<\/strong>:<em> Hermovoimat hy\u00f6tyk\u00e4ytt\u00f6\u00f6n: affektiivinen rationalisointi 1940-luvulla<\/em><br \/>\n<strong>Ville Yliaska<\/strong>:<em> Responssit talouskriisiin \u2013 1990-luvun laman tunteiden historiaa<\/em><\/p>\n<p>&nbsp;<\/p>\n<p>15.45\u201316.30 <strong>Iltap\u00e4iv\u00e4kahvi ja symposiumin p\u00e4\u00e4t\u00f6s<\/strong>, Janus<br \/>\nLoppusanat: <strong>Hannu Salmi<br \/>\n<\/strong><\/p>\n","protected":false},"excerpt":{"rendered":"<p>Tunteiden historian tutkimuksen verkoston kev\u00e4tsymposium Turussa 21.\u201322.5. 2018. Tunteiden materiaalisuus MAANANTAI 21.5. SIRKKALAN KAMPUS, JANUS-SALI JA HOVI-SALI ( V105, Artiumin 1. krs) &nbsp; Klo 11.00 Symposiumin aloitus, Janus Alkusanat: Hannu Salmi 11.15\u201312.45 Keynote: Lauri Nummenmaa (TY) Keynote: Tuomas Tepora (HY) &nbsp; 12.45\u201314.00 Lounastauko &nbsp; Ty\u00f6ryhm\u00e4 I (Puheenjohtajana Annastiina M\u00e4kil\u00e4) Klo 14.00\u201415.30 Janus Mielen ja ruumiin [&hellip;]<\/p>\n","protected":false},"author":29,"featured_media":0,"parent":0,"menu_order":0,"comment_status":"closed","ping_status":"open","template":"","meta":{"footnotes":""},"class_list":["post-7","page","type-page","status-publish","hentry","post-preview"],"_links":{"self":[{"href":"https:\/\/blogit.utu.fi\/finemo2018\/wp-json\/wp\/v2\/pages\/7","targetHints":{"allow":["GET"]}}],"collection":[{"href":"https:\/\/blogit.utu.fi\/finemo2018\/wp-json\/wp\/v2\/pages"}],"about":[{"href":"https:\/\/blogit.utu.fi\/finemo2018\/wp-json\/wp\/v2\/types\/page"}],"author":[{"embeddable":true,"href":"https:\/\/blogit.utu.fi\/finemo2018\/wp-json\/wp\/v2\/users\/29"}],"replies":[{"embeddable":true,"href":"https:\/\/blogit.utu.fi\/finemo2018\/wp-json\/wp\/v2\/comments?post=7"}],"version-history":[{"count":13,"href":"https:\/\/blogit.utu.fi\/finemo2018\/wp-json\/wp\/v2\/pages\/7\/revisions"}],"predecessor-version":[{"id":191,"href":"https:\/\/blogit.utu.fi\/finemo2018\/wp-json\/wp\/v2\/pages\/7\/revisions\/191"}],"wp:attachment":[{"href":"https:\/\/blogit.utu.fi\/finemo2018\/wp-json\/wp\/v2\/media?parent=7"}],"curies":[{"name":"wp","href":"https:\/\/api.w.org\/{rel}","templated":true}]}}