{"id":2,"date":"2015-10-29T12:21:21","date_gmt":"2015-10-29T12:21:21","guid":{"rendered":"http:\/\/blogit.utu.fi\/finnbrain\/?page_id=2"},"modified":"2016-05-17T11:38:08","modified_gmt":"2016-05-17T09:38:08","slug":"2-2","status":"publish","type":"page","link":"https:\/\/blogit.utu.fi\/finnbrain\/2-2\/","title":{"rendered":"Lis\u00e4tietoa FinnBrain-tutkimuksesta &#8211;  Information om FinnBrain-unders\u00f6kningen"},"content":{"rendered":"<div class=\"utu-by-line\">FinnBrain-tutkimus on Turun yliopistossa vuonna 2010 aloitettu tutkimus, jonka tarkoituksena on selvitt\u00e4\u00e4 ymp\u00e4rist\u00f6n ja perim\u00e4n vaikutusta lapsen kehitykseen. Tutkimuksessa on mukana perheit\u00e4 Turusta, l\u00e4hikunnista ja Ahvenanmaalta.<\/div>\n<p>Raskauden ja lapsuuden aikaisten el\u00e4m\u00e4ntapahtumien sek\u00e4 olosuhteiden tiedet\u00e4\u00e4n vaikuttavan terveyteen lapsuudessa ja viel\u00e4 aikuisenakin. Siit\u00e4 miten t\u00e4m\u00e4 tapahtuu, tiedet\u00e4\u00e4n v\u00e4hemm\u00e4n. T\u00e4m\u00e4 tieto on kuitenkin v\u00e4ltt\u00e4m\u00e4t\u00f6nt\u00e4, jotta voidaan kehitt\u00e4\u00e4 tehokkaita menetelmi\u00e4 hyvinvoinnin edist\u00e4miseksi, sek\u00e4 ennaltaehk\u00e4ist\u00e4 ja hoitaa sairauksia. Perheit\u00e4 on pyydetty mukaan tutkimukseen ensimm\u00e4isen ultra\u00e4\u00e4nitutkimuksen yhteydess\u00e4. Vanhempia, lasta ja perheen elinymp\u00e4rist\u00f6\u00e4 tutkitaan odotusajasta l\u00e4htien.<\/p>\n<p>FinnBrain-tutkimus keskittyy lapseen ja h\u00e4nen kehitykseens\u00e4, sek\u00e4 vanhemman ja lapsen v\u00e4liseen suhteeseen. Tarkoituksena on seurata tutkimuksessa mukana olevia lapsia aina aikuisik\u00e4\u00e4n saakka. Lapsista ker\u00e4t\u00e4\u00e4n kattavasti tietoa kyselylomakkeilla muun muassa heid\u00e4n elinymp\u00e4rist\u00f6st\u00e4\u00e4n ja el\u00e4m\u00e4ntapahtumistaan, sek\u00e4 temperamentista, unesta ja puheen kehityksest\u00e4. Lis\u00e4ksi tutkimukseen kuuluvilla pienemmill\u00e4 osatutkimuksilla kartoitetaan mm. lapsen aivojen rakennetta ja toimintaa, stressin ja infektiosairauksien yhteyksi\u00e4 sek\u00e4 tulehdusproteiinien ja stressihormonien toimintaa.<\/p>\n<p>FinnBrain-tutkimus tuottaa t\u00e4ysin uutta tietoa lapsen aivojen kehityksest\u00e4 ja kehitykseen vaikuttavista tekij\u00f6ist\u00e4. Tietoa sovelletaan mm. lasten ja nuorten terveyden hyv\u00e4ksi ja tehokkaiden tukitoimien kehitt\u00e4miseen. Tutkimuksesta kertyv\u00e4\u00e4 tietoa voidaan soveltaa perheiden ja lasten hyvinvoinnin edist\u00e4miseen. Pilottivaiheessa mukaan l\u00e4hti 200 perhett\u00e4 ja vuonna 2015 tutkimuksessa on mukana jo yli 4000 vapaaehtoista perhett\u00e4.<\/p>\n<p><a href=\"http:\/\/www.finnbrain.fi\" target=\"_blank\">FinnBrain-tutkimuksen kotisivut<\/a><\/p>\n<p>&nbsp;<\/p>\n<p>FinnBrain-unders\u00f6kningen startades \u00e5r 2010 p\u00e5 \u00c5bo universitet och har som syfte att unders\u00f6ka omgivningens och genetikens inverkan p\u00e5 barnets utveckling. I unders\u00f6kningen deltar familjer fr\u00e5n \u00c5bo, dess n\u00e4rkommuner och \u00c5land.<\/p>\n<p>Man k\u00e4nner till att graviditet och tidiga barndomsupplevelser samt \u2013f\u00f6rh\u00e5llanden inverkar p\u00e5 h\u00e4lsan hos barn och \u00e4ven p\u00e5verkar h\u00e4lsan i vuxen\u00e5ldern. Hur detta h\u00e4nder \u00e4r mindre k\u00e4nt. Kunskap om detta \u00e4r n\u00f6dv\u00e4ndig f\u00f6r att kunna utveckla effektiva metoder f\u00f6r att fr\u00e4mja v\u00e4lbefinnande samt f\u00f6r att f\u00f6rebygga och v\u00e5rda sjukdomar. Familjerna har rekryterats till unders\u00f6kningen i samband med sitt f\u00f6rsta ultraljud. F\u00f6r\u00e4ldrarna, barnet och familjens livsmilj\u00f6 har unders\u00f6kts sedan graviditeten.<\/p>\n<p>FinnBrain-unders\u00f6kningen fokuserar p\u00e5 barnet och hens utveckling, samt f\u00f6rh\u00e5llandet mellan f\u00f6r\u00e4ldrarna och barnet. Syftet \u00e4r att f\u00f6lja med de deltagande barnen enda upp till vuxen \u00e5lder. Det samlas omfattande information om barnen med hj\u00e4lp av fr\u00e5geformul\u00e4r om bl.a. deras levnadsf\u00f6rh\u00e5llanden och livsh\u00e4ndelser, samt temperament, s\u00f6mn och spr\u00e5kutveckling. Dessutom kartl\u00e4gger unders\u00f6kningens mindre delforskningar bl.a. strukturen och funktionen av barnens hj\u00e4rnor, samband mellan stress och infektionssjukdomar samt funktionen av inflammationsprotein och stresshormon.<\/p>\n<p>FinnBrain-unders\u00f6kningen skapar fullst\u00e4ndigt ny kunskap om utvecklingen av barnets hj\u00e4rna och vad som inverkar p\u00e5 dess utveckling. Informationen till\u00e4mpas bl.a. f\u00f6r \u00f6kat v\u00e4lbefinnande av barn och f\u00f6r utveckling av effektiva st\u00f6d\u00e5tg\u00e4rder f\u00f6r dem. Ackumulerande kunskapen fr\u00e5n unders\u00f6kningen kan anv\u00e4ndas f\u00f6r fr\u00e4mjande av familjers och barns v\u00e4lm\u00e5ende. I piloteringen deltog 200 familjer och \u00e5r 2015 deltar \u00f6ver 4000 frivilliga familjer i unders\u00f6kningen.<\/p>\n<p><a href=\"http:\/\/www.utu.fi\/fi\/yksikot\/finnbrainsv\/Sivut\/home.aspx\">FinnBrain-unders\u00f6kningens hemsida<\/a><\/p>\n","protected":false},"excerpt":{"rendered":"<p>FinnBrain-tutkimus on Turun yliopistossa vuonna 2010 aloitettu tutkimus, jonka tarkoituksena on selvitt\u00e4\u00e4 ymp\u00e4rist\u00f6n ja perim\u00e4n vaikutusta lapsen kehitykseen. Tutkimuksessa on mukana perheit\u00e4 Turusta, l\u00e4hikunnista ja Ahvenanmaalta. Raskauden ja lapsuuden aikaisten el\u00e4m\u00e4ntapahtumien sek\u00e4 olosuhteiden tiedet\u00e4\u00e4n vaikuttavan terveyteen lapsuudessa ja viel\u00e4 aikuisenakin. &hellip; <a href=\"https:\/\/blogit.utu.fi\/finnbrain\/2-2\/\">Lue loppuun <span class=\"meta-nav\">&rarr;<\/span><\/a><\/p>\n","protected":false},"author":140,"featured_media":0,"parent":0,"menu_order":0,"comment_status":"closed","ping_status":"open","template":"","meta":{"footnotes":""},"class_list":["post-2","page","type-page","status-publish","hentry"],"_links":{"self":[{"href":"https:\/\/blogit.utu.fi\/finnbrain\/wp-json\/wp\/v2\/pages\/2","targetHints":{"allow":["GET"]}}],"collection":[{"href":"https:\/\/blogit.utu.fi\/finnbrain\/wp-json\/wp\/v2\/pages"}],"about":[{"href":"https:\/\/blogit.utu.fi\/finnbrain\/wp-json\/wp\/v2\/types\/page"}],"author":[{"embeddable":true,"href":"https:\/\/blogit.utu.fi\/finnbrain\/wp-json\/wp\/v2\/users\/140"}],"replies":[{"embeddable":true,"href":"https:\/\/blogit.utu.fi\/finnbrain\/wp-json\/wp\/v2\/comments?post=2"}],"version-history":[{"count":9,"href":"https:\/\/blogit.utu.fi\/finnbrain\/wp-json\/wp\/v2\/pages\/2\/revisions"}],"predecessor-version":[{"id":255,"href":"https:\/\/blogit.utu.fi\/finnbrain\/wp-json\/wp\/v2\/pages\/2\/revisions\/255"}],"wp:attachment":[{"href":"https:\/\/blogit.utu.fi\/finnbrain\/wp-json\/wp\/v2\/media?parent=2"}],"curies":[{"name":"wp","href":"https:\/\/api.w.org\/{rel}","templated":true}]}}