{"id":1281,"date":"2020-09-24T07:35:22","date_gmt":"2020-09-24T07:35:22","guid":{"rendered":"https:\/\/blogit.utu.fi\/futuresofscience\/?page_id=1281"},"modified":"2025-02-23T12:50:44","modified_gmt":"2025-02-23T12:50:44","slug":"publications","status":"publish","type":"page","link":"https:\/\/blogit.utu.fi\/futuresofscience\/publications\/","title":{"rendered":"Publications"},"content":{"rendered":"\n<p>Please cite the published versions, not the versions here:<\/p>\n\n\n\n<p>18. Virmajoki, V., Ahokas, I., Witoon, S., Ahlqvist, T., Kirveennummi, A., &amp; Suomalainen, K.-M. (2024). <em>Future directions and possibilities for the university: Report on literature review and Delphi study<\/em>. University of Turku Strategic Planning Unit in collaboration with the Finland Futures Research Centre (FFRC). ISBN 978-952-249-617-1. <a href=\"https:\/\/www.utupub.fi\/handle\/10024\/179116\">https:\/\/www.utupub.fi\/handle\/10024\/179116<\/a><\/p>\n\n\n\n<p>17. Virmajoki, Veli &amp; Laakkonen, Mika-Petri (2024):<strong> &#8220;<\/strong>Time and Futures. Analysis of time-needs in futures research &#8220;. <em>Futures &amp; Foresight Science<\/em>. <a href=\"https:\/\/onlinelibrary.wiley.com\/doi\/full\/10.1002\/ffo2.190\">https:\/\/onlinelibrary.wiley.com\/doi\/full\/10.1002\/ffo2.190<\/a><\/p>\n\n\n\n<p>16. Virmajoki, Veli &amp; Laakkonen, Mika-Petri (2024): &#8220;Don\u2019t Push the Wrong Button. The Concept of Microperspective in Futures Research&#8221;. <em>Futures &amp; Foresight Science<\/em>. <a href=\"https:\/\/onlinelibrary.wiley.com\/doi\/full\/10.1002\/ffo2.183\">https:\/\/onlinelibrary.wiley.com\/doi\/full\/10.1002\/ffo2.183<\/a><\/p>\n\n\n\n<p>15. Virmajoki, Veli (2024): \u201cOn the Function and Nature of Historical Counterfactuals. Clarifying Confusions\u201d. <em>Journal of the Philosophy of History<\/em>.<\/p>\n\n\n\n<p>14. Virmajoki, Veli (2023). <em>Causal Explanation in Historiography<\/em>. Palgrave Macmillan<\/p>\n\n\n\n<p>13. Virmajoki, Veli. \u201cA Deceiving Resemblance: Realism Debates in Philosophy of Science and Philosophy of Historiography\u201d. In Mitrovic ja Forland (eds.): <em>The Poverty of Anti-realism<\/em>. <em>Lexington Books<\/em>.<\/p>\n\n\n\n<p>12. &#8220;Epilogi. Unelma yhten\u00e4isyydest\u00e4&#8221;. In Myllyntausta, M\u00e4kil\u00e4, Skurnik, Virmajoki: <em>Tiedonhistoria<\/em>. Vastapaino. <\/p>\n\n\n\n<p>                   &#8212; An epilogue in a book about History of Knowledge (in Finnish). I am also one of the editors of the book.<\/p>\n\n\n\n<p>11. &#8220;Frameworks in Historiography. Explanation, Scenarios, and Futures&#8221;. <em>Journal of the Philosophy of History<\/em>. Forthcoming.<\/p>\n\n\n\n<p><\/p>\n\n\n\n<p>10. &#8220;Pursuitworthiness in the Scheme of Futures&#8221;. <em>European Journal for Philosophy of Science<\/em><\/p>\n\n\n\n<p><a href=\"http:\/\/philsci-archive.pitt.edu\/21630\/\">http:\/\/philsci-archive.pitt.edu\/21630\/<\/a><\/p>\n\n\n\n<p>9. &#8220;Limits of Conceivability in the Study of the Future. Lessons from Philosophy of Science&#8221;. <em>Futures<\/em>. https:\/\/www.sciencedirect.com\/science\/article\/pii\/S0016328722000933<\/p>\n\n\n\n<p>8. &#8220;In Defense of Causal Presentism&#8221;. Forthcoming. <em>HOPOS<\/em>. <a href=\"https:\/\/www.journals.uchicago.edu\/doi\/10.1086\/718993\">https:\/\/www.journals.uchicago.edu\/doi\/10.1086\/718993<\/a><\/p>\n\n\n\n<p>7. &#8220;Understanding Futures of Science: Connecting Causal Layered Analysis and the Philosophy of Science&#8221;. <em>Journal of Futures Studies<\/em>. Forthcoming. <a href=\"http:\/\/philsci-archive.pitt.edu\/19444\/\">https:\/\/jfsdigital.org\/understanding-futures-of-science-connecting-causal-layered-analysis-and-philosophy-of-science\/<\/a><\/p>\n\n\n\n<p>6. \u201cLocal Explanation in Historiography of Science\u201d. <em>European Journal for Philosophy of Science<\/em>. Forthcoming.<\/p>\n\n\n\n<div class=\"wp-block-file\"><a id=\"wp-block-file--media-0171a4ce-0f94-493c-8b94-5afc011ce3c6\" href=\"https:\/\/blogit.utu.fi\/futuresofscience\/wp-content\/uploads\/sites\/537\/2020\/09\/LocalismVirmajoki.pdf\">LocalismVirmajoki<\/a><a href=\"https:\/\/blogit.utu.fi\/futuresofscience\/wp-content\/uploads\/sites\/537\/2020\/09\/LocalismVirmajoki.pdf\" class=\"wp-block-file__button wp-element-button\" download aria-describedby=\"wp-block-file--media-0171a4ce-0f94-493c-8b94-5afc011ce3c6\">Download<\/a><\/div>\n\n\n\n<p>5. \u201dWhat Should We Require from an Account of Explanation in Historiography\u201d. <em>Journal of the Philosophy of History<\/em>.<\/p>\n\n\n\n<div class=\"wp-block-file\"><a id=\"wp-block-file--media-442c1fe6-8151-452d-bd94-890a78b830c4\" href=\"https:\/\/blogit.utu.fi\/futuresofscience\/wp-content\/uploads\/sites\/537\/2020\/09\/JPH_advance_Virmajoki1.pdf\">JPH_advance_Virmajoki1<\/a><a href=\"https:\/\/blogit.utu.fi\/futuresofscience\/wp-content\/uploads\/sites\/537\/2020\/09\/JPH_advance_Virmajoki1.pdf\" class=\"wp-block-file__button wp-element-button\" download aria-describedby=\"wp-block-file--media-442c1fe6-8151-452d-bd94-890a78b830c4\">Download<\/a><\/div>\n\n\n\n<p>4. Virmajoki, Veli. \u201dCould Science Be Interestingly Different?\u201d. <em>Journal of the Philosophy of History<\/em> 12 (2). 2018.<\/p>\n\n\n\n<div class=\"wp-block-file\"><a id=\"wp-block-file--media-b767aeb2-05e0-4bd4-b3c0-10ca67699a1b\" href=\"https:\/\/blogit.utu.fi\/futuresofscience\/wp-content\/uploads\/sites\/537\/2020\/09\/18722636_012_02_s007_text.pdf\">18722636_012_02_s007_text<\/a><a href=\"https:\/\/blogit.utu.fi\/futuresofscience\/wp-content\/uploads\/sites\/537\/2020\/09\/18722636_012_02_s007_text.pdf\" class=\"wp-block-file__button wp-element-button\" download aria-describedby=\"wp-block-file--media-b767aeb2-05e0-4bd4-b3c0-10ca67699a1b\">Download<\/a><\/div>\n\n\n\n<p>3. Virmajoki, Veli. \u201cMiten tieteenhistorian pit\u00e4isi valita tutkimuskohteensa?\u201d [\u201cHow Should the Historiography of Science Choose its Targets of Study?\u201d] <em>Ajatus<\/em> 72, 2015.<\/p>\n\n\n\n<div class=\"wp-block-file\"><a id=\"wp-block-file--media-fc2edaad-7d9b-4f94-bd00-13a9452adc35\" href=\"https:\/\/blogit.utu.fi\/futuresofscience\/wp-content\/uploads\/sites\/537\/2020\/09\/Miten-tieteenhistorian-pit\u00e4isi-valita-tutkimuskohteensa.pdf\">Miten-tieteenhistorian-pit\u00e4isi-valita-tutkimuskohteensa<\/a><a href=\"https:\/\/blogit.utu.fi\/futuresofscience\/wp-content\/uploads\/sites\/537\/2020\/09\/Miten-tieteenhistorian-pit\u00e4isi-valita-tutkimuskohteensa.pdf\" class=\"wp-block-file__button wp-element-button\" download aria-describedby=\"wp-block-file--media-fc2edaad-7d9b-4f94-bd00-13a9452adc35\">Download<\/a><\/div>\n\n\n\n<p>2. <strong>Review<\/strong>: Review of Paul A. Roth\u2019s The Philosophical Structure of Historical Explanation. <em>Philosophy of Science. <\/em><\/p>\n\n\n\n<p><a href=\"https:\/\/doi.org\/10.1017\/psa.2022.93\">https:\/\/doi.org\/10.1017\/psa.2022.93<\/a><\/p>\n\n\n\n<p>1. <strong>Dissertation<\/strong>: Cementing Science. Understanding Science through Its Development. <\/p>\n\n\n\n<p><a href=\"https:\/\/www.utupub.fi\/handle\/10024\/147334\">https:\/\/www.utupub.fi\/handle\/10024\/147334<\/a><\/p>\n","protected":false},"excerpt":{"rendered":"<p>Please cite the published versions, not the versions here: 18. Virmajoki, V., Ahokas, I., Witoon, S., Ahlqvist, T., Kirveennummi, A., &amp; Suomalainen, K.-M. (2024). Future directions and possibilities for the university: Report on literature review and Delphi study. University of Turku Strategic Planning Unit in collaboration with the Finland Futures Research Centre (FFRC). ISBN 978-952-249-617-1. [&hellip;]<\/p>\n","protected":false},"author":741,"featured_media":0,"parent":0,"menu_order":0,"comment_status":"closed","ping_status":"closed","template":"","meta":{"footnotes":""},"class_list":["post-1281","page","type-page","status-publish","hentry"],"_links":{"self":[{"href":"https:\/\/blogit.utu.fi\/futuresofscience\/wp-json\/wp\/v2\/pages\/1281","targetHints":{"allow":["GET"]}}],"collection":[{"href":"https:\/\/blogit.utu.fi\/futuresofscience\/wp-json\/wp\/v2\/pages"}],"about":[{"href":"https:\/\/blogit.utu.fi\/futuresofscience\/wp-json\/wp\/v2\/types\/page"}],"author":[{"embeddable":true,"href":"https:\/\/blogit.utu.fi\/futuresofscience\/wp-json\/wp\/v2\/users\/741"}],"replies":[{"embeddable":true,"href":"https:\/\/blogit.utu.fi\/futuresofscience\/wp-json\/wp\/v2\/comments?post=1281"}],"version-history":[{"count":21,"href":"https:\/\/blogit.utu.fi\/futuresofscience\/wp-json\/wp\/v2\/pages\/1281\/revisions"}],"predecessor-version":[{"id":2952,"href":"https:\/\/blogit.utu.fi\/futuresofscience\/wp-json\/wp\/v2\/pages\/1281\/revisions\/2952"}],"wp:attachment":[{"href":"https:\/\/blogit.utu.fi\/futuresofscience\/wp-json\/wp\/v2\/media?parent=1281"}],"curies":[{"name":"wp","href":"https:\/\/api.w.org\/{rel}","templated":true}]}}