{"id":4853,"date":"2019-06-24T10:57:30","date_gmt":"2019-06-24T10:57:30","guid":{"rendered":"https:\/\/blogit.utu.fi\/hazard\/?page_id=4853"},"modified":"2019-06-24T10:57:30","modified_gmt":"2019-06-24T10:57:30","slug":"articles","status":"publish","type":"page","link":"https:\/\/blogit.utu.fi\/hazard\/articles\/","title":{"rendered":"Articles"},"content":{"rendered":"<p><a href=\"https:\/\/www.hb.se\/en\/About-UB\/Current\/News-archive\/2019\/June\/Collaboration-to-increase-safety-around-the-Baltic-Sea\/\">University of Bor\u00e5s 20 June 2019: Collaboration to increase safety around the Baltic Sea<\/a><\/p>\n<p><a href=\"http:\/\/www.utu.fi\/en\/sites\/hazard\/publications\/Documents\/Media\/20180508_Naantalinsalmi_suljetaan.pdf\">Turun Sanomat 8 May 2018: Naantalinsalmi suljetaan liikenteelt\u00e4<\/a><\/p>\n<p><a href=\"http:\/\/www.utu.fi\/en\/sites\/hazard\/publications\/Documents\/Media\/Gefahrgut_Mehr-sicherheit-in-H%c3%a4fen.pdf\">Gefahrgut 6\/2018: Mehr Sicherheit in H\u00e4fen<\/a><\/p>\n<p><a href=\"http:\/\/www.utu.fi\/en\/sites\/hazard\/publications\/Documents\/Media\/btj_5-17_cybersecurity_in_ports_3.pdf\" target=\"_blank\" rel=\"noopener\">Baltic Transport Journal 5\/2017: A matter of great urgency<\/a><\/p>\n<p><a href=\"http:\/\/www.utu.fi\/en\/sites\/hazard\/publications\/Documents\/Media\/btj_5-17_serving_trade_and_industry_port_of_naantali_1.pdf\" target=\"_blank\" rel=\"noopener\">Baltic Transport Journal 5\/2017: Serving Trade and Industry<\/a><\/p>\n<p><a href=\"http:\/\/www.utu.fi\/en\/sites\/hazard\/publications\/Documents\/Media\/harbours_review_4_2017.pdf\" target=\"_blank\" rel=\"noopener\">Harbours Review 4\/2017:\u00a0A matter of great urgency<\/a><\/p>\n<p><a href=\"http:\/\/www.utu.fi\/en\/sites\/hazard\/publications\/Documents\/Media\/Satamat%20vailla%20kyberohjeita%2c%20TS%2020171109.pdf\" target=\"_blank\" rel=\"noopener\">Turun Sanomat 9 November 2017: Satamat vailla kyberohjeita<\/a><\/p>\n<p><a href=\"http:\/\/www.utu.fi\/en\/sites\/hazard\/publications\/Documents\/Media\/Toivotaan%20pikaista%20apua%20TS%2020171019.pdf\" target=\"_blank\" rel=\"noopener\">Turun Sanomat 19 October 2017: Toivotaan pikaista apua<\/a><\/p>\n<p><a href=\"http:\/\/www.utu.fi\/en\/sites\/hazard\/publications\/Documents\/Media\/Vakka-Suomen%20Sanomat%2020171019%20.pdf\" target=\"_blank\" rel=\"noopener\">Vakka-Suomen Sanomat 19 October 2017: Naantalin satamassa matkustaja-aluksen ja\u00a0<\/a><a href=\"http:\/\/www.utu.fi\/en\/sites\/hazard\/publications\/Documents\/Media\/Vakka-Suomen%20Sanomat%2020171019%20.pdf\" target=\"_blank\" rel=\"noopener\">\u00f6ljytankkerin t\u00f6rm\u00e4ys<\/a><\/p>\n<p><a href=\"http:\/\/www.utu.fi\/en\/sites\/hazard\/publications\/Documents\/Media\/Loeschblatt%20September%202017%20-%20Auszug.pdf\" target=\"_blank\" rel=\"noopener\">L\u00f6schblatt September 2017: Alarm I&#8217;m Hafen<\/a><\/p>\n<p><a href=\"http:\/\/www.utu.fi\/en\/sites\/hazard\/publications\/Documents\/Media\/BRANDSchutz%209-2017.pdf\" target=\"_blank\" rel=\"noopener\">BRANDSchutz 9\/2017: ChemRad 2017: eine europ\u00e4ische Gross\u00fcbung in Hamburg<\/a><\/p>\n<p><a href=\"http:\/\/www.utu.fi\/en\/sites\/hazard\/publications\/Documents\/Media\/Press%20Vakaru%20ekspresas.pdf\" target=\"_blank\" rel=\"noopener\">Vakaru ekspresas 29 September 2017: Terminale likviduotas &#8220;pavojus&#8221;<\/a><\/p>\n<p><a href=\"http:\/\/www.utu.fi\/en\/sites\/hazard\/publications\/Documents\/Media\/Respublika%202017.09.28.pdf\" target=\"_blank\" rel=\"noopener\">Respublika 28 September 2017: Klaipedoje rengiamose pratybose bus imituojama chemine avarija<\/a><\/p>\n<p><a href=\"http:\/\/www.utu.fi\/en\/sites\/hazard\/publications\/Documents\/Media\/Klaipeda%202017.09.27.pdf\" target=\"_blank\" rel=\"noopener\">27 September 2017: Pratybos HAZARD Klaipedos uoste<\/a><\/p>\n<p><a href=\"http:\/\/www.utu.fi\/en\/sites\/hazard\/publications\/Documents\/Media\/Balticum%20news.mp4\" target=\"_blank\" rel=\"noopener\">Balticum News 27 September 2017<\/a><\/p>\n<p><a href=\"https:\/\/blogit.utu.fi\/hazard\/wp-content\/uploads\/sites\/65\/2016\/09\/PA-Secure-Newsletter-2017_2.pdf\" target=\"_blank\" rel=\"noopener\">PA Secure Newsletter 2017\/2: Radioactive cloud, oil spill from a tanker collision and injured crew members \u2013 just another day in the HAZARD project<\/a><\/p>\n<p><a href=\"https:\/\/blogit.utu.fi\/hazard\/wp-content\/uploads\/sites\/65\/2016\/09\/IAPH-Newsletter-387.pdf\" target=\"_blank\" rel=\"noopener\">IAPH Newsletter June 2017: Cybersecurity in Ports<\/a><\/p>\n<p><a href=\"https:\/\/blogit.utu.fi\/hazard\/wp-content\/uploads\/sites\/65\/2016\/09\/2017-03-gef\u00e4hrliche-ladung.pdf\" target=\"_blank\" rel=\"noopener\">Gef\u00e4hrliche ladung 2017\/3: Sicherheit rund um die Ostsee<\/a><\/p>\n<p><a href=\"https:\/\/blogit.utu.fi\/hazard\/wp-content\/uploads\/sites\/65\/2016\/09\/201704_Pelastustieto_heng\u00e4stytt\u00e4v\u00e4n-hyv\u00e4-harjoitus.pdf\" target=\"_blank\" rel=\"noopener\">Pelastustieto 2017\/2: Heng\u00e4stytt\u00e4v\u00e4n hyv\u00e4 harjoitus<\/a><\/p>\n<p><a href=\"https:\/\/blogit.utu.fi\/hazard\/wp-content\/uploads\/sites\/65\/2016\/09\/PA-Secure-Newsletter-2017-1-1.pdf\" target=\"_blank\" rel=\"noopener\">PA Secure Newsletter 2017\/1: HAZARD Multi-authority exercise<\/a><\/p>\n<p><a href=\"https:\/\/blogit.utu.fi\/hazard\/wp-content\/uploads\/sites\/65\/2016\/09\/201610_HAZARD_parantaa_satamaturvallisuutta.pdf\" target=\"_blank\" rel=\"noopener\">Varsinais-Suomen Yritt\u00e4j\u00e4 10\/2016: HAZARD parantaa satamaturvallisuutta<\/a><\/p>\n<p><a href=\"https:\/\/blogit.utu.fi\/hazard\/wp-content\/uploads\/sites\/65\/2016\/09\/201612_Giftgas_in_baggergut_Hamburg_exercise_L\u00f6schblatt.pdf\" target=\"_blank\" rel=\"noopener\">L\u00f6schblatt 06\/2016: Giftgas in baggergut Hamburg exercise<\/a><\/p>\n<p><a href=\"https:\/\/blogit.utu.fi\/hazard\/wp-content\/uploads\/sites\/65\/2016\/09\/20161020_Aurora.pdf\" target=\"_blank\" rel=\"noopener\">Aurora 20 October 2016: Turun yliopisto kehitt\u00e4\u00e4 meriturvallisuutta<\/a><\/p>\n<p><a href=\"https:\/\/blogit.utu.fi\/hazard\/wp-content\/uploads\/sites\/65\/2016\/09\/201610_HAZARD-projektin_harjoitus_hampurin_satamassa.pdf\" target=\"_blank\" rel=\"noopener\">Otkantti 2016\/3: HAZARD-projektin harjoitus Hampurin satamassa<\/a><\/p>\n<p><a href=\"https:\/\/blogit.utu.fi\/hazard\/wp-content\/uploads\/sites\/65\/2016\/09\/201610_Turun_satama_panostaa_turvallisuuden-kehitt\u00e4miseen.pdf\" target=\"_blank\" rel=\"noopener\">Aboard October 2016: Turun satama panostaa turvallisuuden kehitt\u00e4miseen<\/a><\/p>\n<p><a href=\"https:\/\/blogit.utu.fi\/hazard\/wp-content\/uploads\/sites\/65\/2016\/09\/VT_08.04.16_NETTI_HAZARD.pdf\" target=\"_blank\" rel=\"noopener\">Viimsi Teataja 8 April 2016: Viimsi vallavalitsus osaleb HAZARDi projektis<\/a><\/p>\n<p><a href=\"https:\/\/blogit.utu.fi\/hazard\/wp-content\/uploads\/sites\/65\/2016\/09\/20151126-Aamuset.pdf\" target=\"_blank\" rel=\"noopener\">Aamuset 26 November 2015: It\u00e4meren alueen satamiin satsataan yhteisty\u00f6ll\u00e4<\/a><\/p>\n","protected":false},"excerpt":{"rendered":"<p>University of Bor\u00e5s 20 June 2019: Collaboration to increase safety around the Baltic Sea Turun Sanomat 8 May 2018: Naantalinsalmi suljetaan liikenteelt\u00e4 Gefahrgut 6\/2018: Mehr Sicherheit in H\u00e4fen Baltic Transport Journal 5\/2017: A matter of great urgency Baltic Transport Journal 5\/2017: Serving Trade and Industry Harbours Review 4\/2017:\u00a0A matter of &#8230;<\/p>\n","protected":false},"author":2129,"featured_media":0,"parent":0,"menu_order":0,"comment_status":"closed","ping_status":"closed","template":"","meta":{"footnotes":""},"class_list":["post-4853","page","type-page","status-publish","hentry","column","twocol"],"_links":{"self":[{"href":"https:\/\/blogit.utu.fi\/hazard\/wp-json\/wp\/v2\/pages\/4853","targetHints":{"allow":["GET"]}}],"collection":[{"href":"https:\/\/blogit.utu.fi\/hazard\/wp-json\/wp\/v2\/pages"}],"about":[{"href":"https:\/\/blogit.utu.fi\/hazard\/wp-json\/wp\/v2\/types\/page"}],"author":[{"embeddable":true,"href":"https:\/\/blogit.utu.fi\/hazard\/wp-json\/wp\/v2\/users\/2129"}],"replies":[{"embeddable":true,"href":"https:\/\/blogit.utu.fi\/hazard\/wp-json\/wp\/v2\/comments?post=4853"}],"version-history":[{"count":1,"href":"https:\/\/blogit.utu.fi\/hazard\/wp-json\/wp\/v2\/pages\/4853\/revisions"}],"predecessor-version":[{"id":4859,"href":"https:\/\/blogit.utu.fi\/hazard\/wp-json\/wp\/v2\/pages\/4853\/revisions\/4859"}],"wp:attachment":[{"href":"https:\/\/blogit.utu.fi\/hazard\/wp-json\/wp\/v2\/media?parent=4853"}],"curies":[{"name":"wp","href":"https:\/\/api.w.org\/{rel}","templated":true}]}}