{"id":32,"date":"2019-04-05T07:29:48","date_gmt":"2019-04-05T05:29:48","guid":{"rendered":"https:\/\/blogit.utu.fi\/hilleri\/about\/"},"modified":"2019-04-05T08:01:52","modified_gmt":"2019-04-05T06:01:52","slug":"about","status":"publish","type":"page","link":"https:\/\/blogit.utu.fi\/hilleri\/about\/","title":{"rendered":"About"},"content":{"rendered":"<p>T\u00e4ss\u00e4 blogissa Hilleri-projekiryhm\u00e4 tiedottaa ja uutisoi Alma-palvelualustaprojektin etenemisest\u00e4 sek\u00e4 projektiin enemm\u00e4n tai v\u00e4hemm\u00e4n liittyvist\u00e4 aiheista.<\/p>\n","protected":false},"excerpt":{"rendered":"<p>T\u00e4ss\u00e4 blogissa Hilleri-projekiryhm\u00e4 tiedottaa ja uutisoi Alma-palvelualustaprojektin etenemisest\u00e4 sek\u00e4 projektiin enemm\u00e4n tai v\u00e4hemm\u00e4n liittyvist\u00e4 aiheista.<\/p>\n","protected":false},"author":1011,"featured_media":0,"parent":0,"menu_order":0,"comment_status":"closed","ping_status":"closed","template":"","meta":{"footnotes":""},"class_list":["post-32","page","type-page","status-publish","hentry","post-preview"],"_links":{"self":[{"href":"https:\/\/blogit.utu.fi\/hilleri\/wp-json\/wp\/v2\/pages\/32","targetHints":{"allow":["GET"]}}],"collection":[{"href":"https:\/\/blogit.utu.fi\/hilleri\/wp-json\/wp\/v2\/pages"}],"about":[{"href":"https:\/\/blogit.utu.fi\/hilleri\/wp-json\/wp\/v2\/types\/page"}],"author":[{"embeddable":true,"href":"https:\/\/blogit.utu.fi\/hilleri\/wp-json\/wp\/v2\/users\/1011"}],"replies":[{"embeddable":true,"href":"https:\/\/blogit.utu.fi\/hilleri\/wp-json\/wp\/v2\/comments?post=32"}],"version-history":[{"count":2,"href":"https:\/\/blogit.utu.fi\/hilleri\/wp-json\/wp\/v2\/pages\/32\/revisions"}],"predecessor-version":[{"id":197,"href":"https:\/\/blogit.utu.fi\/hilleri\/wp-json\/wp\/v2\/pages\/32\/revisions\/197"}],"wp:attachment":[{"href":"https:\/\/blogit.utu.fi\/hilleri\/wp-json\/wp\/v2\/media?parent=32"}],"curies":[{"name":"wp","href":"https:\/\/api.w.org\/{rel}","templated":true}]}}