{"id":2453,"date":"2018-06-07T08:57:13","date_gmt":"2018-06-07T08:57:13","guid":{"rendered":"https:\/\/blogit.utu.fi\/histofriikki\/?page_id=2453"},"modified":"2018-06-07T09:52:42","modified_gmt":"2018-06-07T09:52:42","slug":"histofriikki-2017-2","status":"publish","type":"page","link":"https:\/\/blogit.utu.fi\/histofriikki\/histofriikki-2017-2\/","title":{"rendered":"Histofriikki 2017"},"content":{"rendered":"<p><strong>P\u00e4\u00e4kirjoitus<\/strong><\/p>\n<p>Johanna Ilmakunnas:<a href=\"https:\/\/blogit.utu.fi\/histofriikki\/paakirjoitus\/\"> Suomen eurooppalainen historia<\/a><\/p>\n<p>&nbsp;<\/p>\n<p><strong>Opiskelijael\u00e4m\u00e4<\/strong><\/p>\n<p>Maria Syv\u00e4niemi:<a href=\"https:\/\/blogit.utu.fi\/histofriikki\/ajattelua_naurua_laulua\/\"> Ajattelua, naurua ja laulua<\/a><\/p>\n<p>Hannele Vilen:<a href=\"https:\/\/blogit.utu.fi\/histofriikki\/how_to_survive_lyhyt_opas_yliopistossa_selviytymiseen\/\"> How to survive? Lyhyt opas yliopistossa selviytymiseen<\/a><\/p>\n<p>Mikko Saira:<a href=\"https:\/\/blogit.utu.fi\/histofriikki\/monipuolinen-yliopisto-opiskelu\/\"> Monipuolinen yliopisto-opiskelu<\/a><\/p>\n<p>Eero Tanhuanp\u00e4\u00e4:<a href=\"https:\/\/blogit.utu.fi\/histofriikki\/opiskelijana-arkistoalan-ja-asiakirjahallinnan-maisteriopinnoissa\/\"> Opiskelijana arkistoalan ja asiakirjahallinnan maisteriopinnoissa<\/a><\/p>\n<p>&nbsp;<\/p>\n<p><strong>Opinn\u00e4ytteet<\/strong><\/p>\n<p>Ilkka Hemmil\u00e4: <a href=\"https:\/\/blogit.utu.fi\/histofriikki\/gradu-vuoden-tyo-ehka-neljan\/\">Gradu \u2013 vuoden ty\u00f6, ehk\u00e4 nelj\u00e4n<\/a><\/p>\n<p>Tanja Laimi:<a href=\"https:\/\/blogit.utu.fi\/histofriikki\/onko-mies-ihminen-kokemuksia-kandidaatintutkielman-kirjoittamisesta\/\"> Onko mies ihminen? \u2013 Kokemuksia kandidaatintutkielman kirjoittamisesta<\/a><\/p>\n<p><a href=\"https:\/\/blogit.utu.fi\/histofriikki\/pro-gradu-ja-sivuainetutkielmat-lukuvuonna-2016-2017\/\">Pro gradu ja sivuainetutkielmat lukuvuonna 2016-2017<\/a><\/p>\n<p><a href=\"https:\/\/blogit.utu.fi\/histofriikki\/kandidaatintutkielmat-lukuvuonna-2016-2017\/\">Kandidaatintutkielmat lukuvuonna 2016-2017<\/a><\/p>\n<p>&nbsp;<\/p>\n<p><strong>Opetus ja tutkimus<\/strong><\/p>\n<p>Juho Malka: <a href=\"https:\/\/blogit.utu.fi\/histofriikki\/tutkimusta-1800-luvun-alkupuolen-turkulaisprostituoiduista\/\">Tutkimusta 1800-luvun alkupuolen turkulaisprostituoiduista \u2013 Tutkijahaastattelussa Kirsi Vainio-Korhonen<\/a><\/p>\n<p>Taina Saarenp\u00e4\u00e4: <a href=\"https:\/\/blogit.utu.fi\/histofriikki\/polya-ja-bitteja-miksi-opiskella-arkistoalaa\/\">P\u00f6ly\u00e4 ja bittej\u00e4? Miksi opiskella arkistoalaa?<\/a><\/p>\n<p>&nbsp;<\/p>\n<p><strong>Ty\u00f6el\u00e4m\u00e4<\/strong><\/p>\n<p>Juho Malka: <a href=\"https:\/\/blogit.utu.fi\/histofriikki\/tyoelama\/\">Historiasta ty\u00f6llistyminen<\/a><\/p>\n<p>Juho Malka: <a href=\"https:\/\/blogit.utu.fi\/histofriikki\/terhi-kivisto\/\">Alumnihaastattelussa Terhi Kivist\u00f6<\/a><\/p>\n<p>Juho Malka: <a href=\"https:\/\/blogit.utu.fi\/histofriikki\/harjoitteluhaastattelussa-reetta-nykanen\/\">Harjoitteluhaastattelussa Reetta Nyk\u00e4nen<\/a><\/p>\n","protected":false},"excerpt":{"rendered":"<p>P\u00e4\u00e4kirjoitus Johanna Ilmakunnas: Suomen eurooppalainen historia &nbsp; Opiskelijael\u00e4m\u00e4 Maria Syv\u00e4niemi: Ajattelua, naurua ja laulua Hannele Vilen: How to survive? Lyhyt opas yliopistossa selviytymiseen Mikko Saira: Monipuolinen yliopisto-opiskelu Eero Tanhuanp\u00e4\u00e4: Opiskelijana arkistoalan ja asiakirjahallinnan maisteriopinnoissa &nbsp; Opinn\u00e4ytteet Ilkka Hemmil\u00e4: Gradu \u2013 vuoden ty\u00f6, ehk\u00e4 nelj\u00e4n Tanja Laimi: Onko mies ihminen? \u2013 Kokemuksia kandidaatintutkielman kirjoittamisesta Pro gradu &hellip; <a href=\"https:\/\/blogit.utu.fi\/histofriikki\/histofriikki-2017-2\/\" class=\"more-link\">Jatka artikkeliin <span class=\"screen-reader-text\">Histofriikki 2017<\/span><\/a><\/p>\n","protected":false},"author":4723,"featured_media":0,"parent":0,"menu_order":0,"comment_status":"closed","ping_status":"closed","template":"","meta":{"footnotes":""},"class_list":["post-2453","page","type-page","status-publish","hentry"],"_links":{"self":[{"href":"https:\/\/blogit.utu.fi\/histofriikki\/wp-json\/wp\/v2\/pages\/2453","targetHints":{"allow":["GET"]}}],"collection":[{"href":"https:\/\/blogit.utu.fi\/histofriikki\/wp-json\/wp\/v2\/pages"}],"about":[{"href":"https:\/\/blogit.utu.fi\/histofriikki\/wp-json\/wp\/v2\/types\/page"}],"author":[{"embeddable":true,"href":"https:\/\/blogit.utu.fi\/histofriikki\/wp-json\/wp\/v2\/users\/4723"}],"replies":[{"embeddable":true,"href":"https:\/\/blogit.utu.fi\/histofriikki\/wp-json\/wp\/v2\/comments?post=2453"}],"version-history":[{"count":5,"href":"https:\/\/blogit.utu.fi\/histofriikki\/wp-json\/wp\/v2\/pages\/2453\/revisions"}],"predecessor-version":[{"id":3083,"href":"https:\/\/blogit.utu.fi\/histofriikki\/wp-json\/wp\/v2\/pages\/2453\/revisions\/3083"}],"wp:attachment":[{"href":"https:\/\/blogit.utu.fi\/histofriikki\/wp-json\/wp\/v2\/media?parent=2453"}],"curies":[{"name":"wp","href":"https:\/\/api.w.org\/{rel}","templated":true}]}}