{"id":3101,"date":"2019-08-08T07:10:39","date_gmt":"2019-08-08T07:10:39","guid":{"rendered":"https:\/\/blogit.utu.fi\/histofriikki\/?page_id=3101"},"modified":"2019-08-08T07:49:07","modified_gmt":"2019-08-08T07:49:07","slug":"histofriikki-2018","status":"publish","type":"page","link":"https:\/\/blogit.utu.fi\/histofriikki\/histofriikki-2018\/","title":{"rendered":"Histofriikki 2018"},"content":{"rendered":"<p><strong>P\u00e4\u00e4kirjoitus<\/strong><\/p>\n<p>Mika Kallioinen: <a href=\"https:\/\/blogit.utu.fi\/histofriikki\/suomen-historia-menestystarinana\/\">Suomen historia menestystarinana<\/a><\/p>\n<p>&nbsp;<\/p>\n<p><strong>Opiskelijael\u00e4m\u00e4<\/strong><\/p>\n<p>Senna Levonen: <a href=\"https:\/\/blogit.utu.fi\/histofriikki\/ajatuksia-yliopisto-opiskelusta-vanhalta-opiskelijalta-uusille\/\">Ajatuksia yliopisto-opiskelusta, vanhalta opiskelijalta uudelle<\/a><\/p>\n<p>Sakari Salokannel: <a href=\"https:\/\/blogit.utu.fi\/histofriikki\/historian-hellassa-huomassa\/\">Historian hell\u00e4ss\u00e4 huomassa<\/a><\/p>\n<p>Juho Kankare: <a href=\"https:\/\/blogit.utu.fi\/histofriikki\/tie-tulevaisuuden-opettajuuteen\/\">Tie tulevaisuuden opettajuuteen<\/a><\/p>\n<p>Sanna Oksanen: <a href=\"https:\/\/blogit.utu.fi\/histofriikki\/tuplasti-vaihtoon\/\">Tuplasti vaihtoon<\/a><\/p>\n<p>&nbsp;<\/p>\n<p><strong>Opinn\u00e4ytteet<\/strong><\/p>\n<p>Noora Viljamaa: <a href=\"https:\/\/blogit.utu.fi\/histofriikki\/koira-toverina-kandissa-kokemuksia-kandidaatintutkielman-kirjoittamisesta\/\">Koira toverina kandissa\u00a0\u2013kokemuksia kandidaatintutkielman kirjoittamisesta<\/a><\/p>\n<p><a href=\"https:\/\/blogit.utu.fi\/histofriikki\/kandidaatintutkielmat-lukuvuonna-2017-2018\/\">Kandidaatintutkielmat lukuvuonna 2017\u20132018<\/a><\/p>\n<p>Inga Hietaharju:<a href=\"https:\/\/blogit.utu.fi\/histofriikki\/miten-kirjoittaa-gradu\/\"> Miten kirjoittaa gradu?<\/a><\/p>\n<p><a href=\"https:\/\/blogit.utu.fi\/histofriikki\/pro-gradu-ja-sivuainetutkielmat-lukuvuonna-2017-2018\/\">Pro gradu- ja sivuainetutkielmat lukuvuonna 2017\u20132018<\/a><\/p>\n<p>&nbsp;<\/p>\n<p><strong>Opetus ja tutkimus<\/strong><\/p>\n<p>Tanja Laimi: <a href=\"https:\/\/blogit.utu.fi\/histofriikki\/koulutuspolitiikka-kiinnostaa\/\">Koulutuspolitiikka kiinnostaa<\/a><\/p>\n<p><a href=\"https:\/\/blogit.utu.fi\/histofriikki\/suomen-historian-oppiaineen-julkaisut-lukuvuonna-2017-2018\/\">Suomen historian oppiaineen julkaisut lukuvuonna 2017\u20132018<\/a><\/p>\n<p>&nbsp;<\/p>\n<p><strong>Ty\u00f6el\u00e4m\u00e4<\/strong><\/p>\n<p>Jere Markkanen: <a href=\"https:\/\/blogit.utu.fi\/histofriikki\/sivuaineen-kautta-harjoitteluun\/\">Sivuaineen kautta harjoitteluun<\/a><\/p>\n<p>Juho Malka: <a href=\"https:\/\/blogit.utu.fi\/histofriikki\/tyoelama\/\">Historiasta ty\u00f6llistyminen<\/a><\/p>\n","protected":false},"excerpt":{"rendered":"<p>P\u00e4\u00e4kirjoitus Mika Kallioinen: Suomen historia menestystarinana &nbsp; Opiskelijael\u00e4m\u00e4 Senna Levonen: Ajatuksia yliopisto-opiskelusta, vanhalta opiskelijalta uudelle Sakari Salokannel: Historian hell\u00e4ss\u00e4 huomassa Juho Kankare: Tie tulevaisuuden opettajuuteen Sanna Oksanen: Tuplasti vaihtoon &nbsp; Opinn\u00e4ytteet Noora Viljamaa: Koira toverina kandissa\u00a0\u2013kokemuksia kandidaatintutkielman kirjoittamisesta Kandidaatintutkielmat lukuvuonna 2017\u20132018 Inga Hietaharju: Miten kirjoittaa gradu? Pro gradu- ja sivuainetutkielmat lukuvuonna 2017\u20132018 &nbsp; Opetus ja &hellip; <a href=\"https:\/\/blogit.utu.fi\/histofriikki\/histofriikki-2018\/\" class=\"more-link\">Jatka artikkeliin <span class=\"screen-reader-text\">Histofriikki 2018<\/span><\/a><\/p>\n","protected":false},"author":3553,"featured_media":0,"parent":0,"menu_order":0,"comment_status":"closed","ping_status":"closed","template":"","meta":{"footnotes":""},"class_list":["post-3101","page","type-page","status-publish","hentry"],"_links":{"self":[{"href":"https:\/\/blogit.utu.fi\/histofriikki\/wp-json\/wp\/v2\/pages\/3101","targetHints":{"allow":["GET"]}}],"collection":[{"href":"https:\/\/blogit.utu.fi\/histofriikki\/wp-json\/wp\/v2\/pages"}],"about":[{"href":"https:\/\/blogit.utu.fi\/histofriikki\/wp-json\/wp\/v2\/types\/page"}],"author":[{"embeddable":true,"href":"https:\/\/blogit.utu.fi\/histofriikki\/wp-json\/wp\/v2\/users\/3553"}],"replies":[{"embeddable":true,"href":"https:\/\/blogit.utu.fi\/histofriikki\/wp-json\/wp\/v2\/comments?post=3101"}],"version-history":[{"count":4,"href":"https:\/\/blogit.utu.fi\/histofriikki\/wp-json\/wp\/v2\/pages\/3101\/revisions"}],"predecessor-version":[{"id":3113,"href":"https:\/\/blogit.utu.fi\/histofriikki\/wp-json\/wp\/v2\/pages\/3101\/revisions\/3113"}],"wp:attachment":[{"href":"https:\/\/blogit.utu.fi\/histofriikki\/wp-json\/wp\/v2\/media?parent=3101"}],"curies":[{"name":"wp","href":"https:\/\/api.w.org\/{rel}","templated":true}]}}