{"id":951,"date":"2017-05-24T07:08:42","date_gmt":"2017-05-24T07:08:42","guid":{"rendered":"https:\/\/blogit.utu.fi\/histofriikki\/?page_id=951"},"modified":"2019-08-19T05:48:47","modified_gmt":"2019-08-19T05:48:47","slug":"histofriikki-2017","status":"publish","type":"page","link":"https:\/\/blogit.utu.fi\/histofriikki\/","title":{"rendered":"Histofriikki 2019"},"content":{"rendered":"<p>Tervetuloa lukemaan Turun yliopiston Suomen historian oppiaineen verkkolehti Histofriikki\u00e4 vuosimallia 2019! Lehti on vuosittain julkaistava, oppiaineen kes\u00e4harjoittelijan toimittama julkaisu, jossa k\u00e4sitell\u00e4\u00e4n Suomen historiaa monipuolisesti eri suunnista. Lehden sivuilta l\u00f6yd\u00e4t niin tietoa yliopisto-opiskelusta, Suomen historian opiskelijoiden kokemuksia kuin my\u00f6s oppiaineen toimintaa.<\/p>\n<p>Ensimm\u00e4inen Histofriikki ilmestyi vuonna 1999, joten t\u00e4n\u00e4 vuonna vietet\u00e4\u00e4n lehden 20-vuotisjuhlaa. Juhlavuoden kunniaksi lehden ensimm\u00e4inen p\u00e4\u00e4toimittaja Anu Lahtinen laati kirjoituksen, jossa h\u00e4n palaa harjoittelukes\u00e4\u00e4ns\u00e4 ja ensimm\u00e4isen Histofriikin syntyyn. Tekstin p\u00e4\u00e4set lukemaan <a href=\"https:\/\/blogit.utu.fi\/histofriikki\/histofriikki-ja-suomen-historian-kesa-1999-histofriikki-20-vuotta\/\">t\u00e4st\u00e4<\/a>. Pienen katsauksen Histofriikin historiasta l\u00f6yd\u00e4t my\u00f6s <a href=\"https:\/\/blogit.utu.fi\/suomenhistoria\/aiemmin-histofriikissa-kuultua\/\">Lastuja Suomen historiasta -blogista.<\/a><\/p>\n<p>Lukuiloa!<\/p>\n","protected":false},"excerpt":{"rendered":"<p>Tervetuloa lukemaan Turun yliopiston Suomen historian oppiaineen verkkolehti Histofriikki\u00e4 vuosimallia 2019! Lehti on vuosittain julkaistava, oppiaineen kes\u00e4harjoittelijan toimittama julkaisu, jossa k\u00e4sitell\u00e4\u00e4n Suomen historiaa monipuolisesti eri suunnista. Lehden sivuilta l\u00f6yd\u00e4t niin tietoa yliopisto-opiskelusta, Suomen historian opiskelijoiden kokemuksia kuin my\u00f6s oppiaineen toimintaa. Ensimm\u00e4inen Histofriikki ilmestyi vuonna 1999, joten t\u00e4n\u00e4 vuonna vietet\u00e4\u00e4n lehden 20-vuotisjuhlaa. Juhlavuoden kunniaksi lehden ensimm\u00e4inen &hellip; <a href=\"https:\/\/blogit.utu.fi\/histofriikki\/\" class=\"more-link\">Jatka artikkeliin <span class=\"screen-reader-text\">Histofriikki 2019<\/span><\/a><\/p>\n","protected":false},"author":3156,"featured_media":1716,"parent":0,"menu_order":0,"comment_status":"closed","ping_status":"closed","template":"","meta":{"footnotes":""},"class_list":["post-951","page","type-page","status-publish","has-post-thumbnail","hentry"],"_links":{"self":[{"href":"https:\/\/blogit.utu.fi\/histofriikki\/wp-json\/wp\/v2\/pages\/951","targetHints":{"allow":["GET"]}}],"collection":[{"href":"https:\/\/blogit.utu.fi\/histofriikki\/wp-json\/wp\/v2\/pages"}],"about":[{"href":"https:\/\/blogit.utu.fi\/histofriikki\/wp-json\/wp\/v2\/types\/page"}],"author":[{"embeddable":true,"href":"https:\/\/blogit.utu.fi\/histofriikki\/wp-json\/wp\/v2\/users\/3156"}],"replies":[{"embeddable":true,"href":"https:\/\/blogit.utu.fi\/histofriikki\/wp-json\/wp\/v2\/comments?post=951"}],"version-history":[{"count":24,"href":"https:\/\/blogit.utu.fi\/histofriikki\/wp-json\/wp\/v2\/pages\/951\/revisions"}],"predecessor-version":[{"id":3533,"href":"https:\/\/blogit.utu.fi\/histofriikki\/wp-json\/wp\/v2\/pages\/951\/revisions\/3533"}],"wp:featuredmedia":[{"embeddable":true,"href":"https:\/\/blogit.utu.fi\/histofriikki\/wp-json\/wp\/v2\/media\/1716"}],"wp:attachment":[{"href":"https:\/\/blogit.utu.fi\/histofriikki\/wp-json\/wp\/v2\/media?parent=951"}],"curies":[{"name":"wp","href":"https:\/\/api.w.org\/{rel}","templated":true}]}}