{"id":10,"date":"2016-02-17T15:33:37","date_gmt":"2016-02-17T15:33:37","guid":{"rendered":"https:\/\/blogit.utu.fi\/ikkunoitaopetukseen\/?page_id=10"},"modified":"2016-05-31T10:17:53","modified_gmt":"2016-05-31T10:17:53","slug":"sivuja-rakennetaan-mista-vuotta-1918-koskevassa-opetuksessa-on-kyse","status":"publish","type":"page","link":"https:\/\/blogit.utu.fi\/ikkunoitaopetukseen\/","title":{"rendered":""},"content":{"rendered":"<figure id=\"attachment_123\" aria-describedby=\"caption-attachment-123\" style=\"width: 300px\" class=\"wp-caption alignnone\"><img loading=\"lazy\" decoding=\"async\" class=\"size-medium wp-image-123\" src=\"https:\/\/blogit.utu.fi\/ikkunoitaopetukseen\/wp-content\/uploads\/sites\/57\/2016\/02\/Pori_railway_station_1918-300x183.jpg\" alt=\"Postikortin tekij\u00e4: K. E. Klint (1865\u20131938) Wikimedia Commons\" width=\"300\" height=\"183\" srcset=\"https:\/\/blogit.utu.fi\/ikkunoitaopetukseen\/wp-content\/uploads\/sites\/57\/2016\/02\/Pori_railway_station_1918-300x183.jpg 300w, https:\/\/blogit.utu.fi\/ikkunoitaopetukseen\/wp-content\/uploads\/sites\/57\/2016\/02\/Pori_railway_station_1918.jpg 566w\" sizes=\"auto, (max-width: 300px) 100vw, 300px\" \/><figcaption id=\"caption-attachment-123\" class=\"wp-caption-text\">Postikortin tekij\u00e4: K. E. Klint (1865\u20131938) Wikimedia Commons<\/figcaption><\/figure>\n<p>T\u00e4ll\u00e4 sivustolla esitell\u00e4\u00e4n\u00a0Kulttuurituotannon ja maisemantutkimuksen koulutusohjelman kev\u00e4\u00e4n 2016\u00a0opetusta. Haluamme tarjota ikkunoita opetukseen kahdelta, vuotta 1918 k\u00e4sittelev\u00e4lt\u00e4\u00a0syvent\u00e4vien opintojen\u00a0kurssilta.<\/p>\n<p>Kultturiperinn\u00f6n tutkimuksen vastuualueena oli Liveroolipelaaminen historian kerronnallistamisen muotona -kurssi. Maisemantutkimuksen puolella Konfliktin maisemat -kurssi perehtyi vuoden 1918 paikkoihin Satakunnassa.<\/p>\n<p>T\u00e4m\u00e4n blogin kautta opiskelijoiden harjoitusty\u00f6t\u00a0(realistisista l\u00e4hteist\u00e4 ja tapahtumista muodostetut fiktiiviset henkil\u00f6hahmot\u00a0sek\u00e4\u00a0tietoa konfliktin maisemista)\u00a0p\u00e4\u00e4sev\u00e4t n\u00e4ytille.<\/p>\n<p>Blogi tuo esiin\u00a0alueellista yhteisty\u00f6t\u00e4: esimerkiksi Satakunnan Museo\u00a0arkistoaineistojen tarjoana ja yhteisty\u00f6tahona on koulutusohjelmalle t\u00e4rke\u00e4.<\/p>\n<p>Blogin rakentamisesta vastasivat kulttuuriperinn\u00f6n yliopistonlehtori Pauliina Latvala-Harvilahti ja maisemantutkimuksen yliopistonlehtori Simo Laakkonen.<\/p>\n","protected":false},"excerpt":{"rendered":"<p>T\u00e4ll\u00e4 sivustolla esitell\u00e4\u00e4n\u00a0Kulttuurituotannon ja maisemantutkimuksen koulutusohjelman kev\u00e4\u00e4n 2016\u00a0opetusta. Haluamme tarjota ikkunoita opetukseen kahdelta, vuotta 1918 k\u00e4sittelev\u00e4lt\u00e4\u00a0syvent\u00e4vien opintojen\u00a0kurssilta. Kultturiperinn\u00f6n tutkimuksen vastuualueena oli Liveroolipelaaminen historian kerronnallistamisen muotona -kurssi. Maisemantutkimuksen puolella Konfliktin maisemat -kurssi perehtyi vuoden 1918 paikkoihin Satakunnassa. T\u00e4m\u00e4n blogin kautta opiskelijoiden harjoitusty\u00f6t\u00a0(realistisista l\u00e4hteist\u00e4 ja tapahtumista muodostetut fiktiiviset henkil\u00f6hahmot\u00a0sek\u00e4\u00a0tietoa konfliktin maisemista)\u00a0p\u00e4\u00e4sev\u00e4t n\u00e4ytille. Blogi tuo esiin\u00a0alueellista yhteisty\u00f6t\u00e4: esimerkiksi [&hellip;]<\/p>\n","protected":false},"author":176,"featured_media":0,"parent":0,"menu_order":0,"comment_status":"closed","ping_status":"closed","template":"","meta":{"footnotes":""},"class_list":["post-10","page","type-page","status-publish","hentry"],"_links":{"self":[{"href":"https:\/\/blogit.utu.fi\/ikkunoitaopetukseen\/wp-json\/wp\/v2\/pages\/10","targetHints":{"allow":["GET"]}}],"collection":[{"href":"https:\/\/blogit.utu.fi\/ikkunoitaopetukseen\/wp-json\/wp\/v2\/pages"}],"about":[{"href":"https:\/\/blogit.utu.fi\/ikkunoitaopetukseen\/wp-json\/wp\/v2\/types\/page"}],"author":[{"embeddable":true,"href":"https:\/\/blogit.utu.fi\/ikkunoitaopetukseen\/wp-json\/wp\/v2\/users\/176"}],"replies":[{"embeddable":true,"href":"https:\/\/blogit.utu.fi\/ikkunoitaopetukseen\/wp-json\/wp\/v2\/comments?post=10"}],"version-history":[{"count":7,"href":"https:\/\/blogit.utu.fi\/ikkunoitaopetukseen\/wp-json\/wp\/v2\/pages\/10\/revisions"}],"predecessor-version":[{"id":170,"href":"https:\/\/blogit.utu.fi\/ikkunoitaopetukseen\/wp-json\/wp\/v2\/pages\/10\/revisions\/170"}],"wp:attachment":[{"href":"https:\/\/blogit.utu.fi\/ikkunoitaopetukseen\/wp-json\/wp\/v2\/media?parent=10"}],"curies":[{"name":"wp","href":"https:\/\/api.w.org\/{rel}","templated":true}]}}