{"id":249,"date":"2021-06-01T17:51:07","date_gmt":"2021-06-01T17:51:07","guid":{"rendered":"https:\/\/blogit.utu.fi\/immersed\/?page_id=249"},"modified":"2023-02-14T15:48:56","modified_gmt":"2023-02-14T15:48:56","slug":"osallistu-tutkimukseen-participate","status":"publish","type":"page","link":"https:\/\/blogit.utu.fi\/immersed\/osallistu-tutkimukseen-participate\/","title":{"rendered":"Osallistu tutkimukseen &#8211; Participate"},"content":{"rendered":"\n<p>T\u00e4ll\u00e4 hetkell\u00e4 (kev\u00e4t 2023) teemme tutkimusta lukemisen aikana ilmenevist\u00e4 ajatuksista. Tutkimuksessa luetaan joko kaunokirjallista teosta tai tietokirjaa. Kyseess\u00e4 on omalla koneella kotona teht\u00e4v\u00e4 tutkimus, ja siin\u00e4 on kaksi osaa. Ensimm\u00e4isen osan kesto on 1-1.5 tuntia, riippuen siit\u00e4 miten vauhdikas lukija olet. Toinen osa tehd\u00e4\u00e4n noin viikon kuluttua ensimm\u00e4isest\u00e4 osasta, ja se on v\u00e4h\u00e4n nopeammin suoritettu &#8212; arviolta noin 10-15 minuutissa. Luonnollisesti olisi hyv\u00e4, ett\u00e4 pystyt tekem\u00e4\u00e4n tutkimuksen molemmat osat.<\/p>\n\n\n\n<p>Voit osallistua tutkimukseen, jos \u00e4idinkielesi on suomi ja olet v\u00e4hint\u00e4\u00e4n 18-vuotias.<\/p>\n\n\n\n<p>Jos haluat osallistua t\u00e4h\u00e4n tutkimukseen, laita s\u00e4hk\u00f6postia Sara Jokiselle  sara.ev.jokinen[at]utu.fi, ja h\u00e4n l\u00e4hett\u00e4\u00e4 sinulle osallistumislinkin!<\/p>\n\n\n\n<p><\/p>\n","protected":false},"excerpt":{"rendered":"<p>T\u00e4ll\u00e4 hetkell\u00e4 (kev\u00e4t 2023) teemme tutkimusta lukemisen aikana ilmenevist\u00e4 ajatuksista. Tutkimuksessa luetaan joko kaunokirjallista teosta tai tietokirjaa. Kyseess\u00e4 on omalla koneella kotona teht\u00e4v\u00e4 tutkimus, ja siin\u00e4 on kaksi osaa. Ensimm\u00e4isen osan kesto on 1-1.5 tuntia, riippuen siit\u00e4 miten vauhdikas lukija olet. Toinen osa tehd\u00e4\u00e4n noin viikon kuluttua ensimm\u00e4isest\u00e4 osasta, ja se on v\u00e4h\u00e4n nopeammin suoritettu [&hellip;]<\/p>\n","protected":false},"author":19845,"featured_media":0,"parent":0,"menu_order":0,"comment_status":"closed","ping_status":"closed","template":"","meta":{"footnotes":""},"class_list":["post-249","page","type-page","status-publish","hentry","post-preview"],"_links":{"self":[{"href":"https:\/\/blogit.utu.fi\/immersed\/wp-json\/wp\/v2\/pages\/249","targetHints":{"allow":["GET"]}}],"collection":[{"href":"https:\/\/blogit.utu.fi\/immersed\/wp-json\/wp\/v2\/pages"}],"about":[{"href":"https:\/\/blogit.utu.fi\/immersed\/wp-json\/wp\/v2\/types\/page"}],"author":[{"embeddable":true,"href":"https:\/\/blogit.utu.fi\/immersed\/wp-json\/wp\/v2\/users\/19845"}],"replies":[{"embeddable":true,"href":"https:\/\/blogit.utu.fi\/immersed\/wp-json\/wp\/v2\/comments?post=249"}],"version-history":[{"count":7,"href":"https:\/\/blogit.utu.fi\/immersed\/wp-json\/wp\/v2\/pages\/249\/revisions"}],"predecessor-version":[{"id":278,"href":"https:\/\/blogit.utu.fi\/immersed\/wp-json\/wp\/v2\/pages\/249\/revisions\/278"}],"wp:attachment":[{"href":"https:\/\/blogit.utu.fi\/immersed\/wp-json\/wp\/v2\/media?parent=249"}],"curies":[{"name":"wp","href":"https:\/\/api.w.org\/{rel}","templated":true}]}}