{"id":33,"date":"2020-02-03T19:41:32","date_gmt":"2020-02-03T19:41:32","guid":{"rendered":"https:\/\/blogit.utu.fi\/informationsfloden\/?page_id=33"},"modified":"2020-02-03T19:41:32","modified_gmt":"2020-02-03T19:41:32","slug":"focus","status":"publish","type":"page","link":"https:\/\/blogit.utu.fi\/informationsfloden\/focus\/","title":{"rendered":"Focus"},"content":{"rendered":"\n<p>Projektet unders\u00f6ker hur den svenskspr\u00e5kiga pressen fungerade som kulturf\u00f6rmedlare mellan Finland och Sverige fr\u00e5n slutet av 1700-talet till b\u00f6rjan av 1900-talet. Forskarna kommer att utnyttja digitala tidningsarkiv f\u00f6r att unders\u00f6ka hur pressen i de b\u00e5da l\u00e4nderna \u00e5teranv\u00e4nde varandras nyhetsartiklar och annat material.<\/p>\n\n\n\n<p>Dagspressen f\u00f6r den h\u00e4r perioden har digitaliserats i b\u00e5de Finland och Sverige, vilket g\u00f6r det m\u00f6jligt f\u00f6r projektforskarna att studera \u00f6verlappningar i text-massorna och d\u00e4rigenom se hur informationen spreds \u00f6ver \u00d6stersj\u00f6n.<\/p>\n\n\n\n<p>Forskarna utreder vilka teman och h\u00e4ndelser som dominerade informationsfl\u00f6det och vad det h\u00e4r s\u00e4ger om pressens roll som kulturf\u00f6rmedlare mellan l\u00e4nderna. Samtidigt producerar projektet ny kunskap om 1800-talets kulturhistoria och studerar hur relationerna mellan Finland och Sverige utvecklades fr\u00e5n slutet av 1700-talet fram till Finlands sj\u00e4lvst\u00e4ndighet.<\/p>\n\n\n\n<p>Projektet \u00e4r banbrytande genom att det kombinerar digitala resurser fr\u00e5n tv\u00e5 l\u00e4nder. Det kommer ocks\u00e5 att bidra till att utveckla de digitala metoderna inom den humanistiska forskningen. <\/p>\n\n\n\n<p> Projektet fr\u00e5gar: <\/p>\n\n\n\n<p>Hur cirkulerade inneh\u00e5llet i svenskspr\u00e5kig press transnationellt, mellan Finland och Sverige, vilka var de dominerande temana i informationsfl\u00f6det \u00f6ver \u00d6stersj\u00f6n, och vad s\u00e4ger detta om den f\u00f6r\u00e4ndrade rollen f\u00f6r den svenskspr\u00e5kiga pressen som kulturf\u00f6rmedlare mellan 1771 och 1918?<\/p>\n","protected":false},"excerpt":{"rendered":"<p>Projektet unders\u00f6ker hur den svenskspr\u00e5kiga pressen fungerade som kulturf\u00f6rmedlare mellan Finland och Sverige fr\u00e5n slutet av 1700-talet till b\u00f6rjan av 1900-talet. Forskarna kommer att utnyttja digitala tidningsarkiv f\u00f6r att unders\u00f6ka hur pressen i de b\u00e5da l\u00e4nderna \u00e5teranv\u00e4nde varandras nyhetsartiklar och &hellip; <a href=\"https:\/\/blogit.utu.fi\/informationsfloden\/focus\/\">Continue reading <span class=\"meta-nav\">&rarr;<\/span><\/a><\/p>\n","protected":false},"author":29,"featured_media":0,"parent":0,"menu_order":0,"comment_status":"closed","ping_status":"closed","template":"","meta":{"footnotes":""},"class_list":["post-33","page","type-page","status-publish","hentry"],"_links":{"self":[{"href":"https:\/\/blogit.utu.fi\/informationsfloden\/wp-json\/wp\/v2\/pages\/33","targetHints":{"allow":["GET"]}}],"collection":[{"href":"https:\/\/blogit.utu.fi\/informationsfloden\/wp-json\/wp\/v2\/pages"}],"about":[{"href":"https:\/\/blogit.utu.fi\/informationsfloden\/wp-json\/wp\/v2\/types\/page"}],"author":[{"embeddable":true,"href":"https:\/\/blogit.utu.fi\/informationsfloden\/wp-json\/wp\/v2\/users\/29"}],"replies":[{"embeddable":true,"href":"https:\/\/blogit.utu.fi\/informationsfloden\/wp-json\/wp\/v2\/comments?post=33"}],"version-history":[{"count":1,"href":"https:\/\/blogit.utu.fi\/informationsfloden\/wp-json\/wp\/v2\/pages\/33\/revisions"}],"predecessor-version":[{"id":36,"href":"https:\/\/blogit.utu.fi\/informationsfloden\/wp-json\/wp\/v2\/pages\/33\/revisions\/36"}],"wp:attachment":[{"href":"https:\/\/blogit.utu.fi\/informationsfloden\/wp-json\/wp\/v2\/media?parent=33"}],"curies":[{"name":"wp","href":"https:\/\/api.w.org\/{rel}","templated":true}]}}