{"id":1277,"date":"2019-01-31T14:39:59","date_gmt":"2019-01-31T12:39:59","guid":{"rendered":"https:\/\/blogit.utu.fi\/innokomp\/?page_id=1277"},"modified":"2019-06-07T09:12:03","modified_gmt":"2019-06-07T07:12:03","slug":"innovationskompetens","status":"publish","type":"page","link":"https:\/\/blogit.utu.fi\/innokomp\/sv\/material\/innovationskompetens\/","title":{"rendered":"Innovationskompetens"},"content":{"rendered":"<p>Innovationskompetens \u00e4r f\u00f6rm\u00e5gan att skapa nya s\u00e4tt att utforska bekanta fenomen. M\u00e5ls\u00e4ttningen \u00e4r att utveckla fl\u00f6det av id\u00e9er som kan testas vid tillverkning av produkter och utvecklande av tj\u00e4nster i praktiken. I sl\u00f6jd kan innovationskompetens ses som en verksamhet d\u00e4r man utg\u00e5ende fr\u00e5n ett tema l\u00e4r sig att p\u00e5 ett skapande s\u00e4tt \u00f6verv\u00e4ga olika m\u00f6jligheter och att s\u00f6ka kreativa l\u00f6sningar f\u00f6r olika produktplaneringsuppgifter.<\/p>\n<h3>Miten suunnitella innostavia ilmi\u00f6pohjaisia kouluprojekteja?<br \/>\nMiten yhdist\u00e4\u00e4 digitaalista ja perinteist\u00e4 teknologiaa yhteis\u00f6llisen keksimisen pedagogiikkaan?<\/h3>\n<p><a href=\"https:\/\/luovuusjainnovatiivisuus.wordpress.com\/2018\/11\/05\/kohti-keksimisen-pedagogiikkaa\/\">Kohti keksimisen pedagogiikkaa<\/a><\/p>\n<p><a href=\"https:\/\/luovuusjainnovatiivisuus.wordpress.com\/2018\/11\/29\/kohti-keksimisen-pedagogiikkaa-osa-2\/\">Kohti keksimisen pedagogiikkaa osa&nbsp;2<\/a><\/p>\n<hr \/>\n<figure class=\"wp-block-embed wp-block-embed-youtube is-type-video is-provider-youtube epyt-figure\"><div class=\"wp-block-embed__wrapper\"><div class=\"epyt-video-wrapper\"><iframe loading=\"lazy\"  style=\"display: block; margin: 0px auto;\"  id=\"_ytid_16314\"  width=\"524\" height=\"363\"  data-origwidth=\"524\" data-origheight=\"363\" src=\"https:\/\/www.youtube.com\/embed\/og78P6MxXdk?enablejsapi=1&autoplay=0&cc_load_policy=0&cc_lang_pref=&iv_load_policy=1&loop=0&rel=0&fs=1&playsinline=0&autohide=2&theme=dark&color=red&controls=1&disablekb=0&\" class=\"__youtube_prefs__  no-lazyload\" title=\"YouTube player\"  allow=\"fullscreen; accelerometer; autoplay; clipboard-write; encrypted-media; gyroscope; picture-in-picture; web-share\" referrerpolicy=\"strict-origin-when-cross-origin\" allowfullscreen data-no-lazy=\"1\" data-skipgform_ajax_framebjll=\"\"><\/iframe><\/div><\/div><\/figure>\n<hr \/>\n<h2>hackathon<\/h2>\n<div class=\"ead-preview\"><div class=\"ead-document\" style=\"position: relative;\"><div class=\"ead-iframe-wrapper\"><iframe src=\"\/\/docs.google.com\/viewer?url=https%3A%2F%2Fblogit.utu.fi%2Finnokomp%2Fwp-content%2Fuploads%2Fsites%2F263%2F2019%2F04%2FHackathon-opetuksessa-1.pdf&amp;embedded=true&amp;hl=en\" title=\"Embedded Document\" class=\"ead-iframe\" style=\"width: 800px;height: 450px;border: none;visibility: hidden;\"><\/iframe><\/div>\t\t\t<div class=\"ead-document-loading\" style=\"width:100%;height:100%;position:absolute;left:0;top:0;z-index:10;\">\n\t\t\t\t<div class=\"ead-loading-wrap\">\n\t\t\t\t\t<div class=\"ead-loading-main\">\n\t\t\t\t\t\t<div class=\"ead-loading\">\n\t\t\t\t\t\t\t<img loading=\"lazy\" decoding=\"async\" src=\"https:\/\/blogit.utu.fi\/innokomp\/wp-content\/plugins\/embed-any-document\/images\/loading.svg\" width=\"55\" height=\"55\" alt=\"Loader\">\n\t\t\t\t\t\t\t<span>Loading...<\/span>\n\t\t\t\t\t\t<\/div>\n\t\t\t\t\t<\/div>\n\t\t\t\t\t<div class=\"ead-loading-foot\">\n\t\t\t\t\t\t<div class=\"ead-loading-foot-title\">\n\t\t\t\t\t\t\t<img loading=\"lazy\" decoding=\"async\" src=\"https:\/\/blogit.utu.fi\/innokomp\/wp-content\/plugins\/embed-any-document\/images\/EAD-logo.svg\" alt=\"EAD Logo\" width=\"36\" height=\"23\"\/>\n\t\t\t\t\t\t\t<span>Taking too long?<\/span>\n\t\t\t\t\t\t<\/div>\n\t\t\t\t\t\t<p>\n\t\t\t\t\t\t\t<div class=\"ead-document-btn ead-reload-btn\" role=\"button\">\n\t\t\t\t\t\t\t\t<img loading=\"lazy\" decoding=\"async\" src=\"https:\/\/blogit.utu.fi\/innokomp\/wp-content\/plugins\/embed-any-document\/images\/reload.svg\" alt=\"Reload\" width=\"12\" height=\"12\"\/> Reload document\t\t\t\t\t\t\t<\/div>\n\t\t\t\t\t\t\t<span>|<\/span>\n\t\t\t\t\t\t\t<a href=\"https:\/\/blogit.utu.fi\/innokomp\/wp-content\/uploads\/sites\/263\/2019\/04\/Hackathon-opetuksessa-1.pdf\" class=\"ead-document-btn\" target=\"_blank\">\n\t\t\t\t\t\t\t\t<img loading=\"lazy\" decoding=\"async\" src=\"https:\/\/blogit.utu.fi\/innokomp\/wp-content\/plugins\/embed-any-document\/images\/open.svg\" alt=\"Open\" width=\"12\" height=\"12\"\/> Open in new tab\t\t\t\t\t\t\t<\/a>\n\t\t\t\t\t<\/div>\n\t\t\t\t<\/div>\n\t\t\t<\/div>\n\t\t<\/div><p class=\"embed_download\"><a href=\"https:\/\/blogit.utu.fi\/innokomp\/wp-content\/uploads\/sites\/263\/2019\/04\/Hackathon-opetuksessa-1.pdf\" download>Lataa pdf [2.13 MB] <\/a><\/p><\/div>\n<p>&nbsp;<\/p>\n<div class=\"ead-preview\"><div class=\"ead-document\" style=\"position: relative;\"><div class=\"ead-iframe-wrapper\"><iframe src=\"\/\/docs.google.com\/viewer?url=https%3A%2F%2Fblogit.utu.fi%2Finnokomp%2Fwp-content%2Fuploads%2Fsites%2F263%2F2019%2F04%2FMCH-ideat.pdf&amp;embedded=true&amp;hl=en\" title=\"Embedded Document\" class=\"ead-iframe\" style=\"width: 800px;height: 450px;border: none;visibility: hidden;\"><\/iframe><\/div>\t\t\t<div class=\"ead-document-loading\" style=\"width:100%;height:100%;position:absolute;left:0;top:0;z-index:10;\">\n\t\t\t\t<div class=\"ead-loading-wrap\">\n\t\t\t\t\t<div class=\"ead-loading-main\">\n\t\t\t\t\t\t<div class=\"ead-loading\">\n\t\t\t\t\t\t\t<img loading=\"lazy\" decoding=\"async\" src=\"https:\/\/blogit.utu.fi\/innokomp\/wp-content\/plugins\/embed-any-document\/images\/loading.svg\" width=\"55\" height=\"55\" alt=\"Loader\">\n\t\t\t\t\t\t\t<span>Loading...<\/span>\n\t\t\t\t\t\t<\/div>\n\t\t\t\t\t<\/div>\n\t\t\t\t\t<div class=\"ead-loading-foot\">\n\t\t\t\t\t\t<div class=\"ead-loading-foot-title\">\n\t\t\t\t\t\t\t<img loading=\"lazy\" decoding=\"async\" src=\"https:\/\/blogit.utu.fi\/innokomp\/wp-content\/plugins\/embed-any-document\/images\/EAD-logo.svg\" alt=\"EAD Logo\" width=\"36\" height=\"23\"\/>\n\t\t\t\t\t\t\t<span>Taking too long?<\/span>\n\t\t\t\t\t\t<\/div>\n\t\t\t\t\t\t<p>\n\t\t\t\t\t\t\t<div class=\"ead-document-btn ead-reload-btn\" role=\"button\">\n\t\t\t\t\t\t\t\t<img loading=\"lazy\" decoding=\"async\" src=\"https:\/\/blogit.utu.fi\/innokomp\/wp-content\/plugins\/embed-any-document\/images\/reload.svg\" alt=\"Reload\" width=\"12\" height=\"12\"\/> Reload document\t\t\t\t\t\t\t<\/div>\n\t\t\t\t\t\t\t<span>|<\/span>\n\t\t\t\t\t\t\t<a href=\"https:\/\/blogit.utu.fi\/innokomp\/wp-content\/uploads\/sites\/263\/2019\/04\/MCH-ideat.pdf\" class=\"ead-document-btn\" target=\"_blank\">\n\t\t\t\t\t\t\t\t<img loading=\"lazy\" decoding=\"async\" src=\"https:\/\/blogit.utu.fi\/innokomp\/wp-content\/plugins\/embed-any-document\/images\/open.svg\" alt=\"Open\" width=\"12\" height=\"12\"\/> Open in new tab\t\t\t\t\t\t\t<\/a>\n\t\t\t\t\t<\/div>\n\t\t\t\t<\/div>\n\t\t\t<\/div>\n\t\t<\/div><p class=\"embed_download\"><a href=\"https:\/\/blogit.utu.fi\/innokomp\/wp-content\/uploads\/sites\/263\/2019\/04\/MCH-ideat.pdf\" download>Lataa pdf [1.05 MB] <\/a><\/p><\/div>\n","protected":false},"excerpt":{"rendered":"<p>Innovationskompetens \u00e4r f\u00f6rm\u00e5gan att skapa nya s\u00e4tt att utforska bekanta fenomen. M\u00e5ls\u00e4ttningen \u00e4r att utveckla fl\u00f6det av id\u00e9er som kan testas vid tillverkning av produkter och utvecklande av tj\u00e4nster i praktiken. I sl\u00f6jd kan innovationskompetens ses som en verksamhet d\u00e4r man utg\u00e5ende fr\u00e5n ett tema l\u00e4r sig att p\u00e5 ett skapande s\u00e4tt \u00f6verv\u00e4ga olika m\u00f6jligheter [&hellip;]<\/p>\n","protected":false},"author":11237,"featured_media":0,"parent":548,"menu_order":1,"comment_status":"closed","ping_status":"closed","template":"","meta":{"footnotes":""},"class_list":["post-1277","page","type-page","status-publish","czr-hentry"],"_links":{"self":[{"href":"https:\/\/blogit.utu.fi\/innokomp\/wp-json\/wp\/v2\/pages\/1277","targetHints":{"allow":["GET"]}}],"collection":[{"href":"https:\/\/blogit.utu.fi\/innokomp\/wp-json\/wp\/v2\/pages"}],"about":[{"href":"https:\/\/blogit.utu.fi\/innokomp\/wp-json\/wp\/v2\/types\/page"}],"author":[{"embeddable":true,"href":"https:\/\/blogit.utu.fi\/innokomp\/wp-json\/wp\/v2\/users\/11237"}],"replies":[{"embeddable":true,"href":"https:\/\/blogit.utu.fi\/innokomp\/wp-json\/wp\/v2\/comments?post=1277"}],"version-history":[{"count":10,"href":"https:\/\/blogit.utu.fi\/innokomp\/wp-json\/wp\/v2\/pages\/1277\/revisions"}],"predecessor-version":[{"id":2975,"href":"https:\/\/blogit.utu.fi\/innokomp\/wp-json\/wp\/v2\/pages\/1277\/revisions\/2975"}],"up":[{"embeddable":true,"href":"https:\/\/blogit.utu.fi\/innokomp\/wp-json\/wp\/v2\/pages\/548"}],"wp:attachment":[{"href":"https:\/\/blogit.utu.fi\/innokomp\/wp-json\/wp\/v2\/media?parent=1277"}],"curies":[{"name":"wp","href":"https:\/\/api.w.org\/{rel}","templated":true}]}}