{"id":1283,"date":"2019-01-31T14:40:28","date_gmt":"2019-01-31T12:40:28","guid":{"rendered":"https:\/\/blogit.utu.fi\/innokomp\/?page_id=1283"},"modified":"2019-06-07T09:24:06","modified_gmt":"2019-06-07T07:24:06","slug":"mangmaterialitet","status":"publish","type":"page","link":"https:\/\/blogit.utu.fi\/innokomp\/sv\/material\/mangmaterialitet\/","title":{"rendered":"M\u00e5ngmaterialitet"},"content":{"rendered":"<p>Sl\u00f6jd \u00e4r ett m\u00e5ngmateriellt l\u00e4ro\u00e4mne, d\u00e4r verksamheten grundar sig p\u00e5 formgivning och teknologi samt m\u00f6jlighet att uttrycka sig med hj\u00e4lp av olika material. Den m\u00e5ngmateriella sl\u00f6jden kan beskrivas som utforskande, uppfinnande och testande verksamhet d\u00e4r visuella, materiella och tekniska framst\u00e4llningsmetoder kan f\u00f6rverkligas p\u00e5 ett f\u00f6rdomsfritt s\u00e4tt. L\u00e4rande inneb\u00e4r anv\u00e4ndning och bearbetning av olika material samt \u00a0ansvarsfull produktionsverksamhet av h\u00f6g kvalitet. M\u00e5ngmateriell sl\u00f6jd inneb\u00e4r att eleverna i sina sl\u00f6jdprojekt f\u00e5r bekanta sig med olika sl\u00f6jdmaterial, b\u00e5de h\u00e5rda och mjuka, samt att det finns m\u00f6jlighet att anv\u00e4nda sig av olika material I en och samma produkt. Det v\u00e4sentliga \u00e4r dock att eleven inom ett projekt f\u00e5r bekanta sig med ett brett utbud av olika material och tekniker av vilka hen v\u00e4ljer de som passar det egna unika projektet. Till m\u00e5ngmaterialiteten kan ocks\u00e5 sl\u00f6jdens nyare teknologier r\u00e4knas, exempelvis lasersk\u00e4rning, 3D-printning, programmering och e-textilier.<\/p>\n<blockquote class=\"wp-embedded-content\" data-secret=\"fIqwJvtlH4\"><p><a href=\"https:\/\/blogit.utu.fi\/innokomp\/sv\/forskningsartikel-common-and-holistic-crafts-education-in-finland-2\/\">Forskningsartikel: Common and holistic crafts education in Finland<\/a><\/p><\/blockquote>\n<p><iframe loading=\"lazy\" class=\"wp-embedded-content\" sandbox=\"allow-scripts\" security=\"restricted\" style=\"position: absolute; clip: rect(1px, 1px, 1px, 1px);\" src=\"https:\/\/blogit.utu.fi\/innokomp\/sv\/forskningsartikel-common-and-holistic-crafts-education-in-finland-2\/embed\/#?secret=fIqwJvtlH4\" data-secret=\"fIqwJvtlH4\" width=\"600\" height=\"338\" title=\"&#8220;Forskningsartikel: Common and holistic crafts education in Finland&#8221; &#8212; INNOKOMP\" frameborder=\"0\" marginwidth=\"0\" marginheight=\"0\" scrolling=\"no\"><\/iframe><\/p>\n","protected":false},"excerpt":{"rendered":"<p>Sl\u00f6jd \u00e4r ett m\u00e5ngmateriellt l\u00e4ro\u00e4mne, d\u00e4r verksamheten grundar sig p\u00e5 formgivning och teknologi samt m\u00f6jlighet att uttrycka sig med hj\u00e4lp av olika material. Den m\u00e5ngmateriella sl\u00f6jden kan beskrivas som utforskande, uppfinnande och testande verksamhet d\u00e4r visuella, materiella och tekniska framst\u00e4llningsmetoder kan f\u00f6rverkligas p\u00e5 ett f\u00f6rdomsfritt s\u00e4tt. L\u00e4rande inneb\u00e4r anv\u00e4ndning och bearbetning av olika material samt [&hellip;]<\/p>\n","protected":false},"author":11237,"featured_media":0,"parent":548,"menu_order":2,"comment_status":"closed","ping_status":"closed","template":"","meta":{"footnotes":""},"class_list":["post-1283","page","type-page","status-publish","czr-hentry"],"_links":{"self":[{"href":"https:\/\/blogit.utu.fi\/innokomp\/wp-json\/wp\/v2\/pages\/1283","targetHints":{"allow":["GET"]}}],"collection":[{"href":"https:\/\/blogit.utu.fi\/innokomp\/wp-json\/wp\/v2\/pages"}],"about":[{"href":"https:\/\/blogit.utu.fi\/innokomp\/wp-json\/wp\/v2\/types\/page"}],"author":[{"embeddable":true,"href":"https:\/\/blogit.utu.fi\/innokomp\/wp-json\/wp\/v2\/users\/11237"}],"replies":[{"embeddable":true,"href":"https:\/\/blogit.utu.fi\/innokomp\/wp-json\/wp\/v2\/comments?post=1283"}],"version-history":[{"count":5,"href":"https:\/\/blogit.utu.fi\/innokomp\/wp-json\/wp\/v2\/pages\/1283\/revisions"}],"predecessor-version":[{"id":2978,"href":"https:\/\/blogit.utu.fi\/innokomp\/wp-json\/wp\/v2\/pages\/1283\/revisions\/2978"}],"up":[{"embeddable":true,"href":"https:\/\/blogit.utu.fi\/innokomp\/wp-json\/wp\/v2\/pages\/548"}],"wp:attachment":[{"href":"https:\/\/blogit.utu.fi\/innokomp\/wp-json\/wp\/v2\/media?parent=1283"}],"curies":[{"name":"wp","href":"https:\/\/api.w.org\/{rel}","templated":true}]}}