{"id":1289,"date":"2019-01-31T14:41:47","date_gmt":"2019-01-31T12:41:47","guid":{"rendered":"https:\/\/blogit.utu.fi\/innokomp\/?page_id=1289"},"modified":"2022-02-21T20:21:59","modified_gmt":"2022-02-21T18:21:59","slug":"design-ja-teknologia-ajattelu","status":"publish","type":"page","link":"https:\/\/blogit.utu.fi\/innokomp\/materiaalit\/design-ja-teknologia-ajattelu\/","title":{"rendered":"Design- ja teknologia-ajattelu"},"content":{"rendered":"<p><span style=\"font-weight: 400\">INNOKOMP-hankkeen tavoitteena on kehitt\u00e4\u00e4 monimateriaaliseen k\u00e4sity\u00f6h\u00f6n kuuluvaa design- ja teknologia-ajattelua. Design-ajattelu on l\u00e4hestymistapa, jossa keski\u00f6ss\u00e4 on k\u00e4ytt\u00e4j\u00e4l\u00e4ht\u00f6isyys ja siten erityisesti k\u00e4sity\u00f6tuotteen loppuk\u00e4ytt\u00e4j\u00e4. Teknologia-ajattelun avulla oppilas pystyy hahmottamaan teknologiaan liittyv\u00e4\u00e4 tietoa realistisesti sek\u00e4 suhtautumaan siihen objektiivisesti. <\/span><\/p>\n<hr \/>\n<p>Iiro Tujulan Innokomp -hankkeen koulutusp\u00e4iv\u00e4ss\u00e4\u00a0 pit\u00e4m\u00e4 luento\u00a0Design- ja teknologia-ajattelusta elektroniikan opetuksessa<\/p>\n<div class=\"ead-preview\"><div class=\"ead-document\" style=\"position: relative;\"><div class=\"ead-iframe-wrapper\"><iframe src=\"\/\/docs.google.com\/viewer?url=https%3A%2F%2Fblogit.utu.fi%2Finnokomp%2Fwp-content%2Fuploads%2Fsites%2F263%2F2019%2F04%2FDesign-ja-teknologia-ajattelu-elektroniikan-opetuksessa-1.pdf&amp;embedded=true&amp;hl=en\" title=\"Embedded Document\" class=\"ead-iframe\" style=\"width: 800px;height: 450px;border: none;visibility: hidden;\"><\/iframe><\/div>\t\t\t<div class=\"ead-document-loading\" style=\"width:100%;height:100%;position:absolute;left:0;top:0;z-index:10;\">\n\t\t\t\t<div class=\"ead-loading-wrap\">\n\t\t\t\t\t<div class=\"ead-loading-main\">\n\t\t\t\t\t\t<div class=\"ead-loading\">\n\t\t\t\t\t\t\t<img loading=\"lazy\" decoding=\"async\" src=\"https:\/\/blogit.utu.fi\/innokomp\/wp-content\/plugins\/embed-any-document\/images\/loading.svg\" width=\"55\" height=\"55\" alt=\"Loader\">\n\t\t\t\t\t\t\t<span>Loading...<\/span>\n\t\t\t\t\t\t<\/div>\n\t\t\t\t\t<\/div>\n\t\t\t\t\t<div class=\"ead-loading-foot\">\n\t\t\t\t\t\t<div class=\"ead-loading-foot-title\">\n\t\t\t\t\t\t\t<img loading=\"lazy\" decoding=\"async\" src=\"https:\/\/blogit.utu.fi\/innokomp\/wp-content\/plugins\/embed-any-document\/images\/EAD-logo.svg\" alt=\"EAD Logo\" width=\"36\" height=\"23\"\/>\n\t\t\t\t\t\t\t<span>Taking too long?<\/span>\n\t\t\t\t\t\t<\/div>\n\t\t\t\t\t\t<p>\n\t\t\t\t\t\t\t<div class=\"ead-document-btn ead-reload-btn\" role=\"button\">\n\t\t\t\t\t\t\t\t<img loading=\"lazy\" decoding=\"async\" src=\"https:\/\/blogit.utu.fi\/innokomp\/wp-content\/plugins\/embed-any-document\/images\/reload.svg\" alt=\"Reload\" width=\"12\" height=\"12\"\/> Reload document\t\t\t\t\t\t\t<\/div>\n\t\t\t\t\t\t\t<span>|<\/span>\n\t\t\t\t\t\t\t<a href=\"https:\/\/blogit.utu.fi\/innokomp\/wp-content\/uploads\/sites\/263\/2019\/04\/Design-ja-teknologia-ajattelu-elektroniikan-opetuksessa-1.pdf\" class=\"ead-document-btn\" target=\"_blank\">\n\t\t\t\t\t\t\t\t<img loading=\"lazy\" decoding=\"async\" src=\"https:\/\/blogit.utu.fi\/innokomp\/wp-content\/plugins\/embed-any-document\/images\/open.svg\" alt=\"Open\" width=\"12\" height=\"12\"\/> Open in new tab\t\t\t\t\t\t\t<\/a>\n\t\t\t\t\t<\/div>\n\t\t\t\t<\/div>\n\t\t\t<\/div>\n\t\t<\/div><p class=\"embed_download\"><a href=\"https:\/\/blogit.utu.fi\/innokomp\/wp-content\/uploads\/sites\/263\/2019\/04\/Design-ja-teknologia-ajattelu-elektroniikan-opetuksessa-1.pdf\" download>Lataa pdf [361.00 KB] <\/a><\/p><\/div>\n<p>&nbsp;<\/p>\n<hr \/>\n<h2>Artikkelit:<\/h2>\n<blockquote class=\"wp-embedded-content\" data-secret=\"HJ6yf0h0v9\"><p><a href=\"https:\/\/blogit.utu.fi\/innokomp\/artikkeli-kohti-yhteiskehittelya\/\">Artikkeli: Kohti yhteiskehittely\u00e4: Havaintoja opettajan roolista \u00e4lyvaateprojektissa<\/a><\/p><\/blockquote>\n<p><iframe loading=\"lazy\" class=\"wp-embedded-content\" sandbox=\"allow-scripts\" security=\"restricted\" style=\"position: absolute; clip: rect(1px, 1px, 1px, 1px);\" title=\"&#8220;Artikkeli: Kohti yhteiskehittely\u00e4: Havaintoja opettajan roolista \u00e4lyvaateprojektissa&#8221; &#8212; INNOKOMP\" src=\"https:\/\/blogit.utu.fi\/innokomp\/artikkeli-kohti-yhteiskehittelya\/embed\/#?secret=HJ6yf0h0v9\" data-secret=\"HJ6yf0h0v9\" width=\"600\" height=\"338\" frameborder=\"0\" marginwidth=\"0\" marginheight=\"0\" scrolling=\"no\"><\/iframe><\/p>\n","protected":false},"excerpt":{"rendered":"<p>INNOKOMP-hankkeen tavoitteena on kehitt\u00e4\u00e4 monimateriaaliseen k\u00e4sity\u00f6h\u00f6n kuuluvaa design- ja teknologia-ajattelua. Design-ajattelu on l\u00e4hestymistapa, jossa keski\u00f6ss\u00e4 on k\u00e4ytt\u00e4j\u00e4l\u00e4ht\u00f6isyys ja siten erityisesti k\u00e4sity\u00f6tuotteen loppuk\u00e4ytt\u00e4j\u00e4. Teknologia-ajattelun avulla oppilas pystyy hahmottamaan teknologiaan liittyv\u00e4\u00e4 tietoa realistisesti sek\u00e4 suhtautumaan siihen objektiivisesti. Iiro Tujulan Innokomp -hankkeen koulutusp\u00e4iv\u00e4ss\u00e4\u00a0 pit\u00e4m\u00e4 luento\u00a0Design- ja teknologia-ajattelusta elektroniikan opetuksessa &nbsp; Artikkelit: Artikkeli: Kohti yhteiskehittely\u00e4: Havaintoja opettajan roolista \u00e4lyvaateprojektissa<\/p>\n","protected":false},"author":11237,"featured_media":0,"parent":41,"menu_order":6,"comment_status":"closed","ping_status":"closed","template":"","meta":{"footnotes":""},"class_list":["post-1289","page","type-page","status-publish","czr-hentry"],"_links":{"self":[{"href":"https:\/\/blogit.utu.fi\/innokomp\/wp-json\/wp\/v2\/pages\/1289","targetHints":{"allow":["GET"]}}],"collection":[{"href":"https:\/\/blogit.utu.fi\/innokomp\/wp-json\/wp\/v2\/pages"}],"about":[{"href":"https:\/\/blogit.utu.fi\/innokomp\/wp-json\/wp\/v2\/types\/page"}],"author":[{"embeddable":true,"href":"https:\/\/blogit.utu.fi\/innokomp\/wp-json\/wp\/v2\/users\/11237"}],"replies":[{"embeddable":true,"href":"https:\/\/blogit.utu.fi\/innokomp\/wp-json\/wp\/v2\/comments?post=1289"}],"version-history":[{"count":7,"href":"https:\/\/blogit.utu.fi\/innokomp\/wp-json\/wp\/v2\/pages\/1289\/revisions"}],"predecessor-version":[{"id":3897,"href":"https:\/\/blogit.utu.fi\/innokomp\/wp-json\/wp\/v2\/pages\/1289\/revisions\/3897"}],"up":[{"embeddable":true,"href":"https:\/\/blogit.utu.fi\/innokomp\/wp-json\/wp\/v2\/pages\/41"}],"wp:attachment":[{"href":"https:\/\/blogit.utu.fi\/innokomp\/wp-json\/wp\/v2\/media?parent=1289"}],"curies":[{"name":"wp","href":"https:\/\/api.w.org\/{rel}","templated":true}]}}