{"id":1295,"date":"2019-01-31T14:47:47","date_gmt":"2019-01-31T12:47:47","guid":{"rendered":"https:\/\/blogit.utu.fi\/innokomp\/?page_id=1295"},"modified":"2022-02-21T20:20:12","modified_gmt":"2022-02-21T18:20:12","slug":"hel-slojdprocess","status":"publish","type":"page","link":"https:\/\/blogit.utu.fi\/innokomp\/sv\/material\/hel-slojdprocess\/","title":{"rendered":"Hel sl\u00f6jdprocess"},"content":{"rendered":"<p>Saml\u00e4rarskap i sl\u00f6jd ses som ett samarbete mellan sl\u00f6jdl\u00e4rare d\u00e4r de tillsammans planerar, f\u00f6rverkligar och utv\u00e4rderar undervisning i ett m\u00e5ngmateriellt sl\u00f6jd\u00e4mne. Saml\u00e4rarskap m\u00f6jligg\u00f6r bland annat l\u00e4rarnas \u00f6msesidiga l\u00e4rande, utnyttjande av varandras styrkor n\u00e4r arbetsuppgifter f\u00f6rdelas, differentiering, utbyte av id\u00e9er och m\u00e5ngsidigare uppgifter samt m\u00f6jlighet att st\u00f6da varandra i undervisningen. Saml\u00e4rarskap m\u00f6jligg\u00f6r nya infallsvinklar och mera r\u00e4ttvisa metoder f\u00f6r utv\u00e4rdering. N\u00e4r l\u00e4rare med olika sl\u00f6jdinriktningar (teknisk sl\u00f6jd och textilsl\u00f6jd) undervisar tillsammans kan det ses som en f\u00f6rdel f\u00f6r eleven, samtidigt som det ger l\u00e4rarna m\u00f6jlighet att utveckla sig i sitt undervisningsarbete tillsammans. Oberoende av inom vilket teknikomr\u00e5de en produkt f\u00f6rverkligas finns det m\u00e5nga gemensamma n\u00e4mnare f\u00f6r olika teknikomr\u00e5den g\u00e4llande exempelvis estetik, anv\u00e4ndarorientering och teknologikunnande. Dessutom kan samarbete mellan olika l\u00e4ro\u00e4mnen och l\u00e4rarkategorier erbjuda eleverna \u00f6verraskande elevcentrerade projekt.<\/p>\n<p>&nbsp;<\/p>\n<p><img loading=\"lazy\" decoding=\"async\" class=\"aligncenter wp-image-2510 size-full\" src=\"https:\/\/blogit.utu.fi\/innokomp\/wp-content\/uploads\/sites\/263\/2019\/04\/kokonainen-k\u00e4sity\u00f6.RU_.png\" alt=\"\" width=\"2384\" height=\"1684\" srcset=\"https:\/\/blogit.utu.fi\/innokomp\/wp-content\/uploads\/sites\/263\/2019\/04\/kokonainen-k\u00e4sity\u00f6.RU_.png 2384w, https:\/\/blogit.utu.fi\/innokomp\/wp-content\/uploads\/sites\/263\/2019\/04\/kokonainen-k\u00e4sity\u00f6.RU_-300x212.png 300w, https:\/\/blogit.utu.fi\/innokomp\/wp-content\/uploads\/sites\/263\/2019\/04\/kokonainen-k\u00e4sity\u00f6.RU_-768x542.png 768w, https:\/\/blogit.utu.fi\/innokomp\/wp-content\/uploads\/sites\/263\/2019\/04\/kokonainen-k\u00e4sity\u00f6.RU_-1024x723.png 1024w\" sizes=\"auto, (max-width: 2384px) 100vw, 2384px\" \/><\/p>\n<p>Du kan s\u00e4tta denna affisch p\u00e5 klassens v\u00e4gg:\u00a0<a href=\"https:\/\/blogit.utu.fi\/innokomp\/wp-content\/uploads\/sites\/263\/2019\/04\/Hel-sl\u00f6jdprocess.pdf\">Hel sl\u00f6jdprocess<\/a><\/p>\n<hr \/>\n<h2>Artiklar:<\/h2>\n<blockquote class=\"wp-embedded-content\" data-secret=\"F6MZVpUB74\"><p><a href=\"https:\/\/blogit.utu.fi\/innokomp\/sv\/3850-2\/\">Artikel: Dokumentation i sl\u00f6jdpraktiker: Redskap f\u00f6r att f\u00e5nga sl\u00f6jdprocessen och synligg\u00f6ra l\u00e4randet<\/a><\/p><\/blockquote>\n<p><iframe loading=\"lazy\" class=\"wp-embedded-content\" sandbox=\"allow-scripts\" security=\"restricted\" style=\"position: absolute; clip: rect(1px, 1px, 1px, 1px);\" title=\"&#8220;Artikel: Dokumentation i sl\u00f6jdpraktiker: Redskap f\u00f6r att f\u00e5nga sl\u00f6jdprocessen och synligg\u00f6ra l\u00e4randet&#8221; &#8212; INNOKOMP\" src=\"https:\/\/blogit.utu.fi\/innokomp\/sv\/3850-2\/embed\/#?secret=F6MZVpUB74\" data-secret=\"F6MZVpUB74\" width=\"600\" height=\"338\" frameborder=\"0\" marginwidth=\"0\" marginheight=\"0\" scrolling=\"no\"><\/iframe><\/p>\n","protected":false},"excerpt":{"rendered":"<p>Saml\u00e4rarskap i sl\u00f6jd ses som ett samarbete mellan sl\u00f6jdl\u00e4rare d\u00e4r de tillsammans planerar, f\u00f6rverkligar och utv\u00e4rderar undervisning i ett m\u00e5ngmateriellt sl\u00f6jd\u00e4mne. Saml\u00e4rarskap m\u00f6jligg\u00f6r bland annat l\u00e4rarnas \u00f6msesidiga l\u00e4rande, utnyttjande av varandras styrkor n\u00e4r arbetsuppgifter f\u00f6rdelas, differentiering, utbyte av id\u00e9er och m\u00e5ngsidigare uppgifter samt m\u00f6jlighet att st\u00f6da varandra i undervisningen. Saml\u00e4rarskap m\u00f6jligg\u00f6r nya infallsvinklar och mera [&hellip;]<\/p>\n","protected":false},"author":11237,"featured_media":0,"parent":548,"menu_order":5,"comment_status":"closed","ping_status":"closed","template":"","meta":{"footnotes":""},"class_list":["post-1295","page","type-page","status-publish","czr-hentry"],"_links":{"self":[{"href":"https:\/\/blogit.utu.fi\/innokomp\/wp-json\/wp\/v2\/pages\/1295","targetHints":{"allow":["GET"]}}],"collection":[{"href":"https:\/\/blogit.utu.fi\/innokomp\/wp-json\/wp\/v2\/pages"}],"about":[{"href":"https:\/\/blogit.utu.fi\/innokomp\/wp-json\/wp\/v2\/types\/page"}],"author":[{"embeddable":true,"href":"https:\/\/blogit.utu.fi\/innokomp\/wp-json\/wp\/v2\/users\/11237"}],"replies":[{"embeddable":true,"href":"https:\/\/blogit.utu.fi\/innokomp\/wp-json\/wp\/v2\/comments?post=1295"}],"version-history":[{"count":12,"href":"https:\/\/blogit.utu.fi\/innokomp\/wp-json\/wp\/v2\/pages\/1295\/revisions"}],"predecessor-version":[{"id":3896,"href":"https:\/\/blogit.utu.fi\/innokomp\/wp-json\/wp\/v2\/pages\/1295\/revisions\/3896"}],"up":[{"embeddable":true,"href":"https:\/\/blogit.utu.fi\/innokomp\/wp-json\/wp\/v2\/pages\/548"}],"wp:attachment":[{"href":"https:\/\/blogit.utu.fi\/innokomp\/wp-json\/wp\/v2\/media?parent=1295"}],"curies":[{"name":"wp","href":"https:\/\/api.w.org\/{rel}","templated":true}]}}