{"id":1307,"date":"2019-01-31T14:49:42","date_gmt":"2019-01-31T12:49:42","guid":{"rendered":"https:\/\/blogit.utu.fi\/innokomp\/?page_id=1307"},"modified":"2019-06-18T07:35:24","modified_gmt":"2019-06-18T05:35:24","slug":"samlararskap","status":"publish","type":"page","link":"https:\/\/blogit.utu.fi\/innokomp\/sv\/material\/samlararskap\/","title":{"rendered":"Saml\u00e4rarskap"},"content":{"rendered":"<p>Saml\u00e4rarskap i sl\u00f6jd ses som ett samarbete mellan sl\u00f6jdl\u00e4rare d\u00e4r de tillsammans planerar, f\u00f6rverkligar och utv\u00e4rderar undervisning i ett m\u00e5ngmateriellt sl\u00f6jd\u00e4mne. Saml\u00e4rarskap m\u00f6jligg\u00f6r bland annat l\u00e4rarnas \u00f6msesidiga l\u00e4rande, utnyttjande av varandras styrkor n\u00e4r arbetsuppgifter f\u00f6rdelas, differentiering, utbyte av id\u00e9er och m\u00e5ngsidigare uppgifter samt m\u00f6jlighet att st\u00f6da varandra i undervisningen. Saml\u00e4rarskap m\u00f6jligg\u00f6r nya infallsvinklar och mera r\u00e4ttvisa metoder f\u00f6r utv\u00e4rdering. N\u00e4r l\u00e4rare med olika sl\u00f6jdinriktningar (teknisk sl\u00f6jd och textilsl\u00f6jd) undervisar tillsammans kan det ses som en f\u00f6rdel f\u00f6r eleven, samtidigt som det ger l\u00e4rarna m\u00f6jlighet att utveckla sig i sitt undervisningsarbete tillsammans. Oberoende av inom vilket teknikomr\u00e5de en produkt f\u00f6rverkligas finns det m\u00e5nga gemensamma n\u00e4mnare f\u00f6r olika teknikomr\u00e5den g\u00e4llande exempelvis estetik, anv\u00e4ndarorientering och teknologikunnande. Dessutom kan samarbete mellan olika l\u00e4ro\u00e4mnen och l\u00e4rarkategorier erbjuda eleverna \u00f6verraskande elevcentrerade projekt.<\/p>\n<hr \/>\n<p>Mit\u00e4 on yhteisopettajuus ja miten sit\u00e4 voidaan toteuttaa?<\/p>\n<p style=\"text-align: center\"><div class=\"ead-preview\"><div class=\"ead-document\" style=\"position: relative;\"><div class=\"ead-iframe-wrapper\"><iframe src=\"\/\/docs.google.com\/viewer?url=https%3A%2F%2Fblogit.utu.fi%2Finnokomp%2Fwp-content%2Fuploads%2Fsites%2F263%2F2019%2F04%2FNakokulmia-yhteisopettajuuteen.pdf&amp;embedded=true&amp;hl=en\" title=\"Embedded Document\" class=\"ead-iframe\" style=\"width: 800px;height: 450px;border: none;visibility: hidden;\"><\/iframe><\/div>\t\t\t<div class=\"ead-document-loading\" style=\"width:100%;height:100%;position:absolute;left:0;top:0;z-index:10;\">\n\t\t\t\t<div class=\"ead-loading-wrap\">\n\t\t\t\t\t<div class=\"ead-loading-main\">\n\t\t\t\t\t\t<div class=\"ead-loading\">\n\t\t\t\t\t\t\t<img loading=\"lazy\" decoding=\"async\" src=\"https:\/\/blogit.utu.fi\/innokomp\/wp-content\/plugins\/embed-any-document\/images\/loading.svg\" width=\"55\" height=\"55\" alt=\"Loader\">\n\t\t\t\t\t\t\t<span>Loading...<\/span>\n\t\t\t\t\t\t<\/div>\n\t\t\t\t\t<\/div>\n\t\t\t\t\t<div class=\"ead-loading-foot\">\n\t\t\t\t\t\t<div class=\"ead-loading-foot-title\">\n\t\t\t\t\t\t\t<img loading=\"lazy\" decoding=\"async\" src=\"https:\/\/blogit.utu.fi\/innokomp\/wp-content\/plugins\/embed-any-document\/images\/EAD-logo.svg\" alt=\"EAD Logo\" width=\"36\" height=\"23\"\/>\n\t\t\t\t\t\t\t<span>Taking too long?<\/span>\n\t\t\t\t\t\t<\/div>\n\t\t\t\t\t\t<p>\n\t\t\t\t\t\t\t<div class=\"ead-document-btn ead-reload-btn\" role=\"button\">\n\t\t\t\t\t\t\t\t<img loading=\"lazy\" decoding=\"async\" src=\"https:\/\/blogit.utu.fi\/innokomp\/wp-content\/plugins\/embed-any-document\/images\/reload.svg\" alt=\"Reload\" width=\"12\" height=\"12\"\/> Reload document\t\t\t\t\t\t\t<\/div>\n\t\t\t\t\t\t\t<span>|<\/span>\n\t\t\t\t\t\t\t<a href=\"https:\/\/blogit.utu.fi\/innokomp\/wp-content\/uploads\/sites\/263\/2019\/04\/Nakokulmia-yhteisopettajuuteen.pdf\" class=\"ead-document-btn\" target=\"_blank\">\n\t\t\t\t\t\t\t\t<img loading=\"lazy\" decoding=\"async\" src=\"https:\/\/blogit.utu.fi\/innokomp\/wp-content\/plugins\/embed-any-document\/images\/open.svg\" alt=\"Open\" width=\"12\" height=\"12\"\/> Open in new tab\t\t\t\t\t\t\t<\/a>\n\t\t\t\t\t<\/div>\n\t\t\t\t<\/div>\n\t\t\t<\/div>\n\t\t<\/div><p class=\"embed_download\"><a href=\"https:\/\/blogit.utu.fi\/innokomp\/wp-content\/uploads\/sites\/263\/2019\/04\/Nakokulmia-yhteisopettajuuteen.pdf\" download>Lataa pdf [1.21 MB] <\/a><\/p><\/div><\/p>\n<hr \/>\n<p>Professori Eila Lindforssin ja tohtorikoulutettava Juha Jaatisen esitys yhteisopettajuudesta.<\/p>\n<p style=\"text-align: center\"><div class=\"ead-preview\"><div class=\"ead-document\" style=\"position: relative;\"><div class=\"ead-iframe-wrapper\"><iframe src=\"\/\/docs.google.com\/viewer?url=https%3A%2F%2Fblogit.utu.fi%2Finnokomp%2Fwp-content%2Fuploads%2Fsites%2F263%2F2019%2F04%2FYhteisopettajuus.pdf&amp;embedded=true&amp;hl=en\" title=\"Embedded Document\" class=\"ead-iframe\" style=\"width: 800px;height: 450px;border: none;visibility: hidden;\"><\/iframe><\/div>\t\t\t<div class=\"ead-document-loading\" style=\"width:100%;height:100%;position:absolute;left:0;top:0;z-index:10;\">\n\t\t\t\t<div class=\"ead-loading-wrap\">\n\t\t\t\t\t<div class=\"ead-loading-main\">\n\t\t\t\t\t\t<div class=\"ead-loading\">\n\t\t\t\t\t\t\t<img loading=\"lazy\" decoding=\"async\" src=\"https:\/\/blogit.utu.fi\/innokomp\/wp-content\/plugins\/embed-any-document\/images\/loading.svg\" width=\"55\" height=\"55\" alt=\"Loader\">\n\t\t\t\t\t\t\t<span>Loading...<\/span>\n\t\t\t\t\t\t<\/div>\n\t\t\t\t\t<\/div>\n\t\t\t\t\t<div class=\"ead-loading-foot\">\n\t\t\t\t\t\t<div class=\"ead-loading-foot-title\">\n\t\t\t\t\t\t\t<img loading=\"lazy\" decoding=\"async\" src=\"https:\/\/blogit.utu.fi\/innokomp\/wp-content\/plugins\/embed-any-document\/images\/EAD-logo.svg\" alt=\"EAD Logo\" width=\"36\" height=\"23\"\/>\n\t\t\t\t\t\t\t<span>Taking too long?<\/span>\n\t\t\t\t\t\t<\/div>\n\t\t\t\t\t\t<p>\n\t\t\t\t\t\t\t<div class=\"ead-document-btn ead-reload-btn\" role=\"button\">\n\t\t\t\t\t\t\t\t<img loading=\"lazy\" decoding=\"async\" src=\"https:\/\/blogit.utu.fi\/innokomp\/wp-content\/plugins\/embed-any-document\/images\/reload.svg\" alt=\"Reload\" width=\"12\" height=\"12\"\/> Reload document\t\t\t\t\t\t\t<\/div>\n\t\t\t\t\t\t\t<span>|<\/span>\n\t\t\t\t\t\t\t<a href=\"https:\/\/blogit.utu.fi\/innokomp\/wp-content\/uploads\/sites\/263\/2019\/04\/Yhteisopettajuus.pdf\" class=\"ead-document-btn\" target=\"_blank\">\n\t\t\t\t\t\t\t\t<img loading=\"lazy\" decoding=\"async\" src=\"https:\/\/blogit.utu.fi\/innokomp\/wp-content\/plugins\/embed-any-document\/images\/open.svg\" alt=\"Open\" width=\"12\" height=\"12\"\/> Open in new tab\t\t\t\t\t\t\t<\/a>\n\t\t\t\t\t<\/div>\n\t\t\t\t<\/div>\n\t\t\t<\/div>\n\t\t<\/div><p class=\"embed_download\"><a href=\"https:\/\/blogit.utu.fi\/innokomp\/wp-content\/uploads\/sites\/263\/2019\/04\/Yhteisopettajuus.pdf\" download>Lataa pdf [0.98 MB] <\/a><\/p><\/div><\/p>\n<hr \/>\n<p style=\"text-align: center\"><div class=\"ead-preview\"><div class=\"ead-document\" style=\"position: relative;\"><div class=\"ead-iframe-wrapper\"><iframe src=\"\/\/docs.google.com\/viewer?url=https%3A%2F%2Fblogit.utu.fi%2Finnokomp%2Fwp-content%2Fuploads%2Fsites%2F263%2F2019%2F04%2FYhteisopettajuusprojektin-suunnittelun-tueksi_jakoon-1.pdf&amp;embedded=true&amp;hl=en\" title=\"Embedded Document\" class=\"ead-iframe\" style=\"width: 800px;height: 450px;border: none;visibility: hidden;\"><\/iframe><\/div>\t\t\t<div class=\"ead-document-loading\" style=\"width:100%;height:100%;position:absolute;left:0;top:0;z-index:10;\">\n\t\t\t\t<div class=\"ead-loading-wrap\">\n\t\t\t\t\t<div class=\"ead-loading-main\">\n\t\t\t\t\t\t<div class=\"ead-loading\">\n\t\t\t\t\t\t\t<img loading=\"lazy\" decoding=\"async\" src=\"https:\/\/blogit.utu.fi\/innokomp\/wp-content\/plugins\/embed-any-document\/images\/loading.svg\" width=\"55\" height=\"55\" alt=\"Loader\">\n\t\t\t\t\t\t\t<span>Loading...<\/span>\n\t\t\t\t\t\t<\/div>\n\t\t\t\t\t<\/div>\n\t\t\t\t\t<div class=\"ead-loading-foot\">\n\t\t\t\t\t\t<div class=\"ead-loading-foot-title\">\n\t\t\t\t\t\t\t<img loading=\"lazy\" decoding=\"async\" src=\"https:\/\/blogit.utu.fi\/innokomp\/wp-content\/plugins\/embed-any-document\/images\/EAD-logo.svg\" alt=\"EAD Logo\" width=\"36\" height=\"23\"\/>\n\t\t\t\t\t\t\t<span>Taking too long?<\/span>\n\t\t\t\t\t\t<\/div>\n\t\t\t\t\t\t<p>\n\t\t\t\t\t\t\t<div class=\"ead-document-btn ead-reload-btn\" role=\"button\">\n\t\t\t\t\t\t\t\t<img loading=\"lazy\" decoding=\"async\" src=\"https:\/\/blogit.utu.fi\/innokomp\/wp-content\/plugins\/embed-any-document\/images\/reload.svg\" alt=\"Reload\" width=\"12\" height=\"12\"\/> Reload document\t\t\t\t\t\t\t<\/div>\n\t\t\t\t\t\t\t<span>|<\/span>\n\t\t\t\t\t\t\t<a href=\"https:\/\/blogit.utu.fi\/innokomp\/wp-content\/uploads\/sites\/263\/2019\/04\/Yhteisopettajuusprojektin-suunnittelun-tueksi_jakoon-1.pdf\" class=\"ead-document-btn\" target=\"_blank\">\n\t\t\t\t\t\t\t\t<img loading=\"lazy\" decoding=\"async\" src=\"https:\/\/blogit.utu.fi\/innokomp\/wp-content\/plugins\/embed-any-document\/images\/open.svg\" alt=\"Open\" width=\"12\" height=\"12\"\/> Open in new tab\t\t\t\t\t\t\t<\/a>\n\t\t\t\t\t<\/div>\n\t\t\t\t<\/div>\n\t\t\t<\/div>\n\t\t<\/div><p class=\"embed_download\"><a href=\"https:\/\/blogit.utu.fi\/innokomp\/wp-content\/uploads\/sites\/263\/2019\/04\/Yhteisopettajuusprojektin-suunnittelun-tueksi_jakoon-1.pdf\" download>Lataa pdf [95.02 KB] <\/a><\/p><\/div><\/p>\n<hr \/>\n<p>INNOKOMP -hankkeessa on kehitelty kaksi erilaista pohjaa lukuvuoden suunnittelua varten. Pohjat toimivat yhteisopetusta toteuttavien opettajien apuna suunnitteluty\u00f6ss\u00e4. Niiden avulla voi my\u00f6s kertoa lukuvuoden kulusta oppilaille. Varsinkin yksinkertaistettu kiehkura sopii hyvin opetustilan sein\u00e4lle.<\/p>\n<p><img loading=\"lazy\" decoding=\"async\" class=\"aligncenter wp-image-3020 size-large\" src=\"https:\/\/blogit.utu.fi\/innokomp\/wp-content\/uploads\/sites\/263\/2019\/06\/lukuvuosisuunnitelmapohja-1024x731.jpg\" alt=\"\" width=\"1024\" height=\"731\" srcset=\"https:\/\/blogit.utu.fi\/innokomp\/wp-content\/uploads\/sites\/263\/2019\/06\/lukuvuosisuunnitelmapohja-1024x731.jpg 1024w, https:\/\/blogit.utu.fi\/innokomp\/wp-content\/uploads\/sites\/263\/2019\/06\/lukuvuosisuunnitelmapohja-300x214.jpg 300w, https:\/\/blogit.utu.fi\/innokomp\/wp-content\/uploads\/sites\/263\/2019\/06\/lukuvuosisuunnitelmapohja-768x549.jpg 768w\" sizes=\"auto, (max-width: 1024px) 100vw, 1024px\" \/><\/p>\n<p>Lataa pohja omaan k\u00e4ytt\u00f6\u00f6si t\u00e4st\u00e4: <a href=\"https:\/\/blogit.utu.fi\/innokomp\/wp-content\/uploads\/sites\/263\/2019\/06\/lukuvuosisuunnitelmapohja.pdf\">lukuvuosisuunnitelmapohja<\/a><\/p>\n<p><img loading=\"lazy\" decoding=\"async\" class=\"aligncenter wp-image-3023 size-large\" src=\"https:\/\/blogit.utu.fi\/innokomp\/wp-content\/uploads\/sites\/263\/2019\/06\/vuosikiehkura-InnoKomp-01-723x1024.jpg\" alt=\"\" width=\"723\" height=\"1024\" srcset=\"https:\/\/blogit.utu.fi\/innokomp\/wp-content\/uploads\/sites\/263\/2019\/06\/vuosikiehkura-InnoKomp-01-723x1024.jpg 723w, https:\/\/blogit.utu.fi\/innokomp\/wp-content\/uploads\/sites\/263\/2019\/06\/vuosikiehkura-InnoKomp-01-212x300.jpg 212w, https:\/\/blogit.utu.fi\/innokomp\/wp-content\/uploads\/sites\/263\/2019\/06\/vuosikiehkura-InnoKomp-01-768x1087.jpg 768w\" sizes=\"auto, (max-width: 723px) 100vw, 723px\" \/><\/p>\n<p>Lataa pohja omaan k\u00e4ytt\u00f6\u00f6si t\u00e4st\u00e4: <a href=\"https:\/\/blogit.utu.fi\/innokomp\/wp-content\/uploads\/sites\/263\/2019\/06\/vuosikiehkura-InnoKomp-01.pdf\">vuosikiehkura<\/a><\/p>\n<p>J\u00e4rkev\u00e4 tapa hy\u00f6dynt\u00e4\u00e4 tulostettua pohjaa on asettaa se isoon kehykseen ja kirjoittaa suunnitelmat lasiin tussilla jonka voi pyyhki\u00e4 pois. Pohjaa voi my\u00f6s t\u00e4ydent\u00e4\u00e4 k\u00e4ytt\u00e4m\u00e4ll\u00e4 post it -lappuja. Taitava tietokoneen k\u00e4ytt\u00e4j\u00e4 voi my\u00f6s tehd\u00e4 pohjasta s\u00e4hk\u00f6isesti t\u00e4ytett\u00e4v\u00e4n version k\u00e4ytt\u00e4m\u00e4ll\u00e4 esimerkiksi kaikille tuttua PowerPoint ohjelmaa.<\/p>\n<p><img loading=\"lazy\" decoding=\"async\" class=\"alignnone wp-image-3038\" src=\"https:\/\/blogit.utu.fi\/innokomp\/wp-content\/uploads\/sites\/263\/2019\/06\/IMG_20181128_110131-225x300.jpg\" alt=\"\" width=\"301\" height=\"401\" srcset=\"https:\/\/blogit.utu.fi\/innokomp\/wp-content\/uploads\/sites\/263\/2019\/06\/IMG_20181128_110131-225x300.jpg 225w, https:\/\/blogit.utu.fi\/innokomp\/wp-content\/uploads\/sites\/263\/2019\/06\/IMG_20181128_110131-768x1024.jpg 768w\" sizes=\"auto, (max-width: 301px) 100vw, 301px\" \/><\/p>\n<p><img loading=\"lazy\" decoding=\"async\" class=\" wp-image-3041\" src=\"https:\/\/blogit.utu.fi\/innokomp\/wp-content\/uploads\/sites\/263\/2019\/06\/IMG_20181115_155612-300x225.jpg\" alt=\"\" width=\"367\" height=\"275\" srcset=\"https:\/\/blogit.utu.fi\/innokomp\/wp-content\/uploads\/sites\/263\/2019\/06\/IMG_20181115_155612-300x225.jpg 300w, https:\/\/blogit.utu.fi\/innokomp\/wp-content\/uploads\/sites\/263\/2019\/06\/IMG_20181115_155612-768x576.jpg 768w, https:\/\/blogit.utu.fi\/innokomp\/wp-content\/uploads\/sites\/263\/2019\/06\/IMG_20181115_155612-1024x768.jpg 1024w\" sizes=\"auto, (max-width: 367px) 100vw, 367px\" \/><\/p>\n","protected":false},"excerpt":{"rendered":"<p>Saml\u00e4rarskap i sl\u00f6jd ses som ett samarbete mellan sl\u00f6jdl\u00e4rare d\u00e4r de tillsammans planerar, f\u00f6rverkligar och utv\u00e4rderar undervisning i ett m\u00e5ngmateriellt sl\u00f6jd\u00e4mne. Saml\u00e4rarskap m\u00f6jligg\u00f6r bland annat l\u00e4rarnas \u00f6msesidiga l\u00e4rande, utnyttjande av varandras styrkor n\u00e4r arbetsuppgifter f\u00f6rdelas, differentiering, utbyte av id\u00e9er och m\u00e5ngsidigare uppgifter samt m\u00f6jlighet att st\u00f6da varandra i undervisningen. Saml\u00e4rarskap m\u00f6jligg\u00f6r nya infallsvinklar och mera [&hellip;]<\/p>\n","protected":false},"author":11237,"featured_media":0,"parent":548,"menu_order":0,"comment_status":"closed","ping_status":"closed","template":"","meta":{"footnotes":""},"class_list":["post-1307","page","type-page","status-publish","czr-hentry"],"_links":{"self":[{"href":"https:\/\/blogit.utu.fi\/innokomp\/wp-json\/wp\/v2\/pages\/1307","targetHints":{"allow":["GET"]}}],"collection":[{"href":"https:\/\/blogit.utu.fi\/innokomp\/wp-json\/wp\/v2\/pages"}],"about":[{"href":"https:\/\/blogit.utu.fi\/innokomp\/wp-json\/wp\/v2\/types\/page"}],"author":[{"embeddable":true,"href":"https:\/\/blogit.utu.fi\/innokomp\/wp-json\/wp\/v2\/users\/11237"}],"replies":[{"embeddable":true,"href":"https:\/\/blogit.utu.fi\/innokomp\/wp-json\/wp\/v2\/comments?post=1307"}],"version-history":[{"count":9,"href":"https:\/\/blogit.utu.fi\/innokomp\/wp-json\/wp\/v2\/pages\/1307\/revisions"}],"predecessor-version":[{"id":3047,"href":"https:\/\/blogit.utu.fi\/innokomp\/wp-json\/wp\/v2\/pages\/1307\/revisions\/3047"}],"up":[{"embeddable":true,"href":"https:\/\/blogit.utu.fi\/innokomp\/wp-json\/wp\/v2\/pages\/548"}],"wp:attachment":[{"href":"https:\/\/blogit.utu.fi\/innokomp\/wp-json\/wp\/v2\/media?parent=1307"}],"curies":[{"name":"wp","href":"https:\/\/api.w.org\/{rel}","templated":true}]}}