{"id":1310,"date":"2019-01-31T14:50:05","date_gmt":"2019-01-31T12:50:05","guid":{"rendered":"https:\/\/blogit.utu.fi\/innokomp\/?page_id=1310"},"modified":"2019-06-07T09:30:30","modified_gmt":"2019-06-07T07:30:30","slug":"design-och-teknologitankande","status":"publish","type":"page","link":"https:\/\/blogit.utu.fi\/innokomp\/sv\/material\/design-och-teknologitankande\/","title":{"rendered":"Design- och teknologit\u00e4nkande"},"content":{"rendered":"<p>En av m\u00e5ls\u00e4ttningarna med INNOKOMP\u00a0 \u00e4r att utveckla ett formgivnings- och teknologit\u00e4nkande som st\u00f6der den m\u00e5ngmaterilla sl\u00f6jden. Formgivningst\u00e4nkandet \u00e4r ett angreppss\u00e4tt d\u00e4r anv\u00e4ndarv\u00e4nlighet, och sl\u00f6jdprodukten anv\u00e4ndaren \u00e4r i fokus. Med hj\u00e4lp av teknologit\u00e4nkande f\u00f6rm\u00e5r eleven p\u00e5 ett realistiskt s\u00e4tt gestalta kunskap i relation till teknologi samt f\u00f6rh\u00e5lla sig objektivt till teknologi.<\/p>\n<p>&nbsp;<\/p>\n<p>Iiro Tujulan Innokomp -hankkeen koulutusp\u00e4iv\u00e4ss\u00e4\u00a0 pit\u00e4m\u00e4 luento\u00a0Design- ja teknologia-ajattelusta elektroniikan opetuksessa<\/p>\n<div class=\"ead-preview\"><div class=\"ead-document\" style=\"position: relative;\"><div class=\"ead-iframe-wrapper\"><iframe src=\"\/\/docs.google.com\/viewer?url=https%3A%2F%2Fblogit.utu.fi%2Finnokomp%2Fwp-content%2Fuploads%2Fsites%2F263%2F2019%2F04%2FDesign-ja-teknologia-ajattelu-elektroniikan-opetuksessa-1.pdf&amp;embedded=true&amp;hl=en\" title=\"Embedded Document\" class=\"ead-iframe\" style=\"width: 800px;height: 450px;border: none;visibility: hidden;\"><\/iframe><\/div>\t\t\t<div class=\"ead-document-loading\" style=\"width:100%;height:100%;position:absolute;left:0;top:0;z-index:10;\">\n\t\t\t\t<div class=\"ead-loading-wrap\">\n\t\t\t\t\t<div class=\"ead-loading-main\">\n\t\t\t\t\t\t<div class=\"ead-loading\">\n\t\t\t\t\t\t\t<img loading=\"lazy\" decoding=\"async\" src=\"https:\/\/blogit.utu.fi\/innokomp\/wp-content\/plugins\/embed-any-document\/images\/loading.svg\" width=\"55\" height=\"55\" alt=\"Loader\">\n\t\t\t\t\t\t\t<span>Loading...<\/span>\n\t\t\t\t\t\t<\/div>\n\t\t\t\t\t<\/div>\n\t\t\t\t\t<div class=\"ead-loading-foot\">\n\t\t\t\t\t\t<div class=\"ead-loading-foot-title\">\n\t\t\t\t\t\t\t<img loading=\"lazy\" decoding=\"async\" src=\"https:\/\/blogit.utu.fi\/innokomp\/wp-content\/plugins\/embed-any-document\/images\/EAD-logo.svg\" alt=\"EAD Logo\" width=\"36\" height=\"23\"\/>\n\t\t\t\t\t\t\t<span>Taking too long?<\/span>\n\t\t\t\t\t\t<\/div>\n\t\t\t\t\t\t<p>\n\t\t\t\t\t\t\t<div class=\"ead-document-btn ead-reload-btn\" role=\"button\">\n\t\t\t\t\t\t\t\t<img loading=\"lazy\" decoding=\"async\" src=\"https:\/\/blogit.utu.fi\/innokomp\/wp-content\/plugins\/embed-any-document\/images\/reload.svg\" alt=\"Reload\" width=\"12\" height=\"12\"\/> Reload document\t\t\t\t\t\t\t<\/div>\n\t\t\t\t\t\t\t<span>|<\/span>\n\t\t\t\t\t\t\t<a href=\"https:\/\/blogit.utu.fi\/innokomp\/wp-content\/uploads\/sites\/263\/2019\/04\/Design-ja-teknologia-ajattelu-elektroniikan-opetuksessa-1.pdf\" class=\"ead-document-btn\" target=\"_blank\">\n\t\t\t\t\t\t\t\t<img loading=\"lazy\" decoding=\"async\" src=\"https:\/\/blogit.utu.fi\/innokomp\/wp-content\/plugins\/embed-any-document\/images\/open.svg\" alt=\"Open\" width=\"12\" height=\"12\"\/> Open in new tab\t\t\t\t\t\t\t<\/a>\n\t\t\t\t\t<\/div>\n\t\t\t\t<\/div>\n\t\t\t<\/div>\n\t\t<\/div><p class=\"embed_download\"><a href=\"https:\/\/blogit.utu.fi\/innokomp\/wp-content\/uploads\/sites\/263\/2019\/04\/Design-ja-teknologia-ajattelu-elektroniikan-opetuksessa-1.pdf\" download>Lataa pdf [361.00 KB] <\/a><\/p><\/div>\n","protected":false},"excerpt":{"rendered":"<p>En av m\u00e5ls\u00e4ttningarna med INNOKOMP\u00a0 \u00e4r att utveckla ett formgivnings- och teknologit\u00e4nkande som st\u00f6der den m\u00e5ngmaterilla sl\u00f6jden. Formgivningst\u00e4nkandet \u00e4r ett angreppss\u00e4tt d\u00e4r anv\u00e4ndarv\u00e4nlighet, och sl\u00f6jdprodukten anv\u00e4ndaren \u00e4r i fokus. Med hj\u00e4lp av teknologit\u00e4nkande f\u00f6rm\u00e5r eleven p\u00e5 ett realistiskt s\u00e4tt gestalta kunskap i relation till teknologi samt f\u00f6rh\u00e5lla sig objektivt till teknologi. &nbsp; Iiro Tujulan Innokomp [&hellip;]<\/p>\n","protected":false},"author":11237,"featured_media":0,"parent":548,"menu_order":6,"comment_status":"closed","ping_status":"closed","template":"","meta":{"footnotes":""},"class_list":["post-1310","page","type-page","status-publish","czr-hentry"],"_links":{"self":[{"href":"https:\/\/blogit.utu.fi\/innokomp\/wp-json\/wp\/v2\/pages\/1310","targetHints":{"allow":["GET"]}}],"collection":[{"href":"https:\/\/blogit.utu.fi\/innokomp\/wp-json\/wp\/v2\/pages"}],"about":[{"href":"https:\/\/blogit.utu.fi\/innokomp\/wp-json\/wp\/v2\/types\/page"}],"author":[{"embeddable":true,"href":"https:\/\/blogit.utu.fi\/innokomp\/wp-json\/wp\/v2\/users\/11237"}],"replies":[{"embeddable":true,"href":"https:\/\/blogit.utu.fi\/innokomp\/wp-json\/wp\/v2\/comments?post=1310"}],"version-history":[{"count":5,"href":"https:\/\/blogit.utu.fi\/innokomp\/wp-json\/wp\/v2\/pages\/1310\/revisions"}],"predecessor-version":[{"id":2996,"href":"https:\/\/blogit.utu.fi\/innokomp\/wp-json\/wp\/v2\/pages\/1310\/revisions\/2996"}],"up":[{"embeddable":true,"href":"https:\/\/blogit.utu.fi\/innokomp\/wp-json\/wp\/v2\/pages\/548"}],"wp:attachment":[{"href":"https:\/\/blogit.utu.fi\/innokomp\/wp-json\/wp\/v2\/media?parent=1310"}],"curies":[{"name":"wp","href":"https:\/\/api.w.org\/{rel}","templated":true}]}}