{"id":1997,"date":"2019-03-04T11:30:09","date_gmt":"2019-03-04T09:30:09","guid":{"rendered":"https:\/\/blogit.utu.fi\/innokomp\/?page_id=1997"},"modified":"2019-06-07T09:25:22","modified_gmt":"2019-06-07T07:25:22","slug":"larmiljo","status":"publish","type":"page","link":"https:\/\/blogit.utu.fi\/innokomp\/sv\/material\/larmiljo\/","title":{"rendered":"L\u00e4rmilj\u00f6"},"content":{"rendered":"<p>Sl\u00f6jdens l\u00e4rmilj\u00f6er best\u00e5r inte enbart av utrymmen utan omfattar \u00e4ven redskap, material och till dem anknutna faktorer. En trygg och \u00e4ndam\u00e5lsenlig l\u00e4rmilj\u00f6 som \u00e4ven omfattar trygga redskap, maskiner, verktyg och material st\u00f6der l\u00e4randet i sl\u00f6jd. Utrymmen i sl\u00f6jd f\u00f6ruts\u00e4tter att arbetss\u00e4kerhetf\u00f6reskrifter, exempelvis g\u00e4llande ventilation och bullerniv\u00e5er, f\u00f6ljs.<\/p>\n<hr \/>\n<h2>Opiskelijoiden tekem\u00e4 k\u00e4sity\u00f6n oppimistilojen auditointi<\/h2>\n<figure class=\"wp-block-embed wp-block-embed-youtube is-type-video is-provider-youtube epyt-figure\"><div class=\"wp-block-embed__wrapper\"><div class=\"epyt-video-wrapper\"><iframe loading=\"lazy\"  style=\"display: block; margin: 0px auto;\"  id=\"_ytid_31604\"  width=\"524\" height=\"363\"  data-origwidth=\"524\" data-origheight=\"363\" src=\"https:\/\/www.youtube.com\/embed\/1T0YHVFD5K0?enablejsapi=1&autoplay=0&cc_load_policy=0&cc_lang_pref=&iv_load_policy=1&loop=0&rel=0&fs=1&playsinline=0&autohide=2&theme=dark&color=red&controls=1&disablekb=0&\" class=\"__youtube_prefs__  no-lazyload\" title=\"YouTube player\"  allow=\"fullscreen; accelerometer; autoplay; clipboard-write; encrypted-media; gyroscope; picture-in-picture; web-share\" referrerpolicy=\"strict-origin-when-cross-origin\" allowfullscreen data-no-lazy=\"1\" data-skipgform_ajax_framebjll=\"\"><\/iframe><\/div><\/div><\/figure>\n<hr \/>\n<h2>Visio k\u00e4sity\u00f6n oppimisymp\u00e4rist\u00f6st\u00e4<\/h2>\n<figure class=\"wp-block-embed wp-block-embed-youtube is-type-video is-provider-youtube epyt-figure\"><div class=\"wp-block-embed__wrapper\"><div class=\"epyt-video-wrapper\"><iframe loading=\"lazy\"  style=\"display: block; margin: 0px auto;\"  id=\"_ytid_19875\"  width=\"524\" height=\"363\"  data-origwidth=\"524\" data-origheight=\"363\" src=\"https:\/\/www.youtube.com\/embed\/QPgiA_lhmeA?enablejsapi=1&autoplay=0&cc_load_policy=0&cc_lang_pref=&iv_load_policy=1&loop=0&rel=0&fs=1&playsinline=0&autohide=2&theme=dark&color=red&controls=1&disablekb=0&\" class=\"__youtube_prefs__  no-lazyload\" title=\"YouTube player\"  allow=\"fullscreen; accelerometer; autoplay; clipboard-write; encrypted-media; gyroscope; picture-in-picture; web-share\" referrerpolicy=\"strict-origin-when-cross-origin\" allowfullscreen data-no-lazy=\"1\" data-skipgform_ajax_framebjll=\"\"><\/iframe><\/div><\/div><\/figure>\n<p>&nbsp;<\/p>\n<blockquote class=\"wp-embedded-content\" data-secret=\"p0ETOWh7nZ\"><p><a href=\"https:\/\/blogit.utu.fi\/innokomp\/sv\/artikel-developing-a-learning-environment-for-innovation-learning-in-craft-design-and-technology-education\/\">Forskningsartikel: Developing a learning environment for innovation learning in craft, design and technology education<\/a><\/p><\/blockquote>\n<p><iframe loading=\"lazy\" class=\"wp-embedded-content\" sandbox=\"allow-scripts\" security=\"restricted\" style=\"position: absolute; clip: rect(1px, 1px, 1px, 1px);\" src=\"https:\/\/blogit.utu.fi\/innokomp\/sv\/artikel-developing-a-learning-environment-for-innovation-learning-in-craft-design-and-technology-education\/embed\/#?secret=p0ETOWh7nZ\" data-secret=\"p0ETOWh7nZ\" width=\"600\" height=\"338\" title=\"&#8220;Forskningsartikel: Developing a learning environment for innovation learning in craft, design and technology education&#8221; &#8212; INNOKOMP\" frameborder=\"0\" marginwidth=\"0\" marginheight=\"0\" scrolling=\"no\"><\/iframe><\/p>\n","protected":false},"excerpt":{"rendered":"<p>Sl\u00f6jdens l\u00e4rmilj\u00f6er best\u00e5r inte enbart av utrymmen utan omfattar \u00e4ven redskap, material och till dem anknutna faktorer. En trygg och \u00e4ndam\u00e5lsenlig l\u00e4rmilj\u00f6 som \u00e4ven omfattar trygga redskap, maskiner, verktyg och material st\u00f6der l\u00e4randet i sl\u00f6jd. Utrymmen i sl\u00f6jd f\u00f6ruts\u00e4tter att arbetss\u00e4kerhetf\u00f6reskrifter, exempelvis g\u00e4llande ventilation och bullerniv\u00e5er, f\u00f6ljs. Opiskelijoiden tekem\u00e4 k\u00e4sity\u00f6n oppimistilojen auditointi Visio k\u00e4sity\u00f6n oppimisymp\u00e4rist\u00f6st\u00e4 [&hellip;]<\/p>\n","protected":false},"author":11237,"featured_media":0,"parent":548,"menu_order":3,"comment_status":"closed","ping_status":"closed","template":"","meta":{"footnotes":""},"class_list":["post-1997","page","type-page","status-publish","czr-hentry"],"_links":{"self":[{"href":"https:\/\/blogit.utu.fi\/innokomp\/wp-json\/wp\/v2\/pages\/1997","targetHints":{"allow":["GET"]}}],"collection":[{"href":"https:\/\/blogit.utu.fi\/innokomp\/wp-json\/wp\/v2\/pages"}],"about":[{"href":"https:\/\/blogit.utu.fi\/innokomp\/wp-json\/wp\/v2\/types\/page"}],"author":[{"embeddable":true,"href":"https:\/\/blogit.utu.fi\/innokomp\/wp-json\/wp\/v2\/users\/11237"}],"replies":[{"embeddable":true,"href":"https:\/\/blogit.utu.fi\/innokomp\/wp-json\/wp\/v2\/comments?post=1997"}],"version-history":[{"count":6,"href":"https:\/\/blogit.utu.fi\/innokomp\/wp-json\/wp\/v2\/pages\/1997\/revisions"}],"predecessor-version":[{"id":2987,"href":"https:\/\/blogit.utu.fi\/innokomp\/wp-json\/wp\/v2\/pages\/1997\/revisions\/2987"}],"up":[{"embeddable":true,"href":"https:\/\/blogit.utu.fi\/innokomp\/wp-json\/wp\/v2\/pages\/548"}],"wp:attachment":[{"href":"https:\/\/blogit.utu.fi\/innokomp\/wp-json\/wp\/v2\/media?parent=1997"}],"curies":[{"name":"wp","href":"https:\/\/api.w.org\/{rel}","templated":true}]}}