{"id":20,"date":"2019-01-15T09:48:38","date_gmt":"2019-01-15T07:48:38","guid":{"rendered":"https:\/\/blogit.utu.fi\/innokomp\/?page_id=20"},"modified":"2019-02-06T13:19:53","modified_gmt":"2019-02-06T11:19:53","slug":"tavoitteet","status":"publish","type":"page","link":"https:\/\/blogit.utu.fi\/innokomp\/tavoitteet\/","title":{"rendered":"Tavoitteet"},"content":{"rendered":"<div class=\"utu-article-header\">\n<div class=\"utu-title\">Tavoitteena uudistaa k\u00e4sity\u00f6n opetuksen k\u00e4yt\u00e4nteit\u00e4<\/div>\n<div class=\"utu-header-image\">\n<div>\n<div id=\"ctl00_PlaceHolderMain_RichImageField1__ControlWrapper_RichImageField\" class=\"ms-rtestate-field\"><\/div>\n<\/div>\n<\/div>\n<div class=\"utu-header-imageCaption\"><\/div>\n<\/div>\n<div class=\"article-content ms-rteElement-H4\">\n<div id=\"ctl00_PlaceHolderMain_RichHtmlField2__ControlWrapper_RichHtmlField\" class=\"ms-rtestate-field\">\n<p>INNOKOMP-hankkeessa kehittell\u00e4\u00e4n erilaiset oppijat huomioivia, tasa-arvoa edist\u00e4vi\u00e4 k\u00e4sity\u00f6n opetusta ja oppimista uudistavia pedagogisia toimintamalleja sek\u00e4 perusopetukseen ett\u00e4 opettajankoulutukseen. Samalla syntyy uudenlainen t\u00e4ydennyskoulutusmalli, joka tukee perusopetuksen opettajaa opetuksen uudistamisessa koulun tasolla k\u00e4yt\u00e4nn\u00f6ss\u00e4.<\/p>\n<p>Yhten\u00e4 hankkeen tavoitteena on kehitt\u00e4\u00e4 opettajien yhteisopettajuutta. Se tarjoaa k\u00e4sity\u00f6nopetukseen uusia n\u00e4k\u00f6kulmia, ammatillista tukea ja oppilasarviointiin aikaisempaa laajemman n\u00e4k\u00f6kulman ja k\u00e4yt\u00e4nn\u00f6n. Samalla hy\u00f6dynnet\u00e4\u00e4n ymp\u00e4rill\u00e4 olevia oppimisymp\u00e4rist\u00f6j\u00e4, asiantuntijaverkostoja ja koulun ulkopuolisia toimijoita opettajankoulutuksen ja perusopetuksen tukena osallistavan toimintakulttuurin rakentamisessa ja ilmi\u00f6l\u00e4ht\u00f6isten, oppiainerajat rikkovien yhteisty\u00f6muotojen l\u00f6yt\u00e4misess\u00e4.<\/p>\n<p>INNOKOMP-hankkeen k\u00e4yt\u00e4nn\u00f6n toteutus perustuu uudenlaisten toimintamallien pilotointiin yliopistojen kumppanuuskouluissa. Koulujen oppilaat ja opettajat sek\u00e4 opettajankouluttajat ja opettajaopiskelijat rakentavat yhdess\u00e4 oppilaiden design- ja teknologiaosaamista kehitt\u00e4vi\u00e4 toimintamalleja monimateriaaliseen ja tasa-arvoa edist\u00e4v\u00e4\u00e4n k\u00e4sity\u00f6n opetukseen. Kouluissa testataan uusia toimintamalleja kahtena kehitt\u00e4miskierroksena kev\u00e4\u00e4st\u00e4 2018 alkaen.<\/p>\n<\/div>\n<\/div>\n","protected":false},"excerpt":{"rendered":"<p>Tavoitteena uudistaa k\u00e4sity\u00f6n opetuksen k\u00e4yt\u00e4nteit\u00e4 INNOKOMP-hankkeessa kehittell\u00e4\u00e4n erilaiset oppijat huomioivia, tasa-arvoa edist\u00e4vi\u00e4 k\u00e4sity\u00f6n opetusta ja oppimista uudistavia pedagogisia toimintamalleja sek\u00e4 perusopetukseen ett\u00e4 opettajankoulutukseen. Samalla syntyy uudenlainen t\u00e4ydennyskoulutusmalli, joka tukee perusopetuksen opettajaa opetuksen uudistamisessa koulun tasolla k\u00e4yt\u00e4nn\u00f6ss\u00e4. Yhten\u00e4 hankkeen tavoitteena on kehitt\u00e4\u00e4 opettajien yhteisopettajuutta. Se tarjoaa k\u00e4sity\u00f6nopetukseen uusia n\u00e4k\u00f6kulmia, ammatillista tukea ja oppilasarviointiin aikaisempaa laajemman n\u00e4k\u00f6kulman [&hellip;]<\/p>\n","protected":false},"author":11237,"featured_media":0,"parent":0,"menu_order":2,"comment_status":"closed","ping_status":"closed","template":"","meta":{"footnotes":""},"class_list":["post-20","page","type-page","status-publish","czr-hentry"],"_links":{"self":[{"href":"https:\/\/blogit.utu.fi\/innokomp\/wp-json\/wp\/v2\/pages\/20","targetHints":{"allow":["GET"]}}],"collection":[{"href":"https:\/\/blogit.utu.fi\/innokomp\/wp-json\/wp\/v2\/pages"}],"about":[{"href":"https:\/\/blogit.utu.fi\/innokomp\/wp-json\/wp\/v2\/types\/page"}],"author":[{"embeddable":true,"href":"https:\/\/blogit.utu.fi\/innokomp\/wp-json\/wp\/v2\/users\/11237"}],"replies":[{"embeddable":true,"href":"https:\/\/blogit.utu.fi\/innokomp\/wp-json\/wp\/v2\/comments?post=20"}],"version-history":[{"count":4,"href":"https:\/\/blogit.utu.fi\/innokomp\/wp-json\/wp\/v2\/pages\/20\/revisions"}],"predecessor-version":[{"id":1439,"href":"https:\/\/blogit.utu.fi\/innokomp\/wp-json\/wp\/v2\/pages\/20\/revisions\/1439"}],"wp:attachment":[{"href":"https:\/\/blogit.utu.fi\/innokomp\/wp-json\/wp\/v2\/media?parent=20"}],"curies":[{"name":"wp","href":"https:\/\/api.w.org\/{rel}","templated":true}]}}