{"id":29,"date":"2019-01-15T09:49:21","date_gmt":"2019-01-15T07:49:21","guid":{"rendered":"https:\/\/blogit.utu.fi\/innokomp\/?page_id=29"},"modified":"2020-01-30T20:23:40","modified_gmt":"2020-01-30T18:23:40","slug":"yhteystiedot-kontaktuppgifter","status":"publish","type":"page","link":"https:\/\/blogit.utu.fi\/innokomp\/yhteystiedot-kontaktuppgifter\/","title":{"rendered":"Yhteystiedot ja yhteisty\u00f6kumppanit"},"content":{"rendered":"<div class=\"utu-article-header\">\n<h2>Innokomp -hankkeessa on mukana nelj\u00e4 yliopistoa kumppanuuskouluineen.\u200b<\/h2>\n<\/div>\n<p>&nbsp;<\/p>\n<p><img loading=\"lazy\" decoding=\"async\" class=\"wp-image-827 alignleft\" src=\"https:\/\/blogit.utu.fi\/innokomp\/wp-content\/uploads\/sites\/263\/2019\/01\/Kartta-01-01-724x1024.png\" alt=\"\" width=\"409\" height=\"578\" srcset=\"https:\/\/blogit.utu.fi\/innokomp\/wp-content\/uploads\/sites\/263\/2019\/01\/Kartta-01-01-724x1024.png 724w, https:\/\/blogit.utu.fi\/innokomp\/wp-content\/uploads\/sites\/263\/2019\/01\/Kartta-01-01-212x300.png 212w, https:\/\/blogit.utu.fi\/innokomp\/wp-content\/uploads\/sites\/263\/2019\/01\/Kartta-01-01-768x1086.png 768w\" sizes=\"auto, (max-width: 409px) 100vw, 409px\" \/><strong>Turun yliopisto:<\/strong><br \/>\nHankkeen johtajana toimii k\u00e4sity\u00f6kasvatuksen professori Eila Lindfors<br \/>\nMarja-Leena R\u00f6nkk\u00f6, projektip\u00e4\u00e4llikk\u00f6, malepe[a]utu.fi<br \/>\nSofia Krapi, projektitutkija, somakr[a]utu.fi<\/p>\n<div id=\"ctl00_PlaceHolderMain_RichHtmlField2__ControlWrapper_RichHtmlField\" class=\"ms-rtestate-field\">\n<p><strong>Helsingin yliopisto:<\/strong><br \/>\nPirita Seitamaa-Hakkarainen, professori,<br \/>\npirita.seitamaa-hakkarainen[a]helsinki.fi<br \/>\nTellervo H\u00e4rkki, tutkijatohtori, tellervo.harkki[a]helsinki.fi<\/p>\n<p><strong>It\u00e4-Suomen yliopisto:<\/strong><br \/>\nSinikka P\u00f6ll\u00e4nen, professori, sinikka.pollanen[a]uef.fi<br \/>\nHenriikka Vartiainen, post doc tutkija, henriikka.vartiainen[a]uef.fi<\/p>\n<p><strong>\u00c5bo Akademi:<\/strong><br \/>\nMia Porko-Hudd, forskningsledare i sl\u00f6jdpedagogik, mia.porko-hudd[a]abo.fi<br \/>\nJuha Hartvik, universitetsl\u00e4rare i sl\u00f6jdpedagogik, juha.hartvik[a]abo.fi<br \/>\nBarbro Sj\u00f6berg, projektforskare Innokomp, barbro.sjoberg[a]abo.fi<\/p>\n<p>&nbsp;<\/p>\n<\/div>\n<p>&nbsp;<\/p>\n<div>\n<p>Hankkeeseen on saatu rahoitus Opetus-ja kulttuuriministeri\u00f6lt\u00e4.<br \/>\nKannattaa k\u00e4yd\u00e4 tutustumassa my\u00f6s yhteisty\u00f6hankkeidemme verkkosivuihin:<\/p>\n<p><a href=\"https:\/\/www.innokas.fi\/\"><img loading=\"lazy\" decoding=\"async\" class=\"alignnone wp-image-836\" src=\"https:\/\/blogit.utu.fi\/innokomp\/wp-content\/uploads\/sites\/263\/2019\/01\/innokaslogo-1024x307.png\" alt=\"\" width=\"301\" height=\"90\" srcset=\"https:\/\/blogit.utu.fi\/innokomp\/wp-content\/uploads\/sites\/263\/2019\/01\/innokaslogo.png 1024w, https:\/\/blogit.utu.fi\/innokomp\/wp-content\/uploads\/sites\/263\/2019\/01\/innokaslogo-300x90.png 300w, https:\/\/blogit.utu.fi\/innokomp\/wp-content\/uploads\/sites\/263\/2019\/01\/innokaslogo-768x230.png 768w\" sizes=\"auto, (max-width: 301px) 100vw, 301px\" \/><\/a>\u00a0 \u00a0 \u00a0 \u00a0 \u00a0 \u00a0 \u00a0 \u00a0 \u00a0 \u00a0<a href=\"http:\/\/co4lab.helsinki.fi\/\"><img loading=\"lazy\" decoding=\"async\" class=\"alignnone wp-image-833\" src=\"https:\/\/blogit.utu.fi\/innokomp\/wp-content\/uploads\/sites\/263\/2019\/01\/co4lab-logo.png\" alt=\"\" width=\"302\" height=\"116\" srcset=\"https:\/\/blogit.utu.fi\/innokomp\/wp-content\/uploads\/sites\/263\/2019\/01\/co4lab-logo.png 520w, https:\/\/blogit.utu.fi\/innokomp\/wp-content\/uploads\/sites\/263\/2019\/01\/co4lab-logo-300x115.png 300w\" sizes=\"auto, (max-width: 302px) 100vw, 302px\" \/><\/a><\/p>\n<\/div>\n","protected":false},"excerpt":{"rendered":"<p>Innokomp -hankkeessa on mukana nelj\u00e4 yliopistoa kumppanuuskouluineen.\u200b &nbsp; Turun yliopisto: Hankkeen johtajana toimii k\u00e4sity\u00f6kasvatuksen professori Eila Lindfors Marja-Leena R\u00f6nkk\u00f6, projektip\u00e4\u00e4llikk\u00f6, malepe[a]utu.fi Sofia Krapi, projektitutkija, somakr[a]utu.fi Helsingin yliopisto: Pirita Seitamaa-Hakkarainen, professori, pirita.seitamaa-hakkarainen[a]helsinki.fi Tellervo H\u00e4rkki, tutkijatohtori, tellervo.harkki[a]helsinki.fi It\u00e4-Suomen yliopisto: Sinikka P\u00f6ll\u00e4nen, professori, sinikka.pollanen[a]uef.fi Henriikka Vartiainen, post doc tutkija, henriikka.vartiainen[a]uef.fi \u00c5bo Akademi: Mia Porko-Hudd, forskningsledare i sl\u00f6jdpedagogik, mia.porko-hudd[a]abo.fi [&hellip;]<\/p>\n","protected":false},"author":11237,"featured_media":0,"parent":0,"menu_order":5,"comment_status":"closed","ping_status":"closed","template":"","meta":{"footnotes":""},"class_list":["post-29","page","type-page","status-publish","czr-hentry"],"_links":{"self":[{"href":"https:\/\/blogit.utu.fi\/innokomp\/wp-json\/wp\/v2\/pages\/29","targetHints":{"allow":["GET"]}}],"collection":[{"href":"https:\/\/blogit.utu.fi\/innokomp\/wp-json\/wp\/v2\/pages"}],"about":[{"href":"https:\/\/blogit.utu.fi\/innokomp\/wp-json\/wp\/v2\/types\/page"}],"author":[{"embeddable":true,"href":"https:\/\/blogit.utu.fi\/innokomp\/wp-json\/wp\/v2\/users\/11237"}],"replies":[{"embeddable":true,"href":"https:\/\/blogit.utu.fi\/innokomp\/wp-json\/wp\/v2\/comments?post=29"}],"version-history":[{"count":17,"href":"https:\/\/blogit.utu.fi\/innokomp\/wp-json\/wp\/v2\/pages\/29\/revisions"}],"predecessor-version":[{"id":3567,"href":"https:\/\/blogit.utu.fi\/innokomp\/wp-json\/wp\/v2\/pages\/29\/revisions\/3567"}],"wp:attachment":[{"href":"https:\/\/blogit.utu.fi\/innokomp\/wp-json\/wp\/v2\/media?parent=29"}],"curies":[{"name":"wp","href":"https:\/\/api.w.org\/{rel}","templated":true}]}}