{"id":41,"date":"2019-01-15T09:51:27","date_gmt":"2019-01-15T07:51:27","guid":{"rendered":"https:\/\/blogit.utu.fi\/innokomp\/?page_id=41"},"modified":"2020-09-10T17:13:37","modified_gmt":"2020-09-10T15:13:37","slug":"materiaalit","status":"publish","type":"page","link":"https:\/\/blogit.utu.fi\/innokomp\/materiaalit\/","title":{"rendered":"Materiaalit"},"content":{"rendered":"<h2>Hy\u00f6dynn\u00e4 Innokomp-materiaaleja oppimisen tukena!<\/h2>\n<p>Innokomp-hankkeen tavoitteena on kasata uudenlaista k\u00e4sity\u00f6nopetusta tukeva materiaalipankki, joka on kaikkien k\u00e4ytett\u00e4viss\u00e4.\u00a0 Materiaalipankki koostuu hankkeen aikana tuotetusta sis\u00e4ll\u00f6st\u00e4 ja hy\u00f6dyllisist\u00e4 linkeist\u00e4.<\/p>\n<hr \/>\n<p>K\u00e4sitelt\u00e4vi\u00e4 aiheita ovat:<\/p>\n<p>Yhteisopettajuus<br \/>\nMonimateriaalisuus<br \/>\nKokonainen k\u00e4sity\u00f6<br \/>\nInnovointi<br \/>\nIlmi\u00f6pohjainen k\u00e4sity\u00f6<br \/>\nsek\u00e4 kokoelma k\u00e4sity\u00f6n materiaaliteknologioita<\/p>\n<hr \/>\n<p>Materiaalit ovat kaikkien k\u00e4ytett\u00e4viss\u00e4, mutta niit\u00e4 ei saa k\u00e4ytt\u00e4\u00e4 kaupallisiin tarkoituksiin.<br \/>\nJos hy\u00f6dynn\u00e4t materiaalia koulu- tai kerhotoimintaan, on materiaalin tuottajan nimi kohteliasta mainita.<\/p>\n<hr \/>\n<p>Katso my\u00f6s <a href=\"https:\/\/www.oph.fi\/fi\/koulutus-ja-tutkinnot\/verkkomateriaaleja-kasityon-opetuksen-tueksi\">opetushallituksen kokoamat verkkomateriaalit<\/a> k\u00e4sity\u00f6n opetuksen tueksi.<\/p>\n","protected":false},"excerpt":{"rendered":"<p>Hy\u00f6dynn\u00e4 Innokomp-materiaaleja oppimisen tukena! Innokomp-hankkeen tavoitteena on kasata uudenlaista k\u00e4sity\u00f6nopetusta tukeva materiaalipankki, joka on kaikkien k\u00e4ytett\u00e4viss\u00e4.\u00a0 Materiaalipankki koostuu hankkeen aikana tuotetusta sis\u00e4ll\u00f6st\u00e4 ja hy\u00f6dyllisist\u00e4 linkeist\u00e4. K\u00e4sitelt\u00e4vi\u00e4 aiheita ovat: Yhteisopettajuus Monimateriaalisuus Kokonainen k\u00e4sity\u00f6 Innovointi Ilmi\u00f6pohjainen k\u00e4sity\u00f6 sek\u00e4 kokoelma k\u00e4sity\u00f6n materiaaliteknologioita Materiaalit ovat kaikkien k\u00e4ytett\u00e4viss\u00e4, mutta niit\u00e4 ei saa k\u00e4ytt\u00e4\u00e4 kaupallisiin tarkoituksiin. Jos hy\u00f6dynn\u00e4t materiaalia koulu- tai [&hellip;]<\/p>\n","protected":false},"author":11237,"featured_media":0,"parent":0,"menu_order":3,"comment_status":"closed","ping_status":"closed","template":"","meta":{"footnotes":""},"class_list":["post-41","page","type-page","status-publish","czr-hentry"],"_links":{"self":[{"href":"https:\/\/blogit.utu.fi\/innokomp\/wp-json\/wp\/v2\/pages\/41","targetHints":{"allow":["GET"]}}],"collection":[{"href":"https:\/\/blogit.utu.fi\/innokomp\/wp-json\/wp\/v2\/pages"}],"about":[{"href":"https:\/\/blogit.utu.fi\/innokomp\/wp-json\/wp\/v2\/types\/page"}],"author":[{"embeddable":true,"href":"https:\/\/blogit.utu.fi\/innokomp\/wp-json\/wp\/v2\/users\/11237"}],"replies":[{"embeddable":true,"href":"https:\/\/blogit.utu.fi\/innokomp\/wp-json\/wp\/v2\/comments?post=41"}],"version-history":[{"count":10,"href":"https:\/\/blogit.utu.fi\/innokomp\/wp-json\/wp\/v2\/pages\/41\/revisions"}],"predecessor-version":[{"id":3765,"href":"https:\/\/blogit.utu.fi\/innokomp\/wp-json\/wp\/v2\/pages\/41\/revisions\/3765"}],"wp:attachment":[{"href":"https:\/\/blogit.utu.fi\/innokomp\/wp-json\/wp\/v2\/media?parent=41"}],"curies":[{"name":"wp","href":"https:\/\/api.w.org\/{rel}","templated":true}]}}