{"id":473,"date":"2019-01-16T11:54:10","date_gmt":"2019-01-16T09:54:10","guid":{"rendered":"https:\/\/blogit.utu.fi\/innokomp\/?page_id=473"},"modified":"2019-03-06T13:22:38","modified_gmt":"2019-03-06T11:22:38","slug":"startsida-2","status":"publish","type":"page","link":"https:\/\/blogit.utu.fi\/innokomp\/sv\/startsida-2\/","title":{"rendered":"Hem"},"content":{"rendered":"<div class=\"utu-article-header\">\n<h2 class=\"utu-title\" style=\"text-align: center\">Projektet INNOKOMP uppdaterar verksamhetsmodellerna i sl\u00f6jdundervisningen<\/h2>\n<div class=\"utu-header-image\" style=\"text-align: center\">\n<div>\n<div id=\"ctl00_PlaceHolderMain_RichImageField1__ControlWrapper_RichImageField\" class=\"ms-rtestate-field\"><\/div>\n<\/div>\n<\/div>\n<\/div>\n<div class=\"article-content ms-rteElement-H4\">\n<div id=\"ctl00_PlaceHolderMain_RichHtmlField2__ControlWrapper_RichHtmlField\" class=\"ms-rtestate-field\" style=\"text-align: center\">\n<h1>Fyra universitet tillsammans<\/h1>\n<p>Ett flertal spetsprojekt finansierade av Undervisnings- ock kulturministeriet\u00a0<span lang=\"SV\">h\u00e5ller p\u00e5 att startas upp vid \u00c5bo universitets Raumo campus. Ett av dessa \u00e4r projektet INNOKOMP som fokuserar p\u00e5 utveckling av sl\u00f6jdundervisningen. Projektet koordineras av \u00e4mnesl\u00e4rarutbildningen i sl\u00f6jd vid \u00c5bo Universitet, Raumo campus. Sl\u00f6jdl\u00e4r\u00e4rutbildningarna vid \u00c5bo Akademi i Vasa, \u00d6stra Finlands universitet och Helsingfors universitet \u00e4r samarbetspartners i projektet.<\/span><span lang=\"SV\">\u00a0Projektets m\u00e5ls\u00e4ttning \u00e4r att utveckla undervisningen i den grundl\u00e4ggande utbildningen och l\u00e4rarutbildningen s\u00e5 att den l\u00e4randes innovationskompetens utvecklas i h\u00f6gre grad \u00e4n vad som nu nu \u00e4r fallet. M\u00e5ngmaterialitet och digital modellering utg\u00f6r centrala delar i projektet.<\/span><\/p>\n<p>&nbsp;<\/p>\n<p><a href=\"https:\/\/blogit.utu.fi\/innokomp\/sv\/kontakter-och-partners\/\"><img loading=\"lazy\" decoding=\"async\" class=\"aligncenter wp-image-2321\" src=\"https:\/\/blogit.utu.fi\/innokomp\/wp-content\/uploads\/sites\/263\/2019\/03\/Kontakter-1-300x85.png\" alt=\"\" width=\"123\" height=\"35\" srcset=\"https:\/\/blogit.utu.fi\/innokomp\/wp-content\/uploads\/sites\/263\/2019\/03\/Kontakter-1-300x85.png 300w, https:\/\/blogit.utu.fi\/innokomp\/wp-content\/uploads\/sites\/263\/2019\/03\/Kontakter-1.png 625w\" sizes=\"auto, (max-width: 123px) 100vw, 123px\" \/><\/a><\/p>\n<p><span lang=\"SV\"><br \/>\n<img loading=\"lazy\" decoding=\"async\" class=\"aligncenter size-large wp-image-2312\" src=\"https:\/\/blogit.utu.fi\/innokomp\/wp-content\/uploads\/sites\/263\/2019\/01\/yliopistojen-tunnukset-01-1024x175.png\" alt=\"\" width=\"1024\" height=\"175\" srcset=\"https:\/\/blogit.utu.fi\/innokomp\/wp-content\/uploads\/sites\/263\/2019\/01\/yliopistojen-tunnukset-01-1024x175.png 1024w, https:\/\/blogit.utu.fi\/innokomp\/wp-content\/uploads\/sites\/263\/2019\/01\/yliopistojen-tunnukset-01-300x51.png 300w, https:\/\/blogit.utu.fi\/innokomp\/wp-content\/uploads\/sites\/263\/2019\/01\/yliopistojen-tunnukset-01-768x131.png 768w\" sizes=\"auto, (max-width: 1024px) 100vw, 1024px\" \/><\/span><\/p>\n<\/div>\n<hr \/>\n<div id=\"ctl00_PlaceHolderMain_RichHtmlField2__ControlWrapper_RichHtmlField\" class=\"ms-rtestate-field\">\n<h2 style=\"text-align: center\"><span lang=\"SV\">P\u00e5 jakt efter pedagogiska modeller<\/span><span class=\"Heading1Char\"><span lang=\"SV\"><strong><br \/>\n<\/strong><\/span><\/span><\/h2>\n<p style=\"text-align: center\"><span lang=\"SV\">Inom projektet INNOKOMP efterstr\u00e4var vi att utveckla pedagogiska verksamhetsmodeller som st\u00e4rker j\u00e4mlikhet och beaktar olika l\u00e4randetyper. Samtidigt som den grundl\u00e4ggande undervisningens och l\u00e4rarutbildningens undervisning st\u00e5r i fokus skapas nya modeller f\u00f6r fortbildning. Avsikten \u00e4r att ge yrkesverksamma l\u00e4rare redskap som kan anv\u00e4ndas d\u00e5 l\u00e4raren vill f\u00f6rnya sin undervisning i sl\u00f6jd.\u00a0<\/span>En av projektets m\u00e5ls\u00e4ttningar \u00e4r att utveckla l\u00e4rarnas saml\u00e4rarskap. Det erbjuder nya infallsvinklar f\u00f6r sl\u00f6jdundervisningen, professionellt st\u00f6d och ett vidgat perspektiv och praxis f\u00f6r elevutv\u00e4rderingen. L\u00e4rmilj\u00f6er, expertn\u00e4tverk och externa akt\u00f6rer anv\u00e4nds som st\u00f6d f\u00f6r l\u00e4rarutbildningen och grundl\u00e4ggande utbildningen i skapandet och utvecklandet av en delandekultur och f\u00f6r att finna fenomenbaserade och l\u00e4ro\u00e4mnes\u00f6vergripande samverkansmodeller.<\/p>\n<p style=\"text-align: center\"><span lang=\"SV\">Projektets praktiska verksamhet grundar sig p\u00e5 pilotisering av innovativa verksamhetsmodeller vid universitetens partnerskolor. L\u00e4rare och elever samt l\u00e4rarutbildare och l\u00e4rarstuderande skapar tillsammans verksamhetsmodeller som utvecklar elevernas formgivnings- och teknologikunnande i en m\u00e5ngmateriell och j\u00e4mlikhetsfr\u00e4mjande sl\u00f6jdundervisning.\u00a0<\/span>De nya verksamhetsmodellerna testas i skolorna under tv\u00e5 utvecklingscykler med start v\u00e5ren 2018.<\/p>\n<p style=\"text-align: center\"><span lang=\"SV\">Sl\u00f6jd har varit ett allm\u00e4nbildande l\u00e4ro\u00e4mne i de finl\u00e4ndska skolorna sedan inf\u00f6randet av folkskolan \u00e5r 1866. Till en b\u00f6rjan var \u00e4mnet indelat i handarbete f\u00f6r gossar och handarbete f\u00f6r flickor. N\u00e4r grundskolan inledde sin verksamhet \u00e5r 1970 ersattes dessa begrepp med begreppen sl\u00f6jd, textilsl\u00f6jd och teknisk sl\u00f6jd f\u00f6r att tona ner den tidigare starka k\u00f6nsindelningen mellan sl\u00f6jdarterna. I lagen om grundl\u00e4ggande utbildning (628\/1998) definierades l\u00e4ro\u00e4mnet till sl\u00f6jd, men undervisningen i l\u00e4ro\u00e4mnet har \u00e4nd\u00e5 ofta fortsatt med en stark k\u00f6nsindelning s\u00e5 att majoriteten av pojkarna valt teknisk sl\u00f6jd och majoriteten av flickorna i sin tur textilsl\u00f6jd. Grunderna f\u00f6r l\u00e4roplanen (LP2016) som varit i kraft sedan h\u00f6sten 2016 f\u00f6ruts\u00e4tter att sl\u00f6jd undervisas som ett m\u00e5ngmateriellt \u00e4mne lika f\u00f6r alla elever oberoende av k\u00f6n.<\/span><\/p>\n<p style=\"text-align: center\"><a href=\"https:\/\/blogit.utu.fi\/innokomp\/sv\/malsattningar\/\"><img loading=\"lazy\" decoding=\"async\" class=\"aligncenter wp-image-2333\" src=\"https:\/\/blogit.utu.fi\/innokomp\/wp-content\/uploads\/sites\/263\/2019\/03\/M\u00e5ls\u00e4ttningar-300x64.png\" alt=\"\" width=\"163\" height=\"35\" srcset=\"https:\/\/blogit.utu.fi\/innokomp\/wp-content\/uploads\/sites\/263\/2019\/03\/M\u00e5ls\u00e4ttningar-300x64.png 300w, https:\/\/blogit.utu.fi\/innokomp\/wp-content\/uploads\/sites\/263\/2019\/03\/M\u00e5ls\u00e4ttningar-768x165.png 768w, https:\/\/blogit.utu.fi\/innokomp\/wp-content\/uploads\/sites\/263\/2019\/03\/M\u00e5ls\u00e4ttningar.png 899w\" sizes=\"auto, (max-width: 163px) 100vw, 163px\" \/><\/a><\/p>\n<\/div>\n<\/div>\n<p>&nbsp;<\/p>\n<div class=\"article-content ms-rteElement-H4\">\n<div id=\"ctl00_PlaceHolderMain_RichHtmlField2__ControlWrapper_RichHtmlField\" class=\"ms-rtestate-field\">\n<p><span lang=\"SV\"><img loading=\"lazy\" decoding=\"async\" class=\"aligncenter wp-image-2342 \" src=\"https:\/\/blogit.utu.fi\/innokomp\/wp-content\/uploads\/sites\/263\/2019\/03\/OKM-ruotsi-01-1-1024x660.png\" alt=\"\" width=\"522\" height=\"337\" srcset=\"https:\/\/blogit.utu.fi\/innokomp\/wp-content\/uploads\/sites\/263\/2019\/03\/OKM-ruotsi-01-1-1024x660.png 1024w, https:\/\/blogit.utu.fi\/innokomp\/wp-content\/uploads\/sites\/263\/2019\/03\/OKM-ruotsi-01-1-300x194.png 300w, https:\/\/blogit.utu.fi\/innokomp\/wp-content\/uploads\/sites\/263\/2019\/03\/OKM-ruotsi-01-1-768x495.png 768w, https:\/\/blogit.utu.fi\/innokomp\/wp-content\/uploads\/sites\/263\/2019\/03\/OKM-ruotsi-01-1.png 1293w\" sizes=\"auto, (max-width: 522px) 100vw, 522px\" \/><\/span><\/p>\n<\/div>\n<\/div>\n","protected":false},"excerpt":{"rendered":"<p>Projektet INNOKOMP uppdaterar verksamhetsmodellerna i sl\u00f6jdundervisningen Fyra universitet tillsammans Ett flertal spetsprojekt finansierade av Undervisnings- ock kulturministeriet\u00a0h\u00e5ller p\u00e5 att startas upp vid \u00c5bo universitets Raumo campus. Ett av dessa \u00e4r projektet INNOKOMP som fokuserar p\u00e5 utveckling av sl\u00f6jdundervisningen. Projektet koordineras av \u00e4mnesl\u00e4rarutbildningen i sl\u00f6jd vid \u00c5bo Universitet, Raumo campus. Sl\u00f6jdl\u00e4r\u00e4rutbildningarna vid \u00c5bo Akademi i Vasa, [&hellip;]<\/p>\n","protected":false},"author":11237,"featured_media":0,"parent":0,"menu_order":1,"comment_status":"closed","ping_status":"closed","template":"","meta":{"footnotes":""},"class_list":["post-473","page","type-page","status-publish","czr-hentry"],"_links":{"self":[{"href":"https:\/\/blogit.utu.fi\/innokomp\/wp-json\/wp\/v2\/pages\/473","targetHints":{"allow":["GET"]}}],"collection":[{"href":"https:\/\/blogit.utu.fi\/innokomp\/wp-json\/wp\/v2\/pages"}],"about":[{"href":"https:\/\/blogit.utu.fi\/innokomp\/wp-json\/wp\/v2\/types\/page"}],"author":[{"embeddable":true,"href":"https:\/\/blogit.utu.fi\/innokomp\/wp-json\/wp\/v2\/users\/11237"}],"replies":[{"embeddable":true,"href":"https:\/\/blogit.utu.fi\/innokomp\/wp-json\/wp\/v2\/comments?post=473"}],"version-history":[{"count":35,"href":"https:\/\/blogit.utu.fi\/innokomp\/wp-json\/wp\/v2\/pages\/473\/revisions"}],"predecessor-version":[{"id":2354,"href":"https:\/\/blogit.utu.fi\/innokomp\/wp-json\/wp\/v2\/pages\/473\/revisions\/2354"}],"wp:attachment":[{"href":"https:\/\/blogit.utu.fi\/innokomp\/wp-json\/wp\/v2\/media?parent=473"}],"curies":[{"name":"wp","href":"https:\/\/api.w.org\/{rel}","templated":true}]}}