{"id":488,"date":"2019-01-22T13:31:32","date_gmt":"2019-01-22T11:31:32","guid":{"rendered":"https:\/\/blogit.utu.fi\/innokomp\/?page_id=488"},"modified":"2020-01-30T20:24:17","modified_gmt":"2020-01-30T18:24:17","slug":"kontakter-och-samarbetspartners","status":"publish","type":"page","link":"https:\/\/blogit.utu.fi\/innokomp\/sv\/kontakter-och-samarbetspartners\/","title":{"rendered":"Kontakter och samarbetspartners"},"content":{"rendered":"<h2>Samarbete mellan\u00a0fyra universitet\u00a0och deras\u00a0partnerskolor\u200b<\/h2>\n<p>&nbsp;<\/p>\n<p><img loading=\"lazy\" decoding=\"async\" class=\"wp-image-827 alignleft\" src=\"https:\/\/blogit.utu.fi\/innokomp\/wp-content\/uploads\/sites\/263\/2019\/01\/Kartta-01-01-724x1024.png\" alt=\"\" width=\"409\" height=\"578\" srcset=\"https:\/\/blogit.utu.fi\/innokomp\/wp-content\/uploads\/sites\/263\/2019\/01\/Kartta-01-01-724x1024.png 724w, https:\/\/blogit.utu.fi\/innokomp\/wp-content\/uploads\/sites\/263\/2019\/01\/Kartta-01-01-212x300.png 212w, https:\/\/blogit.utu.fi\/innokomp\/wp-content\/uploads\/sites\/263\/2019\/01\/Kartta-01-01-768x1086.png 768w\" sizes=\"auto, (max-width: 409px) 100vw, 409px\" \/><strong>\u00c5bo universitet:<\/strong><br \/>\nProjektets\u00a0ledare\u00a0\u00e4r\u00a0Eila Lindfors, professor i sl\u00f6jdpedagogik<br \/>\nMarja-Leena R\u00f6nkk\u00f6, projektchef, malepe[a]utu.fi<br \/>\nSofia Krapi, projektforskare, somakr[a]utu.fi<\/p>\n<div id=\"ctl00_PlaceHolderMain_RichHtmlField2__ControlWrapper_RichHtmlField\" class=\"ms-rtestate-field\">\n<div>\n<p><strong>Helsingfors universitet:<\/strong><br \/>\nPirita Seitamaa-Hakkarainen, professor,<br \/>\npirita.seitamaa-hakkarainen[a]helsinki.fi<br \/>\nTellervo H\u00e4rkki, forskardoktor, tellervo.harkki[a]helsinki.fi<\/p>\n<p><strong>\u00d6stra Finlands universitet:<\/strong><br \/>\nSinikka P\u00f6ll\u00e4nen, professor, sinikka.pollanen[a]uef.fi<br \/>\nHenriikka Vartiainen, post doc forskare, henriikka.vartiainen[a]uef.fi<\/p>\n<p><strong>\u00c5bo Akademi:<\/strong><br \/>\nMia Porko-Hudd, forskningsledare i sl\u00f6jdpedagogik, mia.porko-hudd[a]abo.fi<br \/>\nJuha Hartvik, universitetsl\u00e4rare i sl\u00f6jdpedagogik, juha.hartvik[a]abo.fi<br \/>\nBarbro Sj\u00f6berg, lektor i textilsl\u00f6jd, barbro.sjoberg[a]abo.fi<br \/>\nHeidi Lindeman,\u00a0projektkoordinator, heidi.lindeman[a]abo.fi<\/p>\n<p>&nbsp;<\/p>\n<\/div>\n<\/div>\n<p>&nbsp;<\/p>\n<div>\n<p>Projektet har blivit beviljat medel fr\u00e5n Undervisnings- och kulturministeriet.<br \/>\nG\u00e5 g\u00e4rna ocks\u00e5 in och bekanta dig med v\u00e5ra samarbetspartners websidor:<\/p>\n<p><a href=\"https:\/\/www.innokas.fi\/\"><img loading=\"lazy\" decoding=\"async\" class=\"alignnone wp-image-836\" src=\"https:\/\/blogit.utu.fi\/innokomp\/wp-content\/uploads\/sites\/263\/2019\/01\/innokaslogo-1024x307.png\" alt=\"\" width=\"301\" height=\"90\" srcset=\"https:\/\/blogit.utu.fi\/innokomp\/wp-content\/uploads\/sites\/263\/2019\/01\/innokaslogo.png 1024w, https:\/\/blogit.utu.fi\/innokomp\/wp-content\/uploads\/sites\/263\/2019\/01\/innokaslogo-300x90.png 300w, https:\/\/blogit.utu.fi\/innokomp\/wp-content\/uploads\/sites\/263\/2019\/01\/innokaslogo-768x230.png 768w\" sizes=\"auto, (max-width: 301px) 100vw, 301px\" \/><\/a>\u00a0 \u00a0 \u00a0 \u00a0 \u00a0 \u00a0 \u00a0 \u00a0 \u00a0 \u00a0<a href=\"http:\/\/co4lab.helsinki.fi\/\"><img loading=\"lazy\" decoding=\"async\" class=\"alignnone wp-image-833\" src=\"https:\/\/blogit.utu.fi\/innokomp\/wp-content\/uploads\/sites\/263\/2019\/01\/co4lab-logo.png\" alt=\"\" width=\"302\" height=\"116\" srcset=\"https:\/\/blogit.utu.fi\/innokomp\/wp-content\/uploads\/sites\/263\/2019\/01\/co4lab-logo.png 520w, https:\/\/blogit.utu.fi\/innokomp\/wp-content\/uploads\/sites\/263\/2019\/01\/co4lab-logo-300x115.png 300w\" sizes=\"auto, (max-width: 302px) 100vw, 302px\" \/><\/a><\/p>\n<\/div>\n","protected":false},"excerpt":{"rendered":"<p>Samarbete mellan\u00a0fyra universitet\u00a0och deras\u00a0partnerskolor\u200b &nbsp; \u00c5bo universitet: Projektets\u00a0ledare\u00a0\u00e4r\u00a0Eila Lindfors, professor i sl\u00f6jdpedagogik Marja-Leena R\u00f6nkk\u00f6, projektchef, malepe[a]utu.fi Sofia Krapi, projektforskare, somakr[a]utu.fi Helsingfors universitet: Pirita Seitamaa-Hakkarainen, professor, pirita.seitamaa-hakkarainen[a]helsinki.fi Tellervo H\u00e4rkki, forskardoktor, tellervo.harkki[a]helsinki.fi \u00d6stra Finlands universitet: Sinikka P\u00f6ll\u00e4nen, professor, sinikka.pollanen[a]uef.fi Henriikka Vartiainen, post doc forskare, henriikka.vartiainen[a]uef.fi \u00c5bo Akademi: Mia Porko-Hudd, forskningsledare i sl\u00f6jdpedagogik, mia.porko-hudd[a]abo.fi Juha Hartvik, universitetsl\u00e4rare i [&hellip;]<\/p>\n","protected":false},"author":11237,"featured_media":0,"parent":0,"menu_order":6,"comment_status":"closed","ping_status":"closed","template":"","meta":{"footnotes":""},"class_list":["post-488","page","type-page","status-publish","czr-hentry"],"_links":{"self":[{"href":"https:\/\/blogit.utu.fi\/innokomp\/wp-json\/wp\/v2\/pages\/488","targetHints":{"allow":["GET"]}}],"collection":[{"href":"https:\/\/blogit.utu.fi\/innokomp\/wp-json\/wp\/v2\/pages"}],"about":[{"href":"https:\/\/blogit.utu.fi\/innokomp\/wp-json\/wp\/v2\/types\/page"}],"author":[{"embeddable":true,"href":"https:\/\/blogit.utu.fi\/innokomp\/wp-json\/wp\/v2\/users\/11237"}],"replies":[{"embeddable":true,"href":"https:\/\/blogit.utu.fi\/innokomp\/wp-json\/wp\/v2\/comments?post=488"}],"version-history":[{"count":8,"href":"https:\/\/blogit.utu.fi\/innokomp\/wp-json\/wp\/v2\/pages\/488\/revisions"}],"predecessor-version":[{"id":3573,"href":"https:\/\/blogit.utu.fi\/innokomp\/wp-json\/wp\/v2\/pages\/488\/revisions\/3573"}],"wp:attachment":[{"href":"https:\/\/blogit.utu.fi\/innokomp\/wp-json\/wp\/v2\/media?parent=488"}],"curies":[{"name":"wp","href":"https:\/\/api.w.org\/{rel}","templated":true}]}}